{"id":10992,"date":"2025-08-01T03:33:38","date_gmt":"2025-08-01T03:33:38","guid":{"rendered":"https:\/\/sinoextrud.com\/product\/heatsink-extruded-for-thermal-management\/"},"modified":"2025-08-01T03:33:38","modified_gmt":"2025-08-01T03:33:38","slug":"disipador-termico-extruido-para-la-gestion-termica","status":"publish","type":"product","link":"https:\/\/sinoextrud.com\/es\/product\/heatsink-extruded-for-thermal-management\/","title":{"rendered":"Disipador extruido para gesti\u00f3n t\u00e9rmica"},"content":{"rendered":"<h2>Productos<\/h2>\n<div class=\"product-table\">\n<div class=\"row\">\n<div class=\"cell label\">Grado<\/div>\n<div class=\"cell value\">Serie 6000<\/div>\n<\/div>\n<div class=\"row\">\n<div class=\"cell label\">Tolerancia<\/div>\n<div class=\"cell value\">+\/- 1 mm<\/div>\n<\/div>\n<div class=\"row\">\n<div class=\"cell label\">Plazo de entrega<\/div>\n<div class=\"cell value\">en un plazo de 7 d\u00edas<\/div>\n<\/div>\n<div class=\"row\">\n<div class=\"cell label\">Temple<\/div>\n<div class=\"cell value\">T3-T8<\/div>\n<\/div>\n<div class=\"row\">\n<div class=\"cell label\">Aplicaci\u00f3n<\/div>\n<div class=\"cell value\">Aplicaci\u00f3n m\u00faltiple<\/div>\n<\/div>\n<div class=\"row\">\n<div class=\"cell label\">Forma<\/div>\n<div class=\"cell value\">A medida<\/div>\n<\/div>\n<div class=\"row\">\n<div class=\"cell label\">Aleaci\u00f3n o no<\/div>\n<div class=\"cell value\">Es aleaci\u00f3n<\/div>\n<\/div>\n<div class=\"row\">\n<div class=\"cell label\">Servicio de tramitaci\u00f3n<\/div>\n<div class=\"cell value\">Plegado, desenrollado, soldadura, punzonado, corte<\/div>\n<\/div>\n<div class=\"row\">\n<div class=\"cell label\">Nombre del producto<\/div>\n<div class=\"cell value\">Disipador t\u00e9rmico de aluminio extruido a medida con mecanizado CNC<\/div>\n<\/div>\n<div class=\"row\">\n<div class=\"cell label\">Tratamiento de superficies<\/div>\n<div class=\"cell value\">anodizado, chorro de arena, pintura en polvo, pulido, etc.<\/div>\n<\/div>\n<div class=\"row\">\n<div class=\"cell label\">Talla<\/div>\n<div class=\"cell value\">petici\u00f3n del cliente<\/div>\n<\/div>\n<div class=\"row\">\n<div class=\"cell label\">Proceso profundo<\/div>\n<div class=\"cell value\">Doblado, soldadura, punzonado, corte<\/div>\n<\/div>\n<div class=\"row\">\n<div class=\"cell label\">Longitud<\/div>\n<div class=\"cell value\">Cualquier longitud<\/div>\n<\/div>\n<div class=\"row\">\n<div class=\"cell label\">Material<\/div>\n<div class=\"cell value\">Aleaci\u00f3n de aluminio 6063 6061 6005<\/div>\n<\/div>\n<div class=\"row\">\n<div class=\"cell label\">Color<\/div>\n<div class=\"cell value\">plata, negro, negro dorado, etc.<\/div>\n<\/div>\n<div class=\"row\">\n<div class=\"cell label\">M\u00e1quina de extrusi\u00f3n<\/div>\n<div class=\"cell value\">600 toneladas-10000 toneladas<\/div>\n<\/div>\n<div class=\"row\">\n<div class=\"cell label\">Certificaci\u00f3n<\/div>\n<div class=\"cell value\">ISO 9001:2008<\/div>\n<\/div>\n<div class=\"row\">\n<div class=\"cell label\">Servicio<\/div>\n<div class=\"cell value\">OEM ODM<\/div>\n<\/div>\n<div class=\"row\">\n<div class=\"cell label\">Detalles del embalaje<\/div>\n<div class=\"cell value\">Embalaje personalizado seg\u00fan las necesidades del cliente, normalmente:<\/div>\n<\/div>\n<div class=\"row\">\n<div class=\"cell label\">A<\/div>\n<div class=\"cell value\">Acabado de molinos, pel\u00edcula retr\u00e1ctil de pl\u00e1stico.<\/div>\n<\/div>\n<div class=\"row\">\n<div class=\"cell label\">B<\/div>\n<div class=\"cell value\">Anodizado o recubrimiento electrost\u00e1tico, interior embalado con pel\u00edcula protectora de pl\u00e1stico + espuma EPE + pel\u00edcula retr\u00e1ctil o papel kraft impermeable. .<\/div>\n<\/div>\n<div class=\"row\">\n<div class=\"cell label\">C<\/div>\n<div class=\"cell value\">Si es una pieza peque\u00f1a de cnc, espuma EPE+cartones.<\/div>\n<\/div>\n<div class=\"row\">\n<div class=\"cell label\">D<\/div>\n<div class=\"cell value\">Si el cliente tiene la petici\u00f3n especial, podemos proporcionar la caja de madera.<\/div>\n<\/div>\n<div class=\"row\">\n<div class=\"cell label\">Puerto de expedici\u00f3n<\/div>\n<div class=\"cell value\">Puerto de Tinajin, Puerto de Qingdao, Puerto de Ningbo<\/div>\n<\/div>\n<div class=\"row\">\n<div class=\"cell label\">Unidades de venta<\/div>\n<div class=\"cell value\">Art\u00edculo individual<\/div>\n<\/div>\n<div class=\"row\">\n<div class=\"cell label\">Tama\u00f1o de envase individual<\/div>\n<div class=\"cell value\">30X20X10 cm<\/div>\n<\/div>\n<div class=\"row\">\n<div class=\"cell label\">Peso bruto \u00fanico<\/div>\n<div class=\"cell value\">2.000 KG<\/div>\n<\/div>\n<div class=\"row\">\n<div class=\"cell label\">Capacidad de suministro<\/div>\n<div class=\"cell value\">5000 toneladas al mes<\/div>\n<\/div>\n<\/div>\n<p><\/p>\n<h2>Nuestra base de fabricaci\u00f3n<\/h2>\n<h3>Panorama de la f\u00e1brica<\/h3>\n<p><img decoding=\"async\" src=\"\/wp-content\/uploads\/factory-01.webp\"\/><\/p>\n<h3>Taller de fabricaci\u00f3n de barras de aluminio<\/h3>\n<p><img decoding=\"async\" src=\"\/wp-content\/uploads\/factory-02.webp\"\/><\/p>\n<p><img decoding=\"async\" src=\"\/wp-content\/uploads\/factory-03.webp\"\/><\/p>\n<h3>Almac\u00e9n de moldes<\/h3>\n<p><img decoding=\"async\" src=\"\/wp-content\/uploads\/factory-04.webp\"\/><\/p>\n<h3>43 l\u00edneas de extrusi\u00f3n de aluminio (500-5500 toneladas)<\/h3>\n<p><img decoding=\"async\" src=\"\/wp-content\/uploads\/factory-05.webp\"\/><\/p>\n<p><img decoding=\"async\" src=\"\/wp-content\/uploads\/factory-06.webp\"\/><\/p>\n<p><img decoding=\"async\" src=\"\/wp-content\/uploads\/factory-07.webp\"\/><\/p>\n<h3>Taller de pintura en polvo<\/h3>\n<p><img decoding=\"async\" src=\"\/wp-content\/uploads\/factory-09.webp\"\/><\/p>\n<h3>Taller de anodizado<\/h3>\n<p><img decoding=\"async\" src=\"\/wp-content\/uploads\/factory-10.webp\"\/><\/p>\n<h3>Taller de procesamiento profundo<\/h3>\n<p><img decoding=\"async\" src=\"\/wp-content\/uploads\/factory-11.webp\"\/><\/p>\n<h3>Taller de mecanizado de precisi\u00f3n CNC<\/h3>\n<p><img decoding=\"async\" src=\"\/wp-content\/uploads\/factory-11.5.webp\"\/><\/p>\n<h3>Almac\u00e9n de productos acabados y de exportaci\u00f3n<\/h3>\n<p><img decoding=\"async\" src=\"\/wp-content\/uploads\/factory-12.webp\"\/><\/p>\n<p><img decoding=\"async\" src=\"\/wp-content\/uploads\/factory-13.webp\"\/><\/p>\n<p><img decoding=\"async\" src=\"\/wp-content\/uploads\/factory-14.webp\"\/><\/p>\n<h2>PREGUNTAS FRECUENTES<\/h2>\n<p><strong>1. \u00bfCu\u00e1l es el uso principal de un disipador t\u00e9rmico extruido?<\/strong><br \/>El disipador t\u00e9rmico extruido se utiliza principalmente para disipar el calor en aparatos electr\u00f3nicos y maquinaria con el fin de mantener un rendimiento \u00f3ptimo.<\/p>\n<p><strong>2. \u00bfSe puede personalizar el tama\u00f1o del disipador t\u00e9rmico extruido?<\/strong><br \/>S\u00ed, nuestro disipador t\u00e9rmico extruido se puede personalizar en tama\u00f1o y forma para adaptarse a necesidades de refrigeraci\u00f3n espec\u00edficas.<\/p>\n<p><strong>3. \u00bfEl disipador t\u00e9rmico extruido es adecuado para aplicaciones de alta potencia?<\/strong><br \/>S\u00ed, nuestros dise\u00f1os extruidos de disipadores t\u00e9rmicos son adecuados para aplicaciones de alta potencia debido a su alta conductividad t\u00e9rmica.<\/p>\n<p><strong>4. \u00bfQu\u00e9 materiales se utilizan en la fabricaci\u00f3n de disipadores t\u00e9rmicos extruidos?<\/strong><br \/>Los productos extruidos para disipadores t\u00e9rmicos suelen estar fabricados en aluminio por su ligereza y sus propiedades conductoras del calor.<\/p>\n<p><strong>5. \u00bfProporcionan muestras de disipadores t\u00e9rmicos extruidos?<\/strong><br \/>S\u00ed, hay muestras disponibles para garantizar que el disipador t\u00e9rmico extruido cumple con sus especificaciones antes de realizar la compra al por mayor.<\/p>\n<p><strong>6. \u00bfC\u00f3mo instalo un disipador t\u00e9rmico extruido en mi dispositivo?<\/strong><br \/>La instalaci\u00f3n suele consistir en fijar el disipador t\u00e9rmico extruido con sus opciones de montaje, que pueden incluir tornillos o adhesivo.<\/p>\n<p><strong>7. \u00bfSe puede utilizar el disipador t\u00e9rmico extruido en entornos exteriores?<\/strong><br \/>S\u00ed, nuestros modelos de disipadores t\u00e9rmicos extruidos est\u00e1n fabricados con materiales resistentes a la corrosi\u00f3n, lo que los hace adecuados para entornos exteriores.<\/p>\n<p><\/p>","protected":false},"featured_media":10803,"template":"","categories":[72],"class_list":["post-10992","product","type-product","status-publish","has-post-thumbnail","hentry","category-extruded-aluminum-heatsink"],"meta_box":{"hilight_text_group":[{"product_hilight_text":"<li>High thermal conductivity for efficient heat dissipation<\/li>\n<li>Customizable designs to meet specific cooling requirements<\/li>\n<li>Lightweight and durable aluminum construction<\/li>\n<li>Available in various sizes and profiles for different applications<\/li>\n<li>Corrosion-resistant material for long-lasting performance<\/li>"}],"feature_list":[]},"_links":{"self":[{"href":"https:\/\/sinoextrud.com\/es\/wp-json\/wp\/v2\/product\/10992","targetHints":{"allow":["GET"]}}],"collection":[{"href":"https:\/\/sinoextrud.com\/es\/wp-json\/wp\/v2\/product"}],"about":[{"href":"https:\/\/sinoextrud.com\/es\/wp-json\/wp\/v2\/types\/product"}],"wp:featuredmedia":[{"embeddable":true,"href":"https:\/\/sinoextrud.com\/es\/wp-json\/wp\/v2\/media\/10803"}],"wp:attachment":[{"href":"https:\/\/sinoextrud.com\/es\/wp-json\/wp\/v2\/media?parent=10992"}],"wp:term":[{"taxonomy":"category","embeddable":true,"href":"https:\/\/sinoextrud.com\/es\/wp-json\/wp\/v2\/categories?post=10992"}],"curies":[{"name":"wp","href":"https:\/\/api.w.org\/{rel}","templated":true}]}}