{"id":10988,"date":"2025-08-01T03:29:22","date_gmt":"2025-08-01T03:29:22","guid":{"rendered":"https:\/\/sinoextrud.com\/product\/heat-sink-extrusion-for-electronics-enclosure\/"},"modified":"2025-08-01T03:29:22","modified_gmt":"2025-08-01T03:29:22","slug":"extrusion-de-disipador-termico-para-caja-electronica","status":"publish","type":"product","link":"https:\/\/sinoextrud.com\/es\/product\/heat-sink-extrusion-for-electronics-enclosure\/","title":{"rendered":"Extrusi\u00f3n de disipadores t\u00e9rmicos para armarios de electr\u00f3nica"},"content":{"rendered":"<h2>Productos<\/h2>\n<div class=\"product-table\">\n<div class=\"row\">\n<div class=\"cell label\">Grado<\/div>\n<div class=\"cell value\">Serie 6000<\/div>\n<\/div>\n<div class=\"row\">\n<div class=\"cell label\">Tolerancia<\/div>\n<div class=\"cell value\">0,02-0,05 mm<\/div>\n<\/div>\n<div class=\"row\">\n<div class=\"cell label\">Plazo de entrega<\/div>\n<div class=\"cell value\">15-21 d\u00edas<\/div>\n<\/div>\n<div class=\"row\">\n<div class=\"cell label\">Temple<\/div>\n<div class=\"cell value\">T3-T8<\/div>\n<\/div>\n<div class=\"row\">\n<div class=\"cell label\">Aplicaci\u00f3n<\/div>\n<div class=\"cell value\">Industrial<\/div>\n<\/div>\n<div class=\"row\">\n<div class=\"cell label\">Forma<\/div>\n<div class=\"cell value\">plano<\/div>\n<\/div>\n<div class=\"row\">\n<div class=\"cell label\">Aleaci\u00f3n o no<\/div>\n<div class=\"cell value\">Es aleaci\u00f3n<\/div>\n<\/div>\n<div class=\"row\">\n<div class=\"cell label\">Servicio de tramitaci\u00f3n<\/div>\n<div class=\"cell value\">Plegado, desenrollado, soldadura, punzonado, corte<\/div>\n<\/div>\n<div class=\"row\">\n<div class=\"cell label\">Material<\/div>\n<div class=\"cell value\">Aluminio 6061\/6063<\/div>\n<\/div>\n<div class=\"row\">\n<div class=\"cell label\">Certificaci\u00f3n<\/div>\n<div class=\"cell value\">ISO9001-2008<\/div>\n<\/div>\n<div class=\"row\">\n<div class=\"cell label\">Acabado<\/div>\n<div class=\"cell value\">Pintura\/Capa en polvo\/Anodizado\/Pulido etc,,,<\/div>\n<\/div>\n<div class=\"row\">\n<div class=\"cell label\">Color<\/div>\n<div class=\"cell value\">Panton Color o Raul Color<\/div>\n<\/div>\n<div class=\"row\">\n<div class=\"cell label\">Longitud<\/div>\n<div class=\"cell value\">M\u00e1x. 6,0 m<\/div>\n<\/div>\n<div class=\"row\">\n<div class=\"cell label\">Proceso profundo<\/div>\n<div class=\"cell value\">Fresado CNC Corte Doblado<\/div>\n<\/div>\n<div class=\"row\">\n<div class=\"cell label\">Servicio<\/div>\n<div class=\"cell value\">Servicio de ventanilla \u00fanica. Mecanizado y montaje<\/div>\n<\/div>\n<div class=\"row\">\n<div class=\"cell label\">Servicio OEM<\/div>\n<div class=\"cell value\">OEM ODM disponible<\/div>\n<\/div>\n<div class=\"row\">\n<div class=\"cell label\">Unidades de venta<\/div>\n<div class=\"cell value\">Art\u00edculo individual<\/div>\n<\/div>\n<div class=\"row\">\n<div class=\"cell label\">Tama\u00f1o de envase individual<\/div>\n<div class=\"cell value\">18X15X6 cm<\/div>\n<\/div>\n<div class=\"row\">\n<div class=\"cell label\">Peso bruto \u00fanico<\/div>\n<div class=\"cell value\">5.000 KG<\/div>\n<\/div>\n<\/div>\n<p><\/p>\n<h2>Nuestra base de fabricaci\u00f3n<\/h2>\n<h3>Panorama de la f\u00e1brica<\/h3>\n<p><img decoding=\"async\" src=\"\/wp-content\/uploads\/factory-01.webp\"\/><\/p>\n<h3>Taller de fabricaci\u00f3n de barras de aluminio<\/h3>\n<p><img decoding=\"async\" src=\"\/wp-content\/uploads\/factory-02.webp\"\/><\/p>\n<p><img decoding=\"async\" src=\"\/wp-content\/uploads\/factory-03.webp\"\/><\/p>\n<h3>Almac\u00e9n de moldes<\/h3>\n<p><img decoding=\"async\" src=\"\/wp-content\/uploads\/factory-04.webp\"\/><\/p>\n<h3>43 l\u00edneas de extrusi\u00f3n de aluminio (500-5500 toneladas)<\/h3>\n<p><img decoding=\"async\" src=\"\/wp-content\/uploads\/factory-05.webp\"\/><\/p>\n<p><img decoding=\"async\" src=\"\/wp-content\/uploads\/factory-06.webp\"\/><\/p>\n<p><img decoding=\"async\" src=\"\/wp-content\/uploads\/factory-07.webp\"\/><\/p>\n<h3>Taller de pintura en polvo<\/h3>\n<p><img decoding=\"async\" src=\"\/wp-content\/uploads\/factory-09.webp\"\/><\/p>\n<h3>Taller de anodizado<\/h3>\n<p><img decoding=\"async\" src=\"\/wp-content\/uploads\/factory-10.webp\"\/><\/p>\n<h3>Taller de procesamiento profundo<\/h3>\n<p><img decoding=\"async\" src=\"\/wp-content\/uploads\/factory-11.webp\"\/><\/p>\n<h3>Taller de mecanizado de precisi\u00f3n CNC<\/h3>\n<p><img decoding=\"async\" src=\"\/wp-content\/uploads\/factory-11.5.webp\"\/><\/p>\n<h3>Almac\u00e9n de productos acabados y de exportaci\u00f3n<\/h3>\n<p><img decoding=\"async\" src=\"\/wp-content\/uploads\/factory-12.webp\"\/><\/p>\n<p><img decoding=\"async\" src=\"\/wp-content\/uploads\/factory-13.webp\"\/><\/p>\n<p><img decoding=\"async\" src=\"\/wp-content\/uploads\/factory-14.webp\"\/><\/p>\n<h2>PREGUNTAS FRECUENTES<\/h2>\n<p><strong>1. \u00bfPara qu\u00e9 sirve la extrusi\u00f3n de un disipador t\u00e9rmico?<\/strong><br \/>Los extruidos disipadores de calor se utilizan para disipar el calor de los componentes electr\u00f3nicos y evitar el sobrecalentamiento.<\/p>\n<p><strong>2. \u00bfPueden personalizarse las extrusiones de disipadores de calor para proyectos espec\u00edficos?<\/strong><br \/>S\u00ed, ofrecemos tama\u00f1os y formas personalizados para adaptarnos a los requisitos t\u00e9rmicos espec\u00edficos de su proyecto.<\/p>\n<p><strong>3. \u00bfQu\u00e9 materiales se utilizan en la extrusi\u00f3n de disipadores t\u00e9rmicos?<\/strong><br \/>Normalmente, se utiliza el aluminio por su excelente conductividad t\u00e9rmica y su ligereza.<\/p>\n<p><strong>4. \u00bfExisten opciones de tratamiento superficial para las extrusiones del disipador t\u00e9rmico?<\/strong><br \/>S\u00ed, ofrecemos varios tratamientos de superficie, como anodizado y recubrimiento en polvo.<\/p>\n<p><strong>5. \u00bfC\u00f3mo mejora el rendimiento t\u00e9rmico la extrusi\u00f3n de un disipador de calor?<\/strong><br \/>Aumenta la superficie de disipaci\u00f3n del calor, mejorando la eficiencia en la transferencia de calor.<\/p>\n<p><strong>6. \u00bfExiste una cantidad m\u00ednima de pedido para las extrusiones de disipadores de calor a medida?<\/strong><br \/>La cantidad m\u00ednima de piezas var\u00eda en funci\u00f3n de la complejidad del dise\u00f1o, pero suele ser de 100 unidades.<\/p>\n<p><strong>7. \u00bfProporcionan asistencia t\u00e9cnica para elegir la extrusi\u00f3n adecuada del disipador t\u00e9rmico?<\/strong><br \/>S\u00ed, nuestro equipo puede ayudarle a seleccionar el dise\u00f1o adecuado en funci\u00f3n de sus necesidades de gesti\u00f3n t\u00e9rmica.<\/p>\n<p><\/p>","protected":false},"featured_media":10805,"template":"","categories":[72],"class_list":["post-10988","product","type-product","status-publish","has-post-thumbnail","hentry","category-extruded-aluminum-heatsink"],"meta_box":{"hilight_text_group":[{"product_hilight_text":"<li>Engineered for optimal thermal management in various applications<\/li>\n<li>Available in a range of profiles to fit different specifications<\/li>\n<li>Customizable dimensions and designs for B2B requirements<\/li>\n<li>Manufactured with high-quality materials for durability and efficiency<\/li>\n<li>Supports electroplating, painting, and anodizing for enhanced surface finish<\/li>"}],"feature_list":[]},"_links":{"self":[{"href":"https:\/\/sinoextrud.com\/es\/wp-json\/wp\/v2\/product\/10988","targetHints":{"allow":["GET"]}}],"collection":[{"href":"https:\/\/sinoextrud.com\/es\/wp-json\/wp\/v2\/product"}],"about":[{"href":"https:\/\/sinoextrud.com\/es\/wp-json\/wp\/v2\/types\/product"}],"wp:featuredmedia":[{"embeddable":true,"href":"https:\/\/sinoextrud.com\/es\/wp-json\/wp\/v2\/media\/10805"}],"wp:attachment":[{"href":"https:\/\/sinoextrud.com\/es\/wp-json\/wp\/v2\/media?parent=10988"}],"wp:term":[{"taxonomy":"category","embeddable":true,"href":"https:\/\/sinoextrud.com\/es\/wp-json\/wp\/v2\/categories?post=10988"}],"curies":[{"name":"wp","href":"https:\/\/api.w.org\/{rel}","templated":true}]}}