{"id":10987,"date":"2025-08-01T03:29:20","date_gmt":"2025-08-01T03:29:20","guid":{"rendered":"https:\/\/sinoextrud.com\/product\/electronic-heat-sink-for-industrial-devices\/"},"modified":"2025-08-01T03:29:20","modified_gmt":"2025-08-01T03:29:20","slug":"disipador-de-calor-electronico-para-dispositivos-industriales","status":"publish","type":"product","link":"https:\/\/sinoextrud.com\/es\/product\/electronic-heat-sink-for-industrial-devices\/","title":{"rendered":"Disipador t\u00e9rmico electr\u00f3nico para dispositivos industriales"},"content":{"rendered":"<h2>Productos<\/h2>\n<div class=\"product-table\">\n<div class=\"row\">\n<div class=\"cell label\">Grado<\/div>\n<div class=\"cell value\">Aluminio<\/div>\n<\/div>\n<div class=\"row\">\n<div class=\"cell label\">Tolerancia<\/div>\n<div class=\"cell value\">\u00c2\u00b11%<\/div>\n<\/div>\n<div class=\"row\">\n<div class=\"cell label\">Plazo de entrega<\/div>\n<div class=\"cell value\">10 d\u00edas<\/div>\n<\/div>\n<div class=\"row\">\n<div class=\"cell label\">Temple<\/div>\n<div class=\"cell value\">personalizado<\/div>\n<\/div>\n<div class=\"row\">\n<div class=\"cell label\">Aplicaci\u00f3n<\/div>\n<div class=\"cell value\">Electr\u00f3nica, electrodom\u00e9sticos, electricidad, l\u00e1mparas LED, automoci\u00f3n, etc.<\/div>\n<\/div>\n<div class=\"row\">\n<div class=\"cell label\">Forma<\/div>\n<div class=\"cell value\">personalizado<\/div>\n<\/div>\n<div class=\"row\">\n<div class=\"cell label\">Servicio de tramitaci\u00f3n<\/div>\n<div class=\"cell value\">Plegado, desenrollado, soldadura, punzonado, corte<\/div>\n<\/div>\n<div class=\"row\">\n<div class=\"cell label\">Nombre del producto<\/div>\n<div class=\"cell value\">Los equipos de extrusi\u00f3n de aluminio para radiadores permiten la personalizaci\u00f3n<\/div>\n<\/div>\n<div class=\"row\">\n<div class=\"cell label\">Muestra<\/div>\n<div class=\"cell value\">Disponible<\/div>\n<\/div>\n<div class=\"row\">\n<div class=\"cell label\">Asistencia personalizada<\/div>\n<div class=\"cell value\">Personalizado<\/div>\n<\/div>\n<div class=\"row\">\n<div class=\"cell label\">MOQ<\/div>\n<div class=\"cell value\">100 unidades<\/div>\n<\/div>\n<div class=\"row\">\n<div class=\"cell label\">Utilizaci\u00f3n<\/div>\n<div class=\"cell value\">Perfiles de aluminio extruido Extrusi\u00f3n de aluminio<\/div>\n<\/div>\n<div class=\"row\">\n<div class=\"cell label\">Tipo<\/div>\n<div class=\"cell value\">Extrusi\u00f3n<\/div>\n<\/div>\n<div class=\"row\">\n<div class=\"cell label\">Palabra clave<\/div>\n<div class=\"cell value\">Luz led de perfil<\/div>\n<\/div>\n<div class=\"row\">\n<div class=\"cell label\">Proceso<\/div>\n<div class=\"cell value\">Mecanizado profundo<\/div>\n<\/div>\n<div class=\"row\">\n<div class=\"cell label\">Talla<\/div>\n<div class=\"cell value\">Requisitos del cliente<\/div>\n<\/div>\n<div class=\"row\">\n<div class=\"cell label\">Color<\/div>\n<div class=\"cell value\">Color personalizado<\/div>\n<\/div>\n<div class=\"row\">\n<div class=\"cell label\">Unidades de venta<\/div>\n<div class=\"cell value\">Art\u00edculo individual<\/div>\n<\/div>\n<div class=\"row\">\n<div class=\"cell label\">Tama\u00f1o de envase individual<\/div>\n<div class=\"cell value\">32X32X31 cm<\/div>\n<\/div>\n<div class=\"row\">\n<div class=\"cell label\">Peso bruto \u00fanico<\/div>\n<div class=\"cell value\">1.000 KG<\/div>\n<\/div>\n<\/div>\n<p><\/p>\n<h2>Nuestra base de fabricaci\u00f3n<\/h2>\n<h3>Panorama de la f\u00e1brica<\/h3>\n<p><img decoding=\"async\" src=\"\/wp-content\/uploads\/factory-01.webp\"\/><\/p>\n<h3>Taller de fabricaci\u00f3n de barras de aluminio<\/h3>\n<p><img decoding=\"async\" src=\"\/wp-content\/uploads\/factory-02.webp\"\/><\/p>\n<p><img decoding=\"async\" src=\"\/wp-content\/uploads\/factory-03.webp\"\/><\/p>\n<h3>Almac\u00e9n de moldes<\/h3>\n<p><img decoding=\"async\" src=\"\/wp-content\/uploads\/factory-04.webp\"\/><\/p>\n<h3>43 l\u00edneas de extrusi\u00f3n de aluminio (500-5500 toneladas)<\/h3>\n<p><img decoding=\"async\" src=\"\/wp-content\/uploads\/factory-05.webp\"\/><\/p>\n<p><img decoding=\"async\" src=\"\/wp-content\/uploads\/factory-06.webp\"\/><\/p>\n<p><img decoding=\"async\" src=\"\/wp-content\/uploads\/factory-07.webp\"\/><\/p>\n<h3>Taller de pintura en polvo<\/h3>\n<p><img decoding=\"async\" src=\"\/wp-content\/uploads\/factory-09.webp\"\/><\/p>\n<h3>Taller de anodizado<\/h3>\n<p><img decoding=\"async\" src=\"\/wp-content\/uploads\/factory-10.webp\"\/><\/p>\n<h3>Taller de procesamiento profundo<\/h3>\n<p><img decoding=\"async\" src=\"\/wp-content\/uploads\/factory-11.webp\"\/><\/p>\n<h3>Taller de mecanizado de precisi\u00f3n CNC<\/h3>\n<p><img decoding=\"async\" src=\"\/wp-content\/uploads\/factory-11.5.webp\"\/><\/p>\n<h3>Almac\u00e9n de productos acabados y de exportaci\u00f3n<\/h3>\n<p><img decoding=\"async\" src=\"\/wp-content\/uploads\/factory-12.webp\"\/><\/p>\n<p><img decoding=\"async\" src=\"\/wp-content\/uploads\/factory-13.webp\"\/><\/p>\n<p><img decoding=\"async\" src=\"\/wp-content\/uploads\/factory-14.webp\"\/><\/p>\n<h2>PREGUNTAS FRECUENTES<\/h2>\n<p><strong>1. \u00bfCu\u00e1l es la funci\u00f3n principal de un disipador de calor electr\u00f3nico?<\/strong><br \/>Un disipador de calor electr\u00f3nico est\u00e1 dise\u00f1ado para disipar el calor de componentes electr\u00f3nicos como CPU y GPU.<\/p>\n<p><strong>2. \u00bfPueden personalizarse las dimensiones de los disipadores electr\u00f3nicos?<\/strong><br \/>S\u00ed, los disipadores t\u00e9rmicos electr\u00f3nicos pueden adaptarse a las dimensiones espec\u00edficas que requiera su aplicaci\u00f3n.<\/p>\n<p><strong>3. \u00bfQu\u00e9 materiales se utilizan en los disipadores t\u00e9rmicos electr\u00f3nicos?<\/strong><br \/>Los disipadores t\u00e9rmicos electr\u00f3nicos suelen ser de aluminio o cobre por su excelente conductividad t\u00e9rmica.<\/p>\n<p><strong>4. \u00bfC\u00f3mo elijo el disipador de calor adecuado para mi dispositivo?<\/strong><br \/>El disipador de calor adecuado depende de la potencia t\u00e9rmica del dispositivo y de las limitaciones de espacio.<\/p>\n<p><strong>5. \u00bfSe pueden comprar disipadores de calor electr\u00f3nicos a granel?<\/strong><br \/>S\u00ed, los disipadores t\u00e9rmicos electr\u00f3nicos pueden encargarse en grandes cantidades para uso comercial.<\/p>\n<p><strong>6. \u00bfSe pueden utilizar disipadores de calor electr\u00f3nicos en los ordenadores?<\/strong><br \/>S\u00ed, los disipadores de calor electr\u00f3nicos son esenciales para refrigerar procesadores y otros componentes inform\u00e1ticos de alto rendimiento.<\/p>\n<p><strong>7. \u00bfOfrecen asistencia t\u00e9cnica para la instalaci\u00f3n de disipadores de calor?<\/strong><br \/>S\u00ed, proporcionamos gu\u00edas de instalaci\u00f3n y asistencia t\u00e9cnica para todos los disipadores t\u00e9rmicos electr\u00f3nicos.<\/p>\n<p><\/p>","protected":false},"featured_media":10740,"template":"","categories":[72],"class_list":["post-10987","product","type-product","status-publish","has-post-thumbnail","hentry","category-extruded-aluminum-heatsink"],"meta_box":{"hilight_text_group":[{"product_hilight_text":"<li>Designed to efficiently dissipate heat in electronic devices<\/li>\n<li>Available in various sizes and materials to suit different needs<\/li>\n<li>Precision engineered for optimal thermal performance<\/li>\n<li>Compatible with a wide range of electronic applications<\/li>\n<li>Customizable designs and dimensions for B2B clients<\/li>"}],"feature_list":[]},"_links":{"self":[{"href":"https:\/\/sinoextrud.com\/es\/wp-json\/wp\/v2\/product\/10987","targetHints":{"allow":["GET"]}}],"collection":[{"href":"https:\/\/sinoextrud.com\/es\/wp-json\/wp\/v2\/product"}],"about":[{"href":"https:\/\/sinoextrud.com\/es\/wp-json\/wp\/v2\/types\/product"}],"wp:featuredmedia":[{"embeddable":true,"href":"https:\/\/sinoextrud.com\/es\/wp-json\/wp\/v2\/media\/10740"}],"wp:attachment":[{"href":"https:\/\/sinoextrud.com\/es\/wp-json\/wp\/v2\/media?parent=10987"}],"wp:term":[{"taxonomy":"category","embeddable":true,"href":"https:\/\/sinoextrud.com\/es\/wp-json\/wp\/v2\/categories?post=10987"}],"curies":[{"name":"wp","href":"https:\/\/api.w.org\/{rel}","templated":true}]}}