{"id":10985,"date":"2025-08-01T03:29:17","date_gmt":"2025-08-01T03:29:17","guid":{"rendered":"https:\/\/sinoextrud.com\/product\/electrical-heat-sink-for-power-equipment\/"},"modified":"2025-08-01T03:29:17","modified_gmt":"2025-08-01T03:29:17","slug":"disipador-de-calor-electrico-para-equipos-de-potencia","status":"publish","type":"product","link":"https:\/\/sinoextrud.com\/es\/product\/electrical-heat-sink-for-power-equipment\/","title":{"rendered":"Disipador de calor el\u00e9ctrico para equipos de potencia"},"content":{"rendered":"<h2>Productos<\/h2>\n<div class=\"product-table\">\n<div class=\"row\">\n<div class=\"cell label\">Grado<\/div>\n<div class=\"cell value\">Serie 6000<\/div>\n<\/div>\n<div class=\"row\">\n<div class=\"cell label\">Tolerancia<\/div>\n<div class=\"cell value\">\u00c2\u00b11%<\/div>\n<\/div>\n<div class=\"row\">\n<div class=\"cell label\">Plazo de entrega<\/div>\n<div class=\"cell value\">15-21 d\u00edas<\/div>\n<\/div>\n<div class=\"row\">\n<div class=\"cell label\">Temple<\/div>\n<div class=\"cell value\">T3-T8<\/div>\n<\/div>\n<div class=\"row\">\n<div class=\"cell label\">Aplicaci\u00f3n<\/div>\n<div class=\"cell value\">Pared de cristal<\/div>\n<\/div>\n<div class=\"row\">\n<div class=\"cell label\">Forma<\/div>\n<div class=\"cell value\">plano<\/div>\n<\/div>\n<div class=\"row\">\n<div class=\"cell label\">Aleaci\u00f3n o no<\/div>\n<div class=\"cell value\">Es aleaci\u00f3n<\/div>\n<\/div>\n<div class=\"row\">\n<div class=\"cell label\">Servicio de tramitaci\u00f3n<\/div>\n<div class=\"cell value\">Plegado, desenrollado, soldadura, punzonado, corte<\/div>\n<\/div>\n<div class=\"row\">\n<div class=\"cell label\">Nombre del producto<\/div>\n<div class=\"cell value\">disipador t\u00e9rmico de extrusi\u00f3n de aluminio<\/div>\n<\/div>\n<div class=\"row\">\n<div class=\"cell label\">Grado<\/div>\n<div class=\"cell value\">6063\/6061\/6005\/6060 T5\/T6<\/div>\n<\/div>\n<div class=\"row\">\n<div class=\"cell label\">Color<\/div>\n<div class=\"cell value\">Plateado\/rojo\/negro\/colorido<\/div>\n<\/div>\n<div class=\"row\">\n<div class=\"cell label\">Certificaci\u00f3n<\/div>\n<div class=\"cell value\">ISO9001<\/div>\n<\/div>\n<div class=\"row\">\n<div class=\"cell label\">Acabado<\/div>\n<div class=\"cell value\">varios anodizado\/pulido\/cepillado\/recubrimiento<\/div>\n<\/div>\n<div class=\"row\">\n<div class=\"cell label\">Tratamiento de superficies<\/div>\n<div class=\"cell value\">Acabado anodizado<\/div>\n<\/div>\n<div class=\"row\">\n<div class=\"cell label\">Espesor<\/div>\n<div class=\"cell value\">0,8 mm~30 mm<\/div>\n<\/div>\n<div class=\"row\">\n<div class=\"cell label\">Carga del contenedor<\/div>\n<div class=\"cell value\">400 cajas\/20\u2032,830 cajas\/40HQ<\/div>\n<\/div>\n<div class=\"row\">\n<div class=\"cell label\">Material<\/div>\n<div class=\"cell value\">Extrusi\u00f3n de aluminio anodizado<\/div>\n<\/div>\n<div class=\"row\">\n<div class=\"cell label\">Tipo<\/div>\n<div class=\"cell value\">Disipador de calor de extrusiones de aluminio OEM<\/div>\n<\/div>\n<div class=\"row\">\n<div class=\"cell label\">Unidades de venta<\/div>\n<div class=\"cell value\">Art\u00edculo individual<\/div>\n<\/div>\n<div class=\"row\">\n<div class=\"cell label\">Tama\u00f1o de envase individual<\/div>\n<div class=\"cell value\">110X110X50 cm<\/div>\n<\/div>\n<div class=\"row\">\n<div class=\"cell label\">Peso bruto \u00fanico<\/div>\n<div class=\"cell value\">1.000 KG<\/div>\n<\/div>\n<\/div>\n<p><\/p>\n<h2>Nuestra base de fabricaci\u00f3n<\/h2>\n<h3>Panorama de la f\u00e1brica<\/h3>\n<p><img decoding=\"async\" src=\"\/wp-content\/uploads\/factory-01.webp\"\/><\/p>\n<h3>Taller de fabricaci\u00f3n de barras de aluminio<\/h3>\n<p><img decoding=\"async\" src=\"\/wp-content\/uploads\/factory-02.webp\"\/><\/p>\n<p><img decoding=\"async\" src=\"\/wp-content\/uploads\/factory-03.webp\"\/><\/p>\n<h3>Almac\u00e9n de moldes<\/h3>\n<p><img decoding=\"async\" src=\"\/wp-content\/uploads\/factory-04.webp\"\/><\/p>\n<h3>43 l\u00edneas de extrusi\u00f3n de aluminio (500-5500 toneladas)<\/h3>\n<p><img decoding=\"async\" src=\"\/wp-content\/uploads\/factory-05.webp\"\/><\/p>\n<p><img decoding=\"async\" src=\"\/wp-content\/uploads\/factory-06.webp\"\/><\/p>\n<p><img decoding=\"async\" src=\"\/wp-content\/uploads\/factory-07.webp\"\/><\/p>\n<h3>Taller de pintura en polvo<\/h3>\n<p><img decoding=\"async\" src=\"\/wp-content\/uploads\/factory-09.webp\"\/><\/p>\n<h3>Taller de anodizado<\/h3>\n<p><img decoding=\"async\" src=\"\/wp-content\/uploads\/factory-10.webp\"\/><\/p>\n<h3>Taller de procesamiento profundo<\/h3>\n<p><img decoding=\"async\" src=\"\/wp-content\/uploads\/factory-11.webp\"\/><\/p>\n<h3>Taller de mecanizado de precisi\u00f3n CNC<\/h3>\n<p><img decoding=\"async\" src=\"\/wp-content\/uploads\/factory-11.5.webp\"\/><\/p>\n<h3>Almac\u00e9n de productos acabados y de exportaci\u00f3n<\/h3>\n<p><img decoding=\"async\" src=\"\/wp-content\/uploads\/factory-12.webp\"\/><\/p>\n<p><img decoding=\"async\" src=\"\/wp-content\/uploads\/factory-13.webp\"\/><\/p>\n<p><img decoding=\"async\" src=\"\/wp-content\/uploads\/factory-14.webp\"\/><\/p>\n<h2>PREGUNTAS FRECUENTES<\/h2>\n<p><strong>1. \u00bfCu\u00e1l es la funci\u00f3n principal de un disipador de calor el\u00e9ctrico?<\/strong><br \/>Su funci\u00f3n principal es disipar el calor de los componentes el\u00e9ctricos para evitar el sobrecalentamiento.<\/p>\n<p><strong>2. \u00bfSe puede personalizar el disipador de calor el\u00e9ctrico para adaptarlo a componentes espec\u00edficos?<\/strong><br \/>S\u00ed, existen opciones de personalizaci\u00f3n para adaptarse a distintos tama\u00f1os y formas de componentes.<\/p>\n<p><strong>3. \u00bfDe qu\u00e9 materiales est\u00e1n hechos los disipadores de calor el\u00e9ctricos?<\/strong><br \/>Suelen ser de aluminio o cobre para lograr una conductividad t\u00e9rmica eficaz.<\/p>\n<p><strong>4. \u00bfExiste una cantidad m\u00ednima de pedido para los disipadores hechos a medida?<\/strong><br \/>El MOQ depende de las necesidades de personalizaci\u00f3n, pero generalmente comienza a partir de 100 unidades.<\/p>\n<p><strong>5. \u00bfLos disipadores de calor el\u00e9ctricos son ligeros para facilitar su instalaci\u00f3n?<\/strong><br \/>S\u00ed, est\u00e1n dise\u00f1ados para ser ligeros y f\u00e1ciles de instalar en diversos sistemas.<\/p>\n<p><strong>6. \u00bfOfrecen soluciones de disipaci\u00f3n t\u00e9rmica para diferentes sectores?<\/strong><br \/>S\u00ed, abastecemos a m\u00faltiples industrias, como la automoci\u00f3n, la electr\u00f3nica y las telecomunicaciones.<\/p>\n<p><strong>7. \u00bfCu\u00e1l es el entorno de funcionamiento ideal para estos disipadores de calor?<\/strong><br \/>Son adecuados para entornos en los que la disipaci\u00f3n eficaz del calor es crucial para el rendimiento del equipo.<\/p>\n<p><\/p>","protected":false},"featured_media":10796,"template":"","categories":[72],"class_list":["post-10985","product","type-product","status-publish","has-post-thumbnail","hentry","category-extruded-aluminum-heatsink"],"meta_box":{"hilight_text_group":[{"product_hilight_text":"<li>Designed to efficiently dissipate heat in electrical systems<\/li>\n<li>Available in various sizes to fit different components<\/li>\n<li>Constructed with high-quality materials for excellent thermal conductivity<\/li>\n<li>Offers lightweight solutions that are easy to integrate<\/li>\n<li>Customizable design for specific client requirements<\/li>"}],"feature_list":[]},"_links":{"self":[{"href":"https:\/\/sinoextrud.com\/es\/wp-json\/wp\/v2\/product\/10985","targetHints":{"allow":["GET"]}}],"collection":[{"href":"https:\/\/sinoextrud.com\/es\/wp-json\/wp\/v2\/product"}],"about":[{"href":"https:\/\/sinoextrud.com\/es\/wp-json\/wp\/v2\/types\/product"}],"wp:featuredmedia":[{"embeddable":true,"href":"https:\/\/sinoextrud.com\/es\/wp-json\/wp\/v2\/media\/10796"}],"wp:attachment":[{"href":"https:\/\/sinoextrud.com\/es\/wp-json\/wp\/v2\/media?parent=10985"}],"wp:term":[{"taxonomy":"category","embeddable":true,"href":"https:\/\/sinoextrud.com\/es\/wp-json\/wp\/v2\/categories?post=10985"}],"curies":[{"name":"wp","href":"https:\/\/api.w.org\/{rel}","templated":true}]}}