{"id":10984,"date":"2025-08-01T03:29:15","date_gmt":"2025-08-01T03:29:15","guid":{"rendered":"https:\/\/sinoextrud.com\/product\/oem-aluminum-heat-sink-for-custom-projects\/"},"modified":"2025-08-01T03:29:15","modified_gmt":"2025-08-01T03:29:15","slug":"disipador-de-calor-de-aluminio-oem-para-proyectos-personalizados","status":"publish","type":"product","link":"https:\/\/sinoextrud.com\/es\/product\/oem-aluminum-heat-sink-for-custom-projects\/","title":{"rendered":"Disipador de calor de aluminio OEM para proyectos personalizados"},"content":{"rendered":"<h2>Productos<\/h2>\n<div class=\"product-table\">\n<div class=\"row\">\n<div class=\"cell label\">informe de ensayo de maquinaria<\/div>\n<div class=\"cell value\">Proporcionado<\/div>\n<\/div>\n<div class=\"row\">\n<div class=\"cell label\">v\u00eddeo salida-inspecci\u00f3n<\/div>\n<div class=\"cell value\">Proporcionado<\/div>\n<\/div>\n<div class=\"row\">\n<div class=\"cell label\">garant\u00eda<\/div>\n<div class=\"cell value\">2 a\u00f1os<\/div>\n<\/div>\n<div class=\"row\">\n<div class=\"cell label\">aplicaci\u00f3n<\/div>\n<div class=\"cell value\">Piezas de refrigeraci\u00f3n<\/div>\n<\/div>\n<div class=\"row\">\n<div class=\"cell label\">tipo<\/div>\n<div class=\"cell value\">Piezas de intercambiadores de calor<\/div>\n<\/div>\n<div class=\"row\">\n<div class=\"cell label\">Nombre del producto<\/div>\n<div class=\"cell value\">Disipador de calor de aluminio para l\u00e1mparas de cultivo LED<\/div>\n<\/div>\n<div class=\"row\">\n<div class=\"cell label\">Talla<\/div>\n<div class=\"cell value\">A medida y en stock<\/div>\n<\/div>\n<div class=\"row\">\n<div class=\"cell label\">Material<\/div>\n<div class=\"cell value\">Aluminio +Tubo de cobre<\/div>\n<\/div>\n<div class=\"row\">\n<div class=\"cell label\">Color<\/div>\n<div class=\"cell value\">Naturaleza<\/div>\n<\/div>\n<div class=\"row\">\n<div class=\"cell label\">Acabado<\/div>\n<div class=\"cell value\">Acabado fresado, pulido<\/div>\n<\/div>\n<div class=\"row\">\n<div class=\"cell label\">Proceso<\/div>\n<div class=\"cell value\">Fresado CNC+ Soldadura por fricci\u00f3n<\/div>\n<\/div>\n<div class=\"row\">\n<div class=\"cell label\">Tolerancia<\/div>\n<div class=\"cell value\">+\/-0,01 mm<\/div>\n<\/div>\n<div class=\"row\">\n<div class=\"cell label\">Servicio<\/div>\n<div class=\"cell value\">ODM OEM<\/div>\n<\/div>\n<div class=\"row\">\n<div class=\"cell label\">MOQ<\/div>\n<div class=\"cell value\">1 pieza<\/div>\n<\/div>\n<div class=\"row\">\n<div class=\"cell label\">Embalaje<\/div>\n<div class=\"cell value\">Caja de polywood<\/div>\n<\/div>\n<div class=\"row\">\n<div class=\"cell label\">Detalles del embalaje<\/div>\n<div class=\"cell value\">Embalaje personalizado seg\u00fan la petici\u00f3n del cliente, normalmente:<\/div>\n<\/div>\n<div class=\"row\">\n<div class=\"cell label\">A<\/div>\n<div class=\"cell value\">Acabado de fresado, film retr\u00e1ctil de pl\u00e1stico.<\/div>\n<\/div>\n<div class=\"row\">\n<div class=\"cell label\">B<\/div>\n<div class=\"cell value\">Anodizado o recubrimiento de energ\u00eda, en el interior embalado con la pel\u00edcula protectora de pl\u00e1stico + espuma EPE + pel\u00edcula retr\u00e1ctil o papel kraft impermeable.<\/div>\n<\/div>\n<div class=\"row\">\n<div class=\"cell label\">C<\/div>\n<div class=\"cell value\">Si es una pieza peque\u00f1a de cnc, espuma EPE+cartones.<\/div>\n<\/div>\n<div class=\"row\">\n<div class=\"cell label\">D<\/div>\n<div class=\"cell value\">Si el cliente tiene la petici\u00f3n especial, podemos proporcionar la caja de madera.<\/div>\n<\/div>\n<div class=\"row\">\n<div class=\"cell label\">Unidades de venta<\/div>\n<div class=\"cell value\">Art\u00edculo individual<\/div>\n<\/div>\n<div class=\"row\">\n<div class=\"cell label\">Tama\u00f1o de envase individual<\/div>\n<div class=\"cell value\">30X10X10 cm<\/div>\n<\/div>\n<div class=\"row\">\n<div class=\"cell label\">Peso bruto \u00fanico<\/div>\n<div class=\"cell value\">1.000 KG<\/div>\n<\/div>\n<\/div>\n<p><\/p>\n<h2>Nuestra base de fabricaci\u00f3n<\/h2>\n<h3>Panorama de la f\u00e1brica<\/h3>\n<p><img decoding=\"async\" src=\"\/wp-content\/uploads\/factory-01.webp\"\/><\/p>\n<h3>Taller de fabricaci\u00f3n de barras de aluminio<\/h3>\n<p><img decoding=\"async\" src=\"\/wp-content\/uploads\/factory-02.webp\"\/><\/p>\n<p><img decoding=\"async\" src=\"\/wp-content\/uploads\/factory-03.webp\"\/><\/p>\n<h3>Almac\u00e9n de moldes<\/h3>\n<p><img decoding=\"async\" src=\"\/wp-content\/uploads\/factory-04.webp\"\/><\/p>\n<h3>43 l\u00edneas de extrusi\u00f3n de aluminio (500-5500 toneladas)<\/h3>\n<p><img decoding=\"async\" src=\"\/wp-content\/uploads\/factory-05.webp\"\/><\/p>\n<p><img decoding=\"async\" src=\"\/wp-content\/uploads\/factory-06.webp\"\/><\/p>\n<p><img decoding=\"async\" src=\"\/wp-content\/uploads\/factory-07.webp\"\/><\/p>\n<h3>Taller de pintura en polvo<\/h3>\n<p><img decoding=\"async\" src=\"\/wp-content\/uploads\/factory-09.webp\"\/><\/p>\n<h3>Taller de anodizado<\/h3>\n<p><img decoding=\"async\" src=\"\/wp-content\/uploads\/factory-10.webp\"\/><\/p>\n<h3>Taller de procesamiento profundo<\/h3>\n<p><img decoding=\"async\" src=\"\/wp-content\/uploads\/factory-11.webp\"\/><\/p>\n<h3>Taller de mecanizado de precisi\u00f3n CNC<\/h3>\n<p><img decoding=\"async\" src=\"\/wp-content\/uploads\/factory-11.5.webp\"\/><\/p>\n<h3>Almac\u00e9n de productos acabados y de exportaci\u00f3n<\/h3>\n<p><img decoding=\"async\" src=\"\/wp-content\/uploads\/factory-12.webp\"\/><\/p>\n<p><img decoding=\"async\" src=\"\/wp-content\/uploads\/factory-13.webp\"\/><\/p>\n<p><img decoding=\"async\" src=\"\/wp-content\/uploads\/factory-14.webp\"\/><\/p>\n<h2>PREGUNTAS FRECUENTES<\/h2>\n<p><strong>1. \u00bfQu\u00e9 materiales se utilizan en el disipador de calor de aluminio?<\/strong><br \/>El disipador de calor est\u00e1 fabricado en aluminio de alta calidad conocido por su excelente conductividad t\u00e9rmica.<\/p>\n<p><strong>2. \u00bfPuede personalizarse el disipador de calor de aluminio para diferentes aplicaciones?<\/strong><br \/>S\u00ed, el dise\u00f1o puede adaptarse para satisfacer requisitos t\u00e9rmicos y dimensiones espec\u00edficos.<\/p>\n<p><strong>3. \u00bfEs adecuado el disipador t\u00e9rmico de aluminio para dispositivos de alto rendimiento?<\/strong><br \/>S\u00ed, est\u00e1 dise\u00f1ado para disipar eficazmente el calor en la electr\u00f3nica de alto rendimiento.<\/p>\n<p><strong>4. \u00bfC\u00f3mo ayuda el disipador de calor de aluminio a la gesti\u00f3n t\u00e9rmica?<\/strong><br \/>Conduce eficazmente el calor lejos de los componentes cr\u00edticos, evitando el sobrecalentamiento y aumentando la fiabilidad del dispositivo.<\/p>\n<p><strong>5. \u00bfCu\u00e1les son las ventajas de utilizar aluminio para los disipadores de calor?<\/strong><br \/>El aluminio ofrece una soluci\u00f3n ligera y rentable con excelentes propiedades de disipaci\u00f3n del calor.<\/p>\n<p><strong>6. \u00bfSe puede utilizar este disipador de calor en exteriores?<\/strong><br \/>S\u00ed, con revestimientos opcionales resistentes a la corrosi\u00f3n, es apta para su uso en exteriores.<\/p>\n<p><strong>7. \u00bfOfrecen servicios OEM para pedidos al por mayor?<\/strong><br \/>S\u00ed, disponemos de servicios OEM, que incluyen ajustes personalizados de marca y dise\u00f1o.<\/p>\n<p><\/p>","protected":false},"featured_media":10807,"template":"","categories":[72],"class_list":["post-10984","product","type-product","status-publish","has-post-thumbnail","hentry","category-extruded-aluminum-heatsink"],"meta_box":{"hilight_text_group":[{"product_hilight_text":"<li>Customized designs to fit specific thermal management needs<\/li>\n<li>High thermal conductivity and efficient heat dissipation<\/li>\n<li>Lightweight construction ideal for various electronic applications<\/li>\n<li>Corrosion-resistant aluminum for enhanced lifespan<\/li>\n<li>Supports a range of sizes and finishes for tailored solutions<\/li>"}],"feature_list":[]},"_links":{"self":[{"href":"https:\/\/sinoextrud.com\/es\/wp-json\/wp\/v2\/product\/10984","targetHints":{"allow":["GET"]}}],"collection":[{"href":"https:\/\/sinoextrud.com\/es\/wp-json\/wp\/v2\/product"}],"about":[{"href":"https:\/\/sinoextrud.com\/es\/wp-json\/wp\/v2\/types\/product"}],"wp:featuredmedia":[{"embeddable":true,"href":"https:\/\/sinoextrud.com\/es\/wp-json\/wp\/v2\/media\/10807"}],"wp:attachment":[{"href":"https:\/\/sinoextrud.com\/es\/wp-json\/wp\/v2\/media?parent=10984"}],"wp:term":[{"taxonomy":"category","embeddable":true,"href":"https:\/\/sinoextrud.com\/es\/wp-json\/wp\/v2\/categories?post=10984"}],"curies":[{"name":"wp","href":"https:\/\/api.w.org\/{rel}","templated":true}]}}