{"id":10983,"date":"2025-08-01T03:29:13","date_gmt":"2025-08-01T03:29:13","guid":{"rendered":"https:\/\/sinoextrud.com\/product\/dimensional-vapor-chamber-heat-sink-for-oem-devices\/"},"modified":"2025-08-01T03:29:13","modified_gmt":"2025-08-01T03:29:13","slug":"camara-de-vapor-dimensional-disipador-de-calor-para-dispositivos-oem","status":"publish","type":"product","link":"https:\/\/sinoextrud.com\/es\/product\/dimensional-vapor-chamber-heat-sink-for-oem-devices\/","title":{"rendered":"Disipador de calor con c\u00e1mara de vapor dimensional para dispositivos OEM"},"content":{"rendered":"<h2>Productos<\/h2>\n<div class=\"product-table\">\n<div class=\"row\">\n<div class=\"cell label\">Material<\/div>\n<div class=\"cell value\">Aluminio\/acero\/hierro\/acero inoxidable\/lat\u00f3n\/pl\u00e1stico\/<\/div>\n<\/div>\n<div class=\"row\">\n<div class=\"cell label\">Servicio<\/div>\n<div class=\"cell value\">Servicio de ventanilla \u00fanica. Mecanizado y montaje<\/div>\n<\/div>\n<div class=\"row\">\n<div class=\"cell label\">Talla<\/div>\n<div class=\"cell value\">Tama\u00f1o personalizado<\/div>\n<\/div>\n<div class=\"row\">\n<div class=\"cell label\">Tratamiento de superficies<\/div>\n<div class=\"cell value\">pulido\/anodizado transparente\/electrochapado\/impresi\u00f3n en aceite<\/div>\n<\/div>\n<div class=\"row\">\n<div class=\"cell label\">Formato de dibujo<\/div>\n<div class=\"cell value\">2D\/(PDF\/CAD)3D(IGES\/PASO)<\/div>\n<\/div>\n<div class=\"row\">\n<div class=\"cell label\">Tolerancia<\/div>\n<div class=\"cell value\">0,01-0,05 mm<\/div>\n<\/div>\n<div class=\"row\">\n<div class=\"cell label\">Plazo de entrega<\/div>\n<div class=\"cell value\">7-15 d\u00edas<\/div>\n<\/div>\n<div class=\"row\">\n<div class=\"cell label\">MOQ<\/div>\n<div class=\"cell value\">10 unidades<\/div>\n<\/div>\n<div class=\"row\">\n<div class=\"cell label\">Embalaje<\/div>\n<div class=\"cell value\">Cart\u00f3n<\/div>\n<\/div>\n<div class=\"row\">\n<div class=\"cell label\">OEM&amp;ODM<\/div>\n<div class=\"cell value\">Aceptado<\/div>\n<\/div>\n<div class=\"row\">\n<div class=\"cell label\">Unidades de venta<\/div>\n<div class=\"cell value\">Art\u00edculo individual<\/div>\n<\/div>\n<div class=\"row\">\n<div class=\"cell label\">Tama\u00f1o de envase individual<\/div>\n<div class=\"cell value\">10X6X2 cm<\/div>\n<\/div>\n<div class=\"row\">\n<div class=\"cell label\">Peso bruto \u00fanico<\/div>\n<div class=\"cell value\">0,090 KG<\/div>\n<\/div>\n<\/div>\n<p><\/p>\n<h2>Nuestra base de fabricaci\u00f3n<\/h2>\n<h3>Panorama de la f\u00e1brica<\/h3>\n<p><img decoding=\"async\" src=\"\/wp-content\/uploads\/factory-01.webp\"\/><\/p>\n<h3>Taller de fabricaci\u00f3n de barras de aluminio<\/h3>\n<p><img decoding=\"async\" src=\"\/wp-content\/uploads\/factory-02.webp\"\/><\/p>\n<p><img decoding=\"async\" src=\"\/wp-content\/uploads\/factory-03.webp\"\/><\/p>\n<h3>Almac\u00e9n de moldes<\/h3>\n<p><img decoding=\"async\" src=\"\/wp-content\/uploads\/factory-04.webp\"\/><\/p>\n<h3>43 l\u00edneas de extrusi\u00f3n de aluminio (500-5500 toneladas)<\/h3>\n<p><img decoding=\"async\" src=\"\/wp-content\/uploads\/factory-05.webp\"\/><\/p>\n<p><img decoding=\"async\" src=\"\/wp-content\/uploads\/factory-06.webp\"\/><\/p>\n<p><img decoding=\"async\" src=\"\/wp-content\/uploads\/factory-07.webp\"\/><\/p>\n<h3>Taller de pintura en polvo<\/h3>\n<p><img decoding=\"async\" src=\"\/wp-content\/uploads\/factory-09.webp\"\/><\/p>\n<h3>Taller de anodizado<\/h3>\n<p><img decoding=\"async\" src=\"\/wp-content\/uploads\/factory-10.webp\"\/><\/p>\n<h3>Taller de procesamiento profundo<\/h3>\n<p><img decoding=\"async\" src=\"\/wp-content\/uploads\/factory-11.webp\"\/><\/p>\n<h3>Taller de mecanizado de precisi\u00f3n CNC<\/h3>\n<p><img decoding=\"async\" src=\"\/wp-content\/uploads\/factory-11.5.webp\"\/><\/p>\n<h3>Almac\u00e9n de productos acabados y de exportaci\u00f3n<\/h3>\n<p><img decoding=\"async\" src=\"\/wp-content\/uploads\/factory-12.webp\"\/><\/p>\n<p><img decoding=\"async\" src=\"\/wp-content\/uploads\/factory-13.webp\"\/><\/p>\n<p><img decoding=\"async\" src=\"\/wp-content\/uploads\/factory-14.webp\"\/><\/p>\n<h2>PREGUNTAS FRECUENTES<\/h2>\n<p><strong>1. \u00bfPara qu\u00e9 sirve un disipador de c\u00e1mara de vapor?<\/strong><br \/>Se utiliza para disipar eficazmente el calor en dispositivos electr\u00f3nicos y maquinaria.<\/p>\n<p><strong>2. \u00bfSe puede adaptar el disipador de calor de la c\u00e1mara de vapor a diferentes tama\u00f1os?<\/strong><br \/>S\u00ed, nuestros disipadores de c\u00e1mara de vapor pueden adaptarse a dimensiones espec\u00edficas.<\/p>\n<p><strong>3. \u00bfC\u00f3mo mejora el rendimiento del dispositivo un disipador de calor con c\u00e1mara de vapor?<\/strong><br \/>Al disipar eficazmente el calor, mejora la estabilidad operativa del dispositivo.<\/p>\n<p><strong>4. \u00bfSon adecuados estos disipadores para la electr\u00f3nica de alto rendimiento?<\/strong><br \/>S\u00ed, est\u00e1n dise\u00f1ados para soportar altas cargas t\u00e9rmicas en entornos exigentes.<\/p>\n<p><strong>5. \u00bfQu\u00e9 materiales se utilizan en el disipador de calor de la c\u00e1mara de vapor?<\/strong><br \/>Est\u00e1n fabricados con materiales de alta calidad para garantizar una gesti\u00f3n t\u00e9rmica eficaz.<\/p>\n<p><strong>6. \u00bfPuede integrarse la c\u00e1mara de vapor en sistemas electr\u00f3nicos compactos?<\/strong><br \/>S\u00ed, su dise\u00f1o ligero los hace ideales para aparatos compactos y port\u00e1tiles.<\/p>\n<p><strong>7. \u00bfOfrecen asistencia para la producci\u00f3n OEM y ODM?<\/strong><br \/>S\u00ed, ofrecemos servicios completos de OEM y ODM con cantidades de pedido flexibles.<\/p>\n<p><\/p>","protected":false},"featured_media":10777,"template":"","categories":[72],"class_list":["post-10983","product","type-product","status-publish","has-post-thumbnail","hentry","category-extruded-aluminum-heatsink"],"meta_box":{"hilight_text_group":[{"product_hilight_text":"<li>High thermal conductivity for efficient heat dissipation<\/li>\n<li>Lightweight design makes it suitable for compact spaces<\/li>\n<li>Customizable dimensions to fit diverse applications<\/li>\n<li>Supports high performance for electronics and machinery<\/li>\n<li>Manufactured using durable, quality materials for longevity<\/li>"}],"feature_list":[]},"_links":{"self":[{"href":"https:\/\/sinoextrud.com\/es\/wp-json\/wp\/v2\/product\/10983","targetHints":{"allow":["GET"]}}],"collection":[{"href":"https:\/\/sinoextrud.com\/es\/wp-json\/wp\/v2\/product"}],"about":[{"href":"https:\/\/sinoextrud.com\/es\/wp-json\/wp\/v2\/types\/product"}],"wp:featuredmedia":[{"embeddable":true,"href":"https:\/\/sinoextrud.com\/es\/wp-json\/wp\/v2\/media\/10777"}],"wp:attachment":[{"href":"https:\/\/sinoextrud.com\/es\/wp-json\/wp\/v2\/media?parent=10983"}],"wp:term":[{"taxonomy":"category","embeddable":true,"href":"https:\/\/sinoextrud.com\/es\/wp-json\/wp\/v2\/categories?post=10983"}],"curies":[{"name":"wp","href":"https:\/\/api.w.org\/{rel}","templated":true}]}}