{"id":10978,"date":"2025-08-01T03:29:03","date_gmt":"2025-08-01T03:29:03","guid":{"rendered":"https:\/\/sinoextrud.com\/product\/industrial-aluminum-heat-sink-for-power-systems\/"},"modified":"2025-08-01T03:29:03","modified_gmt":"2025-08-01T03:29:03","slug":"disipador-de-calor-industrial-de-aluminio-para-sistemas-de-energia","status":"publish","type":"product","link":"https:\/\/sinoextrud.com\/es\/product\/industrial-aluminum-heat-sink-for-power-systems\/","title":{"rendered":"Disipador de calor industrial de aluminio para sistemas de energ\u00eda"},"content":{"rendered":"<h2>Productos<\/h2>\n<div class=\"product-table\">\n<div class=\"row\">\n<div class=\"cell label\">Grado<\/div>\n<div class=\"cell value\">Serie 4000<\/div>\n<\/div>\n<div class=\"row\">\n<div class=\"cell label\">Tolerancia<\/div>\n<div class=\"cell value\">\u00c2\u00b11%<\/div>\n<\/div>\n<div class=\"row\">\n<div class=\"cell label\">Plazo de entrega<\/div>\n<div class=\"cell value\">22-30 d\u00edas<\/div>\n<\/div>\n<div class=\"row\">\n<div class=\"cell label\">Temple<\/div>\n<div class=\"cell value\">T3-T8<\/div>\n<\/div>\n<div class=\"row\">\n<div class=\"cell label\">Aplicaci\u00f3n<\/div>\n<div class=\"cell value\">Puertas y ventanas<\/div>\n<\/div>\n<div class=\"row\">\n<div class=\"cell label\">Forma<\/div>\n<div class=\"cell value\">Cuadrado<\/div>\n<\/div>\n<div class=\"row\">\n<div class=\"cell label\">Aleaci\u00f3n o no<\/div>\n<div class=\"cell value\">Es aleaci\u00f3n<\/div>\n<\/div>\n<div class=\"row\">\n<div class=\"cell label\">Servicio de tramitaci\u00f3n<\/div>\n<div class=\"cell value\">Plegado, desenrollado, soldadura, punzonado, corte<\/div>\n<\/div>\n<div class=\"row\">\n<div class=\"cell label\">Material<\/div>\n<div class=\"cell value\">Aleaci\u00f3n de aluminio<\/div>\n<\/div>\n<div class=\"row\">\n<div class=\"cell label\">Proceso<\/div>\n<div class=\"cell value\">Extrusi\u00f3n<\/div>\n<\/div>\n<div class=\"row\">\n<div class=\"cell label\">Nombre del producto<\/div>\n<div class=\"cell value\">Mecanizado profesional de piezas de precisi\u00f3n CNC<\/div>\n<\/div>\n<div class=\"row\">\n<div class=\"cell label\">Tratamiento de superficies<\/div>\n<div class=\"cell value\">Difusi\u00f3n en los medios de comunicaci\u00f3n<\/div>\n<\/div>\n<div class=\"row\">\n<div class=\"cell label\">Aplicaci\u00f3n<\/div>\n<div class=\"cell value\">Equipamiento industrial<\/div>\n<\/div>\n<div class=\"row\">\n<div class=\"cell label\">Servicio<\/div>\n<div class=\"cell value\">OEM ODM Personalizado<\/div>\n<\/div>\n<div class=\"row\">\n<div class=\"cell label\">Equipamiento<\/div>\n<div class=\"cell value\">Centros de mecanizado<\/div>\n<\/div>\n<div class=\"row\">\n<div class=\"cell label\">Formato de dibujo<\/div>\n<div class=\"cell value\">2D\/(PDF\/CAD)3D(IGES\/PASO)<\/div>\n<\/div>\n<div class=\"row\">\n<div class=\"cell label\">Plazo de entrega<\/div>\n<div class=\"cell value\">3-7 d\u00edas laborables<\/div>\n<\/div>\n<div class=\"row\">\n<div class=\"cell label\">Tolerancia<\/div>\n<div class=\"cell value\">0.005<\/div>\n<\/div>\n<div class=\"row\">\n<div class=\"cell label\">Unidades de venta<\/div>\n<div class=\"cell value\">Art\u00edculo individual<\/div>\n<\/div>\n<div class=\"row\">\n<div class=\"cell label\">Tama\u00f1o de envase individual<\/div>\n<div class=\"cell value\">10X10X10 cm<\/div>\n<\/div>\n<div class=\"row\">\n<div class=\"cell label\">Peso bruto \u00fanico<\/div>\n<div class=\"cell value\">2.000 KG<\/div>\n<\/div>\n<\/div>\n<p><\/p>\n<h2>Nuestra base de fabricaci\u00f3n<\/h2>\n<h3>Panorama de la f\u00e1brica<\/h3>\n<p><img decoding=\"async\" src=\"\/wp-content\/uploads\/factory-01.webp\"\/><\/p>\n<h3>Taller de fabricaci\u00f3n de barras de aluminio<\/h3>\n<p><img decoding=\"async\" src=\"\/wp-content\/uploads\/factory-02.webp\"\/><\/p>\n<p><img decoding=\"async\" src=\"\/wp-content\/uploads\/factory-03.webp\"\/><\/p>\n<h3>Almac\u00e9n de moldes<\/h3>\n<p><img decoding=\"async\" src=\"\/wp-content\/uploads\/factory-04.webp\"\/><\/p>\n<h3>43 l\u00edneas de extrusi\u00f3n de aluminio (500-5500 toneladas)<\/h3>\n<p><img decoding=\"async\" src=\"\/wp-content\/uploads\/factory-05.webp\"\/><\/p>\n<p><img decoding=\"async\" src=\"\/wp-content\/uploads\/factory-06.webp\"\/><\/p>\n<p><img decoding=\"async\" src=\"\/wp-content\/uploads\/factory-07.webp\"\/><\/p>\n<h3>Taller de pintura en polvo<\/h3>\n<p><img decoding=\"async\" src=\"\/wp-content\/uploads\/factory-09.webp\"\/><\/p>\n<h3>Taller de anodizado<\/h3>\n<p><img decoding=\"async\" src=\"\/wp-content\/uploads\/factory-10.webp\"\/><\/p>\n<h3>Taller de procesamiento profundo<\/h3>\n<p><img decoding=\"async\" src=\"\/wp-content\/uploads\/factory-11.webp\"\/><\/p>\n<h3>Taller de mecanizado de precisi\u00f3n CNC<\/h3>\n<p><img decoding=\"async\" src=\"\/wp-content\/uploads\/factory-11.5.webp\"\/><\/p>\n<h3>Almac\u00e9n de productos acabados y de exportaci\u00f3n<\/h3>\n<p><img decoding=\"async\" src=\"\/wp-content\/uploads\/factory-12.webp\"\/><\/p>\n<p><img decoding=\"async\" src=\"\/wp-content\/uploads\/factory-13.webp\"\/><\/p>\n<p><img decoding=\"async\" src=\"\/wp-content\/uploads\/factory-14.webp\"\/><\/p>\n<h2>PREGUNTAS FRECUENTES<\/h2>\n<p><strong>1. \u00bfPara qu\u00e9 se utiliza un disipador de calor industrial de aluminio?<\/strong><br \/>Se utiliza para disipar eficazmente el calor en aplicaciones industriales y electr\u00f3nicas.<\/p>\n<p><strong>2. \u00bfPuede personalizarse el tama\u00f1o del disipador de calor de aluminio?<\/strong><br \/>S\u00ed, ofrecemos varios tama\u00f1os adaptados a las necesidades espec\u00edficas de cada proyecto.<\/p>\n<p><strong>3. \u00bfQu\u00e9 ventajas ofrece el aluminio para los disipadores de calor?<\/strong><br \/>El aluminio ofrece una excelente conductividad t\u00e9rmica y es ligero, por lo que resulta ideal para disipadores de calor.<\/p>\n<p><strong>4. \u00bfExisten diferentes formas para los disipadores de calor?<\/strong><br \/>S\u00ed, ofrecemos una gran variedad de formas y dise\u00f1os que se adaptan a distintas aplicaciones.<\/p>\n<p><strong>5. \u00bfEs adecuado el disipador t\u00e9rmico de aluminio para dispositivos de alta potencia?<\/strong><br \/>S\u00ed, est\u00e1 dise\u00f1ado para soportar altas cargas t\u00e9rmicas de forma eficiente.<\/p>\n<p><strong>6. \u00bfSe puede utilizar el disipador de calor en exteriores?<\/strong><br \/>S\u00ed, con un revestimiento y un dise\u00f1o adecuados, es apto para aplicaciones exteriores.<\/p>\n<p><strong>7. \u00bfNecesita mantenimiento el disipador de calor?<\/strong><br \/>Normalmente, los disipadores de calor de aluminio requieren un mantenimiento m\u00ednimo, pero deben mantenerse limpios para un rendimiento \u00f3ptimo.<\/p>\n<p><\/p>","protected":false},"featured_media":10810,"template":"","categories":[72],"class_list":["post-10978","product","type-product","status-publish","has-post-thumbnail","hentry","category-extruded-aluminum-heatsink"],"meta_box":{"hilight_text_group":[{"product_hilight_text":"<li>Engineered for efficient heat dissipation in industrial applications<\/li>\n<li>Constructed from high-quality aluminum for optimal performance<\/li>\n<li>Customizable sizes and designs to fit diverse industrial needs<\/li>\n<li>Lightweight with excellent thermal conductivity<\/li>\n<li>Compatible with various electronic and mechanical systems<\/li>"}],"feature_list":[]},"_links":{"self":[{"href":"https:\/\/sinoextrud.com\/es\/wp-json\/wp\/v2\/product\/10978","targetHints":{"allow":["GET"]}}],"collection":[{"href":"https:\/\/sinoextrud.com\/es\/wp-json\/wp\/v2\/product"}],"about":[{"href":"https:\/\/sinoextrud.com\/es\/wp-json\/wp\/v2\/types\/product"}],"wp:featuredmedia":[{"embeddable":true,"href":"https:\/\/sinoextrud.com\/es\/wp-json\/wp\/v2\/media\/10810"}],"wp:attachment":[{"href":"https:\/\/sinoextrud.com\/es\/wp-json\/wp\/v2\/media?parent=10978"}],"wp:term":[{"taxonomy":"category","embeddable":true,"href":"https:\/\/sinoextrud.com\/es\/wp-json\/wp\/v2\/categories?post=10978"}],"curies":[{"name":"wp","href":"https:\/\/api.w.org\/{rel}","templated":true}]}}