{"id":10976,"date":"2025-08-01T03:28:59","date_gmt":"2025-08-01T03:28:59","guid":{"rendered":"https:\/\/sinoextrud.com\/product\/custom-cnc-aluminum-case-for-electronics\/"},"modified":"2025-08-01T03:28:59","modified_gmt":"2025-08-01T03:28:59","slug":"caja-de-aluminio-cnc-a-medida-para-electronica","status":"publish","type":"product","link":"https:\/\/sinoextrud.com\/es\/product\/custom-cnc-aluminum-case-for-electronics\/","title":{"rendered":"Caja de aluminio CNC a medida para electr\u00f3nica"},"content":{"rendered":"<h2>Productos<\/h2>\n<div class=\"product-table\">\n<div class=\"row\">\n<div class=\"cell label\">Grado<\/div>\n<div class=\"cell value\">Serie 6000<\/div>\n<\/div>\n<div class=\"row\">\n<div class=\"cell label\">Tolerancia<\/div>\n<div class=\"cell value\">\u00c2\u00b11%<\/div>\n<\/div>\n<div class=\"row\">\n<div class=\"cell label\">Plazo de entrega<\/div>\n<div class=\"cell value\">15-21 d\u00edas<\/div>\n<\/div>\n<div class=\"row\">\n<div class=\"cell label\">Temple<\/div>\n<div class=\"cell value\">T3-T8<\/div>\n<\/div>\n<div class=\"row\">\n<div class=\"cell label\">Aplicaci\u00f3n<\/div>\n<div class=\"cell value\">Decoraciones<\/div>\n<\/div>\n<div class=\"row\">\n<div class=\"cell label\">Forma<\/div>\n<div class=\"cell value\">en forma de<\/div>\n<\/div>\n<div class=\"row\">\n<div class=\"cell label\">Aleaci\u00f3n o no<\/div>\n<div class=\"cell value\">Es aleaci\u00f3n<\/div>\n<\/div>\n<div class=\"row\">\n<div class=\"cell label\">Servicio de tramitaci\u00f3n<\/div>\n<div class=\"cell value\">Punzonado, corte, CNC, fresado<\/div>\n<\/div>\n<div class=\"row\">\n<div class=\"cell label\">Material<\/div>\n<div class=\"cell value\">Aleaci\u00f3n serie 6000<\/div>\n<\/div>\n<div class=\"row\">\n<div class=\"cell label\">Tratamiento de superficies<\/div>\n<div class=\"cell value\">anodizado<\/div>\n<\/div>\n<div class=\"row\">\n<div class=\"cell label\">Color<\/div>\n<div class=\"cell value\">plateado<\/div>\n<\/div>\n<div class=\"row\">\n<div class=\"cell label\">Nombre del producto<\/div>\n<div class=\"cell value\">perfil de aluminio para radiador de materiales seleccionados de alta precisi\u00f3n<\/div>\n<\/div>\n<div class=\"row\">\n<div class=\"cell label\">Utilizaci\u00f3n<\/div>\n<div class=\"cell value\">industria<\/div>\n<\/div>\n<div class=\"row\">\n<div class=\"cell label\">Longitud<\/div>\n<div class=\"cell value\">personalizado<\/div>\n<\/div>\n<div class=\"row\">\n<div class=\"cell label\">Acabado<\/div>\n<div class=\"cell value\">anodizado<\/div>\n<\/div>\n<div class=\"row\">\n<div class=\"cell label\">Nombre<\/div>\n<div class=\"cell value\">perfil de aluminio para radiador de materiales seleccionados de alta precisi\u00f3n<\/div>\n<\/div>\n<div class=\"row\">\n<div class=\"cell label\">Unidades de venta<\/div>\n<div class=\"cell value\">Art\u00edculo individual<\/div>\n<\/div>\n<\/div>\n<p><\/p>\n<h2>Nuestra base de fabricaci\u00f3n<\/h2>\n<h3>Panorama de la f\u00e1brica<\/h3>\n<p><img decoding=\"async\" src=\"\/wp-content\/uploads\/factory-01.webp\"\/><\/p>\n<h3>Taller de fabricaci\u00f3n de barras de aluminio<\/h3>\n<p><img decoding=\"async\" src=\"\/wp-content\/uploads\/factory-02.webp\"\/><\/p>\n<p><img decoding=\"async\" src=\"\/wp-content\/uploads\/factory-03.webp\"\/><\/p>\n<h3>Almac\u00e9n de moldes<\/h3>\n<p><img decoding=\"async\" src=\"\/wp-content\/uploads\/factory-04.webp\"\/><\/p>\n<h3>43 l\u00edneas de extrusi\u00f3n de aluminio (500-5500 toneladas)<\/h3>\n<p><img decoding=\"async\" src=\"\/wp-content\/uploads\/factory-05.webp\"\/><\/p>\n<p><img decoding=\"async\" src=\"\/wp-content\/uploads\/factory-06.webp\"\/><\/p>\n<p><img decoding=\"async\" src=\"\/wp-content\/uploads\/factory-07.webp\"\/><\/p>\n<h3>Taller de pintura en polvo<\/h3>\n<p><img decoding=\"async\" src=\"\/wp-content\/uploads\/factory-09.webp\"\/><\/p>\n<h3>Taller de anodizado<\/h3>\n<p><img decoding=\"async\" src=\"\/wp-content\/uploads\/factory-10.webp\"\/><\/p>\n<h3>Taller de procesamiento profundo<\/h3>\n<p><img decoding=\"async\" src=\"\/wp-content\/uploads\/factory-11.webp\"\/><\/p>\n<h3>Taller de mecanizado de precisi\u00f3n CNC<\/h3>\n<p><img decoding=\"async\" src=\"\/wp-content\/uploads\/factory-11.5.webp\"\/><\/p>\n<h3>Almac\u00e9n de productos acabados y de exportaci\u00f3n<\/h3>\n<p><img decoding=\"async\" src=\"\/wp-content\/uploads\/factory-12.webp\"\/><\/p>\n<p><img decoding=\"async\" src=\"\/wp-content\/uploads\/factory-13.webp\"\/><\/p>\n<p><img decoding=\"async\" src=\"\/wp-content\/uploads\/factory-14.webp\"\/><\/p>\n<h2>PREGUNTAS FRECUENTES<\/h2>\n<p><strong>1. \u00bfQu\u00e9 materiales se utilizan en la carcasa de aluminio?<\/strong><br \/>La carcasa de aluminio est\u00e1 fabricada en aluminio de alta calidad para una mayor durabilidad.<\/p>\n<p><strong>2. \u00bfSe puede personalizar la carcasa de aluminio?<\/strong><br \/>S\u00ed, ofrecemos personalizaci\u00f3n en tama\u00f1o, color y dise\u00f1o para satisfacer requisitos empresariales espec\u00edficos.<\/p>\n<p><strong>3. \u00bfPuede la carcasa de aluminio resistir el \u00f3xido y la corrosi\u00f3n?<\/strong><br \/>S\u00ed, la carcasa est\u00e1 dise\u00f1ada para ser altamente resistente al \u00f3xido y la corrosi\u00f3n para un uso duradero.<\/p>\n<p><strong>4. \u00bfEs la caja de aluminio adecuada para componentes electr\u00f3nicos?<\/strong><br \/>Por supuesto, es ideal para proteger componentes electr\u00f3nicos sensibles.<\/p>\n<p><strong>5. \u00bfOfrecen descuentos por volumen para pedidos grandes?<\/strong><br \/>S\u00ed, ofrecemos precios competitivos y descuentos por volumen para pedidos grandes.<\/p>\n<p><strong>6. \u00bfQu\u00e9 acabados est\u00e1n disponibles para la caja de aluminio?<\/strong><br \/>Ofrecemos varios acabados, incluidas opciones de anodizado y recubrimiento en polvo.<\/p>\n<p><strong>7. \u00bfPuede utilizarse la carcasa de aluminio en entornos industriales?<\/strong><br \/>S\u00ed, es lo suficientemente robusto para entornos y aplicaciones industriales exigentes.<\/p>\n<p><\/p>","protected":false},"featured_media":10739,"template":"","categories":[55],"class_list":["post-10976","product","type-product","status-publish","has-post-thumbnail","hentry","category-extruded-aluminum-profiles"],"meta_box":{"hilight_text_group":[{"product_hilight_text":"<li>Lightweight yet durable construction for various uses<\/li>\n<li>Highly resistant to corrosion and rust, ensuring long-term reliability<\/li>\n<li>Customizable dimensions and design to fit specific business needs<\/li>\n<li>Premium quality finish with options for anodized or powder coating<\/li>\n<li>Well-suited for both electronic and industrial applications<\/li>"}],"feature_list":[]},"_links":{"self":[{"href":"https:\/\/sinoextrud.com\/es\/wp-json\/wp\/v2\/product\/10976","targetHints":{"allow":["GET"]}}],"collection":[{"href":"https:\/\/sinoextrud.com\/es\/wp-json\/wp\/v2\/product"}],"about":[{"href":"https:\/\/sinoextrud.com\/es\/wp-json\/wp\/v2\/types\/product"}],"wp:featuredmedia":[{"embeddable":true,"href":"https:\/\/sinoextrud.com\/es\/wp-json\/wp\/v2\/media\/10739"}],"wp:attachment":[{"href":"https:\/\/sinoextrud.com\/es\/wp-json\/wp\/v2\/media?parent=10976"}],"wp:term":[{"taxonomy":"category","embeddable":true,"href":"https:\/\/sinoextrud.com\/es\/wp-json\/wp\/v2\/categories?post=10976"}],"curies":[{"name":"wp","href":"https:\/\/api.w.org\/{rel}","templated":true}]}}