{"id":10970,"date":"2025-08-01T03:21:19","date_gmt":"2025-08-01T03:21:19","guid":{"rendered":"https:\/\/sinoextrud.com\/product\/round-heat-sink-for-compact-electronics\/"},"modified":"2025-08-01T03:21:19","modified_gmt":"2025-08-01T03:21:19","slug":"disipador-redondo-para-electronica-compacta","status":"publish","type":"product","link":"https:\/\/sinoextrud.com\/es\/product\/round-heat-sink-for-compact-electronics\/","title":{"rendered":"Disipador redondo para electr\u00f3nica compacta"},"content":{"rendered":"<h2>Productos<\/h2>\n<div class=\"product-table\">\n<div class=\"row\">\n<div class=\"cell label\">Grado<\/div>\n<div class=\"cell value\">Serie 6000<\/div>\n<\/div>\n<div class=\"row\">\n<div class=\"cell label\">Tolerancia<\/div>\n<div class=\"cell value\">\u00c2\u00b11%<\/div>\n<\/div>\n<div class=\"row\">\n<div class=\"cell label\">Plazo de entrega<\/div>\n<div class=\"cell value\">22-30 d\u00edas<\/div>\n<\/div>\n<div class=\"row\">\n<div class=\"cell label\">Temple<\/div>\n<div class=\"cell value\">T3-T8<\/div>\n<\/div>\n<div class=\"row\">\n<div class=\"cell label\">Aplicaci\u00f3n<\/div>\n<div class=\"cell value\">Otros<\/div>\n<\/div>\n<div class=\"row\">\n<div class=\"cell label\">Forma<\/div>\n<div class=\"cell value\">Otros<\/div>\n<\/div>\n<div class=\"row\">\n<div class=\"cell label\">Aleaci\u00f3n o no<\/div>\n<div class=\"cell value\">Es aleaci\u00f3n<\/div>\n<\/div>\n<div class=\"row\">\n<div class=\"cell label\">Servicio de tramitaci\u00f3n<\/div>\n<div class=\"cell value\">Doblado, soldadura, punzonado, corte<\/div>\n<\/div>\n<div class=\"row\">\n<div class=\"cell label\">Puerto de expedici\u00f3n<\/div>\n<div class=\"cell value\">Taichung o Taipei, Taiw\u00e1n.<\/div>\n<\/div>\n<div class=\"row\">\n<div class=\"cell label\">Unidades de venta<\/div>\n<div class=\"cell value\">Art\u00edculo individual<\/div>\n<\/div>\n<\/div>\n<p><\/p>\n<h2>Nuestra base de fabricaci\u00f3n<\/h2>\n<h3>Panorama de la f\u00e1brica<\/h3>\n<p><img decoding=\"async\" src=\"\/wp-content\/uploads\/factory-01.webp\"\/><\/p>\n<h3>Taller de fabricaci\u00f3n de barras de aluminio<\/h3>\n<p><img decoding=\"async\" src=\"\/wp-content\/uploads\/factory-02.webp\"\/><\/p>\n<p><img decoding=\"async\" src=\"\/wp-content\/uploads\/factory-03.webp\"\/><\/p>\n<h3>Almac\u00e9n de moldes<\/h3>\n<p><img decoding=\"async\" src=\"\/wp-content\/uploads\/factory-04.webp\"\/><\/p>\n<h3>43 l\u00edneas de extrusi\u00f3n de aluminio (500-5500 toneladas)<\/h3>\n<p><img decoding=\"async\" src=\"\/wp-content\/uploads\/factory-05.webp\"\/><\/p>\n<p><img decoding=\"async\" src=\"\/wp-content\/uploads\/factory-06.webp\"\/><\/p>\n<p><img decoding=\"async\" src=\"\/wp-content\/uploads\/factory-07.webp\"\/><\/p>\n<h3>Taller de pintura en polvo<\/h3>\n<p><img decoding=\"async\" src=\"\/wp-content\/uploads\/factory-09.webp\"\/><\/p>\n<h3>Taller de anodizado<\/h3>\n<p><img decoding=\"async\" src=\"\/wp-content\/uploads\/factory-10.webp\"\/><\/p>\n<h3>Taller de procesamiento profundo<\/h3>\n<p><img decoding=\"async\" src=\"\/wp-content\/uploads\/factory-11.webp\"\/><\/p>\n<h3>Taller de mecanizado de precisi\u00f3n CNC<\/h3>\n<p><img decoding=\"async\" src=\"\/wp-content\/uploads\/factory-11.5.webp\"\/><\/p>\n<h3>Almac\u00e9n de productos acabados y de exportaci\u00f3n<\/h3>\n<p><img decoding=\"async\" src=\"\/wp-content\/uploads\/factory-12.webp\"\/><\/p>\n<p><img decoding=\"async\" src=\"\/wp-content\/uploads\/factory-13.webp\"\/><\/p>\n<p><img decoding=\"async\" src=\"\/wp-content\/uploads\/factory-14.webp\"\/><\/p>\n<h2>PREGUNTAS FRECUENTES<\/h2>\n<p><strong>1. \u00bfQu\u00e9 materiales se utilizan en el disipador de calor redondo?<\/strong><br \/>El disipador de calor redondo est\u00e1 fabricado en aluminio de alta calidad para una excelente disipaci\u00f3n del calor.<\/p>\n<p><strong>2. \u00bfPuede personalizarse el tama\u00f1o del disipador de calor redondo?<\/strong><br \/>S\u00ed, ofrecemos varias opciones de tama\u00f1o y podemos personalizar las dimensiones para necesidades espec\u00edficas.<\/p>\n<p><strong>3. \u00bfEs adecuado el disipador redondo para aplicaciones de alta temperatura?<\/strong><br \/>S\u00ed, est\u00e1 dise\u00f1ado para gestionar eficazmente las altas temperaturas en diversos entornos.<\/p>\n<p><strong>4. \u00bfC\u00f3mo instalo el disipador de calor redondo en mi dispositivo?<\/strong><br \/>Se proporcionan instrucciones de instalaci\u00f3n, lo que garantiza una integraci\u00f3n perfecta en su sistema.<\/p>\n<p><strong>5. \u00bfOfrecen entrega r\u00e1pida para pedidos al por mayor?<\/strong><br \/>S\u00ed, contamos con procesos de producci\u00f3n eficientes para ajustarnos a plazos de entrega r\u00e1pidos.<\/p>\n<p><strong>6. \u00bfEs posible obtener una muestra antes de hacer un pedido al por mayor?<\/strong><br \/>S\u00ed, hay muestras disponibles para probar el rendimiento y el ajuste del disipador de calor redondo.<\/p>\n<p><strong>7. \u00bfAdmite el disipador de calor redondo servicios OEM?<\/strong><br \/>S\u00ed, ofrecemos amplios servicios OEM, que permiten personalizar el dise\u00f1o y la marca.<\/p>\n<p><\/p>","protected":false},"featured_media":10816,"template":"","categories":[72],"class_list":["post-10970","product","type-product","status-publish","has-post-thumbnail","hentry","category-extruded-aluminum-heatsink"],"meta_box":{"hilight_text_group":[{"product_hilight_text":"<li>Efficiently designed for optimal thermal management<\/li>\n<li>Round shape enables versatile integration into various devices<\/li>\n<li>Available in multiple sizes to suit different applications<\/li>\n<li>Constructed with high-quality materials for lasting performance<\/li>\n<li>Supports custom designs for unique project requirements<\/li>"}],"feature_list":[]},"_links":{"self":[{"href":"https:\/\/sinoextrud.com\/es\/wp-json\/wp\/v2\/product\/10970","targetHints":{"allow":["GET"]}}],"collection":[{"href":"https:\/\/sinoextrud.com\/es\/wp-json\/wp\/v2\/product"}],"about":[{"href":"https:\/\/sinoextrud.com\/es\/wp-json\/wp\/v2\/types\/product"}],"wp:featuredmedia":[{"embeddable":true,"href":"https:\/\/sinoextrud.com\/es\/wp-json\/wp\/v2\/media\/10816"}],"wp:attachment":[{"href":"https:\/\/sinoextrud.com\/es\/wp-json\/wp\/v2\/media?parent=10970"}],"wp:term":[{"taxonomy":"category","embeddable":true,"href":"https:\/\/sinoextrud.com\/es\/wp-json\/wp\/v2\/categories?post=10970"}],"curies":[{"name":"wp","href":"https:\/\/api.w.org\/{rel}","templated":true}]}}