{"id":10968,"date":"2025-08-01T03:19:08","date_gmt":"2025-08-01T03:19:08","guid":{"rendered":"https:\/\/sinoextrud.com\/product\/compositionalc-aluminum-heat-sink-vapor-chamber\/"},"modified":"2025-08-01T03:19:08","modified_gmt":"2025-08-01T03:19:08","slug":"disipador-termico-de-aluminio-camara-de-vapor","status":"publish","type":"product","link":"https:\/\/sinoextrud.com\/es\/product\/compositionalc-aluminum-heat-sink-vapor-chamber\/","title":{"rendered":"Composici\u00f3nc Disipador de calor de aluminio C\u00e1mara de vapor"},"content":{"rendered":"<h2>Productos<\/h2>\n<div class=\"product-table\">\n<div class=\"row\">\n<div class=\"cell label\">Nombre del producto<\/div>\n<div class=\"cell value\">placa de refrigeraci\u00f3n<\/div>\n<\/div>\n<div class=\"row\">\n<div class=\"cell label\">Color<\/div>\n<div class=\"cell value\">Colores personalizados<\/div>\n<\/div>\n<div class=\"row\">\n<div class=\"cell label\">Nombre<\/div>\n<div class=\"cell value\">placa de refrigeraci\u00f3n<\/div>\n<\/div>\n<div class=\"row\">\n<div class=\"cell label\">Embalaje<\/div>\n<div class=\"cell value\">Cart\u00f3n<\/div>\n<\/div>\n<div class=\"row\">\n<div class=\"cell label\">Palabra clave<\/div>\n<div class=\"cell value\">placa de refrigeraci\u00f3n<\/div>\n<\/div>\n<div class=\"row\">\n<div class=\"cell label\">Utilizado en<\/div>\n<div class=\"cell value\">para refrigeraci\u00f3n de bater\u00edas EV<\/div>\n<\/div>\n<div class=\"row\">\n<div class=\"cell label\">Pago<\/div>\n<div class=\"cell value\">T\/T<\/div>\n<\/div>\n<div class=\"row\">\n<div class=\"cell label\">Estilo<\/div>\n<div class=\"cell value\">placa de refrigeraci\u00f3n<\/div>\n<\/div>\n<div class=\"row\">\n<div class=\"cell label\">Talla<\/div>\n<div class=\"cell value\">Tama\u00f1o personalizado<\/div>\n<\/div>\n<div class=\"row\">\n<div class=\"cell label\">Calidad<\/div>\n<div class=\"cell value\">Alta calidad<\/div>\n<\/div>\n<div class=\"row\">\n<div class=\"cell label\">Unidades de venta<\/div>\n<div class=\"cell value\">Art\u00edculo individual<\/div>\n<\/div>\n<\/div>\n<p><\/p>\n<h2>Nuestra base de fabricaci\u00f3n<\/h2>\n<h3>Panorama de la f\u00e1brica<\/h3>\n<p><img decoding=\"async\" src=\"\/wp-content\/uploads\/factory-01.webp\"\/><\/p>\n<h3>Taller de fabricaci\u00f3n de barras de aluminio<\/h3>\n<p><img decoding=\"async\" src=\"\/wp-content\/uploads\/factory-02.webp\"\/><\/p>\n<p><img decoding=\"async\" src=\"\/wp-content\/uploads\/factory-03.webp\"\/><\/p>\n<h3>Almac\u00e9n de moldes<\/h3>\n<p><img decoding=\"async\" src=\"\/wp-content\/uploads\/factory-04.webp\"\/><\/p>\n<h3>43 l\u00edneas de extrusi\u00f3n de aluminio (500-5500 toneladas)<\/h3>\n<p><img decoding=\"async\" src=\"\/wp-content\/uploads\/factory-05.webp\"\/><\/p>\n<p><img decoding=\"async\" src=\"\/wp-content\/uploads\/factory-06.webp\"\/><\/p>\n<p><img decoding=\"async\" src=\"\/wp-content\/uploads\/factory-07.webp\"\/><\/p>\n<h3>Taller de pintura en polvo<\/h3>\n<p><img decoding=\"async\" src=\"\/wp-content\/uploads\/factory-09.webp\"\/><\/p>\n<h3>Taller de anodizado<\/h3>\n<p><img decoding=\"async\" src=\"\/wp-content\/uploads\/factory-10.webp\"\/><\/p>\n<h3>Taller de procesamiento profundo<\/h3>\n<p><img decoding=\"async\" src=\"\/wp-content\/uploads\/factory-11.webp\"\/><\/p>\n<h3>Taller de mecanizado de precisi\u00f3n CNC<\/h3>\n<p><img decoding=\"async\" src=\"\/wp-content\/uploads\/factory-11.5.webp\"\/><\/p>\n<h3>Almac\u00e9n de productos acabados y de exportaci\u00f3n<\/h3>\n<p><img decoding=\"async\" src=\"\/wp-content\/uploads\/factory-12.webp\"\/><\/p>\n<p><img decoding=\"async\" src=\"\/wp-content\/uploads\/factory-13.webp\"\/><\/p>\n<p><img decoding=\"async\" src=\"\/wp-content\/uploads\/factory-14.webp\"\/><\/p>\n<h2>PREGUNTAS FRECUENTES<\/h2>\n<p><strong>1. \u00bfQu\u00e9 es una c\u00e1mara de vapor en un disipador de calor?<\/strong><br \/>Una c\u00e1mara de vapor es un componente dise\u00f1ado para distribuir el calor uniformemente por el disipador t\u00e9rmico mediante procesos de vaporizaci\u00f3n y condensaci\u00f3n.<\/p>\n<p><strong>2. \u00bfC\u00f3mo influye la composici\u00f3n del aluminio en el rendimiento del disipador t\u00e9rmico?<\/strong><br \/>El aluminio proporciona ligereza y alta conductividad t\u00e9rmica, esenciales para una disipaci\u00f3n eficaz del calor.<\/p>\n<p><strong>3. \u00bfSe puede personalizar el disipador de calor para dispositivos espec\u00edficos?<\/strong><br \/>S\u00ed, ofrecemos personalizaci\u00f3n a medida para adaptarnos a los requisitos y tama\u00f1os de los distintos dispositivos.<\/p>\n<p><strong>4. \u00bfEs adecuado este disipador de calor para aplicaciones electr\u00f3nicas de alta potencia?<\/strong><br \/>Por supuesto, est\u00e1 dise\u00f1ado para tareas de refrigeraci\u00f3n intensiva en electr\u00f3nica de alta potencia.<\/p>\n<p><strong>5. \u00bfNecesita mantenimiento la c\u00e1mara de vapor?<\/strong><br \/>No, la c\u00e1mara de vapor es una unidad sellada y no requiere mantenimiento durante su vida \u00fatil.<\/p>\n<p><strong>6. \u00bfQu\u00e9 industrias pueden beneficiarse de este disipador de calor?<\/strong><br \/>Industrias como las telecomunicaciones, la inform\u00e1tica y la electr\u00f3nica del autom\u00f3vil pueden beneficiarse significativamente.<\/p>\n<p><strong>7. \u00bfApoya este producto las pr\u00e1cticas de eficiencia energ\u00e9tica?<\/strong><br \/>S\u00ed, al mejorar la disipaci\u00f3n del calor, contribuye a la eficiencia energ\u00e9tica general de los dispositivos.<\/p>\n<p><\/p>","protected":false},"featured_media":10787,"template":"","categories":[74],"class_list":["post-10968","product","type-product","status-publish","has-post-thumbnail","hentry","category-vapor-chamber"],"meta_box":{"hilight_text_group":[{"product_hilight_text":"<li>Engineered for efficient heat dissipation in electronics<\/li>\n<li>Lightweight aluminum construction for easy integration<\/li>\n<li>Features advanced vapor chamber technology for optimized cooling<\/li>\n<li>Customizable dimensions and profiles for diverse applications<\/li>\n<li>Excellent thermal conductivity enhancing device performance<\/li>"}],"feature_list":[]},"_links":{"self":[{"href":"https:\/\/sinoextrud.com\/es\/wp-json\/wp\/v2\/product\/10968","targetHints":{"allow":["GET"]}}],"collection":[{"href":"https:\/\/sinoextrud.com\/es\/wp-json\/wp\/v2\/product"}],"about":[{"href":"https:\/\/sinoextrud.com\/es\/wp-json\/wp\/v2\/types\/product"}],"wp:featuredmedia":[{"embeddable":true,"href":"https:\/\/sinoextrud.com\/es\/wp-json\/wp\/v2\/media\/10787"}],"wp:attachment":[{"href":"https:\/\/sinoextrud.com\/es\/wp-json\/wp\/v2\/media?parent=10968"}],"wp:term":[{"taxonomy":"category","embeddable":true,"href":"https:\/\/sinoextrud.com\/es\/wp-json\/wp\/v2\/categories?post=10968"}],"curies":[{"name":"wp","href":"https:\/\/api.w.org\/{rel}","templated":true}]}}