{"id":10967,"date":"2025-08-01T03:18:56","date_gmt":"2025-08-01T03:18:56","guid":{"rendered":"https:\/\/sinoextrud.com\/product\/long-aluminum-heat-sink-for-linear-modules\/"},"modified":"2025-08-01T03:18:56","modified_gmt":"2025-08-01T03:18:56","slug":"disipador-termico-largo-de-aluminio-para-modulos-lineales","status":"publish","type":"product","link":"https:\/\/sinoextrud.com\/es\/product\/long-aluminum-heat-sink-for-linear-modules\/","title":{"rendered":"Disipador t\u00e9rmico largo de aluminio para m\u00f3dulos lineales"},"content":{"rendered":"<h2>Productos<\/h2>\n<div class=\"product-table\">\n<div class=\"row\">\n<div class=\"cell label\">Grado<\/div>\n<div class=\"cell value\">Serie 6000<\/div>\n<\/div>\n<div class=\"row\">\n<div class=\"cell label\">Tolerancia<\/div>\n<div class=\"cell value\">\u00c2\u00b11%<\/div>\n<\/div>\n<div class=\"row\">\n<div class=\"cell label\">Plazo de entrega<\/div>\n<div class=\"cell value\">22-30 d\u00edas<\/div>\n<\/div>\n<div class=\"row\">\n<div class=\"cell label\">Temple<\/div>\n<div class=\"cell value\">T3-T8<\/div>\n<\/div>\n<div class=\"row\">\n<div class=\"cell label\">Aplicaci\u00f3n<\/div>\n<div class=\"cell value\">Disipador de calor<\/div>\n<\/div>\n<div class=\"row\">\n<div class=\"cell label\">Forma<\/div>\n<div class=\"cell value\">plano<\/div>\n<\/div>\n<div class=\"row\">\n<div class=\"cell label\">Aleaci\u00f3n o no<\/div>\n<div class=\"cell value\">Es aleaci\u00f3n<\/div>\n<\/div>\n<div class=\"row\">\n<div class=\"cell label\">Servicio de tramitaci\u00f3n<\/div>\n<div class=\"cell value\">Plegado, desenrollado, soldadura, punzonado, corte<\/div>\n<\/div>\n<div class=\"row\">\n<div class=\"cell label\">Nombre del producto<\/div>\n<div class=\"cell value\">Disipador de calor de extrusi\u00f3n de aluminio<\/div>\n<\/div>\n<div class=\"row\">\n<div class=\"cell label\">Material<\/div>\n<div class=\"cell value\">Aluminio 6063<\/div>\n<\/div>\n<div class=\"row\">\n<div class=\"cell label\">Tratamiento de superficies<\/div>\n<div class=\"cell value\">Anodizado\/\u00f3xido, etc\/recubierto de polvo<\/div>\n<\/div>\n<div class=\"row\">\n<div class=\"cell label\">Certificaci\u00f3n<\/div>\n<div class=\"cell value\">ISO9001-2008<\/div>\n<\/div>\n<div class=\"row\">\n<div class=\"cell label\">Puerto de expedici\u00f3n<\/div>\n<div class=\"cell value\">Qingdao<\/div>\n<\/div>\n<div class=\"row\">\n<div class=\"cell label\">Unidades de venta<\/div>\n<div class=\"cell value\">Art\u00edculo individual<\/div>\n<\/div>\n<div class=\"row\">\n<div class=\"cell label\">Tama\u00f1o de envase individual<\/div>\n<div class=\"cell value\">22X12X10 cm<\/div>\n<\/div>\n<div class=\"row\">\n<div class=\"cell label\">Peso bruto \u00fanico<\/div>\n<div class=\"cell value\">1.000 KG<\/div>\n<\/div>\n<div class=\"row\">\n<div class=\"cell label\">Capacidad de suministro<\/div>\n<div class=\"cell value\">30000 piezas al mes<\/div>\n<\/div>\n<\/div>\n<p><\/p>\n<h2>Nuestra base de fabricaci\u00f3n<\/h2>\n<h3>Panorama de la f\u00e1brica<\/h3>\n<p><img decoding=\"async\" src=\"\/wp-content\/uploads\/factory-01.webp\"\/><\/p>\n<h3>Taller de fabricaci\u00f3n de barras de aluminio<\/h3>\n<p><img decoding=\"async\" src=\"\/wp-content\/uploads\/factory-02.webp\"\/><\/p>\n<p><img decoding=\"async\" src=\"\/wp-content\/uploads\/factory-03.webp\"\/><\/p>\n<h3>Almac\u00e9n de moldes<\/h3>\n<p><img decoding=\"async\" src=\"\/wp-content\/uploads\/factory-04.webp\"\/><\/p>\n<h3>43 l\u00edneas de extrusi\u00f3n de aluminio (500-5500 toneladas)<\/h3>\n<p><img decoding=\"async\" src=\"\/wp-content\/uploads\/factory-05.webp\"\/><\/p>\n<p><img decoding=\"async\" src=\"\/wp-content\/uploads\/factory-06.webp\"\/><\/p>\n<p><img decoding=\"async\" src=\"\/wp-content\/uploads\/factory-07.webp\"\/><\/p>\n<h3>Taller de pintura en polvo<\/h3>\n<p><img decoding=\"async\" src=\"\/wp-content\/uploads\/factory-09.webp\"\/><\/p>\n<h3>Taller de anodizado<\/h3>\n<p><img decoding=\"async\" src=\"\/wp-content\/uploads\/factory-10.webp\"\/><\/p>\n<h3>Taller de procesamiento profundo<\/h3>\n<p><img decoding=\"async\" src=\"\/wp-content\/uploads\/factory-11.webp\"\/><\/p>\n<h3>Taller de mecanizado de precisi\u00f3n CNC<\/h3>\n<p><img decoding=\"async\" src=\"\/wp-content\/uploads\/factory-11.5.webp\"\/><\/p>\n<h3>Almac\u00e9n de productos acabados y de exportaci\u00f3n<\/h3>\n<p><img decoding=\"async\" src=\"\/wp-content\/uploads\/factory-12.webp\"\/><\/p>\n<p><img decoding=\"async\" src=\"\/wp-content\/uploads\/factory-13.webp\"\/><\/p>\n<p><img decoding=\"async\" src=\"\/wp-content\/uploads\/factory-14.webp\"\/><\/p>\n<h2>PREGUNTAS FRECUENTES<\/h2>\n<p><strong>1. \u00bfCu\u00e1l es el uso principal de un disipador de calor largo de aluminio?<\/strong><br \/>Un disipador de calor largo de aluminio se utiliza principalmente para la disipaci\u00f3n eficaz del calor en dispositivos electr\u00f3nicos.<\/p>\n<p><strong>2. \u00bfPueden personalizarse las dimensiones del disipador de calor de aluminio?<\/strong><br \/>S\u00ed, las dimensiones pueden personalizarse para satisfacer requisitos de refrigeraci\u00f3n espec\u00edficos.<\/p>\n<p><strong>3. \u00bfEs el disipador de calor de aluminio resistente a la corrosi\u00f3n?<\/strong><br \/>S\u00ed, el material de aluminio utilizado es resistente a la corrosi\u00f3n para una mayor vida \u00fatil.<\/p>\n<p><strong>4. \u00bfC\u00f3mo mejora el disipador de calor de aluminio el rendimiento del dispositivo?<\/strong><br \/>Disipa eficazmente el exceso de calor, manteniendo un rendimiento \u00f3ptimo del dispositivo.<\/p>\n<p><strong>5. \u00bfQu\u00e9 aplicaciones son adecuadas para este tipo de disipador t\u00e9rmico?<\/strong><br \/>Es adecuado para dispositivos electr\u00f3nicos, maquinaria industrial y sistemas de calefacci\u00f3n, ventilaci\u00f3n y aire acondicionado.<\/p>\n<p><strong>6. \u00bfEl disipador de calor de aluminio requiere herrajes de montaje espec\u00edficos?<\/strong><br \/>Los herrajes de montaje pueden personalizarse para adaptarse a las necesidades espec\u00edficas de instalaci\u00f3n.<\/p>\n<p><strong>7. \u00bfEs posible obtener una muestra antes de hacer un pedido al por mayor?<\/strong><br \/>S\u00ed, disponemos de pedidos de muestra para comprobar la calidad y las especificaciones del disipador de calor.<\/p>\n<p><\/p>","protected":false},"featured_media":10818,"template":"","categories":[72],"class_list":["post-10967","product","type-product","status-publish","has-post-thumbnail","hentry","category-extruded-aluminum-heatsink"],"meta_box":{"hilight_text_group":[{"product_hilight_text":"<li>Efficient heat dissipation due to high-quality aluminum<\/li>\n<li>Lightweight design for easy installation in various devices<\/li>\n<li>Customizable dimensions to fit specific applications<\/li>\n<li>Corrosion-resistant material ensures longevity<\/li>\n<li>Suitable for electronic and industrial equipment cooling<\/li>"}],"feature_list":[]},"_links":{"self":[{"href":"https:\/\/sinoextrud.com\/es\/wp-json\/wp\/v2\/product\/10967","targetHints":{"allow":["GET"]}}],"collection":[{"href":"https:\/\/sinoextrud.com\/es\/wp-json\/wp\/v2\/product"}],"about":[{"href":"https:\/\/sinoextrud.com\/es\/wp-json\/wp\/v2\/types\/product"}],"wp:featuredmedia":[{"embeddable":true,"href":"https:\/\/sinoextrud.com\/es\/wp-json\/wp\/v2\/media\/10818"}],"wp:attachment":[{"href":"https:\/\/sinoextrud.com\/es\/wp-json\/wp\/v2\/media?parent=10967"}],"wp:term":[{"taxonomy":"category","embeddable":true,"href":"https:\/\/sinoextrud.com\/es\/wp-json\/wp\/v2\/categories?post=10967"}],"curies":[{"name":"wp","href":"https:\/\/api.w.org\/{rel}","templated":true}]}}