{"id":10964,"date":"2025-08-01T03:18:13","date_gmt":"2025-08-01T03:18:13","guid":{"rendered":"https:\/\/sinoextrud.com\/product\/color-anodized-heat-sink-for-led-lighting\/"},"modified":"2025-08-01T03:18:13","modified_gmt":"2025-08-01T03:18:13","slug":"disipador-de-calor-anodizado-en-color-para-iluminacion-led","status":"publish","type":"product","link":"https:\/\/sinoextrud.com\/es\/product\/color-anodized-heat-sink-for-led-lighting\/","title":{"rendered":"Disipador de calor anodizado en color para iluminaci\u00f3n LED"},"content":{"rendered":"<h2>Productos<\/h2>\n<div class=\"product-table\">\n<div class=\"row\">\n<div class=\"cell label\">Grado<\/div>\n<div class=\"cell value\">Serie 6000<\/div>\n<\/div>\n<div class=\"row\">\n<div class=\"cell label\">Tolerancia<\/div>\n<div class=\"cell value\">+\/-0,01 mm<\/div>\n<\/div>\n<div class=\"row\">\n<div class=\"cell label\">Plazo de entrega<\/div>\n<div class=\"cell value\">8-14 d\u00edas<\/div>\n<\/div>\n<div class=\"row\">\n<div class=\"cell label\">Temple<\/div>\n<div class=\"cell value\">T3-T8<\/div>\n<\/div>\n<div class=\"row\">\n<div class=\"cell label\">Aplicaci\u00f3n<\/div>\n<div class=\"cell value\">Disipador de calor<\/div>\n<\/div>\n<div class=\"row\">\n<div class=\"cell label\">Forma<\/div>\n<div class=\"cell value\">personalizado<\/div>\n<\/div>\n<div class=\"row\">\n<div class=\"cell label\">Aleaci\u00f3n o no<\/div>\n<div class=\"cell value\">Es aleaci\u00f3n<\/div>\n<\/div>\n<div class=\"row\">\n<div class=\"cell label\">Servicio de tramitaci\u00f3n<\/div>\n<div class=\"cell value\">Plegado, desenrollado, soldadura, punzonado, corte<\/div>\n<\/div>\n<div class=\"row\">\n<div class=\"cell label\">Nombre del producto<\/div>\n<div class=\"cell value\">Disipador t\u00e9rmico personalizado de perfil de aluminio extruido<\/div>\n<\/div>\n<div class=\"row\">\n<div class=\"cell label\">Tratamiento de superficies<\/div>\n<div class=\"cell value\">Acabado de fresado, anodizado, recubrimiento en polvo, etc.<\/div>\n<\/div>\n<div class=\"row\">\n<div class=\"cell label\">Color<\/div>\n<div class=\"cell value\">OEM<\/div>\n<\/div>\n<div class=\"row\">\n<div class=\"cell label\">Material<\/div>\n<div class=\"cell value\">Aleaci\u00f3n de aluminio 6063<\/div>\n<\/div>\n<div class=\"row\">\n<div class=\"cell label\">Tolerancia<\/div>\n<div class=\"cell value\">GB5237-2008 o seg\u00fan su norma con alta precisi\u00f3n<\/div>\n<\/div>\n<div class=\"row\">\n<div class=\"cell label\">Certificaci\u00f3n<\/div>\n<div class=\"cell value\">ISO9001:2008<\/div>\n<\/div>\n<div class=\"row\">\n<div class=\"cell label\">Espesor de pared<\/div>\n<div class=\"cell value\">0.4-100mm o aceptar la personalizaci\u00f3n<\/div>\n<\/div>\n<div class=\"row\">\n<div class=\"cell label\">Longitud<\/div>\n<div class=\"cell value\">Longitud personalizada<\/div>\n<\/div>\n<div class=\"row\">\n<div class=\"cell label\">Tipo<\/div>\n<div class=\"cell value\">Disipador de calor OEM Perfil de aluminio<\/div>\n<\/div>\n<div class=\"row\">\n<div class=\"cell label\">Utilizaci\u00f3n<\/div>\n<div class=\"cell value\">Uso m\u00faltiple<\/div>\n<\/div>\n<div class=\"row\">\n<div class=\"cell label\">Detalles del embalaje<\/div>\n<div class=\"cell value\">Embalaje personalizado seg\u00fan la petici\u00f3n del cliente, normalmente:   A: Acabado de molino, pel\u00edcula pl\u00e1stica del encogimiento B, anodizaci\u00f3n o capa de la energ\u00eda, dentro embalado con la pel\u00edcula protectora pl\u00e1stica+espuma de EPE+pel\u00edcula del encogimiento o papel de kraft impermeable C. Si la peque\u00f1a pieza del cnc, espuma de EPE+cartones D, si el cliente tiene la petici\u00f3n especial, podemos proporcionar la caja de madera.<\/div>\n<\/div>\n<div class=\"row\">\n<div class=\"cell label\">Puerto de expedici\u00f3n<\/div>\n<div class=\"cell value\">Puerto de Tianjin, puerto de Qingdao, puerto de Shanghai, etc.<\/div>\n<\/div>\n<div class=\"row\">\n<div class=\"cell label\">Unidades de venta<\/div>\n<div class=\"cell value\">Art\u00edculo individual<\/div>\n<\/div>\n<div class=\"row\">\n<div class=\"cell label\">Tama\u00f1o de envase individual<\/div>\n<div class=\"cell value\">50X40X30 cm<\/div>\n<\/div>\n<div class=\"row\">\n<div class=\"cell label\">Peso bruto \u00fanico<\/div>\n<div class=\"cell value\">1.000 KG<\/div>\n<\/div>\n<div class=\"row\">\n<div class=\"cell label\">Capacidad de suministro<\/div>\n<div class=\"cell value\">5000 toneladas m\u00e9tricas por mes perfil de aluminio extruido disipador de calor personalizado<\/div>\n<\/div>\n<\/div>\n<p><\/p>\n<h2>Nuestra base de fabricaci\u00f3n<\/h2>\n<h3>Panorama de la f\u00e1brica<\/h3>\n<p><img decoding=\"async\" src=\"\/wp-content\/uploads\/factory-01.webp\"\/><\/p>\n<h3>Taller de fabricaci\u00f3n de barras de aluminio<\/h3>\n<p><img decoding=\"async\" src=\"\/wp-content\/uploads\/factory-02.webp\"\/><\/p>\n<p><img decoding=\"async\" src=\"\/wp-content\/uploads\/factory-03.webp\"\/><\/p>\n<h3>Almac\u00e9n de moldes<\/h3>\n<p><img decoding=\"async\" src=\"\/wp-content\/uploads\/factory-04.webp\"\/><\/p>\n<h3>43 l\u00edneas de extrusi\u00f3n de aluminio (500-5500 toneladas)<\/h3>\n<p><img decoding=\"async\" src=\"\/wp-content\/uploads\/factory-05.webp\"\/><\/p>\n<p><img decoding=\"async\" src=\"\/wp-content\/uploads\/factory-06.webp\"\/><\/p>\n<p><img decoding=\"async\" src=\"\/wp-content\/uploads\/factory-07.webp\"\/><\/p>\n<h3>Taller de pintura en polvo<\/h3>\n<p><img decoding=\"async\" src=\"\/wp-content\/uploads\/factory-09.webp\"\/><\/p>\n<h3>Taller de anodizado<\/h3>\n<p><img decoding=\"async\" src=\"\/wp-content\/uploads\/factory-10.webp\"\/><\/p>\n<h3>Taller de procesamiento profundo<\/h3>\n<p><img decoding=\"async\" src=\"\/wp-content\/uploads\/factory-11.webp\"\/><\/p>\n<h3>Taller de mecanizado de precisi\u00f3n CNC<\/h3>\n<p><img decoding=\"async\" src=\"\/wp-content\/uploads\/factory-11.5.webp\"\/><\/p>\n<h3>Almac\u00e9n de productos acabados y de exportaci\u00f3n<\/h3>\n<p><img decoding=\"async\" src=\"\/wp-content\/uploads\/factory-12.webp\"\/><\/p>\n<p><img decoding=\"async\" src=\"\/wp-content\/uploads\/factory-13.webp\"\/><\/p>\n<p><img decoding=\"async\" src=\"\/wp-content\/uploads\/factory-14.webp\"\/><\/p>\n<h2>PREGUNTAS FRECUENTES<\/h2>\n<p><strong>1. \u00bfQu\u00e9 tipo de colores anodizados hay disponibles para el disipador de calor?<\/strong><br \/>Ofrecemos una amplia gama de colores anodizados, como negro, azul, dorado, etc., con fines est\u00e9ticos y funcionales.<\/p>\n<p><strong>2. \u00bfC\u00f3mo afecta el proceso de anodizaci\u00f3n a la disipaci\u00f3n del calor?<\/strong><br \/>La anodizaci\u00f3n mejora la eficiencia t\u00e9rmica al aumentar la superficie y proporcionar un acabado conductor.<\/p>\n<p><strong>3. \u00bfSe puede utilizar el disipador de calor anodizado en color en aplicaciones de automoci\u00f3n?<\/strong><br \/>S\u00ed, est\u00e1 dise\u00f1ado para la gesti\u00f3n t\u00e9rmica de alto rendimiento adecuada para la automoci\u00f3n y otros usos industriales.<\/p>\n<p><strong>4. \u00bfOfrecen formas y tama\u00f1os personalizados para el disipador de calor?<\/strong><br \/>S\u00ed, nuestros disipadores de calor pueden personalizarse para adaptarse a los requisitos espec\u00edficos de dispositivos electr\u00f3nicos e industriales.<\/p>\n<p><strong>5. \u00bfEs el acabado anodizado resistente a la corrosi\u00f3n?<\/strong><br \/>La capa anodizada proporciona una excelente resistencia a la corrosi\u00f3n, alargando la vida \u00fatil del disipador de calor.<\/p>\n<p><strong>6. \u00bfPodemos solicitar una muestra antes de hacer un pedido al por mayor?<\/strong><br \/>S\u00ed, hay muestras disponibles para evaluar la calidad y el rendimiento antes de comprometerse con pedidos m\u00e1s grandes.<\/p>\n<p><strong>7. \u00bfCu\u00e1l es el plazo de entrega habitual de los pedidos personalizados?<\/strong><br \/>El plazo de entrega de los pedidos personalizados var\u00eda, pero suele ser de 4 a 6 semanas en funci\u00f3n de la complejidad.<\/p>\n<p><\/p>","protected":false},"featured_media":10788,"template":"","categories":[72],"class_list":["post-10964","product","type-product","status-publish","has-post-thumbnail","hentry","category-extruded-aluminum-heatsink"],"meta_box":{"hilight_text_group":[{"product_hilight_text":"<li>Enhances thermal management with efficient heat dissipation<\/li>\n<li>Available in a variety of colors to match specific design needs<\/li>\n<li>Made from durable, lightweight materials suitable for various applications<\/li>\n<li>Customizable sizes and shapes to fit different electronic components<\/li>\n<li>Corrosion-resistant finish ensures long-lasting performance<\/li>"}],"feature_list":[]},"_links":{"self":[{"href":"https:\/\/sinoextrud.com\/es\/wp-json\/wp\/v2\/product\/10964","targetHints":{"allow":["GET"]}}],"collection":[{"href":"https:\/\/sinoextrud.com\/es\/wp-json\/wp\/v2\/product"}],"about":[{"href":"https:\/\/sinoextrud.com\/es\/wp-json\/wp\/v2\/types\/product"}],"wp:featuredmedia":[{"embeddable":true,"href":"https:\/\/sinoextrud.com\/es\/wp-json\/wp\/v2\/media\/10788"}],"wp:attachment":[{"href":"https:\/\/sinoextrud.com\/es\/wp-json\/wp\/v2\/media?parent=10964"}],"wp:term":[{"taxonomy":"category","embeddable":true,"href":"https:\/\/sinoextrud.com\/es\/wp-json\/wp\/v2\/categories?post=10964"}],"curies":[{"name":"wp","href":"https:\/\/api.w.org\/{rel}","templated":true}]}}