{"id":10962,"date":"2025-08-01T03:18:10","date_gmt":"2025-08-01T03:18:10","guid":{"rendered":"https:\/\/sinoextrud.com\/product\/cold-transfer-heat-sink-for-industrial-cooling\/"},"modified":"2025-08-01T03:18:10","modified_gmt":"2025-08-01T03:18:10","slug":"disipador-de-calor-por-transferencia-en-frio-para-refrigeracion-industrial","status":"publish","type":"product","link":"https:\/\/sinoextrud.com\/es\/product\/cold-transfer-heat-sink-for-industrial-cooling\/","title":{"rendered":"Disipador de calor por transferencia en fr\u00edo para refrigeraci\u00f3n industrial"},"content":{"rendered":"<h2>Productos<\/h2>\n<div class=\"product-table\">\n<div class=\"row\">\n<div class=\"cell label\">informe de ensayo de maquinaria<\/div>\n<div class=\"cell value\">Proporcionado<\/div>\n<\/div>\n<div class=\"row\">\n<div class=\"cell label\">v\u00eddeo salida-inspecci\u00f3n<\/div>\n<div class=\"cell value\">Proporcionado<\/div>\n<\/div>\n<div class=\"row\">\n<div class=\"cell label\">garant\u00eda<\/div>\n<div class=\"cell value\">1 a\u00f1o<\/div>\n<\/div>\n<div class=\"row\">\n<div class=\"cell label\">aplicaci\u00f3n<\/div>\n<div class=\"cell value\">Piezas del calefactor<\/div>\n<\/div>\n<div class=\"row\">\n<div class=\"cell label\">tipo<\/div>\n<div class=\"cell value\">placa de fr\u00edo l\u00edquido<\/div>\n<\/div>\n<div class=\"row\">\n<div class=\"cell label\">peso (kg)<\/div>\n<div class=\"cell value\">5<\/div>\n<\/div>\n<div class=\"row\">\n<div class=\"cell label\">Nombre del producto<\/div>\n<div class=\"cell value\">placa de refrigeraci\u00f3n por agua de aluminio<\/div>\n<\/div>\n<div class=\"row\">\n<div class=\"cell label\">Material<\/div>\n<div class=\"cell value\">Aleaci\u00f3n de aluminio<\/div>\n<\/div>\n<div class=\"row\">\n<div class=\"cell label\">Dimensiones (largo*ancho*alto)<\/div>\n<div class=\"cell value\">Hasta 1,2*1 m L*A<\/div>\n<\/div>\n<div class=\"row\">\n<div class=\"cell label\">Rugosidad de la superficie<\/div>\n<div class=\"cell value\">3.2 um<\/div>\n<\/div>\n<div class=\"row\">\n<div class=\"cell label\">Planitud de la superficie<\/div>\n<div class=\"cell value\">0,1 mm<\/div>\n<\/div>\n<div class=\"row\">\n<div class=\"cell label\">Presi\u00f3n de trabajo<\/div>\n<div class=\"cell value\">Al menos 1 bar<\/div>\n<\/div>\n<div class=\"row\">\n<div class=\"cell label\">T\u00e9cnica principal<\/div>\n<div class=\"cell value\">Mecanizado CNC<\/div>\n<\/div>\n<div class=\"row\">\n<div class=\"cell label\">T\u00e9cnica de adhesi\u00f3n<\/div>\n<div class=\"cell value\">Soldadura al vac\u00edo<\/div>\n<\/div>\n<div class=\"row\">\n<div class=\"cell label\">Refrigerante<\/div>\n<div class=\"cell value\">Agua desionizada,Glicol inhibido y agua,Fluido diel\u00e9ctrico<\/div>\n<\/div>\n<div class=\"row\">\n<div class=\"cell label\">Acabado superficial<\/div>\n<div class=\"cell value\">Acabado fresado o anodizado<\/div>\n<\/div>\n<div class=\"row\">\n<div class=\"cell label\">Unidades de venta<\/div>\n<div class=\"cell value\">Art\u00edculo individual<\/div>\n<\/div>\n<div class=\"row\">\n<div class=\"cell label\">Tama\u00f1o de envase individual<\/div>\n<div class=\"cell value\">21X14X11 cm<\/div>\n<\/div>\n<div class=\"row\">\n<div class=\"cell label\">Peso bruto \u00fanico<\/div>\n<div class=\"cell value\">5.000 KG<\/div>\n<\/div>\n<\/div>\n<p><\/p>\n<h2>Nuestra base de fabricaci\u00f3n<\/h2>\n<h3>Panorama de la f\u00e1brica<\/h3>\n<p><img decoding=\"async\" src=\"\/wp-content\/uploads\/factory-01.webp\"\/><\/p>\n<h3>Taller de fabricaci\u00f3n de barras de aluminio<\/h3>\n<p><img decoding=\"async\" src=\"\/wp-content\/uploads\/factory-02.webp\"\/><\/p>\n<p><img decoding=\"async\" src=\"\/wp-content\/uploads\/factory-03.webp\"\/><\/p>\n<h3>Almac\u00e9n de moldes<\/h3>\n<p><img decoding=\"async\" src=\"\/wp-content\/uploads\/factory-04.webp\"\/><\/p>\n<h3>43 l\u00edneas de extrusi\u00f3n de aluminio (500-5500 toneladas)<\/h3>\n<p><img decoding=\"async\" src=\"\/wp-content\/uploads\/factory-05.webp\"\/><\/p>\n<p><img decoding=\"async\" src=\"\/wp-content\/uploads\/factory-06.webp\"\/><\/p>\n<p><img decoding=\"async\" src=\"\/wp-content\/uploads\/factory-07.webp\"\/><\/p>\n<h3>Taller de pintura en polvo<\/h3>\n<p><img decoding=\"async\" src=\"\/wp-content\/uploads\/factory-09.webp\"\/><\/p>\n<h3>Taller de anodizado<\/h3>\n<p><img decoding=\"async\" src=\"\/wp-content\/uploads\/factory-10.webp\"\/><\/p>\n<h3>Taller de procesamiento profundo<\/h3>\n<p><img decoding=\"async\" src=\"\/wp-content\/uploads\/factory-11.webp\"\/><\/p>\n<h3>Taller de mecanizado de precisi\u00f3n CNC<\/h3>\n<p><img decoding=\"async\" src=\"\/wp-content\/uploads\/factory-11.5.webp\"\/><\/p>\n<h3>Almac\u00e9n de productos acabados y de exportaci\u00f3n<\/h3>\n<p><img decoding=\"async\" src=\"\/wp-content\/uploads\/factory-12.webp\"\/><\/p>\n<p><img decoding=\"async\" src=\"\/wp-content\/uploads\/factory-13.webp\"\/><\/p>\n<p><img decoding=\"async\" src=\"\/wp-content\/uploads\/factory-14.webp\"\/><\/p>\n<h2>PREGUNTAS FRECUENTES<\/h2>\n<p><strong>1. \u00bfPara qu\u00e9 sirve un disipador de calor por transferencia en fr\u00edo?<\/strong><br \/>Se utiliza para disipar eficazmente el calor de los componentes electr\u00f3nicos y evitar el sobrecalentamiento.<\/p>\n<p><strong>2. \u00bfSe puede personalizar el disipador de calor de transferencia en fr\u00edo?<\/strong><br \/>S\u00ed, puede personalizarse en tama\u00f1o, forma y material para adaptarse a requisitos t\u00e9rmicos espec\u00edficos.<\/p>\n<p><strong>3. \u00bfEs adecuado el disipador de calor de transferencia en fr\u00edo para la electr\u00f3nica de alto rendimiento?<\/strong><br \/>S\u00ed, est\u00e1 dise\u00f1ado para soportar altas cargas t\u00e9rmicas en dispositivos electr\u00f3nicos.<\/p>\n<p><strong>4. \u00bfOfrecen la posibilidad de comprar al por mayor el disipador de calor por transferencia en fr\u00edo?<\/strong><br \/>S\u00ed, los pedidos al por mayor est\u00e1n disponibles con precios competitivos y opciones de personalizaci\u00f3n.<\/p>\n<p><strong>5. \u00bfQu\u00e9 materiales se utilizan en el disipador de calor de transferencia en fr\u00edo?<\/strong><br \/>Suele estar fabricado en aluminio o cobre para ofrecer una excelente conductividad t\u00e9rmica.<\/p>\n<p><strong>6. \u00bfC\u00f3mo mejora el disipador de calor por transferencia en fr\u00edo la longevidad del aparato?<\/strong><br \/>Al disipar eficazmente el calor, ayuda a evitar da\u00f1os en los componentes y prolonga la vida \u00fatil del dispositivo.<\/p>\n<p><strong>7. \u00bfExisten opciones ecol\u00f3gicas para el disipador de calor por transferencia en fr\u00edo?<\/strong><br \/>S\u00ed, ofrecemos materiales y procesos de fabricaci\u00f3n respetuosos con el medio ambiente.<\/p>\n<p><\/p>","protected":false},"featured_media":10765,"template":"","categories":[72],"class_list":["post-10962","product","type-product","status-publish","has-post-thumbnail","hentry","category-extruded-aluminum-heatsink"],"meta_box":{"hilight_text_group":[{"product_hilight_text":"<li>Optimized for efficient heat dissipation in electronic devices<\/li>\n<li>Customizable design to fit diverse thermal management needs<\/li>\n<li>Constructed from high-quality materials for superior performance<\/li>\n<li>Available in various sizes to accommodate different systems<\/li>\n<li>Supports OEM and ODM services with flexible order quantities<\/li>"}],"feature_list":[]},"_links":{"self":[{"href":"https:\/\/sinoextrud.com\/es\/wp-json\/wp\/v2\/product\/10962","targetHints":{"allow":["GET"]}}],"collection":[{"href":"https:\/\/sinoextrud.com\/es\/wp-json\/wp\/v2\/product"}],"about":[{"href":"https:\/\/sinoextrud.com\/es\/wp-json\/wp\/v2\/types\/product"}],"wp:featuredmedia":[{"embeddable":true,"href":"https:\/\/sinoextrud.com\/es\/wp-json\/wp\/v2\/media\/10765"}],"wp:attachment":[{"href":"https:\/\/sinoextrud.com\/es\/wp-json\/wp\/v2\/media?parent=10962"}],"wp:term":[{"taxonomy":"category","embeddable":true,"href":"https:\/\/sinoextrud.com\/es\/wp-json\/wp\/v2\/categories?post=10962"}],"curies":[{"name":"wp","href":"https:\/\/api.w.org\/{rel}","templated":true}]}}