{"id":10961,"date":"2025-08-01T03:18:08","date_gmt":"2025-08-01T03:18:08","guid":{"rendered":"https:\/\/sinoextrud.com\/product\/surface-mound-heat-sink-for-equipment-cooling\/"},"modified":"2025-08-01T03:18:08","modified_gmt":"2025-08-01T03:18:08","slug":"disipador-de-calor-de-monticulo-superficial-para-refrigeracion-de-equipos","status":"publish","type":"product","link":"https:\/\/sinoextrud.com\/es\/product\/surface-mound-heat-sink-for-equipment-cooling\/","title":{"rendered":"Disipador de calor de mont\u00edculo superficial para refrigeraci\u00f3n de equipos"},"content":{"rendered":"<h2>Productos<\/h2>\n<div class=\"product-table\">\n<div class=\"row\">\n<div class=\"cell label\">Grado<\/div>\n<div class=\"cell value\">Serie 6063<\/div>\n<\/div>\n<div class=\"row\">\n<div class=\"cell label\">Tolerancia<\/div>\n<div class=\"cell value\">\u00c2\u00b110%<\/div>\n<\/div>\n<div class=\"row\">\n<div class=\"cell label\">Plazo de entrega<\/div>\n<div class=\"cell value\">31-45 d\u00edas<\/div>\n<\/div>\n<div class=\"row\">\n<div class=\"cell label\">Temple<\/div>\n<div class=\"cell value\">T5<\/div>\n<\/div>\n<div class=\"row\">\n<div class=\"cell label\">Aplicaci\u00f3n<\/div>\n<div class=\"cell value\">Disipador de calor<\/div>\n<\/div>\n<div class=\"row\">\n<div class=\"cell label\">Forma<\/div>\n<div class=\"cell value\">Cuadrado<\/div>\n<\/div>\n<div class=\"row\">\n<div class=\"cell label\">Aleaci\u00f3n o no<\/div>\n<div class=\"cell value\">Es aleaci\u00f3n<\/div>\n<\/div>\n<div class=\"row\">\n<div class=\"cell label\">Servicio de tramitaci\u00f3n<\/div>\n<div class=\"cell value\">Corte<\/div>\n<\/div>\n<div class=\"row\">\n<div class=\"cell label\">Unidades de venta<\/div>\n<div class=\"cell value\">Art\u00edculo individual<\/div>\n<\/div>\n<\/div>\n<p><\/p>\n<h2>Nuestra base de fabricaci\u00f3n<\/h2>\n<h3>Panorama de la f\u00e1brica<\/h3>\n<p><img decoding=\"async\" src=\"\/wp-content\/uploads\/factory-01.webp\"\/><\/p>\n<h3>Taller de fabricaci\u00f3n de barras de aluminio<\/h3>\n<p><img decoding=\"async\" src=\"\/wp-content\/uploads\/factory-02.webp\"\/><\/p>\n<p><img decoding=\"async\" src=\"\/wp-content\/uploads\/factory-03.webp\"\/><\/p>\n<h3>Almac\u00e9n de moldes<\/h3>\n<p><img decoding=\"async\" src=\"\/wp-content\/uploads\/factory-04.webp\"\/><\/p>\n<h3>43 l\u00edneas de extrusi\u00f3n de aluminio (500-5500 toneladas)<\/h3>\n<p><img decoding=\"async\" src=\"\/wp-content\/uploads\/factory-05.webp\"\/><\/p>\n<p><img decoding=\"async\" src=\"\/wp-content\/uploads\/factory-06.webp\"\/><\/p>\n<p><img decoding=\"async\" src=\"\/wp-content\/uploads\/factory-07.webp\"\/><\/p>\n<h3>Taller de pintura en polvo<\/h3>\n<p><img decoding=\"async\" src=\"\/wp-content\/uploads\/factory-09.webp\"\/><\/p>\n<h3>Taller de anodizado<\/h3>\n<p><img decoding=\"async\" src=\"\/wp-content\/uploads\/factory-10.webp\"\/><\/p>\n<h3>Taller de procesamiento profundo<\/h3>\n<p><img decoding=\"async\" src=\"\/wp-content\/uploads\/factory-11.webp\"\/><\/p>\n<h3>Taller de mecanizado de precisi\u00f3n CNC<\/h3>\n<p><img decoding=\"async\" src=\"\/wp-content\/uploads\/factory-11.5.webp\"\/><\/p>\n<h3>Almac\u00e9n de productos acabados y de exportaci\u00f3n<\/h3>\n<p><img decoding=\"async\" src=\"\/wp-content\/uploads\/factory-12.webp\"\/><\/p>\n<p><img decoding=\"async\" src=\"\/wp-content\/uploads\/factory-13.webp\"\/><\/p>\n<p><img decoding=\"async\" src=\"\/wp-content\/uploads\/factory-14.webp\"\/><\/p>\n<h2>PREGUNTAS FRECUENTES<\/h2>\n<p><strong>1. \u00bfQu\u00e9 materiales se utilizan en el disipador de calor de mont\u00edculo superficial?<\/strong><br \/>El disipador de calor de mont\u00edculo superficial suele estar fabricado con aluminio de alta calidad para una disipaci\u00f3n eficaz del calor.<\/p>\n<p><strong>2. \u00bfPuede personalizarse el disipador de calor de mont\u00edculo superficial?<\/strong><br \/>S\u00ed, ofrecemos personalizaci\u00f3n del dise\u00f1o para satisfacer requisitos de aplicaci\u00f3n espec\u00edficos.<\/p>\n<p><strong>3. \u00bfQu\u00e9 aplicaciones son adecuadas para el disipador de calor de mont\u00edculo superficial?<\/strong><br \/>Es ideal para una gran variedad de dispositivos electr\u00f3nicos que necesitan una gesti\u00f3n t\u00e9rmica eficaz.<\/p>\n<p><strong>4. \u00bfC\u00f3mo mejora el disipador de calor de mont\u00edculo superficial el rendimiento del dispositivo?<\/strong><br \/>Maximiza la disipaci\u00f3n del calor, mejorando as\u00ed la fiabilidad y longevidad del dispositivo.<\/p>\n<p><strong>5. \u00bfEst\u00e1 disponible el disipador de calor de mont\u00edculo superficial en diferentes tama\u00f1os?<\/strong><br \/>S\u00ed, est\u00e1 disponible en varios tama\u00f1os para adaptarse a las distintas aplicaciones de los clientes.<\/p>\n<p><strong>6. \u00bfRequiere el disipador de calor de mont\u00edculo de superficie herramientas adicionales para su instalaci\u00f3n?<\/strong><br \/>La instalaci\u00f3n es sencilla y no suele requerir herramientas adicionales.<\/p>\n<p><strong>7. \u00bfPuede el disipador de calor de mont\u00edculo superficial soportar aplicaciones de alta potencia?<\/strong><br \/>S\u00ed, est\u00e1 dise\u00f1ado para manejar aplicaciones de alta potencia con una gesti\u00f3n t\u00e9rmica eficaz.<\/p>\n<p><\/p>","protected":false},"featured_media":10821,"template":"","categories":[72],"class_list":["post-10961","product","type-product","status-publish","has-post-thumbnail","hentry","category-extruded-aluminum-heatsink"],"meta_box":{"hilight_text_group":[{"product_hilight_text":"<li>High thermal performance for efficient heat dissipation<\/li>\n<li>Compatible with a wide range of electronic devices<\/li>\n<li>Customizable designs to fit specific application needs<\/li>\n<li>Lightweight and durable aluminum construction<\/li>\n<li>Cost-effective heat management solution for B2B clients<\/li>"}],"feature_list":[]},"_links":{"self":[{"href":"https:\/\/sinoextrud.com\/es\/wp-json\/wp\/v2\/product\/10961","targetHints":{"allow":["GET"]}}],"collection":[{"href":"https:\/\/sinoextrud.com\/es\/wp-json\/wp\/v2\/product"}],"about":[{"href":"https:\/\/sinoextrud.com\/es\/wp-json\/wp\/v2\/types\/product"}],"wp:featuredmedia":[{"embeddable":true,"href":"https:\/\/sinoextrud.com\/es\/wp-json\/wp\/v2\/media\/10821"}],"wp:attachment":[{"href":"https:\/\/sinoextrud.com\/es\/wp-json\/wp\/v2\/media?parent=10961"}],"wp:term":[{"taxonomy":"category","embeddable":true,"href":"https:\/\/sinoextrud.com\/es\/wp-json\/wp\/v2\/categories?post=10961"}],"curies":[{"name":"wp","href":"https:\/\/api.w.org\/{rel}","templated":true}]}}