{"id":10959,"date":"2025-08-01T03:18:05","date_gmt":"2025-08-01T03:18:05","guid":{"rendered":"https:\/\/sinoextrud.com\/product\/liquid-cooled-plate-heat-sink-for-electronics\/"},"modified":"2025-08-01T03:18:05","modified_gmt":"2025-08-01T03:18:05","slug":"disipador-de-calor-de-placa-refrigerado-por-liquido-para-electronica","status":"publish","type":"product","link":"https:\/\/sinoextrud.com\/es\/product\/liquid-cooled-plate-heat-sink-for-electronics\/","title":{"rendered":"Disipador de calor de placa refrigerado por l\u00edquido para electr\u00f3nica"},"content":{"rendered":"<h2>Productos<\/h2>\n<div class=\"product-table\">\n<div class=\"row\">\n<div class=\"cell label\">Mecanizado CNC o no<\/div>\n<div class=\"cell value\">Mecanizado CNC<\/div>\n<\/div>\n<div class=\"row\">\n<div class=\"cell label\">Capacidades materiales<\/div>\n<div class=\"cell value\">Aluminio<\/div>\n<\/div>\n<div class=\"row\">\n<div class=\"cell label\">Tipo<\/div>\n<div class=\"cell value\">Otros servicios de mecanizado<\/div>\n<\/div>\n<div class=\"row\">\n<div class=\"cell label\">Micromecanizado o no<\/div>\n<div class=\"cell value\">Micromecanizado<\/div>\n<\/div>\n<div class=\"row\">\n<div class=\"cell label\">Unidades de venta<\/div>\n<div class=\"cell value\">Art\u00edculo individual<\/div>\n<\/div>\n<\/div>\n<p><\/p>\n<h2>Nuestra base de fabricaci\u00f3n<\/h2>\n<h3>Panorama de la f\u00e1brica<\/h3>\n<p><img decoding=\"async\" src=\"\/wp-content\/uploads\/factory-01.webp\"\/><\/p>\n<h3>Taller de fabricaci\u00f3n de barras de aluminio<\/h3>\n<p><img decoding=\"async\" src=\"\/wp-content\/uploads\/factory-02.webp\"\/><\/p>\n<p><img decoding=\"async\" src=\"\/wp-content\/uploads\/factory-03.webp\"\/><\/p>\n<h3>Almac\u00e9n de moldes<\/h3>\n<p><img decoding=\"async\" src=\"\/wp-content\/uploads\/factory-04.webp\"\/><\/p>\n<h3>43 l\u00edneas de extrusi\u00f3n de aluminio (500-5500 toneladas)<\/h3>\n<p><img decoding=\"async\" src=\"\/wp-content\/uploads\/factory-05.webp\"\/><\/p>\n<p><img decoding=\"async\" src=\"\/wp-content\/uploads\/factory-06.webp\"\/><\/p>\n<p><img decoding=\"async\" src=\"\/wp-content\/uploads\/factory-07.webp\"\/><\/p>\n<h3>Taller de pintura en polvo<\/h3>\n<p><img decoding=\"async\" src=\"\/wp-content\/uploads\/factory-09.webp\"\/><\/p>\n<h3>Taller de anodizado<\/h3>\n<p><img decoding=\"async\" src=\"\/wp-content\/uploads\/factory-10.webp\"\/><\/p>\n<h3>Taller de procesamiento profundo<\/h3>\n<p><img decoding=\"async\" src=\"\/wp-content\/uploads\/factory-11.webp\"\/><\/p>\n<h3>Taller de mecanizado de precisi\u00f3n CNC<\/h3>\n<p><img decoding=\"async\" src=\"\/wp-content\/uploads\/factory-11.5.webp\"\/><\/p>\n<h3>Almac\u00e9n de productos acabados y de exportaci\u00f3n<\/h3>\n<p><img decoding=\"async\" src=\"\/wp-content\/uploads\/factory-12.webp\"\/><\/p>\n<p><img decoding=\"async\" src=\"\/wp-content\/uploads\/factory-13.webp\"\/><\/p>\n<p><img decoding=\"async\" src=\"\/wp-content\/uploads\/factory-14.webp\"\/><\/p>\n<h2>PREGUNTAS FRECUENTES<\/h2>\n<p><strong>1. \u00bfQu\u00e9 es un disipador de calor de placas refrigerado por l\u00edquido?<\/strong><br \/>Un disipador de calor de placas refrigerado por l\u00edquido es un dispositivo utilizado para disipar el calor de los componentes electr\u00f3nicos mediante la circulaci\u00f3n de refrigerante a trav\u00e9s de una estructura de placas.<\/p>\n<p><strong>2. \u00bfC\u00f3mo funciona el disipador de calor de placas refrigerado por l\u00edquido?<\/strong><br \/>Funciona transfiriendo el calor de los componentes electr\u00f3nicos al refrigerante, que lo arrastra, reduciendo las temperaturas.<\/p>\n<p><strong>3. \u00bfSe puede personalizar el tama\u00f1o del disipador de calor?<\/strong><br \/>S\u00ed, nuestros disipadores de placas refrigerados por l\u00edquido pueden tener un tama\u00f1o personalizado para adaptarse a aplicaciones espec\u00edficas.<\/p>\n<p><strong>4. \u00bfEs adecuado el disipador de calor para aplicaciones industriales?<\/strong><br \/>Por supuesto, est\u00e1 dise\u00f1ado para satisfacer las necesidades de gesti\u00f3n t\u00e9rmica tanto industriales como comerciales.<\/p>\n<p><strong>5. \u00bfQu\u00e9 materiales se utilizan en el disipador de calor?<\/strong><br \/>Suelen fabricarse con metales de alta calidad, como aluminio o cobre, para una conducci\u00f3n \u00f3ptima del calor.<\/p>\n<p><strong>6. \u00bfEs compatible con aplicaciones de alta potencia?<\/strong><br \/>S\u00ed, este disipador de calor es ideal para sistemas electr\u00f3nicos de alta densidad de potencia.<\/p>\n<p><strong>7. \u00bfSe requiere alg\u00fan tipo de mantenimiento para el disipador de calor?<\/strong><br \/>Se recomienda inspeccionar y limpiar peri\u00f3dicamente los conductos de refrigerante para mantener su eficacia.<\/p>\n<p><\/p>","protected":false},"featured_media":10822,"template":"","categories":[72],"class_list":["post-10959","product","type-product","status-publish","has-post-thumbnail","hentry","category-extruded-aluminum-heatsink"],"meta_box":{"hilight_text_group":[{"product_hilight_text":"<li>Efficient thermal management solution for high-performance electronics<\/li>\n<li>Customizable design to meet specific cooling requirements<\/li>\n<li>High durability and resistance to thermal cycling<\/li>\n<li>Compatible with a wide range of electronic components and systems<\/li>\n<li>Supports high power density applications<\/li>"}],"feature_list":[]},"_links":{"self":[{"href":"https:\/\/sinoextrud.com\/es\/wp-json\/wp\/v2\/product\/10959","targetHints":{"allow":["GET"]}}],"collection":[{"href":"https:\/\/sinoextrud.com\/es\/wp-json\/wp\/v2\/product"}],"about":[{"href":"https:\/\/sinoextrud.com\/es\/wp-json\/wp\/v2\/types\/product"}],"wp:featuredmedia":[{"embeddable":true,"href":"https:\/\/sinoextrud.com\/es\/wp-json\/wp\/v2\/media\/10822"}],"wp:attachment":[{"href":"https:\/\/sinoextrud.com\/es\/wp-json\/wp\/v2\/media?parent=10959"}],"wp:term":[{"taxonomy":"category","embeddable":true,"href":"https:\/\/sinoextrud.com\/es\/wp-json\/wp\/v2\/categories?post=10959"}],"curies":[{"name":"wp","href":"https:\/\/api.w.org\/{rel}","templated":true}]}}