{"id":10958,"date":"2025-08-01T03:18:02","date_gmt":"2025-08-01T03:18:02","guid":{"rendered":"https:\/\/sinoextrud.com\/product\/round-aluminum-radiator-for-industrial-cooling\/"},"modified":"2025-08-01T03:18:02","modified_gmt":"2025-08-01T03:18:02","slug":"radiador-redondo-de-aluminio-para-refrigeracion-industrial","status":"publish","type":"product","link":"https:\/\/sinoextrud.com\/es\/product\/round-aluminum-radiator-for-industrial-cooling\/","title":{"rendered":"Radiador redondo de aluminio para refrigeraci\u00f3n industrial"},"content":{"rendered":"<h2>Productos<\/h2>\n<div class=\"product-table\">\n<div class=\"row\">\n<div class=\"cell label\">Tratamiento de superficies<\/div>\n<div class=\"cell value\">Anodizado<\/div>\n<\/div>\n<div class=\"row\">\n<div class=\"cell label\">Forma<\/div>\n<div class=\"cell value\">Personalizado<\/div>\n<\/div>\n<div class=\"row\">\n<div class=\"cell label\">Material del cuerpo<\/div>\n<div class=\"cell value\">Aluminio<\/div>\n<\/div>\n<div class=\"row\">\n<div class=\"cell label\">Tipo<\/div>\n<div class=\"cell value\">Disipadores de calor<\/div>\n<\/div>\n<div class=\"row\">\n<div class=\"cell label\">Servicio de soluciones de iluminaci\u00f3n<\/div>\n<div class=\"cell value\">Dise\u00f1o de iluminaci\u00f3n y circuitos, dise\u00f1o DIALux evo, dise\u00f1o LitePro DLX, dise\u00f1o Agi32, dise\u00f1o CAD autom\u00e1tico, medici\u00f3n in situ, instalaci\u00f3n de proyectos<\/div>\n<\/div>\n<div class=\"row\">\n<div class=\"cell label\">Garant\u00eda(A\u00f1o)<\/div>\n<div class=\"cell value\">3<\/div>\n<\/div>\n<div class=\"row\">\n<div class=\"cell label\">Proceso<\/div>\n<div class=\"cell value\">Corte, taladrado, punzonado, etc.<\/div>\n<\/div>\n<div class=\"row\">\n<div class=\"cell label\">Clasificaci\u00f3n IP<\/div>\n<div class=\"cell value\">ip55<\/div>\n<\/div>\n<div class=\"row\">\n<div class=\"cell label\">Color de la carrocer\u00eda<\/div>\n<div class=\"cell value\">Personalizado<\/div>\n<\/div>\n<div class=\"row\">\n<div class=\"cell label\">Tipo<\/div>\n<div class=\"cell value\">Disipador de calor de aluminio<\/div>\n<\/div>\n<div class=\"row\">\n<div class=\"cell label\">Color<\/div>\n<div class=\"cell value\">Plata o personalizado<\/div>\n<\/div>\n<div class=\"row\">\n<div class=\"cell label\">Espesor<\/div>\n<div class=\"cell value\">0.5mm- A medida<\/div>\n<\/div>\n<div class=\"row\">\n<div class=\"cell label\">Tratamiento de superficies<\/div>\n<div class=\"cell value\">Fresado,Anodizado,Recubrimiento en polvo,Electroforesis,o personalizado<\/div>\n<\/div>\n<div class=\"row\">\n<div class=\"cell label\">Tipos de productos<\/div>\n<div class=\"cell value\">Radiador<\/div>\n<\/div>\n<div class=\"row\">\n<div class=\"cell label\">Certificaci\u00f3n<\/div>\n<div class=\"cell value\">ISO9001-2015, COC<\/div>\n<\/div>\n<div class=\"row\">\n<div class=\"cell label\">Fabricaci\u00f3n<\/div>\n<div class=\"cell value\">Corte, fresado, taladrado, punzonado, etc.<\/div>\n<\/div>\n<div class=\"row\">\n<div class=\"cell label\">Plazo de pago<\/div>\n<div class=\"cell value\">T\/T, L\/C,etc<\/div>\n<\/div>\n<div class=\"row\">\n<div class=\"cell label\">Mercado principal<\/div>\n<div class=\"cell value\">Europa,Am\u00e9rica,Sudeste Asi\u00e1tico,MIDE<\/div>\n<\/div>\n<div class=\"row\">\n<div class=\"cell label\">Detalles del embalaje<\/div>\n<div class=\"cell value\">Papel kraft\/Bolsa de pl\u00e1stico\/Algod\u00f3n blanco perlado\/Pel\u00edcula PE\/Pel\u00edcula retr\u00e1ctil\/Caja de cart\u00f3n<\/div>\n<\/div>\n<div class=\"row\">\n<div class=\"cell label\">Unidades de venta<\/div>\n<div class=\"cell value\">Art\u00edculo individual<\/div>\n<\/div>\n<div class=\"row\">\n<div class=\"cell label\">Tama\u00f1o de envase individual<\/div>\n<div class=\"cell value\">10X10X10 cm<\/div>\n<\/div>\n<div class=\"row\">\n<div class=\"cell label\">Peso bruto \u00fanico<\/div>\n<div class=\"cell value\">1.000 KG<\/div>\n<\/div>\n<\/div>\n<p><\/p>\n<h2>Nuestra base de fabricaci\u00f3n<\/h2>\n<h3>Panorama de la f\u00e1brica<\/h3>\n<p><img decoding=\"async\" src=\"\/wp-content\/uploads\/factory-01.webp\"\/><\/p>\n<h3>Taller de fabricaci\u00f3n de barras de aluminio<\/h3>\n<p><img decoding=\"async\" src=\"\/wp-content\/uploads\/factory-02.webp\"\/><\/p>\n<p><img decoding=\"async\" src=\"\/wp-content\/uploads\/factory-03.webp\"\/><\/p>\n<h3>Almac\u00e9n de moldes<\/h3>\n<p><img decoding=\"async\" src=\"\/wp-content\/uploads\/factory-04.webp\"\/><\/p>\n<h3>43 l\u00edneas de extrusi\u00f3n de aluminio (500-5500 toneladas)<\/h3>\n<p><img decoding=\"async\" src=\"\/wp-content\/uploads\/factory-05.webp\"\/><\/p>\n<p><img decoding=\"async\" src=\"\/wp-content\/uploads\/factory-06.webp\"\/><\/p>\n<p><img decoding=\"async\" src=\"\/wp-content\/uploads\/factory-07.webp\"\/><\/p>\n<h3>Taller de pintura en polvo<\/h3>\n<p><img decoding=\"async\" src=\"\/wp-content\/uploads\/factory-09.webp\"\/><\/p>\n<h3>Taller de anodizado<\/h3>\n<p><img decoding=\"async\" src=\"\/wp-content\/uploads\/factory-10.webp\"\/><\/p>\n<h3>Taller de procesamiento profundo<\/h3>\n<p><img decoding=\"async\" src=\"\/wp-content\/uploads\/factory-11.webp\"\/><\/p>\n<h3>Taller de mecanizado de precisi\u00f3n CNC<\/h3>\n<p><img decoding=\"async\" src=\"\/wp-content\/uploads\/factory-11.5.webp\"\/><\/p>\n<h3>Almac\u00e9n de productos acabados y de exportaci\u00f3n<\/h3>\n<p><img decoding=\"async\" src=\"\/wp-content\/uploads\/factory-12.webp\"\/><\/p>\n<p><img decoding=\"async\" src=\"\/wp-content\/uploads\/factory-13.webp\"\/><\/p>\n<p><img decoding=\"async\" src=\"\/wp-content\/uploads\/factory-14.webp\"\/><\/p>\n<h2>PREGUNTAS FRECUENTES<\/h2>\n<p><strong>1. \u00bfCu\u00e1l es la principal ventaja de utilizar un radiador de aluminio redondo?<\/strong><br \/>La forma redonda permite una disipaci\u00f3n eficaz del calor y una distribuci\u00f3n uniforme del flujo de aire.<\/p>\n<p><strong>2. \u00bfSe puede personalizar el radiador de aluminio para adaptarlo a nuestra aplicaci\u00f3n?<\/strong><br \/>S\u00ed, ofrecemos la posibilidad de personalizar el tama\u00f1o y las opciones de montaje para adaptarnos a necesidades espec\u00edficas.<\/p>\n<p><strong>3. \u00bfC\u00f3mo contribuye el aluminio al rendimiento del radiador?<\/strong><br \/>El aluminio tiene una excelente conductividad t\u00e9rmica y resistencia a la corrosi\u00f3n, lo que mejora la transferencia de calor y la longevidad.<\/p>\n<p><strong>4. \u00bfEste radiador es apto para uso automovil\u00edstico o industrial?<\/strong><br \/>S\u00ed, es vers\u00e1til y se utiliza tanto en automoci\u00f3n como en sistemas industriales de gesti\u00f3n del calor.<\/p>\n<p><strong>5. \u00bfCu\u00e1les son las ventajas de un radiador de aluminio frente a uno de cobre?<\/strong><br \/>Los radiadores de aluminio son m\u00e1s ligeros y, a menudo, m\u00e1s econ\u00f3micos, sin dejar de ofrecer un excelente rendimiento t\u00e9rmico.<\/p>\n<p><strong>6. \u00bfOfrecen asistencia en el dise\u00f1o de proyectos espec\u00edficos?<\/strong><br \/>S\u00ed, ofrecemos asistencia en el dise\u00f1o para garantizar la compatibilidad con sus sistemas actuales.<\/p>\n<p><strong>7. \u00bfCu\u00e1l es la vida \u00fatil esperada de un radiador redondo de aluminio?<\/strong><br \/>Con un mantenimiento adecuado, estos radiadores est\u00e1n dise\u00f1ados para tener un rendimiento duradero.<\/p>\n<p><\/p>","protected":false},"featured_media":0,"template":"","categories":[55],"class_list":["post-10958","product","type-product","status-publish","hentry","category-extruded-aluminum-profiles"],"meta_box":{"hilight_text_group":[{"product_hilight_text":"<li>High thermal conductivity for efficient heat dissipation<\/li>\n<li>Lightweight and corrosion-resistant for enhanced durability<\/li>\n<li>Available in various sizes tailored to specific industry needs<\/li>\n<li>Customizable design options to fit unique application requirements<\/li>\n<li>Eco-friendly material with recyclable properties<\/li>"}],"feature_list":[]},"_links":{"self":[{"href":"https:\/\/sinoextrud.com\/es\/wp-json\/wp\/v2\/product\/10958","targetHints":{"allow":["GET"]}}],"collection":[{"href":"https:\/\/sinoextrud.com\/es\/wp-json\/wp\/v2\/product"}],"about":[{"href":"https:\/\/sinoextrud.com\/es\/wp-json\/wp\/v2\/types\/product"}],"wp:attachment":[{"href":"https:\/\/sinoextrud.com\/es\/wp-json\/wp\/v2\/media?parent=10958"}],"wp:term":[{"taxonomy":"category","embeddable":true,"href":"https:\/\/sinoextrud.com\/es\/wp-json\/wp\/v2\/categories?post=10958"}],"curies":[{"name":"wp","href":"https:\/\/api.w.org\/{rel}","templated":true}]}}