{"id":10951,"date":"2025-08-01T03:17:19","date_gmt":"2025-08-01T03:17:19","guid":{"rendered":"https:\/\/sinoextrud.com\/product\/anodize-aluminum-black-heat-sink-for-electronics\/"},"modified":"2025-08-01T03:17:19","modified_gmt":"2025-08-01T03:17:19","slug":"disipador-de-calor-de-aluminio-anodizado-negro-para-electronica","status":"publish","type":"product","link":"https:\/\/sinoextrud.com\/es\/product\/anodize-aluminum-black-heat-sink-for-electronics\/","title":{"rendered":"Disipador de calor de aluminio anodizado negro para electr\u00f3nica"},"content":{"rendered":"<h2>Productos<\/h2>\n<div class=\"product-table\">\n<div class=\"row\">\n<div class=\"cell label\">Grado<\/div>\n<div class=\"cell value\">Serie 6000<\/div>\n<\/div>\n<div class=\"row\">\n<div class=\"cell label\">Tolerancia<\/div>\n<div class=\"cell value\">\u00c2\u00b11%<\/div>\n<\/div>\n<div class=\"row\">\n<div class=\"cell label\">Plazo de entrega<\/div>\n<div class=\"cell value\">31-45 d\u00edas<\/div>\n<\/div>\n<div class=\"row\">\n<div class=\"cell label\">Temple<\/div>\n<div class=\"cell value\">T3-T8<\/div>\n<\/div>\n<div class=\"row\">\n<div class=\"cell label\">Aplicaci\u00f3n<\/div>\n<div class=\"cell value\">led\/electr\u00f3nica\/cpu\/industria<\/div>\n<\/div>\n<div class=\"row\">\n<div class=\"cell label\">Forma<\/div>\n<div class=\"cell value\">personalizado<\/div>\n<\/div>\n<div class=\"row\">\n<div class=\"cell label\">Aleaci\u00f3n o no<\/div>\n<div class=\"cell value\">Es aleaci\u00f3n<\/div>\n<\/div>\n<div class=\"row\">\n<div class=\"cell label\">Servicio de tramitaci\u00f3n<\/div>\n<div class=\"cell value\">Plegado, desenrollado, soldadura, punzonado, corte<\/div>\n<\/div>\n<div class=\"row\">\n<div class=\"cell label\">Nombre del producto<\/div>\n<div class=\"cell value\">Disipador de aluminio a medida<\/div>\n<\/div>\n<div class=\"row\">\n<div class=\"cell label\">Material<\/div>\n<div class=\"cell value\">Aleaci\u00f3n de aluminio 6063 6061 6005<\/div>\n<\/div>\n<div class=\"row\">\n<div class=\"cell label\">Color<\/div>\n<div class=\"cell value\">Plata, negro, negro dorado, etc.<\/div>\n<\/div>\n<div class=\"row\">\n<div class=\"cell label\">Tratamiento de superficies<\/div>\n<div class=\"cell value\">Acabado de fresado, anodizado, recubrimiento en polvo<\/div>\n<\/div>\n<div class=\"row\">\n<div class=\"cell label\">Caracter\u00edstica<\/div>\n<div class=\"cell value\">Alta resistencia a la corrosi\u00f3n<\/div>\n<\/div>\n<div class=\"row\">\n<div class=\"cell label\">Aplicaci\u00f3n<\/div>\n<div class=\"cell value\">Refrigeradores\/generadores termoel\u00e9ctricos, sistemas de refrigeraci\u00f3n IGBT\/UPS, etc.<\/div>\n<\/div>\n<div class=\"row\">\n<div class=\"cell label\">Utilizaci\u00f3n<\/div>\n<div class=\"cell value\">Led\/electr\u00f3nica\/cpu\/industria<\/div>\n<\/div>\n<div class=\"row\">\n<div class=\"cell label\">Muestra<\/div>\n<div class=\"cell value\">Muestra gratuita<\/div>\n<\/div>\n<div class=\"row\">\n<div class=\"cell label\">Longitud<\/div>\n<div class=\"cell value\">Longitud personalizada<\/div>\n<\/div>\n<div class=\"row\">\n<div class=\"cell label\">Servicio<\/div>\n<div class=\"cell value\">OEM ODM<\/div>\n<\/div>\n<div class=\"row\">\n<div class=\"cell label\">Unidades de venta<\/div>\n<div class=\"cell value\">Art\u00edculo individual<\/div>\n<\/div>\n<div class=\"row\">\n<div class=\"cell label\">Tama\u00f1o de envase individual<\/div>\n<div class=\"cell value\">15X10X10 cm<\/div>\n<\/div>\n<div class=\"row\">\n<div class=\"cell label\">Peso bruto \u00fanico<\/div>\n<div class=\"cell value\">2.000 KG<\/div>\n<\/div>\n<\/div>\n<p><\/p>\n<h2>Nuestra base de fabricaci\u00f3n<\/h2>\n<h3>Panorama de la f\u00e1brica<\/h3>\n<p><img decoding=\"async\" src=\"\/wp-content\/uploads\/factory-01.webp\"\/><\/p>\n<h3>Taller de fabricaci\u00f3n de barras de aluminio<\/h3>\n<p><img decoding=\"async\" src=\"\/wp-content\/uploads\/factory-02.webp\"\/><\/p>\n<p><img decoding=\"async\" src=\"\/wp-content\/uploads\/factory-03.webp\"\/><\/p>\n<h3>Almac\u00e9n de moldes<\/h3>\n<p><img decoding=\"async\" src=\"\/wp-content\/uploads\/factory-04.webp\"\/><\/p>\n<h3>43 l\u00edneas de extrusi\u00f3n de aluminio (500-5500 toneladas)<\/h3>\n<p><img decoding=\"async\" src=\"\/wp-content\/uploads\/factory-05.webp\"\/><\/p>\n<p><img decoding=\"async\" src=\"\/wp-content\/uploads\/factory-06.webp\"\/><\/p>\n<p><img decoding=\"async\" src=\"\/wp-content\/uploads\/factory-07.webp\"\/><\/p>\n<h3>Taller de pintura en polvo<\/h3>\n<p><img decoding=\"async\" src=\"\/wp-content\/uploads\/factory-09.webp\"\/><\/p>\n<h3>Taller de anodizado<\/h3>\n<p><img decoding=\"async\" src=\"\/wp-content\/uploads\/factory-10.webp\"\/><\/p>\n<h3>Taller de procesamiento profundo<\/h3>\n<p><img decoding=\"async\" src=\"\/wp-content\/uploads\/factory-11.webp\"\/><\/p>\n<h3>Taller de mecanizado de precisi\u00f3n CNC<\/h3>\n<p><img decoding=\"async\" src=\"\/wp-content\/uploads\/factory-11.5.webp\"\/><\/p>\n<h3>Almac\u00e9n de productos acabados y de exportaci\u00f3n<\/h3>\n<p><img decoding=\"async\" src=\"\/wp-content\/uploads\/factory-12.webp\"\/><\/p>\n<p><img decoding=\"async\" src=\"\/wp-content\/uploads\/factory-13.webp\"\/><\/p>\n<p><img decoding=\"async\" src=\"\/wp-content\/uploads\/factory-14.webp\"\/><\/p>\n<h2>PREGUNTAS FRECUENTES<\/h2>\n<p><strong>1. \u00bfCu\u00e1l es la funci\u00f3n principal de un disipador de calor de aluminio anodizado negro?<\/strong><br \/>Su funci\u00f3n principal es disipar eficazmente el calor de los componentes electr\u00f3nicos.<\/p>\n<p><strong>2. \u00bfPuede personalizarse el disipador de calor para aplicaciones espec\u00edficas?<\/strong><br \/>S\u00ed, se puede personalizar el tama\u00f1o, la forma y las opciones de montaje para adaptarlo a sus necesidades.<\/p>\n<p><strong>3. \u00bfEs importante el acabado anodizado del disipador de calor?<\/strong><br \/>S\u00ed, proporciona resistencia a la corrosi\u00f3n y aumenta la longevidad del disipador de calor.<\/p>\n<p><strong>4. \u00bfQu\u00e9 industrias utilizan habitualmente disipadores anodizados negros?<\/strong><br \/>Se utilizan habitualmente en electr\u00f3nica, automoci\u00f3n y aplicaciones industriales para la gesti\u00f3n t\u00e9rmica.<\/p>\n<p><strong>5. \u00bfAfecta el color al rendimiento del disipador de calor?<\/strong><br \/>El anodizado negro puede mejorar la emisividad, ayudando as\u00ed a la disipaci\u00f3n del calor.<\/p>\n<p><strong>6. \u00bfC\u00f3mo puedo evaluar si este disipador de calor es adecuado para mi aplicaci\u00f3n?<\/strong><br \/>Consulte nuestras fichas t\u00e9cnicas y especificaciones t\u00e9rmicas para garantizar la compatibilidad con sus dispositivos.<\/p>\n<p><strong>7. \u00bfEst\u00e1n estos disipadores disponibles para pedidos al por mayor?<\/strong><br \/>S\u00ed, existen opciones de compra al por mayor con caracter\u00edsticas personalizables para adaptarse a las demandas B2B.<\/p>\n<p><\/p>","protected":false},"featured_media":10780,"template":"","categories":[72],"class_list":["post-10951","product","type-product","status-publish","has-post-thumbnail","hentry","category-extruded-aluminum-heatsink"],"meta_box":{"hilight_text_group":[{"product_hilight_text":"<li>Efficient heat dissipation for enhanced performance<\/li>\n<li>Corrosion-resistant anodized finish for durability<\/li>\n<li>Customizable sizes and shapes to meet specific requirements<\/li>\n<li>Lightweight design suitable for various electronic applications<\/li>\n<li>Compatible with a wide range of electronic components<\/li>"}],"feature_list":[]},"_links":{"self":[{"href":"https:\/\/sinoextrud.com\/es\/wp-json\/wp\/v2\/product\/10951","targetHints":{"allow":["GET"]}}],"collection":[{"href":"https:\/\/sinoextrud.com\/es\/wp-json\/wp\/v2\/product"}],"about":[{"href":"https:\/\/sinoextrud.com\/es\/wp-json\/wp\/v2\/types\/product"}],"wp:featuredmedia":[{"embeddable":true,"href":"https:\/\/sinoextrud.com\/es\/wp-json\/wp\/v2\/media\/10780"}],"wp:attachment":[{"href":"https:\/\/sinoextrud.com\/es\/wp-json\/wp\/v2\/media?parent=10951"}],"wp:term":[{"taxonomy":"category","embeddable":true,"href":"https:\/\/sinoextrud.com\/es\/wp-json\/wp\/v2\/categories?post=10951"}],"curies":[{"name":"wp","href":"https:\/\/api.w.org\/{rel}","templated":true}]}}