{"id":10949,"date":"2025-08-01T03:17:13","date_gmt":"2025-08-01T03:17:13","guid":{"rendered":"https:\/\/sinoextrud.com\/product\/aluminum-vapor-chamber-heat-sink-for-electronics\/"},"modified":"2025-08-01T03:17:13","modified_gmt":"2025-08-01T03:17:13","slug":"camara-de-vapor-de-aluminio-disipador-de-calor-para-electronica","status":"publish","type":"product","link":"https:\/\/sinoextrud.com\/es\/product\/aluminum-vapor-chamber-heat-sink-for-electronics\/","title":{"rendered":"Disipador de calor con c\u00e1mara de vapor de aluminio para electr\u00f3nica"},"content":{"rendered":"<h2>Productos<\/h2>\n<div class=\"product-table\">\n<div class=\"row\">\n<div class=\"cell label\">Mecanizado CNC o no<\/div>\n<div class=\"cell value\">Mecanizado CNC<\/div>\n<\/div>\n<div class=\"row\">\n<div class=\"cell label\">Capacidades materiales<\/div>\n<div class=\"cell value\">Aluminio, lat\u00f3n, bronce, cobre, metales endurecidos, metales preciosos, acero inoxidable, aleaciones de acero, titanio CNC<\/div>\n<\/div>\n<div class=\"row\">\n<div class=\"cell label\">Tipo<\/div>\n<div class=\"cell value\">Brochado, Taladrado, Grabado \/ Mecanizado qu\u00edmico, Mecanizado l\u00e1ser, Fresado, Otros servicios de mecanizado, Torneado, Electroerosi\u00f3n por hilo, Prototipado r\u00e1pido<\/div>\n<\/div>\n<div class=\"row\">\n<div class=\"cell label\">Micromecanizado o no<\/div>\n<div class=\"cell value\">Micromecanizado<\/div>\n<\/div>\n<div class=\"row\">\n<div class=\"cell label\">Nombre del producto<\/div>\n<div class=\"cell value\">Mecanizado de disipadores t\u00e9rmicos<\/div>\n<\/div>\n<div class=\"row\">\n<div class=\"cell label\">Tolerancia<\/div>\n<div class=\"cell value\">0,002 mm<\/div>\n<\/div>\n<div class=\"row\">\n<div class=\"cell label\">OEM\/ODM<\/div>\n<div class=\"cell value\">Aceptable<\/div>\n<\/div>\n<div class=\"row\">\n<div class=\"cell label\">Proceso<\/div>\n<div class=\"cell value\">Mecanizado cnc+desbarbado<\/div>\n<\/div>\n<div class=\"row\">\n<div class=\"cell label\">Formato de dibujo<\/div>\n<div class=\"cell value\">DWG, STP<\/div>\n<\/div>\n<div class=\"row\">\n<div class=\"cell label\">Logotipo<\/div>\n<div class=\"cell value\">Logotipo del cliente<\/div>\n<\/div>\n<div class=\"row\">\n<div class=\"cell label\">Tratamiento de superficies<\/div>\n<div class=\"cell value\">Seg\u00fan solicitud<\/div>\n<\/div>\n<div class=\"row\">\n<div class=\"cell label\">Embalaje<\/div>\n<div class=\"cell value\">Bolsa de polietileno + caja interior + cart\u00f3n<\/div>\n<\/div>\n<div class=\"row\">\n<div class=\"cell label\">Certificaci\u00f3n<\/div>\n<div class=\"cell value\">ISO9001:2018\/ROSH<\/div>\n<\/div>\n<div class=\"row\">\n<div class=\"cell label\">MOQ<\/div>\n<div class=\"cell value\">1PCS<\/div>\n<\/div>\n<div class=\"row\">\n<div class=\"cell label\">Unidades de venta<\/div>\n<div class=\"cell value\">Art\u00edculo individual<\/div>\n<\/div>\n<div class=\"row\">\n<div class=\"cell label\">Tama\u00f1o de envase individual<\/div>\n<div class=\"cell value\">35X25X25 cm<\/div>\n<\/div>\n<div class=\"row\">\n<div class=\"cell label\">Peso bruto \u00fanico<\/div>\n<div class=\"cell value\">1.000 KG<\/div>\n<\/div>\n<\/div>\n<p><\/p>\n<h2>Nuestra base de fabricaci\u00f3n<\/h2>\n<h3>Panorama de la f\u00e1brica<\/h3>\n<p><img decoding=\"async\" src=\"\/wp-content\/uploads\/factory-01.webp\"\/><\/p>\n<h3>Taller de fabricaci\u00f3n de barras de aluminio<\/h3>\n<p><img decoding=\"async\" src=\"\/wp-content\/uploads\/factory-02.webp\"\/><\/p>\n<p><img decoding=\"async\" src=\"\/wp-content\/uploads\/factory-03.webp\"\/><\/p>\n<h3>Almac\u00e9n de moldes<\/h3>\n<p><img decoding=\"async\" src=\"\/wp-content\/uploads\/factory-04.webp\"\/><\/p>\n<h3>43 l\u00edneas de extrusi\u00f3n de aluminio (500-5500 toneladas)<\/h3>\n<p><img decoding=\"async\" src=\"\/wp-content\/uploads\/factory-05.webp\"\/><\/p>\n<p><img decoding=\"async\" src=\"\/wp-content\/uploads\/factory-06.webp\"\/><\/p>\n<p><img decoding=\"async\" src=\"\/wp-content\/uploads\/factory-07.webp\"\/><\/p>\n<h3>Taller de pintura en polvo<\/h3>\n<p><img decoding=\"async\" src=\"\/wp-content\/uploads\/factory-09.webp\"\/><\/p>\n<h3>Taller de anodizado<\/h3>\n<p><img decoding=\"async\" src=\"\/wp-content\/uploads\/factory-10.webp\"\/><\/p>\n<h3>Taller de procesamiento profundo<\/h3>\n<p><img decoding=\"async\" src=\"\/wp-content\/uploads\/factory-11.webp\"\/><\/p>\n<h3>Taller de mecanizado de precisi\u00f3n CNC<\/h3>\n<p><img decoding=\"async\" src=\"\/wp-content\/uploads\/factory-11.5.webp\"\/><\/p>\n<h3>Almac\u00e9n de productos acabados y de exportaci\u00f3n<\/h3>\n<p><img decoding=\"async\" src=\"\/wp-content\/uploads\/factory-12.webp\"\/><\/p>\n<p><img decoding=\"async\" src=\"\/wp-content\/uploads\/factory-13.webp\"\/><\/p>\n<p><img decoding=\"async\" src=\"\/wp-content\/uploads\/factory-14.webp\"\/><\/p>\n<h2>PREGUNTAS FRECUENTES<\/h2>\n<p><strong>1. \u00bfQu\u00e9 materiales se utilizan en el disipador de calor con c\u00e1mara de vapor de aluminio?<\/strong><br \/>El disipador de calor es de aluminio de alta calidad para una disipaci\u00f3n \u00f3ptima del calor.<\/p>\n<p><strong>2. \u00bfPuede personalizarse el disipador de calor con c\u00e1mara de vapor de aluminio para aplicaciones espec\u00edficas?<\/strong><br \/>S\u00ed, puede adaptarse en tama\u00f1o y forma para satisfacer las necesidades espec\u00edficas del dispositivo.<\/p>\n<p><strong>3. \u00bfC\u00f3mo mejora la refrigeraci\u00f3n la tecnolog\u00eda de c\u00e1mara de vapor?<\/strong><br \/>La c\u00e1mara de vapor distribuye eficazmente el calor, ofreciendo una gesti\u00f3n t\u00e9rmica superior a la de las soluciones tradicionales.<\/p>\n<p><strong>4. \u00bfEs adecuado este disipador de calor para la electr\u00f3nica de alto rendimiento?<\/strong><br \/>S\u00ed, est\u00e1 dise\u00f1ado para satisfacer los requisitos de refrigeraci\u00f3n de los componentes electr\u00f3nicos de alto rendimiento.<\/p>\n<p><strong>5. \u00bfQu\u00e9 industrias pueden beneficiarse del uso del disipador de calor con c\u00e1mara de vapor de aluminio?<\/strong><br \/>Este producto es ideal para los sectores de telecomunicaciones, inform\u00e1tica y electr\u00f3nica de consumo.<\/p>\n<p><strong>6. \u00bfExisten consideraciones medioambientales con este producto?<\/strong><br \/>S\u00ed, la construcci\u00f3n de aluminio es reciclable y respetuosa con el medio ambiente.<\/p>\n<p><strong>7. \u00bfOfrecen asistencia t\u00e9cnica para la integraci\u00f3n en dispositivos?<\/strong><br \/>S\u00ed, proporcionamos asistencia t\u00e9cnica completa para integrar el disipador de calor en sus productos.<\/p>\n<p><\/p>","protected":false},"featured_media":10776,"template":"","categories":[72],"class_list":["post-10949","product","type-product","status-publish","has-post-thumbnail","hentry","category-extruded-aluminum-heatsink"],"meta_box":{"hilight_text_group":[{"product_hilight_text":"<li>Ensures efficient heat dissipation in electronic devices<\/li>\n<li>Lightweight aluminum construction for reduced load<\/li>\n<li>Customizable dimensions to fit various device configurations<\/li>\n<li>High thermal conductivity for enhanced cooling performance<\/li>\n<li>Supports integration in both consumer and industrial electronics<\/li>"}],"feature_list":[]},"_links":{"self":[{"href":"https:\/\/sinoextrud.com\/es\/wp-json\/wp\/v2\/product\/10949","targetHints":{"allow":["GET"]}}],"collection":[{"href":"https:\/\/sinoextrud.com\/es\/wp-json\/wp\/v2\/product"}],"about":[{"href":"https:\/\/sinoextrud.com\/es\/wp-json\/wp\/v2\/types\/product"}],"wp:featuredmedia":[{"embeddable":true,"href":"https:\/\/sinoextrud.com\/es\/wp-json\/wp\/v2\/media\/10776"}],"wp:attachment":[{"href":"https:\/\/sinoextrud.com\/es\/wp-json\/wp\/v2\/media?parent=10949"}],"wp:term":[{"taxonomy":"category","embeddable":true,"href":"https:\/\/sinoextrud.com\/es\/wp-json\/wp\/v2\/categories?post=10949"}],"curies":[{"name":"wp","href":"https:\/\/api.w.org\/{rel}","templated":true}]}}