{"id":10941,"date":"2025-08-01T03:16:55","date_gmt":"2025-08-01T03:16:55","guid":{"rendered":"https:\/\/sinoextrud.com\/product\/aluminum-vapor-chamber-for-heat-dissipation\/"},"modified":"2025-08-01T03:16:55","modified_gmt":"2025-08-01T03:16:55","slug":"camara-de-vapor-de-aluminio-para-disipar-el-calor","status":"publish","type":"product","link":"https:\/\/sinoextrud.com\/es\/product\/aluminum-vapor-chamber-for-heat-dissipation\/","title":{"rendered":"C\u00e1mara de vapor de aluminio para disipar el calor"},"content":{"rendered":"<h2>Productos<\/h2>\n<div class=\"product-table\">\n<div class=\"row\">\n<div class=\"cell label\">Mecanizado CNC o no<\/div>\n<div class=\"cell value\">Mecanizado CNC<\/div>\n<\/div>\n<div class=\"row\">\n<div class=\"cell label\">Capacidades materiales<\/div>\n<div class=\"cell value\">Aluminio, lat\u00f3n, bronce, cobre, metales endurecidos, metales preciosos, acero inoxidable, aleaciones de acero, piezas de titanio<\/div>\n<\/div>\n<div class=\"row\">\n<div class=\"cell label\">Tipo<\/div>\n<div class=\"cell value\">Brochado, Taladrado, Grabado \/ Mecanizado qu\u00edmico, Mecanizado l\u00e1ser, Fresado, Otros servicios de mecanizado, Torneado, Electroerosi\u00f3n por hilo, Prototipado r\u00e1pido<\/div>\n<\/div>\n<div class=\"row\">\n<div class=\"cell label\">Micromecanizado o no<\/div>\n<div class=\"cell value\">Micromecanizado<\/div>\n<\/div>\n<div class=\"row\">\n<div class=\"cell label\">Nombre del producto<\/div>\n<div class=\"cell value\">Servicio de mecanizado de disipadores t\u00e9rmicos<\/div>\n<\/div>\n<div class=\"row\">\n<div class=\"cell label\">Tolerancia CNC<\/div>\n<div class=\"cell value\">0,02 mm<\/div>\n<\/div>\n<div class=\"row\">\n<div class=\"cell label\">OEM\/ODM<\/div>\n<div class=\"cell value\">Aceptable<\/div>\n<\/div>\n<div class=\"row\">\n<div class=\"cell label\">Proceso<\/div>\n<div class=\"cell value\">Mecanizado cnc+desbarbado<\/div>\n<\/div>\n<div class=\"row\">\n<div class=\"cell label\">Formato de dibujo<\/div>\n<div class=\"cell value\">DWG, STP<\/div>\n<\/div>\n<div class=\"row\">\n<div class=\"cell label\">Logotipo<\/div>\n<div class=\"cell value\">Logotipo del cliente<\/div>\n<\/div>\n<div class=\"row\">\n<div class=\"cell label\">Tratamiento de superficies<\/div>\n<div class=\"cell value\">Seg\u00fan solicitud<\/div>\n<\/div>\n<div class=\"row\">\n<div class=\"cell label\">Embalaje<\/div>\n<div class=\"cell value\">Bolsa de polietileno + caja interior + cart\u00f3n<\/div>\n<\/div>\n<div class=\"row\">\n<div class=\"cell label\">Certificaci\u00f3n<\/div>\n<div class=\"cell value\">ISO9001:2018\/ROSH<\/div>\n<\/div>\n<div class=\"row\">\n<div class=\"cell label\">MOQ<\/div>\n<div class=\"cell value\">1PCS<\/div>\n<\/div>\n<div class=\"row\">\n<div class=\"cell label\">Unidades de venta<\/div>\n<div class=\"cell value\">Art\u00edculo individual<\/div>\n<\/div>\n<div class=\"row\">\n<div class=\"cell label\">Tama\u00f1o de envase individual<\/div>\n<div class=\"cell value\">28X30X25 cm<\/div>\n<\/div>\n<div class=\"row\">\n<div class=\"cell label\">Peso bruto \u00fanico<\/div>\n<div class=\"cell value\">1.000 KG<\/div>\n<\/div>\n<\/div>\n<p><\/p>\n<h2>Nuestra base de fabricaci\u00f3n<\/h2>\n<h3>Panorama de la f\u00e1brica<\/h3>\n<p><img decoding=\"async\" src=\"\/wp-content\/uploads\/factory-01.webp\"\/><\/p>\n<h3>Taller de fabricaci\u00f3n de barras de aluminio<\/h3>\n<p><img decoding=\"async\" src=\"\/wp-content\/uploads\/factory-02.webp\"\/><\/p>\n<p><img decoding=\"async\" src=\"\/wp-content\/uploads\/factory-03.webp\"\/><\/p>\n<h3>Almac\u00e9n de moldes<\/h3>\n<p><img decoding=\"async\" src=\"\/wp-content\/uploads\/factory-04.webp\"\/><\/p>\n<h3>43 l\u00edneas de extrusi\u00f3n de aluminio (500-5500 toneladas)<\/h3>\n<p><img decoding=\"async\" src=\"\/wp-content\/uploads\/factory-05.webp\"\/><\/p>\n<p><img decoding=\"async\" src=\"\/wp-content\/uploads\/factory-06.webp\"\/><\/p>\n<p><img decoding=\"async\" src=\"\/wp-content\/uploads\/factory-07.webp\"\/><\/p>\n<h3>Taller de pintura en polvo<\/h3>\n<p><img decoding=\"async\" src=\"\/wp-content\/uploads\/factory-09.webp\"\/><\/p>\n<h3>Taller de anodizado<\/h3>\n<p><img decoding=\"async\" src=\"\/wp-content\/uploads\/factory-10.webp\"\/><\/p>\n<h3>Taller de procesamiento profundo<\/h3>\n<p><img decoding=\"async\" src=\"\/wp-content\/uploads\/factory-11.webp\"\/><\/p>\n<h3>Taller de mecanizado de precisi\u00f3n CNC<\/h3>\n<p><img decoding=\"async\" src=\"\/wp-content\/uploads\/factory-11.5.webp\"\/><\/p>\n<h3>Almac\u00e9n de productos acabados y de exportaci\u00f3n<\/h3>\n<p><img decoding=\"async\" src=\"\/wp-content\/uploads\/factory-12.webp\"\/><\/p>\n<p><img decoding=\"async\" src=\"\/wp-content\/uploads\/factory-13.webp\"\/><\/p>\n<p><img decoding=\"async\" src=\"\/wp-content\/uploads\/factory-14.webp\"\/><\/p>\n<h2>PREGUNTAS FRECUENTES<\/h2>\n<p><strong>1. \u00bfCu\u00e1les son las principales ventajas de una c\u00e1mara de vapor de aluminio?<\/strong><br \/>Las c\u00e1maras de vapor de aluminio proporcionan una disipaci\u00f3n t\u00e9rmica \u00f3ptima y una integraci\u00f3n ligera para diversos dispositivos.<\/p>\n<p><strong>2. \u00bfPuede adaptarse la c\u00e1mara de vapor de aluminio a dimensiones espec\u00edficas?<\/strong><br \/>S\u00ed, ofrecemos opciones de personalizaci\u00f3n para satisfacer requisitos espec\u00edficos de tama\u00f1o y dise\u00f1o.<\/p>\n<p><strong>3. \u00bfEs compatible la C\u00e1mara de Vapor de Aluminio con dispositivos electr\u00f3nicos?<\/strong><br \/>Por supuesto, est\u00e1n dise\u00f1ados para mejorar la gesti\u00f3n t\u00e9rmica en una amplia gama de dispositivos electr\u00f3nicos.<\/p>\n<p><strong>4. \u00bfQu\u00e9 industrias pueden beneficiarse del uso de c\u00e1maras de vapor de aluminio?<\/strong><br \/>Industrias como la electr\u00f3nica, la automoci\u00f3n y la aeroespacial pueden beneficiarse enormemente de nuestras innovadoras soluciones de disipaci\u00f3n t\u00e9rmica.<\/p>\n<p><strong>5. \u00bfAdmite la c\u00e1mara de vapor de aluminio aplicaciones de alta temperatura?<\/strong><br \/>S\u00ed, est\u00e1 dise\u00f1ado para ofrecer un rendimiento fiable en un amplio rango de temperaturas.<\/p>\n<p><strong>6. \u00bfC\u00f3mo contribuye la c\u00e1mara de vapor de aluminio a la longevidad del aparato?<\/strong><br \/>Disipa eficazmente el calor, evitando el sobrecalentamiento y alargando la vida \u00fatil de los dispositivos.<\/p>\n<p><strong>7. \u00bfProporcionan asistencia t\u00e9cnica para integrar las c\u00e1maras de vapor en los sistemas?<\/strong><br \/>S\u00ed, ofrecemos asistencia t\u00e9cnica especializada para ayudarle a integrar sus productos sin problemas.<\/p>\n<p><\/p>","protected":false},"featured_media":10839,"template":"","categories":[55],"class_list":["post-10941","product","type-product","status-publish","has-post-thumbnail","hentry","category-extruded-aluminum-profiles"],"meta_box":{"hilight_text_group":[{"product_hilight_text":"<li>Highly efficient heat dissipation for critical applications<\/li>\n<li>Lightweight aluminum construction ensures easy integration<\/li>\n<li>Customizable designs to suit specific B2B requirements<\/li>\n<li>Enhances thermal management in electronic devices<\/li>\n<li>Reliable performance across a wide temperature range<\/li>"}],"feature_list":[]},"_links":{"self":[{"href":"https:\/\/sinoextrud.com\/es\/wp-json\/wp\/v2\/product\/10941","targetHints":{"allow":["GET"]}}],"collection":[{"href":"https:\/\/sinoextrud.com\/es\/wp-json\/wp\/v2\/product"}],"about":[{"href":"https:\/\/sinoextrud.com\/es\/wp-json\/wp\/v2\/types\/product"}],"wp:featuredmedia":[{"embeddable":true,"href":"https:\/\/sinoextrud.com\/es\/wp-json\/wp\/v2\/media\/10839"}],"wp:attachment":[{"href":"https:\/\/sinoextrud.com\/es\/wp-json\/wp\/v2\/media?parent=10941"}],"wp:term":[{"taxonomy":"category","embeddable":true,"href":"https:\/\/sinoextrud.com\/es\/wp-json\/wp\/v2\/categories?post=10941"}],"curies":[{"name":"wp","href":"https:\/\/api.w.org\/{rel}","templated":true}]}}