{"id":10938,"date":"2025-08-01T03:14:50","date_gmt":"2025-08-01T03:14:50","guid":{"rendered":"https:\/\/sinoextrud.com\/product\/sliver-cnc-milling-heatsink-for-electronics\/"},"modified":"2025-08-01T03:14:50","modified_gmt":"2025-08-01T03:14:50","slug":"disipador-termico-fresado-cnc-para-electronica","status":"publish","type":"product","link":"https:\/\/sinoextrud.com\/es\/product\/sliver-cnc-milling-heatsink-for-electronics\/","title":{"rendered":"Disipador t\u00e9rmico fresado CNC para electr\u00f3nica"},"content":{"rendered":"<h2>Productos<\/h2>\n<div class=\"product-table\">\n<div class=\"row\">\n<div class=\"cell label\">Mecanizado CNC o no<\/div>\n<div class=\"cell value\">Mecanizado CNC<\/div>\n<\/div>\n<div class=\"row\">\n<div class=\"cell label\">Capacidades materiales<\/div>\n<div class=\"cell value\">Aluminio, lat\u00f3n, bronce, cobre, metales endurecidos, metales preciosos, acero inoxidable, aleaciones de acero<\/div>\n<\/div>\n<div class=\"row\">\n<div class=\"cell label\">Tipo<\/div>\n<div class=\"cell value\">Brochado, TALADRADO, Mecanizado l\u00e1ser, Fresado, Otros servicios de mecanizado, Torneado, Electroerosi\u00f3n por hilo, Prototipado r\u00e1pido<\/div>\n<\/div>\n<div class=\"row\">\n<div class=\"cell label\">Micromecanizado o no<\/div>\n<div class=\"cell value\">Micromecanizado<\/div>\n<\/div>\n<div class=\"row\">\n<div class=\"cell label\">Material<\/div>\n<div class=\"cell value\">Aleaci\u00f3n de aluminio<\/div>\n<\/div>\n<div class=\"row\">\n<div class=\"cell label\">Tratamiento de superficies<\/div>\n<div class=\"cell value\">Oxidaci\u00f3n<\/div>\n<\/div>\n<div class=\"row\">\n<div class=\"cell label\">M\u00e9todo de tratamiento<\/div>\n<div class=\"cell value\">100% Mecanizado CNC\/Torno de torneado<\/div>\n<\/div>\n<div class=\"row\">\n<div class=\"cell label\">Color<\/div>\n<div class=\"cell value\">Color personalizado<\/div>\n<\/div>\n<div class=\"row\">\n<div class=\"cell label\">Palabra clave<\/div>\n<div class=\"cell value\">peque\u00f1a cantidad de mecanizado CNC para chapa de aluminio 6061 6063<\/div>\n<\/div>\n<div class=\"row\">\n<div class=\"cell label\">Personalizado<\/div>\n<div class=\"cell value\">seg\u00fan plano o muestras<\/div>\n<\/div>\n<div class=\"row\">\n<div class=\"cell label\">Tolerancia<\/div>\n<div class=\"cell value\">0,01-0,05 mm<\/div>\n<\/div>\n<div class=\"row\">\n<div class=\"cell label\">MOQ<\/div>\n<div class=\"cell value\">100 unidades<\/div>\n<\/div>\n<div class=\"row\">\n<div class=\"cell label\">Equipamiento<\/div>\n<div class=\"cell value\">Centro de mecanizado CNC de 3\/4\/5 ejes<\/div>\n<\/div>\n<div class=\"row\">\n<div class=\"cell label\">Whatsapp\/wechat<\/div>\n<div class=\"cell value\">008615850169295<\/div>\n<\/div>\n<div class=\"row\">\n<div class=\"cell label\">Unidades de venta<\/div>\n<div class=\"cell value\">Art\u00edculo individual<\/div>\n<\/div>\n<div class=\"row\">\n<div class=\"cell label\">Tama\u00f1o de envase individual<\/div>\n<div class=\"cell value\">20X20X5 cm<\/div>\n<\/div>\n<div class=\"row\">\n<div class=\"cell label\">Peso bruto \u00fanico<\/div>\n<div class=\"cell value\">1.000 KG<\/div>\n<\/div>\n<\/div>\n<p><\/p>\n<h2>Nuestra base de fabricaci\u00f3n<\/h2>\n<h3>Panorama de la f\u00e1brica<\/h3>\n<p><img decoding=\"async\" src=\"\/wp-content\/uploads\/factory-01.webp\"\/><\/p>\n<h3>Taller de fabricaci\u00f3n de barras de aluminio<\/h3>\n<p><img decoding=\"async\" src=\"\/wp-content\/uploads\/factory-02.webp\"\/><\/p>\n<p><img decoding=\"async\" src=\"\/wp-content\/uploads\/factory-03.webp\"\/><\/p>\n<h3>Almac\u00e9n de moldes<\/h3>\n<p><img decoding=\"async\" src=\"\/wp-content\/uploads\/factory-04.webp\"\/><\/p>\n<h3>43 l\u00edneas de extrusi\u00f3n de aluminio (500-5500 toneladas)<\/h3>\n<p><img decoding=\"async\" src=\"\/wp-content\/uploads\/factory-05.webp\"\/><\/p>\n<p><img decoding=\"async\" src=\"\/wp-content\/uploads\/factory-06.webp\"\/><\/p>\n<p><img decoding=\"async\" src=\"\/wp-content\/uploads\/factory-07.webp\"\/><\/p>\n<h3>Taller de pintura en polvo<\/h3>\n<p><img decoding=\"async\" src=\"\/wp-content\/uploads\/factory-09.webp\"\/><\/p>\n<h3>Taller de anodizado<\/h3>\n<p><img decoding=\"async\" src=\"\/wp-content\/uploads\/factory-10.webp\"\/><\/p>\n<h3>Taller de procesamiento profundo<\/h3>\n<p><img decoding=\"async\" src=\"\/wp-content\/uploads\/factory-11.webp\"\/><\/p>\n<h3>Taller de mecanizado de precisi\u00f3n CNC<\/h3>\n<p><img decoding=\"async\" src=\"\/wp-content\/uploads\/factory-11.5.webp\"\/><\/p>\n<h3>Almac\u00e9n de productos acabados y de exportaci\u00f3n<\/h3>\n<p><img decoding=\"async\" src=\"\/wp-content\/uploads\/factory-12.webp\"\/><\/p>\n<p><img decoding=\"async\" src=\"\/wp-content\/uploads\/factory-13.webp\"\/><\/p>\n<p><img decoding=\"async\" src=\"\/wp-content\/uploads\/factory-14.webp\"\/><\/p>\n<h2>PREGUNTAS FRECUENTES<\/h2>\n<p><strong>1. \u00bfSe pueden personalizar las dimensiones del disipador t\u00e9rmico?<\/strong><br \/>S\u00ed, ofrecemos la personalizaci\u00f3n de las dimensiones del disipador t\u00e9rmico para que se ajuste a sus especificaciones exactas.<\/p>\n<p><strong>2. \u00bfQu\u00e9 materiales se utilizan en el disipador t\u00e9rmico?<\/strong><br \/>Nuestros disipadores est\u00e1n fabricados en aluminio de alta calidad para ofrecer una conductividad t\u00e9rmica \u00f3ptima.<\/p>\n<p><strong>3. \u00bfEs compatible el disipador con todos los dispositivos electr\u00f3nicos?<\/strong><br \/>El disipador puede personalizarse para garantizar la compatibilidad con sus dispositivos espec\u00edficos.<\/p>\n<p><strong>4. \u00bfProporcionan asistencia t\u00e9cnica para la instalaci\u00f3n?<\/strong><br \/>S\u00ed, ofrecemos asistencia t\u00e9cnica para guiarle en el proceso de instalaci\u00f3n.<\/p>\n<p><strong>5. \u00bfExiste una cantidad m\u00ednima de pedido para los disipadores personalizados?<\/strong><br \/>La cantidad m\u00ednima de piezas var\u00eda seg\u00fan los requisitos del dise\u00f1o, pero normalmente empezamos a partir de 200 unidades.<\/p>\n<p><strong>6. \u00bfC\u00f3mo beneficia el fresado CNC a la producci\u00f3n de disipadores t\u00e9rmicos?<\/strong><br \/>El fresado CNC proporciona la precisi\u00f3n y consistencia esenciales para una gesti\u00f3n t\u00e9rmica eficaz.<\/p>\n<p><strong>7. 7. \u00bfOfrecen env\u00edo internacional para este producto?<\/strong><br \/>S\u00ed, realizamos env\u00edos a todo el mundo y podemos gestionar toda la documentaci\u00f3n necesaria para la exportaci\u00f3n.<\/p>\n<p><\/p>","protected":false},"featured_media":10841,"template":"","categories":[72],"class_list":["post-10938","product","type-product","status-publish","has-post-thumbnail","hentry","category-extruded-aluminum-heatsink"],"meta_box":{"hilight_text_group":[{"product_hilight_text":"<li>Precision-engineered with advanced CNC milling technology<\/li>\n<li>Efficient thermal management for electronic devices<\/li>\n<li>Customizable designs tailored to specific industrial needs<\/li>\n<li>High-quality aluminum construction for enhanced heat dissipation<\/li>\n<li>Compliant with industry standards for performance and safety<\/li>"}],"feature_list":[]},"_links":{"self":[{"href":"https:\/\/sinoextrud.com\/es\/wp-json\/wp\/v2\/product\/10938","targetHints":{"allow":["GET"]}}],"collection":[{"href":"https:\/\/sinoextrud.com\/es\/wp-json\/wp\/v2\/product"}],"about":[{"href":"https:\/\/sinoextrud.com\/es\/wp-json\/wp\/v2\/types\/product"}],"wp:featuredmedia":[{"embeddable":true,"href":"https:\/\/sinoextrud.com\/es\/wp-json\/wp\/v2\/media\/10841"}],"wp:attachment":[{"href":"https:\/\/sinoextrud.com\/es\/wp-json\/wp\/v2\/media?parent=10938"}],"wp:term":[{"taxonomy":"category","embeddable":true,"href":"https:\/\/sinoextrud.com\/es\/wp-json\/wp\/v2\/categories?post=10938"}],"curies":[{"name":"wp","href":"https:\/\/api.w.org\/{rel}","templated":true}]}}