{"id":10937,"date":"2025-08-01T03:13:56","date_gmt":"2025-08-01T03:13:56","guid":{"rendered":"https:\/\/sinoextrud.com\/product\/aluminum-led-heat-sink-for-lighting-fixtures\/"},"modified":"2025-08-01T03:13:56","modified_gmt":"2025-08-01T03:13:56","slug":"disipador-de-calor-led-de-aluminio-para-luminarias","status":"publish","type":"product","link":"https:\/\/sinoextrud.com\/es\/product\/aluminum-led-heat-sink-for-lighting-fixtures\/","title":{"rendered":"Disipador de calor LED de aluminio para luminarias"},"content":{"rendered":"<h2>Productos<\/h2>\n<div class=\"product-table\">\n<div class=\"row\">\n<div class=\"cell label\">Grado<\/div>\n<div class=\"cell value\">Serie 6000<\/div>\n<\/div>\n<div class=\"row\">\n<div class=\"cell label\">Tolerancia<\/div>\n<div class=\"cell value\">\u00c2\u00b11%<\/div>\n<\/div>\n<div class=\"row\">\n<div class=\"cell label\">Plazo de entrega<\/div>\n<div class=\"cell value\">22-30 d\u00edas<\/div>\n<\/div>\n<div class=\"row\">\n<div class=\"cell label\">Temple<\/div>\n<div class=\"cell value\">T3-T8<\/div>\n<\/div>\n<div class=\"row\">\n<div class=\"cell label\">Aplicaci\u00f3n<\/div>\n<div class=\"cell value\">Disipador de aluminio para luz led<\/div>\n<\/div>\n<div class=\"row\">\n<div class=\"cell label\">Forma<\/div>\n<div class=\"cell value\">Redondo<\/div>\n<\/div>\n<div class=\"row\">\n<div class=\"cell label\">Aleaci\u00f3n o no<\/div>\n<div class=\"cell value\">Es aleaci\u00f3n<\/div>\n<\/div>\n<div class=\"row\">\n<div class=\"cell label\">Servicio de tramitaci\u00f3n<\/div>\n<div class=\"cell value\">Plegado, desenrollado, soldadura, punzonado, corte<\/div>\n<\/div>\n<div class=\"row\">\n<div class=\"cell label\">Nombre del producto<\/div>\n<div class=\"cell value\">Disipador t\u00e9rmico de extrusi\u00f3n de aluminio<\/div>\n<\/div>\n<div class=\"row\">\n<div class=\"cell label\">Tratamiento de superficies<\/div>\n<div class=\"cell value\">Anodizado negro<\/div>\n<\/div>\n<div class=\"row\">\n<div class=\"cell label\">MOQ<\/div>\n<div class=\"cell value\">100 unidades<\/div>\n<\/div>\n<div class=\"row\">\n<div class=\"cell label\">Certificaci\u00f3n<\/div>\n<div class=\"cell value\">ISO9001:2008<\/div>\n<\/div>\n<div class=\"row\">\n<div class=\"cell label\">Color<\/div>\n<div class=\"cell value\">Negro<\/div>\n<\/div>\n<div class=\"row\">\n<div class=\"cell label\">Proceso<\/div>\n<div class=\"cell value\">CNC, extrusi\u00f3n, etc.<\/div>\n<\/div>\n<div class=\"row\">\n<div class=\"cell label\">Embalaje<\/div>\n<div class=\"cell value\">Bolsa interior de pp Estuche exterior de madera<\/div>\n<\/div>\n<div class=\"row\">\n<div class=\"cell label\">Caracter\u00edstica<\/div>\n<div class=\"cell value\">Peso ligero y alta eficiencia radiante<\/div>\n<\/div>\n<div class=\"row\">\n<div class=\"cell label\">Servicio OEM<\/div>\n<div class=\"cell value\">S\u00ed<\/div>\n<\/div>\n<div class=\"row\">\n<div class=\"cell label\">Talla<\/div>\n<div class=\"cell value\">A medida<\/div>\n<\/div>\n<div class=\"row\">\n<div class=\"cell label\">Unidades de venta<\/div>\n<div class=\"cell value\">Art\u00edculo individual<\/div>\n<\/div>\n<div class=\"row\">\n<div class=\"cell label\">Tama\u00f1o de envase individual<\/div>\n<div class=\"cell value\">5X5X5 cm<\/div>\n<\/div>\n<div class=\"row\">\n<div class=\"cell label\">Peso bruto \u00fanico<\/div>\n<div class=\"cell value\">0,500 KG<\/div>\n<\/div>\n<\/div>\n<p><\/p>\n<h2>Nuestra base de fabricaci\u00f3n<\/h2>\n<h3>Panorama de la f\u00e1brica<\/h3>\n<p><img decoding=\"async\" src=\"\/wp-content\/uploads\/factory-01.webp\"\/><\/p>\n<h3>Taller de fabricaci\u00f3n de barras de aluminio<\/h3>\n<p><img decoding=\"async\" src=\"\/wp-content\/uploads\/factory-02.webp\"\/><\/p>\n<p><img decoding=\"async\" src=\"\/wp-content\/uploads\/factory-03.webp\"\/><\/p>\n<h3>Almac\u00e9n de moldes<\/h3>\n<p><img decoding=\"async\" src=\"\/wp-content\/uploads\/factory-04.webp\"\/><\/p>\n<h3>43 l\u00edneas de extrusi\u00f3n de aluminio (500-5500 toneladas)<\/h3>\n<p><img decoding=\"async\" src=\"\/wp-content\/uploads\/factory-05.webp\"\/><\/p>\n<p><img decoding=\"async\" src=\"\/wp-content\/uploads\/factory-06.webp\"\/><\/p>\n<p><img decoding=\"async\" src=\"\/wp-content\/uploads\/factory-07.webp\"\/><\/p>\n<h3>Taller de pintura en polvo<\/h3>\n<p><img decoding=\"async\" src=\"\/wp-content\/uploads\/factory-09.webp\"\/><\/p>\n<h3>Taller de anodizado<\/h3>\n<p><img decoding=\"async\" src=\"\/wp-content\/uploads\/factory-10.webp\"\/><\/p>\n<h3>Taller de procesamiento profundo<\/h3>\n<p><img decoding=\"async\" src=\"\/wp-content\/uploads\/factory-11.webp\"\/><\/p>\n<h3>Taller de mecanizado de precisi\u00f3n CNC<\/h3>\n<p><img decoding=\"async\" src=\"\/wp-content\/uploads\/factory-11.5.webp\"\/><\/p>\n<h3>Almac\u00e9n de productos acabados y de exportaci\u00f3n<\/h3>\n<p><img decoding=\"async\" src=\"\/wp-content\/uploads\/factory-12.webp\"\/><\/p>\n<p><img decoding=\"async\" src=\"\/wp-content\/uploads\/factory-13.webp\"\/><\/p>\n<p><img decoding=\"async\" src=\"\/wp-content\/uploads\/factory-14.webp\"\/><\/p>\n<h2>PREGUNTAS FRECUENTES<\/h2>\n<p><strong>1. \u00bfDe qu\u00e9 materiales est\u00e1 hecho el disipador de calor LED de aluminio?<\/strong><br \/>El disipador de calor est\u00e1 fabricado en aluminio de alta calidad, ligero y resistente a la corrosi\u00f3n.<\/p>\n<p><strong>2. \u00bfC\u00f3mo mejora el disipador de calor LED de aluminio el rendimiento de los LED?<\/strong><br \/>Disipa eficazmente el calor, mejorando la longevidad y el rendimiento de los sistemas LED.<\/p>\n<p><strong>3. \u00bfSe puede personalizar el disipador de calor LED de aluminio?<\/strong><br \/>S\u00ed, puede personalizarse en tama\u00f1o, forma y acabado para satisfacer los requisitos espec\u00edficos de cada proyecto.<\/p>\n<p><strong>4. \u00bfEs el disipador de calor LED de aluminio adecuado para entornos dif\u00edciles?<\/strong><br \/>S\u00ed, su robusta estructura de aluminio es ideal para su uso en diversos entornos dif\u00edciles.<\/p>\n<p><strong>5. \u00bfCu\u00e1les son las ventajas de utilizar aluminio para los disipadores de calor de los LED?<\/strong><br \/>El aluminio ofrece una excelente conductividad t\u00e9rmica y es rentable para la producci\u00f3n a gran escala.<\/p>\n<p><strong>6. \u00bfOfrecen apoyo al dise\u00f1o de proyectos de disipadores de calor personalizados?<\/strong><br \/>S\u00ed, ofrecemos asistencia en el dise\u00f1o para crear soluciones t\u00e9rmicas a medida.<\/p>\n<p><strong>7. \u00bfEs posible realizar grandes pedidos de disipadores de calor LED de aluminio?<\/strong><br \/>S\u00ed, aceptamos pedidos al por mayor y ofrecemos precios competitivos para grandes cantidades.<\/p>\n<p><\/p>","protected":false},"featured_media":10829,"template":"","categories":[72],"class_list":["post-10937","product","type-product","status-publish","has-post-thumbnail","hentry","category-extruded-aluminum-heatsink"],"meta_box":{"hilight_text_group":[{"product_hilight_text":"<li>Efficient thermal management for LED lighting systems<\/li>\n<li>Customizable to fit specific LED applications<\/li>\n<li>Lightweight and corrosion-resistant aluminum construction<\/li>\n<li>Designed for optimal heat dissipation in compact spaces<\/li>\n<li>Available in various sizes and finishes for B2B customers<\/li>"}],"feature_list":[]},"_links":{"self":[{"href":"https:\/\/sinoextrud.com\/es\/wp-json\/wp\/v2\/product\/10937","targetHints":{"allow":["GET"]}}],"collection":[{"href":"https:\/\/sinoextrud.com\/es\/wp-json\/wp\/v2\/product"}],"about":[{"href":"https:\/\/sinoextrud.com\/es\/wp-json\/wp\/v2\/types\/product"}],"wp:featuredmedia":[{"embeddable":true,"href":"https:\/\/sinoextrud.com\/es\/wp-json\/wp\/v2\/media\/10829"}],"wp:attachment":[{"href":"https:\/\/sinoextrud.com\/es\/wp-json\/wp\/v2\/media?parent=10937"}],"wp:term":[{"taxonomy":"category","embeddable":true,"href":"https:\/\/sinoextrud.com\/es\/wp-json\/wp\/v2\/categories?post=10937"}],"curies":[{"name":"wp","href":"https:\/\/api.w.org\/{rel}","templated":true}]}}