{"id":10936,"date":"2025-08-01T03:13:46","date_gmt":"2025-08-01T03:13:46","guid":{"rendered":"https:\/\/sinoextrud.com\/product\/cnc-machining-aluminum-heatsink-for-custom-projects\/"},"modified":"2025-08-01T03:13:46","modified_gmt":"2025-08-01T03:13:46","slug":"mecanizado-cnc-disipador-de-aluminio-para-proyectos-personalizados","status":"publish","type":"product","link":"https:\/\/sinoextrud.com\/es\/product\/cnc-machining-aluminum-heatsink-for-custom-projects\/","title":{"rendered":"Mecanizado CNC de disipadores t\u00e9rmicos de aluminio para proyectos personalizados"},"content":{"rendered":"<h2>Productos<\/h2>\n<div class=\"product-table\">\n<div class=\"row\">\n<div class=\"cell label\">Tratamiento de superficies<\/div>\n<div class=\"cell value\">anodizar<\/div>\n<\/div>\n<div class=\"row\">\n<div class=\"cell label\">Forma<\/div>\n<div class=\"cell value\">redondo<\/div>\n<\/div>\n<div class=\"row\">\n<div class=\"cell label\">Material del cuerpo<\/div>\n<div class=\"cell value\">Aleaci\u00f3n de aluminio<\/div>\n<\/div>\n<div class=\"row\">\n<div class=\"cell label\">Servicio de soluciones de iluminaci\u00f3n<\/div>\n<div class=\"cell value\">dise\u00f1o CAD autom\u00e1tico<\/div>\n<\/div>\n<div class=\"row\">\n<div class=\"cell label\">Eficacia luminosa (lm\/w)<\/div>\n<div class=\"cell value\">100<\/div>\n<\/div>\n<div class=\"row\">\n<div class=\"cell label\">Garant\u00eda(A\u00f1o)<\/div>\n<div class=\"cell value\">1 a\u00f1o<\/div>\n<\/div>\n<div class=\"row\">\n<div class=\"cell label\">Proceso<\/div>\n<div class=\"cell value\">Mecanizado CNC<\/div>\n<\/div>\n<div class=\"row\">\n<div class=\"cell label\">Clasificaci\u00f3n IP<\/div>\n<div class=\"cell value\">ip55<\/div>\n<\/div>\n<div class=\"row\">\n<div class=\"cell label\">Color de la carrocer\u00eda<\/div>\n<div class=\"cell value\">Negro<\/div>\n<\/div>\n<div class=\"row\">\n<div class=\"cell label\">Nombre de la pieza<\/div>\n<div class=\"cell value\">Disipador de calor de aluminio a medida para motor el\u00e9ctrico<\/div>\n<\/div>\n<div class=\"row\">\n<div class=\"cell label\">MOQ<\/div>\n<div class=\"cell value\">100 piezas<\/div>\n<\/div>\n<div class=\"row\">\n<div class=\"cell label\">Plazo de entrega<\/div>\n<div class=\"cell value\">Muestra: 3-5 d\u00edas; Producci\u00f3n: 10-20 d\u00edas.<\/div>\n<\/div>\n<div class=\"row\">\n<div class=\"cell label\">Condiciones comerciales<\/div>\n<div class=\"cell value\">EXW \/ FOB \/ CIF<\/div>\n<\/div>\n<div class=\"row\">\n<div class=\"cell label\">Formato del dibujo<\/div>\n<div class=\"cell value\">.pdf \/ .dwg \/ .igs \/ .stp \/ x_t.<\/div>\n<\/div>\n<div class=\"row\">\n<div class=\"cell label\">Condiciones de pago<\/div>\n<div class=\"cell value\">30% desposite, 70% antes del env\u00edo<\/div>\n<\/div>\n<div class=\"row\">\n<div class=\"cell label\">Control de calidad<\/div>\n<div class=\"cell value\">100% inspecci\u00f3n antes del env\u00edo<\/div>\n<\/div>\n<div class=\"row\">\n<div class=\"cell label\">Embalaje<\/div>\n<div class=\"cell value\">Cart\u00f3n est\u00e1ndar de exportaci\u00f3n con pal\u00e9<\/div>\n<\/div>\n<div class=\"row\">\n<div class=\"cell label\">Condiciones de env\u00edo<\/div>\n<div class=\"cell value\">Expr\u00e9s \/A\u00e9reo \/Mar\u00edtimo<\/div>\n<\/div>\n<div class=\"row\">\n<div class=\"cell label\">Tipo<\/div>\n<div class=\"cell value\">Disipadores de calor<\/div>\n<\/div>\n<div class=\"row\">\n<div class=\"cell label\">Unidades de venta<\/div>\n<div class=\"cell value\">Art\u00edculo individual<\/div>\n<\/div>\n<div class=\"row\">\n<div class=\"cell label\">Tama\u00f1o de envase individual<\/div>\n<div class=\"cell value\">8X5X6 cm<\/div>\n<\/div>\n<div class=\"row\">\n<div class=\"cell label\">Peso bruto \u00fanico<\/div>\n<div class=\"cell value\">1.000 KG<\/div>\n<\/div>\n<\/div>\n<p><\/p>\n<h2>Nuestra base de fabricaci\u00f3n<\/h2>\n<h3>Panorama de la f\u00e1brica<\/h3>\n<p><img decoding=\"async\" src=\"\/wp-content\/uploads\/factory-01.webp\"\/><\/p>\n<h3>Taller de fabricaci\u00f3n de barras de aluminio<\/h3>\n<p><img decoding=\"async\" src=\"\/wp-content\/uploads\/factory-02.webp\"\/><\/p>\n<p><img decoding=\"async\" src=\"\/wp-content\/uploads\/factory-03.webp\"\/><\/p>\n<h3>Almac\u00e9n de moldes<\/h3>\n<p><img decoding=\"async\" src=\"\/wp-content\/uploads\/factory-04.webp\"\/><\/p>\n<h3>43 l\u00edneas de extrusi\u00f3n de aluminio (500-5500 toneladas)<\/h3>\n<p><img decoding=\"async\" src=\"\/wp-content\/uploads\/factory-05.webp\"\/><\/p>\n<p><img decoding=\"async\" src=\"\/wp-content\/uploads\/factory-06.webp\"\/><\/p>\n<p><img decoding=\"async\" src=\"\/wp-content\/uploads\/factory-07.webp\"\/><\/p>\n<h3>Taller de pintura en polvo<\/h3>\n<p><img decoding=\"async\" src=\"\/wp-content\/uploads\/factory-09.webp\"\/><\/p>\n<h3>Taller de anodizado<\/h3>\n<p><img decoding=\"async\" src=\"\/wp-content\/uploads\/factory-10.webp\"\/><\/p>\n<h3>Taller de procesamiento profundo<\/h3>\n<p><img decoding=\"async\" src=\"\/wp-content\/uploads\/factory-11.webp\"\/><\/p>\n<h3>Taller de mecanizado de precisi\u00f3n CNC<\/h3>\n<p><img decoding=\"async\" src=\"\/wp-content\/uploads\/factory-11.5.webp\"\/><\/p>\n<h3>Almac\u00e9n de productos acabados y de exportaci\u00f3n<\/h3>\n<p><img decoding=\"async\" src=\"\/wp-content\/uploads\/factory-12.webp\"\/><\/p>\n<p><img decoding=\"async\" src=\"\/wp-content\/uploads\/factory-13.webp\"\/><\/p>\n<p><img decoding=\"async\" src=\"\/wp-content\/uploads\/factory-14.webp\"\/><\/p>\n<h2>PREGUNTAS FRECUENTES<\/h2>\n<p><strong>1. \u00bfCu\u00e1les son las ventajas de utilizar aluminio en los disipadores t\u00e9rmicos?<\/strong><br \/>El aluminio ofrece una excelente conductividad t\u00e9rmica y es ligero, por lo que resulta ideal para disipadores t\u00e9rmicos.<\/p>\n<p><strong>2. Puede el disipador t\u00e9rmico de aluminio mecanizado CNC ser personalizado seg\u00fan nuestras especificaciones?<\/strong><br \/>S\u00ed, ofrecemos personalizaci\u00f3n en tama\u00f1o, forma y dise\u00f1o para satisfacer sus requisitos espec\u00edficos.<\/p>\n<p><strong>3. \u00bfEste producto es compatible con todos los dispositivos electr\u00f3nicos?<\/strong><br \/>El disipador puede adaptarse a una amplia gama de componentes electr\u00f3nicos. Indique las especificaciones de su dispositivo para comprobar la compatibilidad.<\/p>\n<p><strong>4. \u00bfCu\u00e1l es el plazo habitual de fabricaci\u00f3n?<\/strong><br \/>Los plazos de entrega var\u00edan en funci\u00f3n del tama\u00f1o del pedido y de la personalizaci\u00f3n, pero suelen oscilar entre 2 y 4 semanas.<\/p>\n<p><strong>5. \u00bfProporciona muestras del disipador t\u00e9rmico de aluminio mecanizado CNC?<\/strong><br \/>S\u00ed, se pueden solicitar muestras para garantizar la calidad y el ajuste.<\/p>\n<p><strong>6. \u00bfSon adecuados los disipadores de aluminio para aplicaciones pesadas?<\/strong><br \/>S\u00ed, nuestros disipadores t\u00e9rmicos de aluminio est\u00e1n dise\u00f1ados para aplicaciones est\u00e1ndar y de uso intensivo con una durabilidad excelente.<\/p>\n<p><strong>7. \u00bfEst\u00e1 disponible el env\u00edo internacional para este producto?<\/strong><br \/>S\u00ed, realizamos env\u00edos internacionales y proporcionamos toda la documentaci\u00f3n necesaria para que el proceso de entrega se realice sin problemas.<\/p>\n<p><\/p>","protected":false},"featured_media":10842,"template":"","categories":[72],"class_list":["post-10936","product","type-product","status-publish","has-post-thumbnail","hentry","category-extruded-aluminum-heatsink"],"meta_box":{"hilight_text_group":[{"product_hilight_text":"<li>Optimized thermal performance for electronic components<\/li>\n<li>Customizable dimensions and designs for B2B needs<\/li>\n<li>High precision and quality through CNC machining<\/li>\n<li>Competitive pricing for bulk orders with flexible MOQ<\/li>\n<li>Lightweight and durable aluminum construction<\/li>"}],"feature_list":[]},"_links":{"self":[{"href":"https:\/\/sinoextrud.com\/es\/wp-json\/wp\/v2\/product\/10936","targetHints":{"allow":["GET"]}}],"collection":[{"href":"https:\/\/sinoextrud.com\/es\/wp-json\/wp\/v2\/product"}],"about":[{"href":"https:\/\/sinoextrud.com\/es\/wp-json\/wp\/v2\/types\/product"}],"wp:featuredmedia":[{"embeddable":true,"href":"https:\/\/sinoextrud.com\/es\/wp-json\/wp\/v2\/media\/10842"}],"wp:attachment":[{"href":"https:\/\/sinoextrud.com\/es\/wp-json\/wp\/v2\/media?parent=10936"}],"wp:term":[{"taxonomy":"category","embeddable":true,"href":"https:\/\/sinoextrud.com\/es\/wp-json\/wp\/v2\/categories?post=10936"}],"curies":[{"name":"wp","href":"https:\/\/api.w.org\/{rel}","templated":true}]}}