{"id":10935,"date":"2025-08-01T03:13:27","date_gmt":"2025-08-01T03:13:27","guid":{"rendered":"https:\/\/sinoextrud.com\/product\/aluminum-heatsink-power-box-for-outdoor-use\/"},"modified":"2025-08-01T03:13:27","modified_gmt":"2025-08-01T03:13:27","slug":"disipador-de-aluminio-caja-de-potencia-para-uso-al-aire-libre","status":"publish","type":"product","link":"https:\/\/sinoextrud.com\/es\/product\/aluminum-heatsink-power-box-for-outdoor-use\/","title":{"rendered":"Disipador t\u00e9rmico de aluminio para exteriores"},"content":{"rendered":"<h2>Productos<\/h2>\n<div class=\"product-table\">\n<div class=\"row\">\n<div class=\"cell label\">clase de protecci\u00f3n<\/div>\n<div class=\"cell value\">IP67-68<\/div>\n<\/div>\n<div class=\"row\">\n<div class=\"cell label\">Material<\/div>\n<div class=\"cell value\">ALSI12 \/ ADC12<\/div>\n<\/div>\n<div class=\"row\">\n<div class=\"cell label\">resistencia al impacto<\/div>\n<div class=\"cell value\">IK08<\/div>\n<\/div>\n<div class=\"row\">\n<div class=\"cell label\">utilizando el rango de temperatura<\/div>\n<div class=\"cell value\">-40\u2103-120\u2103<\/div>\n<\/div>\n<div class=\"row\">\n<div class=\"cell label\">Tratamiento de superficies<\/div>\n<div class=\"cell value\">Recubrimiento Power<\/div>\n<\/div>\n<div class=\"row\">\n<div class=\"cell label\">Aplicaci\u00f3n<\/div>\n<div class=\"cell value\">Electr\u00f3nica<\/div>\n<\/div>\n<div class=\"row\">\n<div class=\"cell label\">Proceso<\/div>\n<div class=\"cell value\">Fundici\u00f3n+Mecanizado+Tratamiento de superficies<\/div>\n<\/div>\n<div class=\"row\">\n<div class=\"cell label\">Control de calidad<\/div>\n<div class=\"cell value\">100% Sistema inspeccionado \/ISO9001<\/div>\n<\/div>\n<div class=\"row\">\n<div class=\"cell label\">Servicio<\/div>\n<div class=\"cell value\">Servicio integral personalizado<\/div>\n<\/div>\n<div class=\"row\">\n<div class=\"cell label\">Unidades de venta<\/div>\n<div class=\"cell value\">Art\u00edculo individual<\/div>\n<\/div>\n<div class=\"row\">\n<div class=\"cell label\">Tama\u00f1o de envase individual<\/div>\n<div class=\"cell value\">50X40X20 cm<\/div>\n<\/div>\n<div class=\"row\">\n<div class=\"cell label\">Peso bruto \u00fanico<\/div>\n<div class=\"cell value\">18.000 KG<\/div>\n<\/div>\n<\/div>\n<p><\/p>\n<h2>Nuestra base de fabricaci\u00f3n<\/h2>\n<h3>Panorama de la f\u00e1brica<\/h3>\n<p><img decoding=\"async\" src=\"\/wp-content\/uploads\/factory-01.webp\"\/><\/p>\n<h3>Taller de fabricaci\u00f3n de barras de aluminio<\/h3>\n<p><img decoding=\"async\" src=\"\/wp-content\/uploads\/factory-02.webp\"\/><\/p>\n<p><img decoding=\"async\" src=\"\/wp-content\/uploads\/factory-03.webp\"\/><\/p>\n<h3>Almac\u00e9n de moldes<\/h3>\n<p><img decoding=\"async\" src=\"\/wp-content\/uploads\/factory-04.webp\"\/><\/p>\n<h3>43 l\u00edneas de extrusi\u00f3n de aluminio (500-5500 toneladas)<\/h3>\n<p><img decoding=\"async\" src=\"\/wp-content\/uploads\/factory-05.webp\"\/><\/p>\n<p><img decoding=\"async\" src=\"\/wp-content\/uploads\/factory-06.webp\"\/><\/p>\n<p><img decoding=\"async\" src=\"\/wp-content\/uploads\/factory-07.webp\"\/><\/p>\n<h3>Taller de pintura en polvo<\/h3>\n<p><img decoding=\"async\" src=\"\/wp-content\/uploads\/factory-09.webp\"\/><\/p>\n<h3>Taller de anodizado<\/h3>\n<p><img decoding=\"async\" src=\"\/wp-content\/uploads\/factory-10.webp\"\/><\/p>\n<h3>Taller de procesamiento profundo<\/h3>\n<p><img decoding=\"async\" src=\"\/wp-content\/uploads\/factory-11.webp\"\/><\/p>\n<h3>Taller de mecanizado de precisi\u00f3n CNC<\/h3>\n<p><img decoding=\"async\" src=\"\/wp-content\/uploads\/factory-11.5.webp\"\/><\/p>\n<h3>Almac\u00e9n de productos acabados y de exportaci\u00f3n<\/h3>\n<p><img decoding=\"async\" src=\"\/wp-content\/uploads\/factory-12.webp\"\/><\/p>\n<p><img decoding=\"async\" src=\"\/wp-content\/uploads\/factory-13.webp\"\/><\/p>\n<p><img decoding=\"async\" src=\"\/wp-content\/uploads\/factory-14.webp\"\/><\/p>\n<h2>PREGUNTAS FRECUENTES<\/h2>\n<p><strong>1. \u00bfCu\u00e1l es la funci\u00f3n principal del disipador t\u00e9rmico de aluminio Power Box?<\/strong><br \/>Su funci\u00f3n principal es disipar eficazmente el calor de los componentes electr\u00f3nicos para evitar el sobrecalentamiento.<\/p>\n<p><strong>2. \u00bfPuede personalizarse el tama\u00f1o y la forma del disipador t\u00e9rmico de aluminio Power Box?<\/strong><br \/>S\u00ed, se puede personalizar para adaptarlo a las necesidades espec\u00edficas del cliente.<\/p>\n<p><strong>3. La caja de alimentaci\u00f3n con disipador t\u00e9rmico de aluminio, \u00bfes apta para su uso en exteriores?<\/strong><br \/>S\u00ed, est\u00e1 dise\u00f1ado para soportar diversas condiciones ambientales, pero debe resguardarse para una longevidad \u00f3ptima.<\/p>\n<p><strong>4. \u00bfCu\u00e1l es la vida \u00fatil t\u00edpica de un disipador t\u00e9rmico de aluminio?<\/strong><br \/>Con un uso adecuado, ofrece durabilidad a largo plazo gracias a su robusta estructura de aluminio.<\/p>\n<p><strong>5. \u00bfEste producto admite aplicaciones de alta potencia?<\/strong><br \/>S\u00ed, gestiona eficazmente el calor en configuraciones electr\u00f3nicas de alta potencia.<\/p>\n<p><strong>6. \u00bfC\u00f3mo contribuye el aluminio a la eficiencia de la Power Box?<\/strong><br \/>El aluminio ofrece una excelente conductividad t\u00e9rmica, por lo que es ideal para disipar el calor.<\/p>\n<p><strong>7. \u00bfExisten sectores espec\u00edficos que se beneficien m\u00e1s de este producto?<\/strong><br \/>S\u00ed, industrias como la electr\u00f3nica, la automoci\u00f3n y las telecomunicaciones lo utilizan a menudo por su fiable gesti\u00f3n del calor.<\/p>\n<p><\/p>","protected":false},"featured_media":10766,"template":"","categories":[68],"class_list":["post-10935","product","type-product","status-publish","has-post-thumbnail","hentry","category-cnc-machining-aluminum-profile"],"meta_box":{"hilight_text_group":[{"product_hilight_text":"<li>High thermal conductivity for effective heat dissipation<\/li>\n<li>Constructed with lightweight and durable aluminum material<\/li>\n<li>Ideal for various electronic and industrial applications<\/li>\n<li>Compatible with a wide range of power electronics<\/li>\n<li>Customizable design to fit specific client requirements<\/li>"}],"feature_list":[]},"_links":{"self":[{"href":"https:\/\/sinoextrud.com\/es\/wp-json\/wp\/v2\/product\/10935","targetHints":{"allow":["GET"]}}],"collection":[{"href":"https:\/\/sinoextrud.com\/es\/wp-json\/wp\/v2\/product"}],"about":[{"href":"https:\/\/sinoextrud.com\/es\/wp-json\/wp\/v2\/types\/product"}],"wp:featuredmedia":[{"embeddable":true,"href":"https:\/\/sinoextrud.com\/es\/wp-json\/wp\/v2\/media\/10766"}],"wp:attachment":[{"href":"https:\/\/sinoextrud.com\/es\/wp-json\/wp\/v2\/media?parent=10935"}],"wp:term":[{"taxonomy":"category","embeddable":true,"href":"https:\/\/sinoextrud.com\/es\/wp-json\/wp\/v2\/categories?post=10935"}],"curies":[{"name":"wp","href":"https:\/\/api.w.org\/{rel}","templated":true}]}}