{"id":10932,"date":"2025-08-01T03:13:20","date_gmt":"2025-08-01T03:13:20","guid":{"rendered":"https:\/\/sinoextrud.com\/product\/aluminum-pipe-sleeve-for-protection-and-insulation\/"},"modified":"2025-08-01T03:13:20","modified_gmt":"2025-08-01T03:13:20","slug":"manguito-de-tubo-de-aluminio-para-proteccion-y-aislamiento","status":"publish","type":"product","link":"https:\/\/sinoextrud.com\/es\/product\/aluminum-pipe-sleeve-for-protection-and-insulation\/","title":{"rendered":"Manguito de tuber\u00eda de aluminio para protecci\u00f3n y aislamiento"},"content":{"rendered":"<h2>Productos<\/h2>\n<div class=\"product-table\">\n<div class=\"row\">\n<div class=\"cell label\">T\u00e9cnica<\/div>\n<div class=\"cell value\">Fundici\u00f3n<\/div>\n<\/div>\n<div class=\"row\">\n<div class=\"cell label\">forma<\/div>\n<div class=\"cell value\">RONDA<\/div>\n<\/div>\n<div class=\"row\">\n<div class=\"cell label\">c\u00f3digo de cabeza<\/div>\n<div class=\"cell value\">Hueco<\/div>\n<\/div>\n<div class=\"row\">\n<div class=\"cell label\">Tratamiento de superficies<\/div>\n<div class=\"cell value\">galvanizado<\/div>\n<\/div>\n<div class=\"row\">\n<div class=\"cell label\">Di\u00e1metro del orificio de montaje<\/div>\n<div class=\"cell value\">28,4 MILLONES<\/div>\n<\/div>\n<div class=\"row\">\n<div class=\"cell label\">Clase de tuber\u00eda<\/div>\n<div class=\"cell value\">Sin clasificar<\/div>\n<\/div>\n<div class=\"row\">\n<div class=\"cell label\">garant\u00eda<\/div>\n<div class=\"cell value\">Ninguno<\/div>\n<\/div>\n<div class=\"row\">\n<div class=\"cell label\">asistencia personalizada<\/div>\n<div class=\"cell value\">OEM<\/div>\n<\/div>\n<div class=\"row\">\n<div class=\"cell label\">Conectividad<\/div>\n<div class=\"cell value\">Mujer<\/div>\n<\/div>\n<div class=\"row\">\n<div class=\"cell label\">Longitud total<\/div>\n<div class=\"cell value\">43MM<\/div>\n<\/div>\n<div class=\"row\">\n<div class=\"cell label\">Nombre del producto<\/div>\n<div class=\"cell value\">Barra de l\u00edneas<\/div>\n<\/div>\n<div class=\"row\">\n<div class=\"cell label\">Material<\/div>\n<div class=\"cell value\">Alu+ABS<\/div>\n<\/div>\n<div class=\"row\">\n<div class=\"cell label\">Tratamiento de superficies<\/div>\n<div class=\"cell value\">Zincado<\/div>\n<\/div>\n<div class=\"row\">\n<div class=\"cell label\">Embalaje<\/div>\n<div class=\"cell value\">Cart\u00f3n<\/div>\n<\/div>\n<div class=\"row\">\n<div class=\"cell label\">Condiciones de pago<\/div>\n<div class=\"cell value\">Garant\u00eda Comercial<\/div>\n<\/div>\n<div class=\"row\">\n<div class=\"cell label\">Plazo de entrega<\/div>\n<div class=\"cell value\">3-5 d\u00edas<\/div>\n<\/div>\n<div class=\"row\">\n<div class=\"cell label\">Muestra<\/div>\n<div class=\"cell value\">Gratis<\/div>\n<\/div>\n<div class=\"row\">\n<div class=\"cell label\">Puerto<\/div>\n<div class=\"cell value\">Puerto de Ningbo\/Foshan<\/div>\n<\/div>\n<div class=\"row\">\n<div class=\"cell label\">Paquete<\/div>\n<div class=\"cell value\">Embalaje peque\u00f1o+embalaje en cart\u00f3n+pal\u00e9<\/div>\n<\/div>\n<div class=\"row\">\n<div class=\"cell label\">Volumen de producci\u00f3n<\/div>\n<div class=\"cell value\">Y<\/div>\n<\/div>\n<div class=\"row\">\n<div class=\"cell label\">Unidades de venta<\/div>\n<div class=\"cell value\">Art\u00edculo individual<\/div>\n<\/div>\n<div class=\"row\">\n<div class=\"cell label\">Tama\u00f1o de envase individual<\/div>\n<div class=\"cell value\">22,5X17X18 cm<\/div>\n<\/div>\n<div class=\"row\">\n<div class=\"cell label\">Peso bruto \u00fanico<\/div>\n<div class=\"cell value\">1.000 KG<\/div>\n<\/div>\n<\/div>\n<p><\/p>\n<h2>Nuestra base de fabricaci\u00f3n<\/h2>\n<h3>Panorama de la f\u00e1brica<\/h3>\n<p><img decoding=\"async\" src=\"\/wp-content\/uploads\/factory-01.webp\"\/><\/p>\n<h3>Taller de fabricaci\u00f3n de barras de aluminio<\/h3>\n<p><img decoding=\"async\" src=\"\/wp-content\/uploads\/factory-02.webp\"\/><\/p>\n<p><img decoding=\"async\" src=\"\/wp-content\/uploads\/factory-03.webp\"\/><\/p>\n<h3>Almac\u00e9n de moldes<\/h3>\n<p><img decoding=\"async\" src=\"\/wp-content\/uploads\/factory-04.webp\"\/><\/p>\n<h3>43 l\u00edneas de extrusi\u00f3n de aluminio (500-5500 toneladas)<\/h3>\n<p><img decoding=\"async\" src=\"\/wp-content\/uploads\/factory-05.webp\"\/><\/p>\n<p><img decoding=\"async\" src=\"\/wp-content\/uploads\/factory-06.webp\"\/><\/p>\n<p><img decoding=\"async\" src=\"\/wp-content\/uploads\/factory-07.webp\"\/><\/p>\n<h3>Taller de pintura en polvo<\/h3>\n<p><img decoding=\"async\" src=\"\/wp-content\/uploads\/factory-09.webp\"\/><\/p>\n<h3>Taller de anodizado<\/h3>\n<p><img decoding=\"async\" src=\"\/wp-content\/uploads\/factory-10.webp\"\/><\/p>\n<h3>Taller de procesamiento profundo<\/h3>\n<p><img decoding=\"async\" src=\"\/wp-content\/uploads\/factory-11.webp\"\/><\/p>\n<h3>Taller de mecanizado de precisi\u00f3n CNC<\/h3>\n<p><img decoding=\"async\" src=\"\/wp-content\/uploads\/factory-11.5.webp\"\/><\/p>\n<h3>Almac\u00e9n de productos acabados y de exportaci\u00f3n<\/h3>\n<p><img decoding=\"async\" src=\"\/wp-content\/uploads\/factory-12.webp\"\/><\/p>\n<p><img decoding=\"async\" src=\"\/wp-content\/uploads\/factory-13.webp\"\/><\/p>\n<p><img decoding=\"async\" src=\"\/wp-content\/uploads\/factory-14.webp\"\/><\/p>\n<h2>PREGUNTAS FRECUENTES<\/h2>\n<p><strong>1. \u00bfQu\u00e9 tama\u00f1os hay disponibles para el manguito de tubo de aluminio?<\/strong><br \/>El manguito para tubos de aluminio puede personalizarse para adaptarse a varios di\u00e1metros de tubo.<\/p>\n<p><strong>2. \u00bfEs el manguito de aluminio resistente a la corrosi\u00f3n?<\/strong><br \/>S\u00ed, est\u00e1 fabricado con materiales resistentes a la corrosi\u00f3n para garantizar su durabilidad.<\/p>\n<p><strong>3. \u00bfPuede utilizarse el manguito de aluminio para tuber\u00edas en aplicaciones de alta temperatura?<\/strong><br \/>S\u00ed, est\u00e1 dise\u00f1ado para ofrecer protecci\u00f3n t\u00e9rmica en entornos de altas temperaturas.<\/p>\n<p><strong>4. \u00bfC\u00f3mo se instala el manguito de aluminio?<\/strong><br \/>Su dise\u00f1o ligero permite una instalaci\u00f3n sencilla, normalmente con un m\u00ednimo de herramientas.<\/p>\n<p><strong>5. \u00bfQu\u00e9 industrias pueden beneficiarse del uso de manguitos de aluminio para tuber\u00edas?<\/strong><br \/>Industrias como la del petr\u00f3leo y el gas, la transformaci\u00f3n qu\u00edmica y la construcci\u00f3n utilizan a menudo estos manguitos.<\/p>\n<p><strong>6. \u00bfPuede adaptarse el manguito de aluminio para tubos a requisitos espec\u00edficos?<\/strong><br \/>S\u00ed, puede personalizarse en tama\u00f1o y dise\u00f1o para satisfacer necesidades espec\u00edficas.<\/p>\n<p><strong>7. \u00bfOfrecen env\u00edo internacional para manguitos de aluminio para tubos?<\/strong><br \/>S\u00ed, ofrecemos env\u00edos internacionales y podemos ocuparnos de la log\u00edstica necesaria.<\/p>\n<p><\/p>","protected":false},"featured_media":10844,"template":"","categories":[55],"class_list":["post-10932","product","type-product","status-publish","has-post-thumbnail","hentry","category-extruded-aluminum-profiles"],"meta_box":{"hilight_text_group":[{"product_hilight_text":"<li>Engineered for efficient thermal and mechanical protection<\/li>\n<li>Highly adaptable to fit a wide range of pipe diameters<\/li>\n<li>Constructed from premium-grade aluminum for durability<\/li>\n<li>Lightweight design for easy installation and handling<\/li>\n<li>Corrosion-resistant to enhance service life<\/li>"}],"feature_list":[]},"_links":{"self":[{"href":"https:\/\/sinoextrud.com\/es\/wp-json\/wp\/v2\/product\/10932","targetHints":{"allow":["GET"]}}],"collection":[{"href":"https:\/\/sinoextrud.com\/es\/wp-json\/wp\/v2\/product"}],"about":[{"href":"https:\/\/sinoextrud.com\/es\/wp-json\/wp\/v2\/types\/product"}],"wp:featuredmedia":[{"embeddable":true,"href":"https:\/\/sinoextrud.com\/es\/wp-json\/wp\/v2\/media\/10844"}],"wp:attachment":[{"href":"https:\/\/sinoextrud.com\/es\/wp-json\/wp\/v2\/media?parent=10932"}],"wp:term":[{"taxonomy":"category","embeddable":true,"href":"https:\/\/sinoextrud.com\/es\/wp-json\/wp\/v2\/categories?post=10932"}],"curies":[{"name":"wp","href":"https:\/\/api.w.org\/{rel}","templated":true}]}}