{"id":10931,"date":"2025-08-01T03:13:18","date_gmt":"2025-08-01T03:13:18","guid":{"rendered":"https:\/\/sinoextrud.com\/product\/aluminum-heatsink-for-beer-machine-cooling\/"},"modified":"2025-08-01T03:13:18","modified_gmt":"2025-08-01T03:13:18","slug":"disipador-de-aluminio-para-refrigeracion-de-maquinas-de-cerveza","status":"publish","type":"product","link":"https:\/\/sinoextrud.com\/es\/product\/aluminum-heatsink-for-beer-machine-cooling\/","title":{"rendered":"Disipador t\u00e9rmico de aluminio para refrigeraci\u00f3n de m\u00e1quinas de cerveza"},"content":{"rendered":"<h2>Productos<\/h2>\n<div class=\"product-table\">\n<div class=\"row\">\n<div class=\"cell label\">Mecanizado CNC o no<\/div>\n<div class=\"cell value\">Mecanizado CNC<\/div>\n<\/div>\n<div class=\"row\">\n<div class=\"cell label\">Capacidades materiales<\/div>\n<div class=\"cell value\">Aluminio, lat\u00f3n, bronce, cobre, metales endurecidos, metales preciosos, acero inoxidable, aleaciones de acero<\/div>\n<\/div>\n<div class=\"row\">\n<div class=\"cell label\">Tipo<\/div>\n<div class=\"cell value\">Brochado, TALADRADO, Grabado \/ Mecanizado qu\u00edmico, Mecanizado l\u00e1ser, Fresado, Otros servicios de mecanizado<\/div>\n<\/div>\n<div class=\"row\">\n<div class=\"cell label\">Micromecanizado o no<\/div>\n<div class=\"cell value\">Micromecanizado<\/div>\n<\/div>\n<div class=\"row\">\n<div class=\"cell label\">Unidades de venta<\/div>\n<div class=\"cell value\">Art\u00edculo individual<\/div>\n<\/div>\n<div class=\"row\">\n<div class=\"cell label\">Tama\u00f1o de envase individual<\/div>\n<div class=\"cell value\">10X5X6 cm<\/div>\n<\/div>\n<div class=\"row\">\n<div class=\"cell label\">Peso bruto \u00fanico<\/div>\n<div class=\"cell value\">0,023 KG<\/div>\n<\/div>\n<\/div>\n<p><\/p>\n<h2>Nuestra base de fabricaci\u00f3n<\/h2>\n<h3>Panorama de la f\u00e1brica<\/h3>\n<p><img decoding=\"async\" src=\"\/wp-content\/uploads\/factory-01.webp\"\/><\/p>\n<h3>Taller de fabricaci\u00f3n de barras de aluminio<\/h3>\n<p><img decoding=\"async\" src=\"\/wp-content\/uploads\/factory-02.webp\"\/><\/p>\n<p><img decoding=\"async\" src=\"\/wp-content\/uploads\/factory-03.webp\"\/><\/p>\n<h3>Almac\u00e9n de moldes<\/h3>\n<p><img decoding=\"async\" src=\"\/wp-content\/uploads\/factory-04.webp\"\/><\/p>\n<h3>43 l\u00edneas de extrusi\u00f3n de aluminio (500-5500 toneladas)<\/h3>\n<p><img decoding=\"async\" src=\"\/wp-content\/uploads\/factory-05.webp\"\/><\/p>\n<p><img decoding=\"async\" src=\"\/wp-content\/uploads\/factory-06.webp\"\/><\/p>\n<p><img decoding=\"async\" src=\"\/wp-content\/uploads\/factory-07.webp\"\/><\/p>\n<h3>Taller de pintura en polvo<\/h3>\n<p><img decoding=\"async\" src=\"\/wp-content\/uploads\/factory-09.webp\"\/><\/p>\n<h3>Taller de anodizado<\/h3>\n<p><img decoding=\"async\" src=\"\/wp-content\/uploads\/factory-10.webp\"\/><\/p>\n<h3>Taller de procesamiento profundo<\/h3>\n<p><img decoding=\"async\" src=\"\/wp-content\/uploads\/factory-11.webp\"\/><\/p>\n<h3>Taller de mecanizado de precisi\u00f3n CNC<\/h3>\n<p><img decoding=\"async\" src=\"\/wp-content\/uploads\/factory-11.5.webp\"\/><\/p>\n<h3>Almac\u00e9n de productos acabados y de exportaci\u00f3n<\/h3>\n<p><img decoding=\"async\" src=\"\/wp-content\/uploads\/factory-12.webp\"\/><\/p>\n<p><img decoding=\"async\" src=\"\/wp-content\/uploads\/factory-13.webp\"\/><\/p>\n<p><img decoding=\"async\" src=\"\/wp-content\/uploads\/factory-14.webp\"\/><\/p>\n<h2>PREGUNTAS FRECUENTES<\/h2>\n<p><strong>1. \u00bfCu\u00e1l es la principal ventaja de utilizar un disipador t\u00e9rmico de aluminio en las m\u00e1quinas de cerveza?<\/strong><br \/>El disipador t\u00e9rmico de aluminio mejora la gesti\u00f3n t\u00e9rmica, aumentando la eficiencia y la vida \u00fatil de la m\u00e1quina.<\/p>\n<p><strong>2. \u00bfPuede personalizarse el disipador t\u00e9rmico de aluminio para diferentes modelos de m\u00e1quinas?<\/strong><br \/>S\u00ed, ofrecemos tama\u00f1os y formas personalizables para adaptarse a diversos modelos de m\u00e1quinas de cerveza.<\/p>\n<p><strong>3. \u00bfEs el aluminio el mejor material para los disipadores t\u00e9rmicos de las m\u00e1quinas de cerveza?<\/strong><br \/>El aluminio ofrece un equilibrio de excelente conductividad t\u00e9rmica y ligereza, ideal para las m\u00e1quinas de cerveza.<\/p>\n<p><strong>4. \u00bfC\u00f3mo contribuye el disipador t\u00e9rmico de aluminio a mejorar el rendimiento de la m\u00e1quina de cerveza?<\/strong><br \/>Disipa eficazmente el calor, evitando el sobrecalentamiento y garantizando un funcionamiento \u00f3ptimo de la m\u00e1quina.<\/p>\n<p><strong>5. \u00bfSon adecuados los disipadores t\u00e9rmicos para las m\u00e1quinas de cerveza comerciales?<\/strong><br \/>S\u00ed, est\u00e1n dise\u00f1adas para satisfacer las exigencias de las m\u00e1quinas cerveceras comerciales e industriales.<\/p>\n<p><strong>6. \u00bfPuedo pedir una muestra del disipador de aluminio antes de hacer un pedido grande?<\/strong><br \/>S\u00ed, hay pedidos de muestra disponibles para probar el ajuste y el rendimiento antes de comprar al por mayor.<\/p>\n<p><strong>7. \u00bfEl uso de un disipador de aluminio afecta al consumo de energ\u00eda?<\/strong><br \/>S\u00ed, mejora la eficiencia energ\u00e9tica al mantener temperaturas de funcionamiento \u00f3ptimas, lo que reduce el consumo total de energ\u00eda.<\/p>\n<p><\/p>","protected":false},"featured_media":10763,"template":"","categories":[72],"class_list":["post-10931","product","type-product","status-publish","has-post-thumbnail","hentry","category-extruded-aluminum-heatsink"],"meta_box":{"hilight_text_group":[{"product_hilight_text":"<li>Efficient thermal management for beer machines<\/li>\n<li>Highly durable construction with aluminum material<\/li>\n<li>Improves performance and lifespan of beer machines<\/li>\n<li>Customizable dimensions to fit various machine models<\/li>\n<li>Supports high thermal conductivity requirements<\/li>"}],"feature_list":[]},"_links":{"self":[{"href":"https:\/\/sinoextrud.com\/es\/wp-json\/wp\/v2\/product\/10931","targetHints":{"allow":["GET"]}}],"collection":[{"href":"https:\/\/sinoextrud.com\/es\/wp-json\/wp\/v2\/product"}],"about":[{"href":"https:\/\/sinoextrud.com\/es\/wp-json\/wp\/v2\/types\/product"}],"wp:featuredmedia":[{"embeddable":true,"href":"https:\/\/sinoextrud.com\/es\/wp-json\/wp\/v2\/media\/10763"}],"wp:attachment":[{"href":"https:\/\/sinoextrud.com\/es\/wp-json\/wp\/v2\/media?parent=10931"}],"wp:term":[{"taxonomy":"category","embeddable":true,"href":"https:\/\/sinoextrud.com\/es\/wp-json\/wp\/v2\/categories?post=10931"}],"curies":[{"name":"wp","href":"https:\/\/api.w.org\/{rel}","templated":true}]}}