{"id":10930,"date":"2025-08-01T03:13:16","date_gmt":"2025-08-01T03:13:16","guid":{"rendered":"https:\/\/sinoextrud.com\/product\/anodized-aluminum-cup-with-carving-design\/"},"modified":"2025-08-01T03:13:16","modified_gmt":"2025-08-01T03:13:16","slug":"taza-de-aluminio-anodizado-con-diseno-tallado","status":"publish","type":"product","link":"https:\/\/sinoextrud.com\/es\/product\/anodized-aluminum-cup-with-carving-design\/","title":{"rendered":"Taza de aluminio anodizado con dise\u00f1o tallado"},"content":{"rendered":"<h2>Productos<\/h2>\n<div class=\"product-table\">\n<div class=\"row\">\n<div class=\"cell label\">estilo<\/div>\n<div class=\"cell value\">Morden Lujo<\/div>\n<\/div>\n<div class=\"row\">\n<div class=\"cell label\">Tipo de vajilla<\/div>\n<div class=\"cell value\">Tazas de cobre<\/div>\n<\/div>\n<div class=\"row\">\n<div class=\"cell label\">Patr\u00f3n<\/div>\n<div class=\"cell value\">S\u00f3lido<\/div>\n<\/div>\n<div class=\"row\">\n<div class=\"cell label\">Forma<\/div>\n<div class=\"cell value\">RONDA<\/div>\n<\/div>\n<div class=\"row\">\n<div class=\"cell label\">ventaja<\/div>\n<div class=\"cell value\">Apto para lavavajillas, apto para microondas, apto para congelador, a prueba de fugas<\/div>\n<\/div>\n<div class=\"row\">\n<div class=\"cell label\">n\u00famero de usuarios<\/div>\n<div class=\"cell value\">1<\/div>\n<\/div>\n<div class=\"row\">\n<div class=\"cell label\">funci\u00f3n<\/div>\n<div class=\"cell value\">Port\u00e1til, duradero y respetuoso con el medio ambiente<\/div>\n<\/div>\n<div class=\"row\">\n<div class=\"cell label\">material<\/div>\n<div class=\"cell value\">Metal<\/div>\n<\/div>\n<div class=\"row\">\n<div class=\"cell label\">ocasi\u00f3n<\/div>\n<div class=\"cell value\">Regalos de empresa<\/div>\n<\/div>\n<div class=\"row\">\n<div class=\"cell label\">tipo de patr\u00f3n<\/div>\n<div class=\"cell value\">Fruta<\/div>\n<\/div>\n<div class=\"row\">\n<div class=\"cell label\">Nombre del producto<\/div>\n<div class=\"cell value\">Taza de cobre Moscow Mule<\/div>\n<\/div>\n<div class=\"row\">\n<div class=\"cell label\">Utilizaci\u00f3n<\/div>\n<div class=\"cell value\">Hotel Restaurante Casa Boda Fiesta<\/div>\n<\/div>\n<div class=\"row\">\n<div class=\"cell label\">Color<\/div>\n<div class=\"cell value\">Color personalizado<\/div>\n<\/div>\n<div class=\"row\">\n<div class=\"cell label\">Embalaje<\/div>\n<div class=\"cell value\">Embalaje personalizado<\/div>\n<\/div>\n<div class=\"row\">\n<div class=\"cell label\">Ventaja<\/div>\n<div class=\"cell value\">Alta calidad<\/div>\n<\/div>\n<div class=\"row\">\n<div class=\"cell label\">Logotipo<\/div>\n<div class=\"cell value\">Logotipo personalizado aceptable<\/div>\n<\/div>\n<div class=\"row\">\n<div class=\"cell label\">Forma<\/div>\n<div class=\"cell value\">Forma redonda<\/div>\n<\/div>\n<div class=\"row\">\n<div class=\"cell label\">Estilo<\/div>\n<div class=\"cell value\">A la moda<\/div>\n<\/div>\n<div class=\"row\">\n<div class=\"cell label\">Tipo<\/div>\n<div class=\"cell value\">Lo m\u00e1s vendido<\/div>\n<\/div>\n<div class=\"row\">\n<div class=\"cell label\">MOQ<\/div>\n<div class=\"cell value\">100 juegos<\/div>\n<\/div>\n<div class=\"row\">\n<div class=\"cell label\">Palabras clave<\/div>\n<div class=\"cell value\">Amazon Caliente<\/div>\n<\/div>\n<div class=\"row\">\n<div class=\"cell label\">Dise\u00f1o<\/div>\n<div class=\"cell value\">Aceptar dise\u00f1os personalizados<\/div>\n<\/div>\n<div class=\"row\">\n<div class=\"cell label\">Unidades de venta<\/div>\n<div class=\"cell value\">Art\u00edculo individual<\/div>\n<\/div>\n<\/div>\n<p><\/p>\n<h2>Nuestra base de fabricaci\u00f3n<\/h2>\n<h3>Panorama de la f\u00e1brica<\/h3>\n<p><img decoding=\"async\" src=\"\/wp-content\/uploads\/factory-01.webp\"\/><\/p>\n<h3>Taller de fabricaci\u00f3n de barras de aluminio<\/h3>\n<p><img decoding=\"async\" src=\"\/wp-content\/uploads\/factory-02.webp\"\/><\/p>\n<p><img decoding=\"async\" src=\"\/wp-content\/uploads\/factory-03.webp\"\/><\/p>\n<h3>Almac\u00e9n de moldes<\/h3>\n<p><img decoding=\"async\" src=\"\/wp-content\/uploads\/factory-04.webp\"\/><\/p>\n<h3>43 l\u00edneas de extrusi\u00f3n de aluminio (500-5500 toneladas)<\/h3>\n<p><img decoding=\"async\" src=\"\/wp-content\/uploads\/factory-05.webp\"\/><\/p>\n<p><img decoding=\"async\" src=\"\/wp-content\/uploads\/factory-06.webp\"\/><\/p>\n<p><img decoding=\"async\" src=\"\/wp-content\/uploads\/factory-07.webp\"\/><\/p>\n<h3>Taller de pintura en polvo<\/h3>\n<p><img decoding=\"async\" src=\"\/wp-content\/uploads\/factory-09.webp\"\/><\/p>\n<h3>Taller de anodizado<\/h3>\n<p><img decoding=\"async\" src=\"\/wp-content\/uploads\/factory-10.webp\"\/><\/p>\n<h3>Taller de procesamiento profundo<\/h3>\n<p><img decoding=\"async\" src=\"\/wp-content\/uploads\/factory-11.webp\"\/><\/p>\n<h3>Taller de mecanizado de precisi\u00f3n CNC<\/h3>\n<p><img decoding=\"async\" src=\"\/wp-content\/uploads\/factory-11.5.webp\"\/><\/p>\n<h3>Almac\u00e9n de productos acabados y de exportaci\u00f3n<\/h3>\n<p><img decoding=\"async\" src=\"\/wp-content\/uploads\/factory-12.webp\"\/><\/p>\n<p><img decoding=\"async\" src=\"\/wp-content\/uploads\/factory-13.webp\"\/><\/p>\n<p><img decoding=\"async\" src=\"\/wp-content\/uploads\/factory-14.webp\"\/><\/p>\n<h2>PREGUNTAS FRECUENTES<\/h2>\n<p><strong>1. \u00bfSe puede personalizar el vaso de aluminio con un logotipo?<\/strong><br \/>S\u00ed, ofrecemos grabado personalizado para incluir su logotipo o dise\u00f1o.<\/p>\n<p><strong>2. \u00bfEs el anodizado de la copa de aluminio resistente al desgaste?<\/strong><br \/>S\u00ed, el acabado anodizado es duradero y resistente a los ara\u00f1azos y la decoloraci\u00f3n.<\/p>\n<p><strong>3. \u00bfQu\u00e9 tama\u00f1os hay disponibles para los vasos de aluminio anodizado?<\/strong><br \/>Ofrecemos una amplia gama de tama\u00f1os que pueden personalizarse para pedidos al por mayor que se ajusten a sus necesidades.<\/p>\n<p><strong>4. \u00bfExisten opciones de color para los vasos de aluminio?<\/strong><br \/>S\u00ed, las copas pueden anodizarse en varios colores para compras al por mayor.<\/p>\n<p><strong>5. \u00bfLa taza de aluminio anodizado es apta para su uso en exteriores?<\/strong><br \/>S\u00ed, su dise\u00f1o duradero y ligero lo hace ideal para aplicaciones en exteriores.<\/p>\n<p><strong>6. \u00bfEs ecol\u00f3gico el material de aluminio anodizado?<\/strong><br \/>El aluminio anodizado es reciclable y fomenta la sostenibilidad medioambiental.<\/p>\n<p><strong>7. \u00bfRealizan env\u00edos internacionales de vasos de aluminio anodizado?<\/strong><br \/>S\u00ed, ofrecemos opciones de env\u00edo internacional con apoyo log\u00edstico integral.<\/p>\n<p><\/p>","protected":false},"featured_media":10845,"template":"","categories":[68],"class_list":["post-10930","product","type-product","status-publish","has-post-thumbnail","hentry","category-cnc-machining-aluminum-profile"],"meta_box":{"hilight_text_group":[{"product_hilight_text":"<li>Custom laser engraving available for unique designs<\/li>\n<li>Durable anodized finish resists scratches and fading<\/li>\n<li>Lightweight and suitable for various applications<\/li>\n<li>Available in different colors and sizes for bulk orders<\/li>\n<li>Eco-friendly aluminum material promotes sustainability<\/li>"}],"feature_list":[]},"_links":{"self":[{"href":"https:\/\/sinoextrud.com\/es\/wp-json\/wp\/v2\/product\/10930","targetHints":{"allow":["GET"]}}],"collection":[{"href":"https:\/\/sinoextrud.com\/es\/wp-json\/wp\/v2\/product"}],"about":[{"href":"https:\/\/sinoextrud.com\/es\/wp-json\/wp\/v2\/types\/product"}],"wp:featuredmedia":[{"embeddable":true,"href":"https:\/\/sinoextrud.com\/es\/wp-json\/wp\/v2\/media\/10845"}],"wp:attachment":[{"href":"https:\/\/sinoextrud.com\/es\/wp-json\/wp\/v2\/media?parent=10930"}],"wp:term":[{"taxonomy":"category","embeddable":true,"href":"https:\/\/sinoextrud.com\/es\/wp-json\/wp\/v2\/categories?post=10930"}],"curies":[{"name":"wp","href":"https:\/\/api.w.org\/{rel}","templated":true}]}}