{"id":10924,"date":"2025-08-01T03:13:02","date_gmt":"2025-08-01T03:13:02","guid":{"rendered":"https:\/\/sinoextrud.com\/product\/aluminum-heat-sink-material-for-custom-solutions\/"},"modified":"2025-08-01T03:13:02","modified_gmt":"2025-08-01T03:13:02","slug":"disipadores-de-calor-de-aluminio-para-soluciones-a-medida","status":"publish","type":"product","link":"https:\/\/sinoextrud.com\/es\/product\/aluminum-heat-sink-material-for-custom-solutions\/","title":{"rendered":"Disipadores de calor de aluminio para soluciones personalizadas"},"content":{"rendered":"<h2>Productos<\/h2>\n<div class=\"product-table\">\n<div class=\"row\">\n<div class=\"cell label\">Grado<\/div>\n<div class=\"cell value\">Serie 6000<\/div>\n<\/div>\n<div class=\"row\">\n<div class=\"cell label\">Tolerancia<\/div>\n<div class=\"cell value\">\u00c2\u00b11%<\/div>\n<\/div>\n<div class=\"row\">\n<div class=\"cell label\">Plazo de entrega<\/div>\n<div class=\"cell value\">15-21 d\u00edas<\/div>\n<\/div>\n<div class=\"row\">\n<div class=\"cell label\">Temple<\/div>\n<div class=\"cell value\">T4-T6<\/div>\n<\/div>\n<div class=\"row\">\n<div class=\"cell label\">Aplicaci\u00f3n<\/div>\n<div class=\"cell value\">Industrial<\/div>\n<\/div>\n<div class=\"row\">\n<div class=\"cell label\">Forma<\/div>\n<div class=\"cell value\">personalizado<\/div>\n<\/div>\n<div class=\"row\">\n<div class=\"cell label\">Aleaci\u00f3n o no<\/div>\n<div class=\"cell value\">Es aleaci\u00f3n<\/div>\n<\/div>\n<div class=\"row\">\n<div class=\"cell label\">Servicio de tramitaci\u00f3n<\/div>\n<div class=\"cell value\">Plegado, desenrollado, soldadura, punzonado, corte<\/div>\n<\/div>\n<div class=\"row\">\n<div class=\"cell label\">Tipo<\/div>\n<div class=\"cell value\">OEM ODM<\/div>\n<\/div>\n<div class=\"row\">\n<div class=\"cell label\">Espesor<\/div>\n<div class=\"cell value\">1mm-500mm<\/div>\n<\/div>\n<div class=\"row\">\n<div class=\"cell label\">Anchura<\/div>\n<div class=\"cell value\">10mm-600mm<\/div>\n<\/div>\n<div class=\"row\">\n<div class=\"cell label\">Longitud<\/div>\n<div class=\"cell value\">1000mm-12000mm o personalizado<\/div>\n<\/div>\n<div class=\"row\">\n<div class=\"cell label\">Est\u00e1ndar<\/div>\n<div class=\"cell value\">GB, ASTM, EN, JIS, AISI, DIN<\/div>\n<\/div>\n<div class=\"row\">\n<div class=\"cell label\">Superficie<\/div>\n<div class=\"cell value\">Acabado de fresado, anodizado, recubrimiento en polvo, etc.<\/div>\n<\/div>\n<div class=\"row\">\n<div class=\"cell label\">Certificaci\u00f3n<\/div>\n<div class=\"cell value\">CE, ISO9001, ISO14001, ISO45001, IATF16949<\/div>\n<\/div>\n<div class=\"row\">\n<div class=\"cell label\">Aplicaci\u00f3n<\/div>\n<div class=\"cell value\">Transporte ferroviario, autom\u00f3vil, electr\u00f3nica, electricidad y otras industrias<\/div>\n<\/div>\n<div class=\"row\">\n<div class=\"cell label\">Detalles del embalaje<\/div>\n<div class=\"cell value\">Cart\u00f3n\/Pel\u00edcula de burbujas\/Pal\u00e9 de madera<\/div>\n<\/div>\n<div class=\"row\">\n<div class=\"cell label\">Puerto de expedici\u00f3n<\/div>\n<div class=\"cell value\">Qingdao<\/div>\n<\/div>\n<div class=\"row\">\n<div class=\"cell label\">Unidades de venta<\/div>\n<div class=\"cell value\">Art\u00edculo individual<\/div>\n<\/div>\n<div class=\"row\">\n<div class=\"cell label\">Capacidad de suministro<\/div>\n<div class=\"cell value\">1500 toneladas al mes<\/div>\n<\/div>\n<\/div>\n<p><\/p>\n<h2>Nuestra base de fabricaci\u00f3n<\/h2>\n<h3>Panorama de la f\u00e1brica<\/h3>\n<p><img decoding=\"async\" src=\"\/wp-content\/uploads\/factory-01.webp\"\/><\/p>\n<h3>Taller de fabricaci\u00f3n de barras de aluminio<\/h3>\n<p><img decoding=\"async\" src=\"\/wp-content\/uploads\/factory-02.webp\"\/><\/p>\n<p><img decoding=\"async\" src=\"\/wp-content\/uploads\/factory-03.webp\"\/><\/p>\n<h3>Almac\u00e9n de moldes<\/h3>\n<p><img decoding=\"async\" src=\"\/wp-content\/uploads\/factory-04.webp\"\/><\/p>\n<h3>43 l\u00edneas de extrusi\u00f3n de aluminio (500-5500 toneladas)<\/h3>\n<p><img decoding=\"async\" src=\"\/wp-content\/uploads\/factory-05.webp\"\/><\/p>\n<p><img decoding=\"async\" src=\"\/wp-content\/uploads\/factory-06.webp\"\/><\/p>\n<p><img decoding=\"async\" src=\"\/wp-content\/uploads\/factory-07.webp\"\/><\/p>\n<h3>Taller de pintura en polvo<\/h3>\n<p><img decoding=\"async\" src=\"\/wp-content\/uploads\/factory-09.webp\"\/><\/p>\n<h3>Taller de anodizado<\/h3>\n<p><img decoding=\"async\" src=\"\/wp-content\/uploads\/factory-10.webp\"\/><\/p>\n<h3>Taller de procesamiento profundo<\/h3>\n<p><img decoding=\"async\" src=\"\/wp-content\/uploads\/factory-11.webp\"\/><\/p>\n<h3>Taller de mecanizado de precisi\u00f3n CNC<\/h3>\n<p><img decoding=\"async\" src=\"\/wp-content\/uploads\/factory-11.5.webp\"\/><\/p>\n<h3>Almac\u00e9n de productos acabados y de exportaci\u00f3n<\/h3>\n<p><img decoding=\"async\" src=\"\/wp-content\/uploads\/factory-12.webp\"\/><\/p>\n<p><img decoding=\"async\" src=\"\/wp-content\/uploads\/factory-13.webp\"\/><\/p>\n<p><img decoding=\"async\" src=\"\/wp-content\/uploads\/factory-14.webp\"\/><\/p>\n<h2>PREGUNTAS FRECUENTES<\/h2>\n<p><strong>1. \u00bfCu\u00e1les son las principales ventajas de utilizar aluminio para los disipadores de calor?<\/strong><br \/>El aluminio ofrece una excelente conductividad t\u00e9rmica y es ligero, por lo que resulta ideal para la dispersi\u00f3n del calor.<\/p>\n<p><strong>2. \u00bfPueden adaptarse los disipadores de calor de aluminio a formas espec\u00edficas?<\/strong><br \/>S\u00ed, los disipadores de calor de aluminio pueden mecanizarse f\u00e1cilmente y adaptarse a cualquier forma espec\u00edfica requerida.<\/p>\n<p><strong>3. \u00bfEs este material resistente a la corrosi\u00f3n?<\/strong><br \/>S\u00ed, el aluminio ofrece una gran resistencia a la corrosi\u00f3n, lo que aumenta la longevidad de los disipadores de calor.<\/p>\n<p><strong>4. \u00bfQu\u00e9 industrias utilizan habitualmente disipadores de calor de aluminio?<\/strong><br \/>Los disipadores de calor de aluminio se utilizan habitualmente en los sectores de la electr\u00f3nica, la automoci\u00f3n y la calefacci\u00f3n, ventilaci\u00f3n y aire acondicionado para una gesti\u00f3n eficaz del calor.<\/p>\n<p><strong>5. \u00bfC\u00f3mo se compara el aluminio con el cobre en los disipadores de calor?<\/strong><br \/>El aluminio es menos caro y m\u00e1s ligero que el cobre, sin dejar de ofrecer un buen rendimiento t\u00e9rmico.<\/p>\n<p><strong>6. \u00bfPodemos reciclar los materiales de aluminio de los disipadores de calor?<\/strong><br \/>S\u00ed, el aluminio es totalmente reciclable, lo que apoya las iniciativas de sostenibilidad medioambiental.<\/p>\n<p><strong>7. \u00bfSon compatibles los disipadores de calor de aluminio con las aplicaciones de alta temperatura?<\/strong><br \/>S\u00ed, los disipadores t\u00e9rmicos de aluminio pueden gestionar eficazmente el calor en aplicaciones de alta temperatura, garantizando la estabilidad del sistema.<\/p>\n<p><\/p>","protected":false},"featured_media":10756,"template":"","categories":[72],"class_list":["post-10924","product","type-product","status-publish","has-post-thumbnail","hentry","category-extruded-aluminum-heatsink"],"meta_box":{"hilight_text_group":[{"product_hilight_text":"<li>Excellent thermal conductivity for efficient heat dispersion<\/li>\n<li>Lightweight material, ideal for various applications<\/li>\n<li>Offers high resistance to corrosion and environmental factors<\/li>\n<li>Easy to machine and customize to specific requirements<\/li>\n<li>Supports green initiatives with recyclable properties<\/li>"}],"feature_list":[]},"_links":{"self":[{"href":"https:\/\/sinoextrud.com\/es\/wp-json\/wp\/v2\/product\/10924","targetHints":{"allow":["GET"]}}],"collection":[{"href":"https:\/\/sinoextrud.com\/es\/wp-json\/wp\/v2\/product"}],"about":[{"href":"https:\/\/sinoextrud.com\/es\/wp-json\/wp\/v2\/types\/product"}],"wp:featuredmedia":[{"embeddable":true,"href":"https:\/\/sinoextrud.com\/es\/wp-json\/wp\/v2\/media\/10756"}],"wp:attachment":[{"href":"https:\/\/sinoextrud.com\/es\/wp-json\/wp\/v2\/media?parent=10924"}],"wp:term":[{"taxonomy":"category","embeddable":true,"href":"https:\/\/sinoextrud.com\/es\/wp-json\/wp\/v2\/categories?post=10924"}],"curies":[{"name":"wp","href":"https:\/\/api.w.org\/{rel}","templated":true}]}}