{"id":10923,"date":"2025-08-01T03:13:00","date_gmt":"2025-08-01T03:13:00","guid":{"rendered":"https:\/\/sinoextrud.com\/product\/white-aluminum-enclosure-heat-sink\/"},"modified":"2025-08-01T03:13:00","modified_gmt":"2025-08-01T03:13:00","slug":"caja-de-aluminio-blanco-disipador-de-calor","status":"publish","type":"product","link":"https:\/\/sinoextrud.com\/es\/product\/white-aluminum-enclosure-heat-sink\/","title":{"rendered":"Disipador de calor con carcasa de aluminio blanco"},"content":{"rendered":"<h2>Productos<\/h2>\n<div class=\"product-table\">\n<div class=\"row\">\n<div class=\"cell label\">Grado<\/div>\n<div class=\"cell value\">Serie 6000<\/div>\n<\/div>\n<div class=\"row\">\n<div class=\"cell label\">Tolerancia<\/div>\n<div class=\"cell value\">\u00c2\u00b11%<\/div>\n<\/div>\n<div class=\"row\">\n<div class=\"cell label\">Plazo de entrega<\/div>\n<div class=\"cell value\">8-14 d\u00edas<\/div>\n<\/div>\n<div class=\"row\">\n<div class=\"cell label\">Temple<\/div>\n<div class=\"cell value\">T3-T8<\/div>\n<\/div>\n<div class=\"row\">\n<div class=\"cell label\">Aplicaci\u00f3n<\/div>\n<div class=\"cell value\">Disipador de calor<\/div>\n<\/div>\n<div class=\"row\">\n<div class=\"cell label\">Forma<\/div>\n<div class=\"cell value\">Cuadrado<\/div>\n<\/div>\n<div class=\"row\">\n<div class=\"cell label\">Aleaci\u00f3n o no<\/div>\n<div class=\"cell value\">Es aleaci\u00f3n<\/div>\n<\/div>\n<div class=\"row\">\n<div class=\"cell label\">Servicio de tramitaci\u00f3n<\/div>\n<div class=\"cell value\">Plegado, desenrollado, soldadura, punzonado, corte, extrusi\u00f3n<\/div>\n<\/div>\n<div class=\"row\">\n<div class=\"cell label\">Nombre del producto<\/div>\n<div class=\"cell value\">LED Perfil de aluminio<\/div>\n<\/div>\n<div class=\"row\">\n<div class=\"cell label\">Proceso<\/div>\n<div class=\"cell value\">Extrusi\u00f3n<\/div>\n<\/div>\n<div class=\"row\">\n<div class=\"cell label\">Material<\/div>\n<div class=\"cell value\">1070 aluminio<\/div>\n<\/div>\n<div class=\"row\">\n<div class=\"cell label\">Certificaci\u00f3n<\/div>\n<div class=\"cell value\">ISO9001:2015<\/div>\n<\/div>\n<div class=\"row\">\n<div class=\"cell label\">Talla<\/div>\n<div class=\"cell value\">93,5*49,5 mm<\/div>\n<\/div>\n<div class=\"row\">\n<div class=\"cell label\">Tratamiento de superficies<\/div>\n<div class=\"cell value\">Acabado de fresado<\/div>\n<\/div>\n<div class=\"row\">\n<div class=\"cell label\">Palabra clave<\/div>\n<div class=\"cell value\">carcasa del disipador t\u00e9rmico de aluminio extruido<\/div>\n<\/div>\n<div class=\"row\">\n<div class=\"cell label\">Utilizaci\u00f3n<\/div>\n<div class=\"cell value\">Disipador de calor<\/div>\n<\/div>\n<div class=\"row\">\n<div class=\"cell label\">Tipo<\/div>\n<div class=\"cell value\">Perfiles de extrusi\u00f3n de disipadores t\u00e9rmicos de aluminio OEM<\/div>\n<\/div>\n<div class=\"row\">\n<div class=\"cell label\">Unidades de venta<\/div>\n<div class=\"cell value\">Art\u00edculo individual<\/div>\n<\/div>\n<div class=\"row\">\n<div class=\"cell label\">Tama\u00f1o de envase individual<\/div>\n<div class=\"cell value\">10X10X5 cm<\/div>\n<\/div>\n<div class=\"row\">\n<div class=\"cell label\">Peso bruto \u00fanico<\/div>\n<div class=\"cell value\">1.500 KG<\/div>\n<\/div>\n<\/div>\n<p><\/p>\n<h2>Nuestra base de fabricaci\u00f3n<\/h2>\n<h3>Panorama de la f\u00e1brica<\/h3>\n<p><img decoding=\"async\" src=\"\/wp-content\/uploads\/factory-01.webp\"\/><\/p>\n<h3>Taller de fabricaci\u00f3n de barras de aluminio<\/h3>\n<p><img decoding=\"async\" src=\"\/wp-content\/uploads\/factory-02.webp\"\/><\/p>\n<p><img decoding=\"async\" src=\"\/wp-content\/uploads\/factory-03.webp\"\/><\/p>\n<h3>Almac\u00e9n de moldes<\/h3>\n<p><img decoding=\"async\" src=\"\/wp-content\/uploads\/factory-04.webp\"\/><\/p>\n<h3>43 l\u00edneas de extrusi\u00f3n de aluminio (500-5500 toneladas)<\/h3>\n<p><img decoding=\"async\" src=\"\/wp-content\/uploads\/factory-05.webp\"\/><\/p>\n<p><img decoding=\"async\" src=\"\/wp-content\/uploads\/factory-06.webp\"\/><\/p>\n<p><img decoding=\"async\" src=\"\/wp-content\/uploads\/factory-07.webp\"\/><\/p>\n<h3>Taller de pintura en polvo<\/h3>\n<p><img decoding=\"async\" src=\"\/wp-content\/uploads\/factory-09.webp\"\/><\/p>\n<h3>Taller de anodizado<\/h3>\n<p><img decoding=\"async\" src=\"\/wp-content\/uploads\/factory-10.webp\"\/><\/p>\n<h3>Taller de procesamiento profundo<\/h3>\n<p><img decoding=\"async\" src=\"\/wp-content\/uploads\/factory-11.webp\"\/><\/p>\n<h3>Taller de mecanizado de precisi\u00f3n CNC<\/h3>\n<p><img decoding=\"async\" src=\"\/wp-content\/uploads\/factory-11.5.webp\"\/><\/p>\n<h3>Almac\u00e9n de productos acabados y de exportaci\u00f3n<\/h3>\n<p><img decoding=\"async\" src=\"\/wp-content\/uploads\/factory-12.webp\"\/><\/p>\n<p><img decoding=\"async\" src=\"\/wp-content\/uploads\/factory-13.webp\"\/><\/p>\n<p><img decoding=\"async\" src=\"\/wp-content\/uploads\/factory-14.webp\"\/><\/p>\n<h2>PREGUNTAS FRECUENTES<\/h2>\n<p><strong>1. \u00bfCu\u00e1l es la funci\u00f3n principal del disipador de calor de la caja de aluminio blanca?<\/strong><br \/>El disipador de calor est\u00e1 dise\u00f1ado para disipar eficazmente el calor de los dispositivos y componentes electr\u00f3nicos.<\/p>\n<p><strong>2. \u00bfPuede personalizarse el tama\u00f1o del disipador de calor?<\/strong><br \/>S\u00ed, ofrecemos la personalizaci\u00f3n de las dimensiones para satisfacer los requisitos espec\u00edficos de los equipos.<\/p>\n<p><strong>3. \u00bfEs adecuado este disipador de calor para entornos industriales dif\u00edciles?<\/strong><br \/>S\u00ed, est\u00e1 dise\u00f1ado con materiales robustos para soportar condiciones industriales exigentes.<\/p>\n<p><strong>4. \u00bfRequiere el disipador de calor accesorios de montaje adicionales?<\/strong><br \/>Las opciones de montaje est\u00e1n dise\u00f1adas para ser vers\u00e1tiles y pueden o no requerir hardware adicional, dependiendo de las necesidades de la aplicaci\u00f3n.<\/p>\n<p><strong>5. \u00bfCu\u00e1l es la vida \u00fatil prevista de este disipador de calor?<\/strong><br \/>Fabricado con aluminio de alta calidad, el producto garantiza durabilidad y rendimiento a largo plazo.<\/p>\n<p><strong>6. \u00bfPuede utilizarse el disipador de calor tanto en interiores como en exteriores?<\/strong><br \/>S\u00ed, su construcci\u00f3n permite un uso eficaz tanto en interiores como en exteriores, siempre que se instale correctamente.<\/p>\n<p><strong>7. \u00bfQu\u00e9 industrias utilizan habitualmente disipadores de calor de aluminio?<\/strong><br \/>Se utilizan ampliamente en electr\u00f3nica, automoci\u00f3n, telecomunicaciones e industrias energ\u00e9ticas.<\/p>\n<p><\/p>","protected":false},"featured_media":10849,"template":"","categories":[72],"class_list":["post-10923","product","type-product","status-publish","has-post-thumbnail","hentry","category-extruded-aluminum-heatsink"],"meta_box":{"hilight_text_group":[{"product_hilight_text":"<li>Engineered for optimal heat dissipation in electronic devices<\/li>\n<li>Suitable for a wide range of industrial applications<\/li>\n<li>Customizable dimensions to fit specific client needs<\/li>\n<li>Constructed from high-quality aluminum for durability and efficiency<\/li>\n<li>Available for OEM and ODM with flexible manufacturing options<\/li>"}],"feature_list":[]},"_links":{"self":[{"href":"https:\/\/sinoextrud.com\/es\/wp-json\/wp\/v2\/product\/10923","targetHints":{"allow":["GET"]}}],"collection":[{"href":"https:\/\/sinoextrud.com\/es\/wp-json\/wp\/v2\/product"}],"about":[{"href":"https:\/\/sinoextrud.com\/es\/wp-json\/wp\/v2\/types\/product"}],"wp:featuredmedia":[{"embeddable":true,"href":"https:\/\/sinoextrud.com\/es\/wp-json\/wp\/v2\/media\/10849"}],"wp:attachment":[{"href":"https:\/\/sinoextrud.com\/es\/wp-json\/wp\/v2\/media?parent=10923"}],"wp:term":[{"taxonomy":"category","embeddable":true,"href":"https:\/\/sinoextrud.com\/es\/wp-json\/wp\/v2\/categories?post=10923"}],"curies":[{"name":"wp","href":"https:\/\/api.w.org\/{rel}","templated":true}]}}