{"id":10920,"date":"2025-08-01T03:12:51","date_gmt":"2025-08-01T03:12:51","guid":{"rendered":"https:\/\/sinoextrud.com\/product\/standard-extruded-aluminum-shapes-for-assembly\/"},"modified":"2025-08-01T03:12:51","modified_gmt":"2025-08-01T03:12:51","slug":"formas-estandar-de-aluminio-extruido-para-montaje","status":"publish","type":"product","link":"https:\/\/sinoextrud.com\/es\/product\/standard-extruded-aluminum-shapes-for-assembly\/","title":{"rendered":"Formas est\u00e1ndar de aluminio extruido para montaje"},"content":{"rendered":"<h2>Productos<\/h2>\n<div class=\"product-table\">\n<div class=\"row\">\n<div class=\"cell label\">Grado<\/div>\n<div class=\"cell value\">Serie 6000<\/div>\n<\/div>\n<div class=\"row\">\n<div class=\"cell label\">Tolerancia<\/div>\n<div class=\"cell value\">\u00c2\u00b15%<\/div>\n<\/div>\n<div class=\"row\">\n<div class=\"cell label\">Plazo de entrega<\/div>\n<div class=\"cell value\">8-14 d\u00edas<\/div>\n<\/div>\n<div class=\"row\">\n<div class=\"cell label\">Temple<\/div>\n<div class=\"cell value\">T3-T8<\/div>\n<\/div>\n<div class=\"row\">\n<div class=\"cell label\">Aplicaci\u00f3n<\/div>\n<div class=\"cell value\">Otros<\/div>\n<\/div>\n<div class=\"row\">\n<div class=\"cell label\">Forma<\/div>\n<div class=\"cell value\">Cuadrado<\/div>\n<\/div>\n<div class=\"row\">\n<div class=\"cell label\">Aleaci\u00f3n o no<\/div>\n<div class=\"cell value\">Es aleaci\u00f3n<\/div>\n<\/div>\n<div class=\"row\">\n<div class=\"cell label\">Servicio de tramitaci\u00f3n<\/div>\n<div class=\"cell value\">Corte<\/div>\n<\/div>\n<div class=\"row\">\n<div class=\"cell label\">nombre del producto<\/div>\n<div class=\"cell value\">perfil de extrusi\u00f3n de aluminio<\/div>\n<\/div>\n<div class=\"row\">\n<div class=\"cell label\">Superficie<\/div>\n<div class=\"cell value\">anodizado o electroforesis<\/div>\n<\/div>\n<div class=\"row\">\n<div class=\"cell label\">longitud<\/div>\n<div class=\"cell value\">50-6000 mm<\/div>\n<\/div>\n<div class=\"row\">\n<div class=\"cell label\">Material<\/div>\n<div class=\"cell value\">Aleaci\u00f3n de aluminio 6063 t5<\/div>\n<\/div>\n<div class=\"row\">\n<div class=\"cell label\">Forma<\/div>\n<div class=\"cell value\">Cuadrado, rect\u00e1ngulo o personalizado<\/div>\n<\/div>\n<div class=\"row\">\n<div class=\"cell label\">nombre<\/div>\n<div class=\"cell value\">Perfil de aluminio<\/div>\n<\/div>\n<div class=\"row\">\n<div class=\"cell label\">Plazo de entrega<\/div>\n<div class=\"cell value\">2-7 d\u00edas despu\u00e9s del pago<\/div>\n<\/div>\n<div class=\"row\">\n<div class=\"cell label\">Aplicaci\u00f3n<\/div>\n<div class=\"cell value\">Uso industrial<\/div>\n<\/div>\n<div class=\"row\">\n<div class=\"cell label\">Plazo de pago<\/div>\n<div class=\"cell value\">T\/T, L\/C<\/div>\n<\/div>\n<div class=\"row\">\n<div class=\"cell label\">Certificado<\/div>\n<div class=\"cell value\">ISO 9001\/ROHS<\/div>\n<\/div>\n<div class=\"row\">\n<div class=\"cell label\">Detalles del embalaje<\/div>\n<div class=\"cell value\">1.Embalaje en capas de gomaespuma y film de burbujas para perfiles;<\/div>\n<\/div>\n<div class=\"row\">\n<div class=\"cell label\">Unidades de venta<\/div>\n<div class=\"cell value\">Art\u00edculo individual<\/div>\n<\/div>\n<div class=\"row\">\n<div class=\"cell label\">Tama\u00f1o de envase individual<\/div>\n<div class=\"cell value\">100X10X10 cm<\/div>\n<\/div>\n<div class=\"row\">\n<div class=\"cell label\">Peso bruto \u00fanico<\/div>\n<div class=\"cell value\">2.000 KG<\/div>\n<\/div>\n<\/div>\n<p><\/p>\n<h2>Nuestra base de fabricaci\u00f3n<\/h2>\n<h3>Panorama de la f\u00e1brica<\/h3>\n<p><img decoding=\"async\" src=\"\/wp-content\/uploads\/factory-01.webp\"\/><\/p>\n<h3>Taller de fabricaci\u00f3n de barras de aluminio<\/h3>\n<p><img decoding=\"async\" src=\"\/wp-content\/uploads\/factory-02.webp\"\/><\/p>\n<p><img decoding=\"async\" src=\"\/wp-content\/uploads\/factory-03.webp\"\/><\/p>\n<h3>Almac\u00e9n de moldes<\/h3>\n<p><img decoding=\"async\" src=\"\/wp-content\/uploads\/factory-04.webp\"\/><\/p>\n<h3>43 l\u00edneas de extrusi\u00f3n de aluminio (500-5500 toneladas)<\/h3>\n<p><img decoding=\"async\" src=\"\/wp-content\/uploads\/factory-05.webp\"\/><\/p>\n<p><img decoding=\"async\" src=\"\/wp-content\/uploads\/factory-06.webp\"\/><\/p>\n<p><img decoding=\"async\" src=\"\/wp-content\/uploads\/factory-07.webp\"\/><\/p>\n<h3>Taller de pintura en polvo<\/h3>\n<p><img decoding=\"async\" src=\"\/wp-content\/uploads\/factory-09.webp\"\/><\/p>\n<h3>Taller de anodizado<\/h3>\n<p><img decoding=\"async\" src=\"\/wp-content\/uploads\/factory-10.webp\"\/><\/p>\n<h3>Taller de procesamiento profundo<\/h3>\n<p><img decoding=\"async\" src=\"\/wp-content\/uploads\/factory-11.webp\"\/><\/p>\n<h3>Taller de mecanizado de precisi\u00f3n CNC<\/h3>\n<p><img decoding=\"async\" src=\"\/wp-content\/uploads\/factory-11.5.webp\"\/><\/p>\n<h3>Almac\u00e9n de productos acabados y de exportaci\u00f3n<\/h3>\n<p><img decoding=\"async\" src=\"\/wp-content\/uploads\/factory-12.webp\"\/><\/p>\n<p><img decoding=\"async\" src=\"\/wp-content\/uploads\/factory-13.webp\"\/><\/p>\n<p><img decoding=\"async\" src=\"\/wp-content\/uploads\/factory-14.webp\"\/><\/p>\n<h2>PREGUNTAS FRECUENTES<\/h2>\n<p><strong>1. \u00bfQu\u00e9 industrias pueden utilizar perfiles de aluminio extruido?<\/strong><br \/>Las formas de aluminio extruido son vers\u00e1tiles y se utilizan en sectores como la construcci\u00f3n, la automoci\u00f3n y la electr\u00f3nica.<\/p>\n<p><strong>2. \u00bfPueden personalizarse las formas de aluminio?<\/strong><br \/>S\u00ed, ofrecemos personalizaci\u00f3n para adaptarnos a los requisitos espec\u00edficos de cada proyecto.<\/p>\n<p><strong>3. \u00bfSon estas formas de aluminio resistentes a la corrosi\u00f3n?<\/strong><br \/>S\u00ed, nuestras formas de aluminio extruido est\u00e1n dise\u00f1adas para resistir eficazmente la corrosi\u00f3n.<\/p>\n<p><strong>4. \u00bfProporcionan fabricaci\u00f3n de alta precisi\u00f3n?<\/strong><br \/>S\u00ed, nuestro proceso de producci\u00f3n garantiza una alta precisi\u00f3n y una calidad constante.<\/p>\n<p><strong>5. \u00bfEs la conductividad t\u00e9rmica una caracter\u00edstica de estas formas?<\/strong><br \/>S\u00ed, ofrecen una conductividad t\u00e9rmica eficaz para mejorar el rendimiento.<\/p>\n<p><strong>6. \u00bfQu\u00e9 tama\u00f1os hay disponibles para las formas de aluminio extruido?<\/strong><br \/>Est\u00e1n disponibles en una amplia gama de perfiles y tama\u00f1os para satisfacer diversas necesidades.<\/p>\n<p><strong>7. \u00bfSe dispone de muestras para garantizar la calidad?<\/strong><br \/>S\u00ed, ofrecemos muestras para asegurarnos de que nuestros productos cumplen sus expectativas antes de realizar pedidos al por mayor.<\/p>\n<p><\/p>","protected":false},"featured_media":10851,"template":"","categories":[55],"class_list":["post-10920","product","type-product","status-publish","has-post-thumbnail","hentry","category-extruded-aluminum-profiles"],"meta_box":{"hilight_text_group":[{"product_hilight_text":"<li>High precision manufacturing for consistent quality<\/li>\n<li>Available in a wide range of profiles and sizes<\/li>\n<li>Custom fabrication options for specific industry needs<\/li>\n<li>Corrosion-resistant and lightweight for diverse applications<\/li>\n<li>Efficient thermal conductivity properties for enhanced performance<\/li>"}],"feature_list":[]},"_links":{"self":[{"href":"https:\/\/sinoextrud.com\/es\/wp-json\/wp\/v2\/product\/10920","targetHints":{"allow":["GET"]}}],"collection":[{"href":"https:\/\/sinoextrud.com\/es\/wp-json\/wp\/v2\/product"}],"about":[{"href":"https:\/\/sinoextrud.com\/es\/wp-json\/wp\/v2\/types\/product"}],"wp:featuredmedia":[{"embeddable":true,"href":"https:\/\/sinoextrud.com\/es\/wp-json\/wp\/v2\/media\/10851"}],"wp:attachment":[{"href":"https:\/\/sinoextrud.com\/es\/wp-json\/wp\/v2\/media?parent=10920"}],"wp:term":[{"taxonomy":"category","embeddable":true,"href":"https:\/\/sinoextrud.com\/es\/wp-json\/wp\/v2\/categories?post=10920"}],"curies":[{"name":"wp","href":"https:\/\/api.w.org\/{rel}","templated":true}]}}