{"id":10916,"date":"2025-08-01T03:12:41","date_gmt":"2025-08-01T03:12:41","guid":{"rendered":"https:\/\/sinoextrud.com\/product\/aluminum-heat-sink-for-led-lighting-systems\/"},"modified":"2025-08-01T03:12:41","modified_gmt":"2025-08-01T03:12:41","slug":"disipador-de-calor-de-aluminio-para-sistemas-de-iluminacion-led","status":"publish","type":"product","link":"https:\/\/sinoextrud.com\/es\/product\/aluminum-heat-sink-for-led-lighting-systems\/","title":{"rendered":"Disipador de calor de aluminio para sistemas de iluminaci\u00f3n LED"},"content":{"rendered":"<h2>Productos<\/h2>\n<div class=\"product-table\">\n<div class=\"row\">\n<div class=\"cell label\">Tratamiento de superficies<\/div>\n<div class=\"cell value\">Oxidaci\u00f3n an\u00f3dica<\/div>\n<\/div>\n<div class=\"row\">\n<div class=\"cell label\">Forma<\/div>\n<div class=\"cell value\">RONDA<\/div>\n<\/div>\n<div class=\"row\">\n<div class=\"cell label\">Material del cuerpo<\/div>\n<div class=\"cell value\">Aluminio<\/div>\n<\/div>\n<div class=\"row\">\n<div class=\"cell label\">Tipo<\/div>\n<div class=\"cell value\">Disipadores de calor<\/div>\n<\/div>\n<div class=\"row\">\n<div class=\"cell label\">Servicio de soluciones de iluminaci\u00f3n<\/div>\n<div class=\"cell value\">Dise\u00f1o de iluminaci\u00f3n y circuitos, dise\u00f1o CAD autom\u00e1tico<\/div>\n<\/div>\n<div class=\"row\">\n<div class=\"cell label\">Garant\u00eda(A\u00f1o)<\/div>\n<div class=\"cell value\">3 a\u00f1os<\/div>\n<\/div>\n<div class=\"row\">\n<div class=\"cell label\">Proceso<\/div>\n<div class=\"cell value\">forja en fr\u00edo<\/div>\n<\/div>\n<div class=\"row\">\n<div class=\"cell label\">Clasificaci\u00f3n IP<\/div>\n<div class=\"cell value\">IP65<\/div>\n<\/div>\n<div class=\"row\">\n<div class=\"cell label\">Color de la carrocer\u00eda<\/div>\n<div class=\"cell value\">Negro<\/div>\n<\/div>\n<div class=\"row\">\n<div class=\"cell label\">Nombre del producto<\/div>\n<div class=\"cell value\">Disipador de calor Led de aluminio<\/div>\n<\/div>\n<div class=\"row\">\n<div class=\"cell label\">Modelo<\/div>\n<div class=\"cell value\">YL15660<\/div>\n<\/div>\n<div class=\"row\">\n<div class=\"cell label\">Dimensi\u00f3n<\/div>\n<div class=\"cell value\">Dia153*H60<\/div>\n<\/div>\n<div class=\"row\">\n<div class=\"cell label\">Potencia<\/div>\n<div class=\"cell value\">50-70W<\/div>\n<\/div>\n<div class=\"row\">\n<div class=\"cell label\">Material<\/div>\n<div class=\"cell value\">AL1070<\/div>\n<\/div>\n<div class=\"row\">\n<div class=\"cell label\">Aplicaci\u00f3n<\/div>\n<div class=\"cell value\">Disipador de calor para iluminaci\u00f3n Led<\/div>\n<\/div>\n<div class=\"row\">\n<div class=\"cell label\">Color<\/div>\n<div class=\"cell value\">Negro Etc<\/div>\n<\/div>\n<div class=\"row\">\n<div class=\"cell label\">Utilizaci\u00f3n<\/div>\n<div class=\"cell value\">Disipador t\u00e9rmico LED Disipador t\u00e9rmico de aluminio<\/div>\n<\/div>\n<div class=\"row\">\n<div class=\"cell label\">Personalizaci\u00f3n<\/div>\n<div class=\"cell value\">Disponible<\/div>\n<\/div>\n<div class=\"row\">\n<div class=\"cell label\">T\u00e9cnica de tratamiento<\/div>\n<div class=\"cell value\">Oxidaci\u00f3n an\u00f3dica<\/div>\n<\/div>\n<div class=\"row\">\n<div class=\"cell label\">Unidades de venta<\/div>\n<div class=\"cell value\">Art\u00edculo individual<\/div>\n<\/div>\n<div class=\"row\">\n<div class=\"cell label\">Tama\u00f1o de envase individual<\/div>\n<div class=\"cell value\">15,5X15,5X6,5 cm<\/div>\n<\/div>\n<div class=\"row\">\n<div class=\"cell label\">Peso bruto \u00fanico<\/div>\n<div class=\"cell value\">1.500 KG<\/div>\n<\/div>\n<\/div>\n<p><\/p>\n<h2>Nuestra base de fabricaci\u00f3n<\/h2>\n<h3>Panorama de la f\u00e1brica<\/h3>\n<p><img decoding=\"async\" src=\"\/wp-content\/uploads\/factory-01.webp\"\/><\/p>\n<h3>Taller de fabricaci\u00f3n de barras de aluminio<\/h3>\n<p><img decoding=\"async\" src=\"\/wp-content\/uploads\/factory-02.webp\"\/><\/p>\n<p><img decoding=\"async\" src=\"\/wp-content\/uploads\/factory-03.webp\"\/><\/p>\n<h3>Almac\u00e9n de moldes<\/h3>\n<p><img decoding=\"async\" src=\"\/wp-content\/uploads\/factory-04.webp\"\/><\/p>\n<h3>43 l\u00edneas de extrusi\u00f3n de aluminio (500-5500 toneladas)<\/h3>\n<p><img decoding=\"async\" src=\"\/wp-content\/uploads\/factory-05.webp\"\/><\/p>\n<p><img decoding=\"async\" src=\"\/wp-content\/uploads\/factory-06.webp\"\/><\/p>\n<p><img decoding=\"async\" src=\"\/wp-content\/uploads\/factory-07.webp\"\/><\/p>\n<h3>Taller de pintura en polvo<\/h3>\n<p><img decoding=\"async\" src=\"\/wp-content\/uploads\/factory-09.webp\"\/><\/p>\n<h3>Taller de anodizado<\/h3>\n<p><img decoding=\"async\" src=\"\/wp-content\/uploads\/factory-10.webp\"\/><\/p>\n<h3>Taller de procesamiento profundo<\/h3>\n<p><img decoding=\"async\" src=\"\/wp-content\/uploads\/factory-11.webp\"\/><\/p>\n<h3>Taller de mecanizado de precisi\u00f3n CNC<\/h3>\n<p><img decoding=\"async\" src=\"\/wp-content\/uploads\/factory-11.5.webp\"\/><\/p>\n<h3>Almac\u00e9n de productos acabados y de exportaci\u00f3n<\/h3>\n<p><img decoding=\"async\" src=\"\/wp-content\/uploads\/factory-12.webp\"\/><\/p>\n<p><img decoding=\"async\" src=\"\/wp-content\/uploads\/factory-13.webp\"\/><\/p>\n<p><img decoding=\"async\" src=\"\/wp-content\/uploads\/factory-14.webp\"\/><\/p>\n<h2>PREGUNTAS FRECUENTES<\/h2>\n<p><strong>1. \u00bfQu\u00e9 hace que los disipadores de calor de aluminio sean adecuados para la iluminaci\u00f3n LED?<\/strong><br \/>Los disipadores de calor de aluminio ofrecen una excelente conductividad t\u00e9rmica, por lo que son ideales para disipar el calor en sistemas de iluminaci\u00f3n LED.<\/p>\n<p><strong>2. \u00bfSe puede personalizar el disipador de calor para diferentes tama\u00f1os de luces LED?<\/strong><br \/>S\u00ed, nuestros disipadores de calor de aluminio pueden adaptarse a dimensiones y dise\u00f1os espec\u00edficos para diversas luces LED.<\/p>\n<p><strong>3. \u00bfEste disipador de calor de aluminio es adecuado para la iluminaci\u00f3n LED exterior?<\/strong><br \/>S\u00ed, fabricado con materiales duraderos, es adecuado para aplicaciones de iluminaci\u00f3n tanto en interiores como en exteriores.<\/p>\n<p><strong>4. \u00bfNecesitan mantenimiento los disipadores de calor de aluminio?<\/strong><br \/>Por lo general, los disipadores de calor de aluminio requieren un mantenimiento m\u00ednimo, pero se recomienda limpiarlos con regularidad para garantizar un rendimiento \u00f3ptimo.<\/p>\n<p><strong>5. \u00bfPueden los disipadores de calor de aluminio mejorar la vida \u00fatil de la iluminaci\u00f3n LED?<\/strong><br \/>S\u00ed, al disipar eficazmente el calor, los disipadores t\u00e9rmicos de aluminio ayudan a prolongar la vida \u00fatil de las luces LED.<\/p>\n<p><strong>6. \u00bfSon compatibles estos disipadores de calor con aplicaciones LED de alta potencia?<\/strong><br \/>Absolutamente, nuestros disipadores de calor de aluminio est\u00e1n dise\u00f1ados para soportar LEDs de alta potencia mediante la gesti\u00f3n eficaz de la salida de calor.<\/p>\n<p><strong>7. \u00bfOfrecen la posibilidad de comprar disipadores de calor de aluminio al por mayor?<\/strong><br \/>S\u00ed, ofrecemos precios competitivos y admitimos pedidos al por mayor para adaptarnos a las necesidades de su empresa.<\/p>\n<p><\/p>","protected":false},"featured_media":10750,"template":"","categories":[72],"class_list":["post-10916","product","type-product","status-publish","has-post-thumbnail","hentry","category-extruded-aluminum-heatsink"],"meta_box":{"hilight_text_group":[{"product_hilight_text":"<li>Optimized for efficient heat dissipation in LED systems<\/li>\n<li>Customizable dimensions and designs to fit various LED configurations<\/li>\n<li>Made from high-quality aluminum for enhanced thermal conductivity<\/li>\n<li>Lightweight yet durable construction ideal for diverse lighting applications<\/li>\n<li>Supports both high-power and compact LED lighting solutions<\/li>"}],"feature_list":[]},"_links":{"self":[{"href":"https:\/\/sinoextrud.com\/es\/wp-json\/wp\/v2\/product\/10916","targetHints":{"allow":["GET"]}}],"collection":[{"href":"https:\/\/sinoextrud.com\/es\/wp-json\/wp\/v2\/product"}],"about":[{"href":"https:\/\/sinoextrud.com\/es\/wp-json\/wp\/v2\/types\/product"}],"wp:featuredmedia":[{"embeddable":true,"href":"https:\/\/sinoextrud.com\/es\/wp-json\/wp\/v2\/media\/10750"}],"wp:attachment":[{"href":"https:\/\/sinoextrud.com\/es\/wp-json\/wp\/v2\/media?parent=10916"}],"wp:term":[{"taxonomy":"category","embeddable":true,"href":"https:\/\/sinoextrud.com\/es\/wp-json\/wp\/v2\/categories?post=10916"}],"curies":[{"name":"wp","href":"https:\/\/api.w.org\/{rel}","templated":true}]}}