{"id":10913,"date":"2025-08-01T03:12:33","date_gmt":"2025-08-01T03:12:33","guid":{"rendered":"https:\/\/sinoextrud.com\/product\/anodized-aluminum-trim-molding-for-panels\/"},"modified":"2025-08-01T03:12:33","modified_gmt":"2025-08-01T03:12:33","slug":"molduras-de-aluminio-anodizado-para-paneles","status":"publish","type":"product","link":"https:\/\/sinoextrud.com\/es\/product\/anodized-aluminum-trim-molding-for-panels\/","title":{"rendered":"Moldura de aluminio anodizado para paneles"},"content":{"rendered":"<h2>Productos<\/h2>\n<div class=\"product-table\">\n<div class=\"row\">\n<div class=\"cell label\">Estilo de dise\u00f1o<\/div>\n<div class=\"cell value\">Moderno<\/div>\n<\/div>\n<div class=\"row\">\n<div class=\"cell label\">Tipo de accesorio<\/div>\n<div class=\"cell value\">Molduras<\/div>\n<\/div>\n<div class=\"row\">\n<div class=\"cell label\">Servicio posventa<\/div>\n<div class=\"cell value\">Asistencia t\u00e9cnica en l\u00ednea<\/div>\n<\/div>\n<div class=\"row\">\n<div class=\"cell label\">Garant\u00eda<\/div>\n<div class=\"cell value\">5 a\u00f1os<\/div>\n<\/div>\n<div class=\"row\">\n<div class=\"cell label\">Capacidad de soluci\u00f3n de proyectos<\/div>\n<div class=\"cell value\">dise\u00f1o gr\u00e1fico, dise\u00f1o de modelos 3D<\/div>\n<\/div>\n<div class=\"row\">\n<div class=\"cell label\">Aplicaci\u00f3n<\/div>\n<div class=\"cell value\">Apartamento<\/div>\n<\/div>\n<div class=\"row\">\n<div class=\"cell label\">Nombre del producto<\/div>\n<div class=\"cell value\">Precio de f\u00e1brica de aluminio anodizado duradero T Trim perfiles de moldeo<\/div>\n<\/div>\n<div class=\"row\">\n<div class=\"cell label\">Aplicaci\u00f3n<\/div>\n<div class=\"cell value\">Protecci\u00f3n de esquinas<\/div>\n<\/div>\n<div class=\"row\">\n<div class=\"cell label\">Material<\/div>\n<div class=\"cell value\">Aluminio<\/div>\n<\/div>\n<div class=\"row\">\n<div class=\"cell label\">Tratamiento de superficies<\/div>\n<div class=\"cell value\">Anodizado<\/div>\n<\/div>\n<div class=\"row\">\n<div class=\"cell label\">Color<\/div>\n<div class=\"cell value\">Plata<\/div>\n<\/div>\n<div class=\"row\">\n<div class=\"cell label\">Altura<\/div>\n<div class=\"cell value\">8\/10\/12mm\/Custiomizado<\/div>\n<\/div>\n<div class=\"row\">\n<div class=\"cell label\">Longitud<\/div>\n<div class=\"cell value\">2,44m\/ 2,5m\/ 2,7m\/ 3m\/ A medida<\/div>\n<\/div>\n<div class=\"row\">\n<div class=\"cell label\">Paquete<\/div>\n<div class=\"cell value\">100 Unidades\/Cart\u00f3n<\/div>\n<\/div>\n<div class=\"row\">\n<div class=\"cell label\">MOQ<\/div>\n<div class=\"cell value\">500 Piezas<\/div>\n<\/div>\n<div class=\"row\">\n<div class=\"cell label\">Plazo de entrega<\/div>\n<div class=\"cell value\">15-20 d\u00edas<\/div>\n<\/div>\n<div class=\"row\">\n<div class=\"cell label\">Unidades de venta<\/div>\n<div class=\"cell value\">Art\u00edculo individual<\/div>\n<\/div>\n<div class=\"row\">\n<div class=\"cell label\">Tama\u00f1o de envase individual<\/div>\n<div class=\"cell value\">15X15X15 cm<\/div>\n<\/div>\n<div class=\"row\">\n<div class=\"cell label\">Peso bruto \u00fanico<\/div>\n<div class=\"cell value\">0,500 KG<\/div>\n<\/div>\n<\/div>\n<p><\/p>\n<h2>Nuestra base de fabricaci\u00f3n<\/h2>\n<h3>Panorama de la f\u00e1brica<\/h3>\n<p><img decoding=\"async\" src=\"\/wp-content\/uploads\/factory-01.webp\"\/><\/p>\n<h3>Taller de fabricaci\u00f3n de barras de aluminio<\/h3>\n<p><img decoding=\"async\" src=\"\/wp-content\/uploads\/factory-02.webp\"\/><\/p>\n<p><img decoding=\"async\" src=\"\/wp-content\/uploads\/factory-03.webp\"\/><\/p>\n<h3>Almac\u00e9n de moldes<\/h3>\n<p><img decoding=\"async\" src=\"\/wp-content\/uploads\/factory-04.webp\"\/><\/p>\n<h3>43 l\u00edneas de extrusi\u00f3n de aluminio (500-5500 toneladas)<\/h3>\n<p><img decoding=\"async\" src=\"\/wp-content\/uploads\/factory-05.webp\"\/><\/p>\n<p><img decoding=\"async\" src=\"\/wp-content\/uploads\/factory-06.webp\"\/><\/p>\n<p><img decoding=\"async\" src=\"\/wp-content\/uploads\/factory-07.webp\"\/><\/p>\n<h3>Taller de pintura en polvo<\/h3>\n<p><img decoding=\"async\" src=\"\/wp-content\/uploads\/factory-09.webp\"\/><\/p>\n<h3>Taller de anodizado<\/h3>\n<p><img decoding=\"async\" src=\"\/wp-content\/uploads\/factory-10.webp\"\/><\/p>\n<h3>Taller de procesamiento profundo<\/h3>\n<p><img decoding=\"async\" src=\"\/wp-content\/uploads\/factory-11.webp\"\/><\/p>\n<h3>Taller de mecanizado de precisi\u00f3n CNC<\/h3>\n<p><img decoding=\"async\" src=\"\/wp-content\/uploads\/factory-11.5.webp\"\/><\/p>\n<h3>Almac\u00e9n de productos acabados y de exportaci\u00f3n<\/h3>\n<p><img decoding=\"async\" src=\"\/wp-content\/uploads\/factory-12.webp\"\/><\/p>\n<p><img decoding=\"async\" src=\"\/wp-content\/uploads\/factory-13.webp\"\/><\/p>\n<p><img decoding=\"async\" src=\"\/wp-content\/uploads\/factory-14.webp\"\/><\/p>\n<h2>PREGUNTAS FRECUENTES<\/h2>\n<p><strong>1. \u00bfPara qu\u00e9 aplicaciones son adecuadas las molduras de aluminio anodizado?<\/strong><br \/>Es adecuado tanto para proyectos de interior como de exterior, incluidos los de automoci\u00f3n y arquitectura.<\/p>\n<p><strong>2. \u00bfPodemos pedir embellecedores anodizados en tama\u00f1os personalizados?<\/strong><br \/>S\u00ed, disponemos de dimensiones personalizadas que se adaptan a sus requisitos espec\u00edficos.<\/p>\n<p><strong>3. \u00bfLas molduras de aluminio anodizado requieren un mantenimiento especial?<\/strong><br \/>No, requiere un mantenimiento m\u00ednimo gracias a sus propiedades anticorrosivas.<\/p>\n<p><strong>4. \u00bfEst\u00e1 disponible esta moldura en diferentes acabados?<\/strong><br \/>S\u00ed, hay disponibles m\u00faltiples acabados, como mate, brillante y texturizado.<\/p>\n<p><strong>5. \u00bfLos colores de las molduras de aluminio anodizado son resistentes a la decoloraci\u00f3n?<\/strong><br \/>S\u00ed, el proceso de anodizado garantiza la conservaci\u00f3n duradera del color.<\/p>\n<p><strong>6. \u00bfPuedo obtener una muestra antes de hacer un pedido grande?<\/strong><br \/>S\u00ed, se pueden proporcionar muestras para garantizar la satisfacci\u00f3n con el color y el acabado.<\/p>\n<p><strong>7. \u00bfCu\u00e1l es el plazo de entrega para grandes pedidos?<\/strong><br \/>El plazo de entrega var\u00eda en funci\u00f3n del tama\u00f1o del pedido, y suele oscilar entre 2 y 4 semanas.<\/p>\n<p><\/p>","protected":false},"featured_media":10855,"template":"","categories":[55],"class_list":["post-10913","product","type-product","status-publish","has-post-thumbnail","hentry","category-extruded-aluminum-profiles"],"meta_box":{"hilight_text_group":[{"product_hilight_text":"<li>Highly durable and resistant to corrosion<\/li>\n<li>Available in various colors and finishes for custom designs<\/li>\n<li>Lightweight yet strong for multiple applications<\/li>\n<li>Easy installation and maintenance for industrial use<\/li>\n<li>Provides a sleek and modern look to any project<\/li>"}],"feature_list":[]},"_links":{"self":[{"href":"https:\/\/sinoextrud.com\/es\/wp-json\/wp\/v2\/product\/10913","targetHints":{"allow":["GET"]}}],"collection":[{"href":"https:\/\/sinoextrud.com\/es\/wp-json\/wp\/v2\/product"}],"about":[{"href":"https:\/\/sinoextrud.com\/es\/wp-json\/wp\/v2\/types\/product"}],"wp:featuredmedia":[{"embeddable":true,"href":"https:\/\/sinoextrud.com\/es\/wp-json\/wp\/v2\/media\/10855"}],"wp:attachment":[{"href":"https:\/\/sinoextrud.com\/es\/wp-json\/wp\/v2\/media?parent=10913"}],"wp:term":[{"taxonomy":"category","embeddable":true,"href":"https:\/\/sinoextrud.com\/es\/wp-json\/wp\/v2\/categories?post=10913"}],"curies":[{"name":"wp","href":"https:\/\/api.w.org\/{rel}","templated":true}]}}