{"id":10912,"date":"2025-08-01T03:12:31","date_gmt":"2025-08-01T03:12:31","guid":{"rendered":"https:\/\/sinoextrud.com\/product\/aluminum-heat-sink-extrusion-for-custom-cooling\/"},"modified":"2025-08-01T03:12:31","modified_gmt":"2025-08-01T03:12:31","slug":"extrusion-de-disipadores-termicos-de-aluminio-para-refrigeracion-a-medida","status":"publish","type":"product","link":"https:\/\/sinoextrud.com\/es\/product\/aluminum-heat-sink-extrusion-for-custom-cooling\/","title":{"rendered":"Extrusi\u00f3n de disipadores de calor de aluminio para refrigeraci\u00f3n personalizada"},"content":{"rendered":"<h2>Productos<\/h2>\n<div class=\"product-table\">\n<div class=\"row\">\n<div class=\"cell label\">Grado<\/div>\n<div class=\"cell value\">Serie 6000<\/div>\n<\/div>\n<div class=\"row\">\n<div class=\"cell label\">Tolerancia<\/div>\n<div class=\"cell value\">\u00c2\u00b110%<\/div>\n<\/div>\n<div class=\"row\">\n<div class=\"cell label\">Plazo de entrega<\/div>\n<div class=\"cell value\">22-30 d\u00edas<\/div>\n<\/div>\n<div class=\"row\">\n<div class=\"cell label\">Temple<\/div>\n<div class=\"cell value\">T3-T8<\/div>\n<\/div>\n<div class=\"row\">\n<div class=\"cell label\">Aplicaci\u00f3n<\/div>\n<div class=\"cell value\">Decoraciones<\/div>\n<\/div>\n<div class=\"row\">\n<div class=\"cell label\">Forma<\/div>\n<div class=\"cell value\">T - Perfil<\/div>\n<\/div>\n<div class=\"row\">\n<div class=\"cell label\">Aleaci\u00f3n o no<\/div>\n<div class=\"cell value\">Es aleaci\u00f3n<\/div>\n<\/div>\n<div class=\"row\">\n<div class=\"cell label\">Servicio de tramitaci\u00f3n<\/div>\n<div class=\"cell value\">Doblado, punzonado, corte<\/div>\n<\/div>\n<div class=\"row\">\n<div class=\"cell label\">Nombre del producto<\/div>\n<div class=\"cell value\">Disipador t\u00e9rmico de perfil de aluminio de extrusi\u00f3n personalizado<\/div>\n<\/div>\n<div class=\"row\">\n<div class=\"cell label\">Tratamiento de superficies<\/div>\n<div class=\"cell value\">acabado de fresado<\/div>\n<\/div>\n<div class=\"row\">\n<div class=\"cell label\">Color<\/div>\n<div class=\"cell value\">personalizado<\/div>\n<\/div>\n<div class=\"row\">\n<div class=\"cell label\">Material<\/div>\n<div class=\"cell value\">Aleaci\u00f3n 6063\/6061\/6005\/6060 T5\/T6<\/div>\n<\/div>\n<div class=\"row\">\n<div class=\"cell label\">Longitud<\/div>\n<div class=\"cell value\">Seg\u00fan sus necesidades<\/div>\n<\/div>\n<div class=\"row\">\n<div class=\"cell label\">Certificaci\u00f3n<\/div>\n<div class=\"cell value\">ISO9001:2008<\/div>\n<\/div>\n<div class=\"row\">\n<div class=\"cell label\">MOQ<\/div>\n<div class=\"cell value\">1kg<\/div>\n<\/div>\n<div class=\"row\">\n<div class=\"cell label\">Talla<\/div>\n<div class=\"cell value\">Dibujos<\/div>\n<\/div>\n<div class=\"row\">\n<div class=\"cell label\">Plazo de pago<\/div>\n<div class=\"cell value\">T\/T<\/div>\n<\/div>\n<div class=\"row\">\n<div class=\"cell label\">Aplicaci\u00f3n<\/div>\n<div class=\"cell value\">Bastidor rob\u00f3tico, estaciones de trabajo, etc.<\/div>\n<\/div>\n<div class=\"row\">\n<div class=\"cell label\">Unidades de venta<\/div>\n<div class=\"cell value\">Art\u00edculo individual<\/div>\n<\/div>\n<\/div>\n<p><\/p>\n<h2>Nuestra base de fabricaci\u00f3n<\/h2>\n<h3>Panorama de la f\u00e1brica<\/h3>\n<p><img decoding=\"async\" src=\"\/wp-content\/uploads\/factory-01.webp\"\/><\/p>\n<h3>Taller de fabricaci\u00f3n de barras de aluminio<\/h3>\n<p><img decoding=\"async\" src=\"\/wp-content\/uploads\/factory-02.webp\"\/><\/p>\n<p><img decoding=\"async\" src=\"\/wp-content\/uploads\/factory-03.webp\"\/><\/p>\n<h3>Almac\u00e9n de moldes<\/h3>\n<p><img decoding=\"async\" src=\"\/wp-content\/uploads\/factory-04.webp\"\/><\/p>\n<h3>43 l\u00edneas de extrusi\u00f3n de aluminio (500-5500 toneladas)<\/h3>\n<p><img decoding=\"async\" src=\"\/wp-content\/uploads\/factory-05.webp\"\/><\/p>\n<p><img decoding=\"async\" src=\"\/wp-content\/uploads\/factory-06.webp\"\/><\/p>\n<p><img decoding=\"async\" src=\"\/wp-content\/uploads\/factory-07.webp\"\/><\/p>\n<h3>Taller de pintura en polvo<\/h3>\n<p><img decoding=\"async\" src=\"\/wp-content\/uploads\/factory-09.webp\"\/><\/p>\n<h3>Taller de anodizado<\/h3>\n<p><img decoding=\"async\" src=\"\/wp-content\/uploads\/factory-10.webp\"\/><\/p>\n<h3>Taller de procesamiento profundo<\/h3>\n<p><img decoding=\"async\" src=\"\/wp-content\/uploads\/factory-11.webp\"\/><\/p>\n<h3>Taller de mecanizado de precisi\u00f3n CNC<\/h3>\n<p><img decoding=\"async\" src=\"\/wp-content\/uploads\/factory-11.5.webp\"\/><\/p>\n<h3>Almac\u00e9n de productos acabados y de exportaci\u00f3n<\/h3>\n<p><img decoding=\"async\" src=\"\/wp-content\/uploads\/factory-12.webp\"\/><\/p>\n<p><img decoding=\"async\" src=\"\/wp-content\/uploads\/factory-13.webp\"\/><\/p>\n<p><img decoding=\"async\" src=\"\/wp-content\/uploads\/factory-14.webp\"\/><\/p>\n<h2>PREGUNTAS FRECUENTES<\/h2>\n<p><strong>1. \u00bfPueden personalizarse las extrusiones de disipadores t\u00e9rmicos de aluminio?<\/strong><br \/>S\u00ed, ofrecemos opciones de personalizaci\u00f3n para adaptarnos a requisitos espec\u00edficos de tama\u00f1o y dise\u00f1o.<\/p>\n<p><strong>2. \u00bfQu\u00e9 industrias utilizan extrusiones de disipadores t\u00e9rmicos de aluminio?<\/strong><br \/>Se utilizan habitualmente en los sectores de la electr\u00f3nica, la automoci\u00f3n y la iluminaci\u00f3n LED.<\/p>\n<p><strong>3. \u00bfC\u00f3mo mejora el aluminio la disipaci\u00f3n del calor?<\/strong><br \/>La conductividad t\u00e9rmica del aluminio permite una transferencia eficaz del calor fuera de los componentes.<\/p>\n<p><strong>4. \u00bfPuedo pedir estas extrusiones a granel?<\/strong><br \/>S\u00ed, se pueden hacer pedidos al por mayor a precios competitivos.<\/p>\n<p><strong>5. \u00bfSon estas extrusiones lo suficientemente duraderas para su uso en exteriores?<\/strong><br \/>S\u00ed, presentan propiedades resistentes a la corrosi\u00f3n adecuadas para entornos exteriores.<\/p>\n<p><strong>6. \u00bfCu\u00e1l es la cantidad m\u00ednima de pedido para un dise\u00f1o personalizado?<\/strong><br \/>El MOQ depende de las especificaciones, normalmente a partir de 200 unidades.<\/p>\n<p><strong>7. \u00bfOfrecen asistencia t\u00e9cnica para la instalaci\u00f3n?<\/strong><br \/>S\u00ed, se puede solicitar asistencia t\u00e9cnica y directrices.<\/p>\n<p><\/p>","protected":false},"featured_media":10748,"template":"","categories":[72],"class_list":["post-10912","product","type-product","status-publish","has-post-thumbnail","hentry","category-extruded-aluminum-heatsink"],"meta_box":{"hilight_text_group":[{"product_hilight_text":"<li>Optimal thermal management for numerous applications<\/li>\n<li>Customizable dimensions to fit diverse client specifications<\/li>\n<li>Lightweight and corrosion-resistant for long-term durability<\/li>\n<li>Supports OEM and ODM with flexible order quantities<\/li>\n<li>Enhanced heat dissipation efficiency<\/li>"}],"feature_list":[]},"_links":{"self":[{"href":"https:\/\/sinoextrud.com\/es\/wp-json\/wp\/v2\/product\/10912","targetHints":{"allow":["GET"]}}],"collection":[{"href":"https:\/\/sinoextrud.com\/es\/wp-json\/wp\/v2\/product"}],"about":[{"href":"https:\/\/sinoextrud.com\/es\/wp-json\/wp\/v2\/types\/product"}],"wp:featuredmedia":[{"embeddable":true,"href":"https:\/\/sinoextrud.com\/es\/wp-json\/wp\/v2\/media\/10748"}],"wp:attachment":[{"href":"https:\/\/sinoextrud.com\/es\/wp-json\/wp\/v2\/media?parent=10912"}],"wp:term":[{"taxonomy":"category","embeddable":true,"href":"https:\/\/sinoextrud.com\/es\/wp-json\/wp\/v2\/categories?post=10912"}],"curies":[{"name":"wp","href":"https:\/\/api.w.org\/{rel}","templated":true}]}}