{"id":10907,"date":"2025-08-01T03:12:19","date_gmt":"2025-08-01T03:12:19","guid":{"rendered":"https:\/\/sinoextrud.com\/product\/aluminum-fin-heat-sink-for-thermal-dissipation\/"},"modified":"2025-08-01T03:12:19","modified_gmt":"2025-08-01T03:12:19","slug":"disipador-termico-de-aletas-de-aluminio-para-la-disipacion-termica","status":"publish","type":"product","link":"https:\/\/sinoextrud.com\/es\/product\/aluminum-fin-heat-sink-for-thermal-dissipation\/","title":{"rendered":"Disipador de calor con aletas de aluminio para disipaci\u00f3n t\u00e9rmica"},"content":{"rendered":"<h2>Productos<\/h2>\n<div class=\"product-table\">\n<div class=\"row\">\n<div class=\"cell label\">Grado<\/div>\n<div class=\"cell value\">Serie 6000<\/div>\n<\/div>\n<div class=\"row\">\n<div class=\"cell label\">Tolerancia<\/div>\n<div class=\"cell value\">\u00c2\u00b11%<\/div>\n<\/div>\n<div class=\"row\">\n<div class=\"cell label\">Plazo de entrega<\/div>\n<div class=\"cell value\">15-21 d\u00edas<\/div>\n<\/div>\n<div class=\"row\">\n<div class=\"cell label\">Temple<\/div>\n<div class=\"cell value\">T3-T8<\/div>\n<\/div>\n<div class=\"row\">\n<div class=\"cell label\">Aplicaci\u00f3n<\/div>\n<div class=\"cell value\">Disipador de calor<\/div>\n<\/div>\n<div class=\"row\">\n<div class=\"cell label\">Forma<\/div>\n<div class=\"cell value\">Cuadrado<\/div>\n<\/div>\n<div class=\"row\">\n<div class=\"cell label\">Aleaci\u00f3n o no<\/div>\n<div class=\"cell value\">Sin aleaci\u00f3n<\/div>\n<\/div>\n<div class=\"row\">\n<div class=\"cell label\">Servicio de tramitaci\u00f3n<\/div>\n<div class=\"cell value\">Plegado, desenrollado, soldadura, punzonado, corte<\/div>\n<\/div>\n<div class=\"row\">\n<div class=\"cell label\">Nombre del producto<\/div>\n<div class=\"cell value\">Tubo de aluminio<\/div>\n<\/div>\n<div class=\"row\">\n<div class=\"cell label\">Grado<\/div>\n<div class=\"cell value\">6005<\/div>\n<\/div>\n<div class=\"row\">\n<div class=\"cell label\">Color<\/div>\n<div class=\"cell value\">Color personalizado<\/div>\n<\/div>\n<div class=\"row\">\n<div class=\"cell label\">Material<\/div>\n<div class=\"cell value\">Aleaci\u00f3n de aluminio<\/div>\n<\/div>\n<div class=\"row\">\n<div class=\"cell label\">Palabra clave<\/div>\n<div class=\"cell value\">Tubos de aluminio<\/div>\n<\/div>\n<div class=\"row\">\n<div class=\"cell label\">MOQ<\/div>\n<div class=\"cell value\">300Kg<\/div>\n<\/div>\n<div class=\"row\">\n<div class=\"cell label\">Talla<\/div>\n<div class=\"cell value\">Requisitos del cliente<\/div>\n<\/div>\n<div class=\"row\">\n<div class=\"cell label\">Nombre<\/div>\n<div class=\"cell value\">Tubo perfilado de aluminio<\/div>\n<\/div>\n<div class=\"row\">\n<div class=\"cell label\">Tratamiento de superficies<\/div>\n<div class=\"cell value\">Acabado de fresado<\/div>\n<\/div>\n<div class=\"row\">\n<div class=\"cell label\">Longitud<\/div>\n<div class=\"cell value\">3-6 metros<\/div>\n<\/div>\n<div class=\"row\">\n<div class=\"cell label\">Unidades de venta<\/div>\n<div class=\"cell value\">Art\u00edculo individual<\/div>\n<\/div>\n<div class=\"row\">\n<div class=\"cell label\">Tama\u00f1o de envase individual<\/div>\n<div class=\"cell value\">20X20X5 cm<\/div>\n<\/div>\n<div class=\"row\">\n<div class=\"cell label\">Peso bruto \u00fanico<\/div>\n<div class=\"cell value\">1.000 KG<\/div>\n<\/div>\n<\/div>\n<p><\/p>\n<h2>Nuestra base de fabricaci\u00f3n<\/h2>\n<h3>Panorama de la f\u00e1brica<\/h3>\n<p><img decoding=\"async\" src=\"\/wp-content\/uploads\/factory-01.webp\"\/><\/p>\n<h3>Taller de fabricaci\u00f3n de barras de aluminio<\/h3>\n<p><img decoding=\"async\" src=\"\/wp-content\/uploads\/factory-02.webp\"\/><\/p>\n<p><img decoding=\"async\" src=\"\/wp-content\/uploads\/factory-03.webp\"\/><\/p>\n<h3>Almac\u00e9n de moldes<\/h3>\n<p><img decoding=\"async\" src=\"\/wp-content\/uploads\/factory-04.webp\"\/><\/p>\n<h3>43 l\u00edneas de extrusi\u00f3n de aluminio (500-5500 toneladas)<\/h3>\n<p><img decoding=\"async\" src=\"\/wp-content\/uploads\/factory-05.webp\"\/><\/p>\n<p><img decoding=\"async\" src=\"\/wp-content\/uploads\/factory-06.webp\"\/><\/p>\n<p><img decoding=\"async\" src=\"\/wp-content\/uploads\/factory-07.webp\"\/><\/p>\n<h3>Taller de pintura en polvo<\/h3>\n<p><img decoding=\"async\" src=\"\/wp-content\/uploads\/factory-09.webp\"\/><\/p>\n<h3>Taller de anodizado<\/h3>\n<p><img decoding=\"async\" src=\"\/wp-content\/uploads\/factory-10.webp\"\/><\/p>\n<h3>Taller de procesamiento profundo<\/h3>\n<p><img decoding=\"async\" src=\"\/wp-content\/uploads\/factory-11.webp\"\/><\/p>\n<h3>Taller de mecanizado de precisi\u00f3n CNC<\/h3>\n<p><img decoding=\"async\" src=\"\/wp-content\/uploads\/factory-11.5.webp\"\/><\/p>\n<h3>Almac\u00e9n de productos acabados y de exportaci\u00f3n<\/h3>\n<p><img decoding=\"async\" src=\"\/wp-content\/uploads\/factory-12.webp\"\/><\/p>\n<p><img decoding=\"async\" src=\"\/wp-content\/uploads\/factory-13.webp\"\/><\/p>\n<p><img decoding=\"async\" src=\"\/wp-content\/uploads\/factory-14.webp\"\/><\/p>\n<h2>PREGUNTAS FRECUENTES<\/h2>\n<p><strong>1. \u00bfCu\u00e1l es el uso principal de un disipador de calor de aletas de aluminio?<\/strong><br \/>Se utiliza en la gesti\u00f3n t\u00e9rmica para disipar el calor en los dispositivos electr\u00f3nicos.<\/p>\n<p><strong>2. \u00bfSe puede personalizar el disipador de calor para adaptarlo a distintos dispositivos?<\/strong><br \/>S\u00ed, las dimensiones y la configuraci\u00f3n de las aletas pueden adaptarse a necesidades espec\u00edficas.<\/p>\n<p><strong>3. \u00bfEs adecuado el disipador de calor para aplicaciones de alta potencia?<\/strong><br \/>S\u00ed, est\u00e1 dise\u00f1ado para soportar altas cargas t\u00e9rmicas de forma eficiente.<\/p>\n<p><strong>4. \u00bfProporcionan asistencia t\u00e9cnica para la integraci\u00f3n?<\/strong><br \/>S\u00ed, nuestro equipo ofrece orientaci\u00f3n t\u00e9cnica para una integraci\u00f3n perfecta.<\/p>\n<p><strong>5. \u00bfQu\u00e9 materiales se utilizan en la fabricaci\u00f3n del disipador de calor?<\/strong><br \/>El disipador de calor est\u00e1 fabricado con material de aluminio duradero y de alta calidad.<\/p>\n<p><strong>6. \u00bfPueden gestionar pedidos de gran volumen para el disipador de calor?<\/strong><br \/>S\u00ed, admitimos pedidos de gran volumen y OEM con precios competitivos.<\/p>\n<p><strong>7. \u00bfSe pueden realizar env\u00edos internacionales de los disipadores de calor?<\/strong><br \/>S\u00ed, ofrecemos env\u00edos globales con apoyo log\u00edstico integral.<\/p>\n<p><\/p>","protected":false},"featured_media":10744,"template":"","categories":[72],"class_list":["post-10907","product","type-product","status-publish","has-post-thumbnail","hentry","category-extruded-aluminum-heatsink"],"meta_box":{"hilight_text_group":[{"product_hilight_text":"<li>Designed for efficient thermal management and heat dissipation<\/li>\n<li>Customizable in dimensions and fin structures for specific applications<\/li>\n<li>Made from high-quality aluminum for optimal performance and longevity<\/li>\n<li>Supports OEM and bulk orders with flexible production capacity<\/li>\n<li>Lightweight and corrosion-resistant materials suitable for diverse environments<\/li>"}],"feature_list":[]},"_links":{"self":[{"href":"https:\/\/sinoextrud.com\/es\/wp-json\/wp\/v2\/product\/10907","targetHints":{"allow":["GET"]}}],"collection":[{"href":"https:\/\/sinoextrud.com\/es\/wp-json\/wp\/v2\/product"}],"about":[{"href":"https:\/\/sinoextrud.com\/es\/wp-json\/wp\/v2\/types\/product"}],"wp:featuredmedia":[{"embeddable":true,"href":"https:\/\/sinoextrud.com\/es\/wp-json\/wp\/v2\/media\/10744"}],"wp:attachment":[{"href":"https:\/\/sinoextrud.com\/es\/wp-json\/wp\/v2\/media?parent=10907"}],"wp:term":[{"taxonomy":"category","embeddable":true,"href":"https:\/\/sinoextrud.com\/es\/wp-json\/wp\/v2\/categories?post=10907"}],"curies":[{"name":"wp","href":"https:\/\/api.w.org\/{rel}","templated":true}]}}