{"id":10906,"date":"2025-08-01T03:12:17","date_gmt":"2025-08-01T03:12:17","guid":{"rendered":"https:\/\/sinoextrud.com\/product\/led-street-lamp-sleeves-for-outdoor-fixtures\/"},"modified":"2025-08-01T03:12:17","modified_gmt":"2025-08-01T03:12:17","slug":"fundas-de-farolas-led-para-luminarias-de-exterior","status":"publish","type":"product","link":"https:\/\/sinoextrud.com\/es\/product\/led-street-lamp-sleeves-for-outdoor-fixtures\/","title":{"rendered":"Fundas para farolas LED de exterior"},"content":{"rendered":"<h2>Productos<\/h2>\n<div class=\"product-table\">\n<div class=\"row\">\n<div class=\"cell label\">Grado<\/div>\n<div class=\"cell value\">Serie 6000<\/div>\n<\/div>\n<div class=\"row\">\n<div class=\"cell label\">Tolerancia<\/div>\n<div class=\"cell value\">\u00c2\u00b11%<\/div>\n<\/div>\n<div class=\"row\">\n<div class=\"cell label\">Plazo de entrega<\/div>\n<div class=\"cell value\">22-30 d\u00edas<\/div>\n<\/div>\n<div class=\"row\">\n<div class=\"cell label\">Temple<\/div>\n<div class=\"cell value\">T3-T8<\/div>\n<\/div>\n<div class=\"row\">\n<div class=\"cell label\">Aplicaci\u00f3n<\/div>\n<div class=\"cell value\">Ferrocarril\/led\/electr\u00f3nica\/cpu\/industria<\/div>\n<\/div>\n<div class=\"row\">\n<div class=\"cell label\">Forma<\/div>\n<div class=\"cell value\">personalizado<\/div>\n<\/div>\n<div class=\"row\">\n<div class=\"cell label\">Aleaci\u00f3n o no<\/div>\n<div class=\"cell value\">Es aleaci\u00f3n<\/div>\n<\/div>\n<div class=\"row\">\n<div class=\"cell label\">Servicio de tramitaci\u00f3n<\/div>\n<div class=\"cell value\">Plegado, desenrollado, soldadura, punzonado, corte<\/div>\n<\/div>\n<div class=\"row\">\n<div class=\"cell label\">Nombre del producto<\/div>\n<div class=\"cell value\">Perfil de aluminio a medida<\/div>\n<\/div>\n<div class=\"row\">\n<div class=\"cell label\">Material<\/div>\n<div class=\"cell value\">6063 6061 6005 5083 Aleaci\u00f3n de aluminio<\/div>\n<\/div>\n<div class=\"row\">\n<div class=\"cell label\">Color<\/div>\n<div class=\"cell value\">Plata, negro, negro dorado, etc.<\/div>\n<\/div>\n<div class=\"row\">\n<div class=\"cell label\">Tratamiento de superficies<\/div>\n<div class=\"cell value\">Acabado de fresado, anodizado, recubrimiento en polvo<\/div>\n<\/div>\n<div class=\"row\">\n<div class=\"cell label\">Proceso profundo<\/div>\n<div class=\"cell value\">Punzonado Taladrado Corte de precisi\u00f3n CNC<\/div>\n<\/div>\n<div class=\"row\">\n<div class=\"cell label\">forma<\/div>\n<div class=\"cell value\">Personalizado<\/div>\n<\/div>\n<div class=\"row\">\n<div class=\"cell label\">Utilizaci\u00f3n<\/div>\n<div class=\"cell value\">Bastidores y piezas de autom\u00f3viles, piezas de aviaci\u00f3n, paneles solares fotovoltaicos<\/div>\n<\/div>\n<div class=\"row\">\n<div class=\"cell label\">Muestra<\/div>\n<div class=\"cell value\">Muestra gratuita<\/div>\n<\/div>\n<div class=\"row\">\n<div class=\"cell label\">Longitud<\/div>\n<div class=\"cell value\">Longitud personalizada<\/div>\n<\/div>\n<div class=\"row\">\n<div class=\"cell label\">Servicio<\/div>\n<div class=\"cell value\">OEM ODM<\/div>\n<\/div>\n<div class=\"row\">\n<div class=\"cell label\">Unidades de venta<\/div>\n<div class=\"cell value\">Art\u00edculo individual<\/div>\n<\/div>\n<div class=\"row\">\n<div class=\"cell label\">Tama\u00f1o de envase individual<\/div>\n<div class=\"cell value\">30X20X20 cm<\/div>\n<\/div>\n<div class=\"row\">\n<div class=\"cell label\">Peso bruto \u00fanico<\/div>\n<div class=\"cell value\">3.000 KG<\/div>\n<\/div>\n<\/div>\n<p><\/p>\n<h2>Nuestra base de fabricaci\u00f3n<\/h2>\n<h3>Panorama de la f\u00e1brica<\/h3>\n<p><img decoding=\"async\" src=\"\/wp-content\/uploads\/factory-01.webp\"\/><\/p>\n<h3>Taller de fabricaci\u00f3n de barras de aluminio<\/h3>\n<p><img decoding=\"async\" src=\"\/wp-content\/uploads\/factory-02.webp\"\/><\/p>\n<p><img decoding=\"async\" src=\"\/wp-content\/uploads\/factory-03.webp\"\/><\/p>\n<h3>Almac\u00e9n de moldes<\/h3>\n<p><img decoding=\"async\" src=\"\/wp-content\/uploads\/factory-04.webp\"\/><\/p>\n<h3>43 l\u00edneas de extrusi\u00f3n de aluminio (500-5500 toneladas)<\/h3>\n<p><img decoding=\"async\" src=\"\/wp-content\/uploads\/factory-05.webp\"\/><\/p>\n<p><img decoding=\"async\" src=\"\/wp-content\/uploads\/factory-06.webp\"\/><\/p>\n<p><img decoding=\"async\" src=\"\/wp-content\/uploads\/factory-07.webp\"\/><\/p>\n<h3>Taller de pintura en polvo<\/h3>\n<p><img decoding=\"async\" src=\"\/wp-content\/uploads\/factory-09.webp\"\/><\/p>\n<h3>Taller de anodizado<\/h3>\n<p><img decoding=\"async\" src=\"\/wp-content\/uploads\/factory-10.webp\"\/><\/p>\n<h3>Taller de procesamiento profundo<\/h3>\n<p><img decoding=\"async\" src=\"\/wp-content\/uploads\/factory-11.webp\"\/><\/p>\n<h3>Taller de mecanizado de precisi\u00f3n CNC<\/h3>\n<p><img decoding=\"async\" src=\"\/wp-content\/uploads\/factory-11.5.webp\"\/><\/p>\n<h3>Almac\u00e9n de productos acabados y de exportaci\u00f3n<\/h3>\n<p><img decoding=\"async\" src=\"\/wp-content\/uploads\/factory-12.webp\"\/><\/p>\n<p><img decoding=\"async\" src=\"\/wp-content\/uploads\/factory-13.webp\"\/><\/p>\n<p><img decoding=\"async\" src=\"\/wp-content\/uploads\/factory-14.webp\"\/><\/p>\n<h2>PREGUNTAS FRECUENTES<\/h2>\n<p><strong>1. \u00bfPueden personalizarse los manguitos de las farolas LED para diferentes tama\u00f1os de l\u00e1mpara?<\/strong><br \/>S\u00ed, nuestras fundas pueden adaptarse a una amplia gama de tama\u00f1os y formas de farolas.<\/p>\n<p><strong>2. \u00bfLas mangas son resistentes a la intemperie?<\/strong><br \/>S\u00ed, est\u00e1n dise\u00f1ados para resistir diversas condiciones meteorol\u00f3gicas, como la lluvia, la nieve y la exposici\u00f3n a los rayos UV.<\/p>\n<p><strong>3. \u00bfC\u00f3mo influyen las fundas de las farolas LED en la eficiencia energ\u00e9tica?<\/strong><br \/>Nuestros manguitos mejoran la distribuci\u00f3n de la luz y ayudan a reducir el consumo de energ\u00eda optimizando el rendimiento de las l\u00e1mparas.<\/p>\n<p><strong>4. \u00bfQu\u00e9 materiales se utilizan en la construcci\u00f3n de los manguitos?<\/strong><br \/>Las fundas est\u00e1n fabricadas con materiales duraderos de alta calidad que garantizan una protecci\u00f3n a largo plazo.<\/p>\n<p><strong>5. \u00bfSon f\u00e1ciles de instalar estas fundas LED para farolas?<\/strong><br \/>S\u00ed, est\u00e1n dise\u00f1ados para una instalaci\u00f3n r\u00e1pida y sencilla que reduzca el tiempo de inactividad.<\/p>\n<p><strong>6. \u00bfOfrecen env\u00edo internacional para las fundas de farolas LED?<\/strong><br \/>S\u00ed, ofrecemos servicios de env\u00edo globales para satisfacer las necesidades de los clientes internacionales.<\/p>\n<p><strong>7. \u00bfPuedo pedir muestras de las fundas para farolas LED antes de hacer una compra al por mayor?<\/strong><br \/>S\u00ed, disponemos de pedidos de muestra para que pueda evaluar la calidad de nuestros productos.<\/p>\n<p><\/p>","protected":false},"featured_media":10859,"template":"","categories":[55],"class_list":["post-10906","product","type-product","status-publish","has-post-thumbnail","hentry","category-extruded-aluminum-profiles"],"meta_box":{"hilight_text_group":[{"product_hilight_text":"<li>Provides protection and enhances longevity of LED street lamps<\/li>\n<li>Customizable to fit various lamp sizes and shapes for B2B clients<\/li>\n<li>Manufactured with weather-resistant and durable materials<\/li>\n<li>Supports easy installation to minimize maintenance time and cost<\/li>\n<li>Designed to improve energy efficiency and light distribution<\/li>"}],"feature_list":[]},"_links":{"self":[{"href":"https:\/\/sinoextrud.com\/es\/wp-json\/wp\/v2\/product\/10906","targetHints":{"allow":["GET"]}}],"collection":[{"href":"https:\/\/sinoextrud.com\/es\/wp-json\/wp\/v2\/product"}],"about":[{"href":"https:\/\/sinoextrud.com\/es\/wp-json\/wp\/v2\/types\/product"}],"wp:featuredmedia":[{"embeddable":true,"href":"https:\/\/sinoextrud.com\/es\/wp-json\/wp\/v2\/media\/10859"}],"wp:attachment":[{"href":"https:\/\/sinoextrud.com\/es\/wp-json\/wp\/v2\/media?parent=10906"}],"wp:term":[{"taxonomy":"category","embeddable":true,"href":"https:\/\/sinoextrud.com\/es\/wp-json\/wp\/v2\/categories?post=10906"}],"curies":[{"name":"wp","href":"https:\/\/api.w.org\/{rel}","templated":true}]}}