{"id":10905,"date":"2025-08-01T03:12:14","date_gmt":"2025-08-01T03:12:14","guid":{"rendered":"https:\/\/sinoextrud.com\/product\/aluminum-extrusions-for-led-lighting-systems\/"},"modified":"2025-08-01T03:12:14","modified_gmt":"2025-08-01T03:12:14","slug":"extrusiones-de-aluminio-para-sistemas-de-iluminacion-led","status":"publish","type":"product","link":"https:\/\/sinoextrud.com\/es\/product\/aluminum-extrusions-for-led-lighting-systems\/","title":{"rendered":"Extrusiones de aluminio para sistemas de iluminaci\u00f3n LED"},"content":{"rendered":"<h2>Productos<\/h2>\n<div class=\"product-table\">\n<div class=\"row\">\n<div class=\"cell label\">Eficacia luminosa de la l\u00e1mpara (lm\/w)<\/div>\n<div class=\"cell value\">100<\/div>\n<\/div>\n<div class=\"row\">\n<div class=\"cell label\">Soporte Dimmer<\/div>\n<div class=\"cell value\">S\u00ed<\/div>\n<\/div>\n<div class=\"row\">\n<div class=\"cell label\">Material<\/div>\n<div class=\"cell value\">Aleaci\u00f3n de aluminio<\/div>\n<\/div>\n<div class=\"row\">\n<div class=\"cell label\">Garant\u00eda(A\u00f1o)<\/div>\n<div class=\"cell value\">3 a\u00f1os<\/div>\n<\/div>\n<div class=\"row\">\n<div class=\"cell label\">Temperatura de color (CCT)<\/div>\n<div class=\"cell value\">6000K (Alerta de luz diurna)<\/div>\n<\/div>\n<div class=\"row\">\n<div class=\"cell label\">Tensi\u00f3n de entrada (V)<\/div>\n<div class=\"cell value\">12 V CC<\/div>\n<\/div>\n<div class=\"row\">\n<div class=\"cell label\">\u00cdndice de reproducci\u00f3n crom\u00e1tica (Ra)<\/div>\n<div class=\"cell value\">95<\/div>\n<\/div>\n<div class=\"row\">\n<div class=\"cell label\">Horario de trabajo<\/div>\n<div class=\"cell value\">50000<\/div>\n<\/div>\n<div class=\"row\">\n<div class=\"cell label\">Peso del producto\uff08kg\uff09<\/div>\n<div class=\"cell value\">0.2<\/div>\n<\/div>\n<div class=\"row\">\n<div class=\"cell label\">Superficie<\/div>\n<div class=\"cell value\">Anodizado<\/div>\n<\/div>\n<div class=\"row\">\n<div class=\"cell label\">Temple<\/div>\n<div class=\"cell value\">T3-T8<\/div>\n<\/div>\n<div class=\"row\">\n<div class=\"cell label\">Grado<\/div>\n<div class=\"cell value\">Serie 6000<\/div>\n<\/div>\n<div class=\"row\">\n<div class=\"cell label\">Forma<\/div>\n<div class=\"cell value\">T - Perfil<\/div>\n<\/div>\n<div class=\"row\">\n<div class=\"cell label\">Servicio de soluciones de iluminaci\u00f3n<\/div>\n<div class=\"cell value\">Instalaci\u00f3n de proyectos, Medici\u00f3n in situ, Dise\u00f1o Agi32, Dise\u00f1o DIALux evo, Dise\u00f1o auto CAD, Otros, Dise\u00f1o de iluminaci\u00f3n y circuitos, Otros<\/div>\n<\/div>\n<div class=\"row\">\n<div class=\"cell label\">Espesor de la chapa (mm)<\/div>\n<div class=\"cell value\">1 mm<\/div>\n<\/div>\n<div class=\"row\">\n<div class=\"cell label\">Nombre del producto<\/div>\n<div class=\"cell value\">LED Perfil de aluminio<\/div>\n<\/div>\n<div class=\"row\">\n<div class=\"cell label\">Longitud<\/div>\n<div class=\"cell value\">1m\/2m\/3m(Otras longitudes)<\/div>\n<\/div>\n<div class=\"row\">\n<div class=\"cell label\">Color<\/div>\n<div class=\"cell value\">Plata Blanco Negro<\/div>\n<\/div>\n<div class=\"row\">\n<div class=\"cell label\">Accesorios<\/div>\n<div class=\"cell value\">Perfil de aluminio+Cubierta de PC<\/div>\n<\/div>\n<div class=\"row\">\n<div class=\"cell label\">Utilizaci\u00f3n<\/div>\n<div class=\"cell value\">Sistema de iluminaci\u00f3n lineal Cabinet Morden<\/div>\n<\/div>\n<div class=\"row\">\n<div class=\"cell label\">Dimensi\u00f3n<\/div>\n<div class=\"cell value\">A medida<\/div>\n<\/div>\n<div class=\"row\">\n<div class=\"cell label\">Unidades de venta<\/div>\n<div class=\"cell value\">Art\u00edculo individual<\/div>\n<\/div>\n<div class=\"row\">\n<div class=\"cell label\">Tama\u00f1o de envase individual<\/div>\n<div class=\"cell value\">110X4,73X2,2 cm<\/div>\n<\/div>\n<div class=\"row\">\n<div class=\"cell label\">Peso bruto \u00fanico<\/div>\n<div class=\"cell value\">0,240 KG<\/div>\n<\/div>\n<\/div>\n<p><\/p>\n<h2>Nuestra base de fabricaci\u00f3n<\/h2>\n<h3>Panorama de la f\u00e1brica<\/h3>\n<p><img decoding=\"async\" src=\"\/wp-content\/uploads\/factory-01.webp\"\/><\/p>\n<h3>Taller de fabricaci\u00f3n de barras de aluminio<\/h3>\n<p><img decoding=\"async\" src=\"\/wp-content\/uploads\/factory-02.webp\"\/><\/p>\n<p><img decoding=\"async\" src=\"\/wp-content\/uploads\/factory-03.webp\"\/><\/p>\n<h3>Almac\u00e9n de moldes<\/h3>\n<p><img decoding=\"async\" src=\"\/wp-content\/uploads\/factory-04.webp\"\/><\/p>\n<h3>43 l\u00edneas de extrusi\u00f3n de aluminio (500-5500 toneladas)<\/h3>\n<p><img decoding=\"async\" src=\"\/wp-content\/uploads\/factory-05.webp\"\/><\/p>\n<p><img decoding=\"async\" src=\"\/wp-content\/uploads\/factory-06.webp\"\/><\/p>\n<p><img decoding=\"async\" src=\"\/wp-content\/uploads\/factory-07.webp\"\/><\/p>\n<h3>Taller de pintura en polvo<\/h3>\n<p><img decoding=\"async\" src=\"\/wp-content\/uploads\/factory-09.webp\"\/><\/p>\n<h3>Taller de anodizado<\/h3>\n<p><img decoding=\"async\" src=\"\/wp-content\/uploads\/factory-10.webp\"\/><\/p>\n<h3>Taller de procesamiento profundo<\/h3>\n<p><img decoding=\"async\" src=\"\/wp-content\/uploads\/factory-11.webp\"\/><\/p>\n<h3>Taller de mecanizado de precisi\u00f3n CNC<\/h3>\n<p><img decoding=\"async\" src=\"\/wp-content\/uploads\/factory-11.5.webp\"\/><\/p>\n<h3>Almac\u00e9n de productos acabados y de exportaci\u00f3n<\/h3>\n<p><img decoding=\"async\" src=\"\/wp-content\/uploads\/factory-12.webp\"\/><\/p>\n<p><img decoding=\"async\" src=\"\/wp-content\/uploads\/factory-13.webp\"\/><\/p>\n<p><img decoding=\"async\" src=\"\/wp-content\/uploads\/factory-14.webp\"\/><\/p>\n<h2>PREGUNTAS FRECUENTES<\/h2>\n<p><strong>1. \u00bfPueden personalizarse estas extrusiones de aluminio para diferentes luces LED?<\/strong><br \/>S\u00ed, ofrecemos opciones de personalizaci\u00f3n para adaptarnos a varios modelos y especificaciones de LED.<\/p>\n<p><strong>2. \u00bfSon adecuadas estas extrusiones para la iluminaci\u00f3n LED tanto interior como exterior?<\/strong><br \/>S\u00ed, est\u00e1n dise\u00f1ados para resistir diferentes entornos, por lo que son ideales tanto para interiores como para exteriores.<\/p>\n<p><strong>3. \u00bfQu\u00e9 acabados est\u00e1n disponibles para estas extrusiones de aluminio?<\/strong><br \/>Ofrecemos una gran variedad de acabados, como anodizado, recubrimiento en polvo y cepillado, para satisfacer las necesidades de su proyecto.<\/p>\n<p><strong>4. \u00bfLas extrusiones ayudan a disipar el calor de las luces LED?<\/strong><br \/>S\u00ed, est\u00e1n dise\u00f1ados para maximizar la disipaci\u00f3n del calor y prolongar la vida \u00fatil de los LED.<\/p>\n<p><strong>5. \u00bfCu\u00e1l es la longitud t\u00edpica de las extrusiones de aluminio para las luces LED?<\/strong><br \/>Las longitudes est\u00e1ndar est\u00e1n disponibles, con longitudes personalizadas a petici\u00f3n para satisfacer sus necesidades espec\u00edficas.<\/p>\n<p><strong>6. \u00bfExiste una cantidad m\u00ednima de pedido para las compras al por mayor?<\/strong><br \/>Se aplica MOQ y puede variar, normalmente a partir de 100 unidades dependiendo del tama\u00f1o del proyecto.<\/p>\n<p><strong>7. \u00bfOfrecen entrega internacional para estas extrusiones de aluminio?<\/strong><br \/>S\u00ed, el env\u00edo internacional est\u00e1 disponible con soporte log\u00edstico completo hasta su ubicaci\u00f3n.<\/p>\n<p><\/p>","protected":false},"featured_media":10743,"template":"","categories":[55],"class_list":["post-10905","product","type-product","status-publish","has-post-thumbnail","hentry","category-extruded-aluminum-profiles"],"meta_box":{"hilight_text_group":[{"product_hilight_text":"<li>Specially designed for optimal LED light integration<\/li>\n<li>Available in various profiles and finishes to suit B2B applications<\/li>\n<li>High heat dissipation efficiency to enhance LED longevity<\/li>\n<li>Robust construction with premium-grade aluminum materials<\/li>\n<li>Easy installation and maintenance for professional setups<\/li>"}],"feature_list":[]},"_links":{"self":[{"href":"https:\/\/sinoextrud.com\/es\/wp-json\/wp\/v2\/product\/10905","targetHints":{"allow":["GET"]}}],"collection":[{"href":"https:\/\/sinoextrud.com\/es\/wp-json\/wp\/v2\/product"}],"about":[{"href":"https:\/\/sinoextrud.com\/es\/wp-json\/wp\/v2\/types\/product"}],"wp:featuredmedia":[{"embeddable":true,"href":"https:\/\/sinoextrud.com\/es\/wp-json\/wp\/v2\/media\/10743"}],"wp:attachment":[{"href":"https:\/\/sinoextrud.com\/es\/wp-json\/wp\/v2\/media?parent=10905"}],"wp:term":[{"taxonomy":"category","embeddable":true,"href":"https:\/\/sinoextrud.com\/es\/wp-json\/wp\/v2\/categories?post=10905"}],"curies":[{"name":"wp","href":"https:\/\/api.w.org\/{rel}","templated":true}]}}