{"id":10901,"date":"2025-08-01T03:12:04","date_gmt":"2025-08-01T03:12:04","guid":{"rendered":"https:\/\/sinoextrud.com\/product\/aluminum-enclosure-heat-sink-for-electronics\/"},"modified":"2025-08-01T03:12:04","modified_gmt":"2025-08-01T03:12:04","slug":"caja-de-aluminio-disipador-de-calor-para-electronica","status":"publish","type":"product","link":"https:\/\/sinoextrud.com\/es\/product\/aluminum-enclosure-heat-sink-for-electronics\/","title":{"rendered":"Disipador de calor en caja de aluminio para electr\u00f3nica"},"content":{"rendered":"<h2>Productos<\/h2>\n<div class=\"product-table\">\n<div class=\"row\">\n<div class=\"cell label\">Mecanizado CNC o no<\/div>\n<div class=\"cell value\">Mecanizado CNC<\/div>\n<\/div>\n<div class=\"row\">\n<div class=\"cell label\">Capacidades materiales<\/div>\n<div class=\"cell value\">Aluminio, Lat\u00f3n, Bronce, Cobre, Metales endurecidos, Metales preciosos, Acero inoxidable, Aleaciones de acero, Otros<\/div>\n<\/div>\n<div class=\"row\">\n<div class=\"cell label\">Tipo<\/div>\n<div class=\"cell value\">TALADRADO, Grabado \/ Mecanizado qu\u00edmico, Mecanizado l\u00e1ser, Fresado, Otros servicios de mecanizado, Prototipado r\u00e1pido, Torneado, Electroerosi\u00f3n por hilo<\/div>\n<\/div>\n<div class=\"row\">\n<div class=\"cell label\">Micromecanizado o no<\/div>\n<div class=\"cell value\">Micromecanizado<\/div>\n<\/div>\n<div class=\"row\">\n<div class=\"cell label\">Unidades de venta<\/div>\n<div class=\"cell value\">Art\u00edculo individual<\/div>\n<\/div>\n<\/div>\n<p><\/p>\n<h2>Nuestra base de fabricaci\u00f3n<\/h2>\n<h3>Panorama de la f\u00e1brica<\/h3>\n<p><img decoding=\"async\" src=\"\/wp-content\/uploads\/factory-01.webp\"\/><\/p>\n<h3>Taller de fabricaci\u00f3n de barras de aluminio<\/h3>\n<p><img decoding=\"async\" src=\"\/wp-content\/uploads\/factory-02.webp\"\/><\/p>\n<p><img decoding=\"async\" src=\"\/wp-content\/uploads\/factory-03.webp\"\/><\/p>\n<h3>Almac\u00e9n de moldes<\/h3>\n<p><img decoding=\"async\" src=\"\/wp-content\/uploads\/factory-04.webp\"\/><\/p>\n<h3>43 l\u00edneas de extrusi\u00f3n de aluminio (500-5500 toneladas)<\/h3>\n<p><img decoding=\"async\" src=\"\/wp-content\/uploads\/factory-05.webp\"\/><\/p>\n<p><img decoding=\"async\" src=\"\/wp-content\/uploads\/factory-06.webp\"\/><\/p>\n<p><img decoding=\"async\" src=\"\/wp-content\/uploads\/factory-07.webp\"\/><\/p>\n<h3>Taller de pintura en polvo<\/h3>\n<p><img decoding=\"async\" src=\"\/wp-content\/uploads\/factory-09.webp\"\/><\/p>\n<h3>Taller de anodizado<\/h3>\n<p><img decoding=\"async\" src=\"\/wp-content\/uploads\/factory-10.webp\"\/><\/p>\n<h3>Taller de procesamiento profundo<\/h3>\n<p><img decoding=\"async\" src=\"\/wp-content\/uploads\/factory-11.webp\"\/><\/p>\n<h3>Taller de mecanizado de precisi\u00f3n CNC<\/h3>\n<p><img decoding=\"async\" src=\"\/wp-content\/uploads\/factory-11.5.webp\"\/><\/p>\n<h3>Almac\u00e9n de productos acabados y de exportaci\u00f3n<\/h3>\n<p><img decoding=\"async\" src=\"\/wp-content\/uploads\/factory-12.webp\"\/><\/p>\n<p><img decoding=\"async\" src=\"\/wp-content\/uploads\/factory-13.webp\"\/><\/p>\n<p><img decoding=\"async\" src=\"\/wp-content\/uploads\/factory-14.webp\"\/><\/p>\n<h2>PREGUNTAS FRECUENTES<\/h2>\n<p><strong>1. \u00bfCu\u00e1les son las principales ventajas de utilizar un disipador de calor con carcasa de aluminio?<\/strong><br \/>Ofrece una disipaci\u00f3n eficaz del calor, un dise\u00f1o ligero y durabilidad.<\/p>\n<p><strong>2. \u00bfSe puede personalizar el disipador de calor de la caja de aluminio?<\/strong><br \/>S\u00ed, ofrecemos personalizaci\u00f3n en el dise\u00f1o y las dimensiones para adaptarnos a sus necesidades espec\u00edficas.<\/p>\n<p><strong>3. \u00bfEs adecuado este disipador de calor para dispositivos de alto rendimiento?<\/strong><br \/>S\u00ed, est\u00e1 dise\u00f1ado para aplicaciones de alto rendimiento que requieren una gesti\u00f3n eficaz del calor.<\/p>\n<p><strong>4. \u00bfDe qu\u00e9 materiales est\u00e1 hecho el disipador de calor?<\/strong><br \/>El disipador de calor es de aluminio de alta calidad para una conductividad t\u00e9rmica \u00f3ptima.<\/p>\n<p><strong>5. \u00bfPuede utilizarse este producto en diversos dispositivos electr\u00f3nicos?<\/strong><br \/>S\u00ed, es compatible con una amplia gama de dispositivos para una aplicaci\u00f3n vers\u00e1til.<\/p>\n<p><strong>6. \u00bfC\u00f3mo mejora el disipador de calor el rendimiento del dispositivo?<\/strong><br \/>Al disipar eficazmente el calor, mantiene temperaturas de funcionamiento \u00f3ptimas, mejorando el rendimiento.<\/p>\n<p><strong>7. \u00bfSuministran los disipadores de calor con apoyo log\u00edstico internacional?<\/strong><br \/>S\u00ed, ofrecemos soluciones integrales de env\u00edo para entregar en todo el mundo.<\/p>\n<p><\/p>","protected":false},"featured_media":10846,"template":"","categories":[72],"class_list":["post-10901","product","type-product","status-publish","has-post-thumbnail","hentry","category-extruded-aluminum-heatsink"],"meta_box":{"hilight_text_group":[{"product_hilight_text":"<li>Efficient heat dissipation for improved performance<\/li>\n<li>Customizable designs to fit specific device requirements<\/li>\n<li>Durable aluminum construction for long-lasting usage<\/li>\n<li>Lightweight design for easy integration<\/li>\n<li>Compatible with a wide range of electronic devices<\/li>"}],"feature_list":[]},"_links":{"self":[{"href":"https:\/\/sinoextrud.com\/es\/wp-json\/wp\/v2\/product\/10901","targetHints":{"allow":["GET"]}}],"collection":[{"href":"https:\/\/sinoextrud.com\/es\/wp-json\/wp\/v2\/product"}],"about":[{"href":"https:\/\/sinoextrud.com\/es\/wp-json\/wp\/v2\/types\/product"}],"wp:featuredmedia":[{"embeddable":true,"href":"https:\/\/sinoextrud.com\/es\/wp-json\/wp\/v2\/media\/10846"}],"wp:attachment":[{"href":"https:\/\/sinoextrud.com\/es\/wp-json\/wp\/v2\/media?parent=10901"}],"wp:term":[{"taxonomy":"category","embeddable":true,"href":"https:\/\/sinoextrud.com\/es\/wp-json\/wp\/v2\/categories?post=10901"}],"curies":[{"name":"wp","href":"https:\/\/api.w.org\/{rel}","templated":true}]}}