{"id":10898,"date":"2025-08-01T03:11:57","date_gmt":"2025-08-01T03:11:57","guid":{"rendered":"https:\/\/sinoextrud.com\/product\/aluminum-battery-casing-for-power-modules\/"},"modified":"2025-08-01T03:11:57","modified_gmt":"2025-08-01T03:11:57","slug":"carcasa-de-aluminio-para-modulos-de-potencia","status":"publish","type":"product","link":"https:\/\/sinoextrud.com\/es\/product\/aluminum-battery-casing-for-power-modules\/","title":{"rendered":"Carcasa de bater\u00eda de aluminio para m\u00f3dulos de potencia"},"content":{"rendered":"<h2>Productos<\/h2>\n<div class=\"product-table\">\n<div class=\"row\">\n<div class=\"cell label\">Tipo de bater\u00eda<\/div>\n<div class=\"cell value\">Prism\u00e1tico<\/div>\n<\/div>\n<div class=\"row\">\n<div class=\"cell label\">Potencia de salida<\/div>\n<div class=\"cell value\">\/<\/div>\n<\/div>\n<div class=\"row\">\n<div class=\"cell label\">Cantidad m\u00e1xima de carga (celdas)<\/div>\n<div class=\"cell value\">\/<\/div>\n<\/div>\n<div class=\"row\">\n<div class=\"cell label\">Sistema de gesti\u00f3n de bater\u00edas<\/div>\n<div class=\"cell value\">N<\/div>\n<\/div>\n<div class=\"row\">\n<div class=\"cell label\">Tama\u00f1o de la bater\u00eda<\/div>\n<div class=\"cell value\">\/<\/div>\n<\/div>\n<div class=\"row\">\n<div class=\"cell label\">Nombre del producto<\/div>\n<div class=\"cell value\">72174207 Caja de aluminio<\/div>\n<\/div>\n<div class=\"row\">\n<div class=\"cell label\">Talla<\/div>\n<div class=\"cell value\">72174207<\/div>\n<\/div>\n<div class=\"row\">\n<div class=\"cell label\">Material<\/div>\n<div class=\"cell value\">Aluminio<\/div>\n<\/div>\n<div class=\"row\">\n<div class=\"cell label\">Moq<\/div>\n<div class=\"cell value\">10 juegos<\/div>\n<\/div>\n<div class=\"row\">\n<div class=\"cell label\">Aplicaci\u00f3n<\/div>\n<div class=\"cell value\">Sistemas de almacenamiento de energ\u00eda solar<\/div>\n<\/div>\n<div class=\"row\">\n<div class=\"cell label\">Unidades de venta<\/div>\n<div class=\"cell value\">Art\u00edculo individual<\/div>\n<\/div>\n<\/div>\n<p><\/p>\n<h2>Nuestra base de fabricaci\u00f3n<\/h2>\n<h3>Panorama de la f\u00e1brica<\/h3>\n<p><img decoding=\"async\" src=\"\/wp-content\/uploads\/factory-01.webp\"\/><\/p>\n<h3>Taller de fabricaci\u00f3n de barras de aluminio<\/h3>\n<p><img decoding=\"async\" src=\"\/wp-content\/uploads\/factory-02.webp\"\/><\/p>\n<p><img decoding=\"async\" src=\"\/wp-content\/uploads\/factory-03.webp\"\/><\/p>\n<h3>Almac\u00e9n de moldes<\/h3>\n<p><img decoding=\"async\" src=\"\/wp-content\/uploads\/factory-04.webp\"\/><\/p>\n<h3>43 l\u00edneas de extrusi\u00f3n de aluminio (500-5500 toneladas)<\/h3>\n<p><img decoding=\"async\" src=\"\/wp-content\/uploads\/factory-05.webp\"\/><\/p>\n<p><img decoding=\"async\" src=\"\/wp-content\/uploads\/factory-06.webp\"\/><\/p>\n<p><img decoding=\"async\" src=\"\/wp-content\/uploads\/factory-07.webp\"\/><\/p>\n<h3>Taller de pintura en polvo<\/h3>\n<p><img decoding=\"async\" src=\"\/wp-content\/uploads\/factory-09.webp\"\/><\/p>\n<h3>Taller de anodizado<\/h3>\n<p><img decoding=\"async\" src=\"\/wp-content\/uploads\/factory-10.webp\"\/><\/p>\n<h3>Taller de procesamiento profundo<\/h3>\n<p><img decoding=\"async\" src=\"\/wp-content\/uploads\/factory-11.webp\"\/><\/p>\n<h3>Taller de mecanizado de precisi\u00f3n CNC<\/h3>\n<p><img decoding=\"async\" src=\"\/wp-content\/uploads\/factory-11.5.webp\"\/><\/p>\n<h3>Almac\u00e9n de productos acabados y de exportaci\u00f3n<\/h3>\n<p><img decoding=\"async\" src=\"\/wp-content\/uploads\/factory-12.webp\"\/><\/p>\n<p><img decoding=\"async\" src=\"\/wp-content\/uploads\/factory-13.webp\"\/><\/p>\n<p><img decoding=\"async\" src=\"\/wp-content\/uploads\/factory-14.webp\"\/><\/p>\n<h2>PREGUNTAS FRECUENTES<\/h2>\n<p><strong>1. \u00bfQu\u00e9 materiales se utilizan en la carcasa de aluminio de la bater\u00eda?<\/strong><br \/>La carcasa est\u00e1 fabricada en aluminio de alta calidad para ofrecer durabilidad y ligereza.<\/p>\n<p><strong>2. \u00bfPuede personalizarse el tama\u00f1o de la carcasa de aluminio de la bater\u00eda?<\/strong><br \/>S\u00ed, los tama\u00f1os se pueden personalizar seg\u00fan las especificaciones del cliente para pedidos al por mayor.<\/p>\n<p><strong>3. \u00bfEs adecuada la carcasa de aluminio para bater\u00edas de veh\u00edculos el\u00e9ctricos?<\/strong><br \/>S\u00ed, est\u00e1 dise\u00f1ado para alojar varios tipos de bater\u00edas, incluidas las de los veh\u00edculos el\u00e9ctricos.<\/p>\n<p><strong>4. \u00bfProporciona la carcasa alguna ventaja de gesti\u00f3n t\u00e9rmica?<\/strong><br \/>S\u00ed, el material de aluminio ofrece excelentes propiedades de gesti\u00f3n t\u00e9rmica para ayudar a regular la temperatura de la bater\u00eda.<\/p>\n<p><strong>5. \u00bfPueden los clientes colocar el logotipo de su marca en la carcasa de aluminio de la bater\u00eda?<\/strong><br \/>S\u00ed, los pedidos OEM incluyen opciones de personalizaci\u00f3n, como la impresi\u00f3n de logotipos.<\/p>\n<p><strong>6. \u00bfEs la resistencia a la corrosi\u00f3n una caracter\u00edstica de la carcasa de aluminio de la bater\u00eda?<\/strong><br \/>S\u00ed, es muy resistente a la corrosi\u00f3n, lo que prolonga la vida \u00fatil de la carcasa.<\/p>\n<p><strong>7. \u00bfOfrecen env\u00edo internacional para la carcasa de aluminio de la bater\u00eda?<\/strong><br \/>S\u00ed, realizamos env\u00edos internacionales con apoyo log\u00edstico integral.<\/p>\n<p><\/p>","protected":false},"featured_media":10837,"template":"","categories":[68],"class_list":["post-10898","product","type-product","status-publish","has-post-thumbnail","hentry","category-cnc-machining-aluminum-profile"],"meta_box":{"hilight_text_group":[{"product_hilight_text":"<li>Engineered to provide superior protection and performance<\/li>\n<li>Lightweight design suitable for a variety of battery types<\/li>\n<li>Customizable size and finish to meet specific B2B requirements<\/li>\n<li>Designed for efficient thermal management<\/li>\n<li>Durable and resistant to corrosion and impacts<\/li>"}],"feature_list":[]},"_links":{"self":[{"href":"https:\/\/sinoextrud.com\/es\/wp-json\/wp\/v2\/product\/10898","targetHints":{"allow":["GET"]}}],"collection":[{"href":"https:\/\/sinoextrud.com\/es\/wp-json\/wp\/v2\/product"}],"about":[{"href":"https:\/\/sinoextrud.com\/es\/wp-json\/wp\/v2\/types\/product"}],"wp:featuredmedia":[{"embeddable":true,"href":"https:\/\/sinoextrud.com\/es\/wp-json\/wp\/v2\/media\/10837"}],"wp:attachment":[{"href":"https:\/\/sinoextrud.com\/es\/wp-json\/wp\/v2\/media?parent=10898"}],"wp:term":[{"taxonomy":"category","embeddable":true,"href":"https:\/\/sinoextrud.com\/es\/wp-json\/wp\/v2\/categories?post=10898"}],"curies":[{"name":"wp","href":"https:\/\/api.w.org\/{rel}","templated":true}]}}