{"id":10897,"date":"2025-08-01T03:11:55","date_gmt":"2025-08-01T03:11:55","guid":{"rendered":"https:\/\/sinoextrud.com\/product\/gold-anodized-aluminum-phone-holder\/"},"modified":"2025-08-01T03:11:55","modified_gmt":"2025-08-01T03:11:55","slug":"soporte-para-telefono-de-aluminio-anodizado-dorado","status":"publish","type":"product","link":"https:\/\/sinoextrud.com\/es\/product\/gold-anodized-aluminum-phone-holder\/","title":{"rendered":"Soporte para tel\u00e9fono de aluminio anodizado dorado"},"content":{"rendered":"<h2>Productos<\/h2>\n<div class=\"product-table\">\n<div class=\"row\">\n<div class=\"cell label\">estructura<\/div>\n<div class=\"cell value\">Soporte unilateral<\/div>\n<\/div>\n<div class=\"row\">\n<div class=\"cell label\">est\u00e1ndar o no est\u00e1ndar<\/div>\n<div class=\"cell value\">Est\u00e1ndar<\/div>\n<\/div>\n<div class=\"row\">\n<div class=\"cell label\">Nombre del producto<\/div>\n<div class=\"cell value\">Soporte de mesa de aluminio para tel\u00e9fono m\u00f3vil o tableta<\/div>\n<\/div>\n<div class=\"row\">\n<div class=\"cell label\">Art\u00edculo<\/div>\n<div class=\"cell value\">soporte met\u00e1lico para tel\u00e9fono<\/div>\n<\/div>\n<div class=\"row\">\n<div class=\"cell label\">Talla<\/div>\n<div class=\"cell value\">Requisitos del cliente<\/div>\n<\/div>\n<div class=\"row\">\n<div class=\"cell label\">Certificado<\/div>\n<div class=\"cell value\">ISO9001:2008<\/div>\n<\/div>\n<div class=\"row\">\n<div class=\"cell label\">Tecnolog\u00eda<\/div>\n<div class=\"cell value\">13 a\u00f1os de experiencia<\/div>\n<\/div>\n<div class=\"row\">\n<div class=\"cell label\">Servicio<\/div>\n<div class=\"cell value\">OEM personalizado<\/div>\n<\/div>\n<div class=\"row\">\n<div class=\"cell label\">Material<\/div>\n<div class=\"cell value\">aluminio<\/div>\n<\/div>\n<div class=\"row\">\n<div class=\"cell label\">Acabado<\/div>\n<div class=\"cell value\">anodizado<\/div>\n<\/div>\n<div class=\"row\">\n<div class=\"cell label\">Proceso<\/div>\n<div class=\"cell value\">estampaci\u00f3n<\/div>\n<\/div>\n<div class=\"row\">\n<div class=\"cell label\">Certificaci\u00f3n<\/div>\n<div class=\"cell value\">ISO9001<\/div>\n<\/div>\n<div class=\"row\">\n<div class=\"cell label\">Detalles del embalaje<\/div>\n<div class=\"cell value\">Venta directa de la f\u00e1brica de estampado de metal de aluminio anodizado m\u00f3vil celular soporte de mesa o soporte de la tableta<\/div>\n<\/div>\n<div class=\"row\">\n<div class=\"cell label\">Puerto de expedici\u00f3n<\/div>\n<div class=\"cell value\">xiamen<\/div>\n<\/div>\n<div class=\"row\">\n<div class=\"cell label\">Unidades de venta<\/div>\n<div class=\"cell value\">Art\u00edculo individual<\/div>\n<\/div>\n<div class=\"row\">\n<div class=\"cell label\">Tama\u00f1o de envase individual<\/div>\n<div class=\"cell value\">12X11X8 cm<\/div>\n<\/div>\n<div class=\"row\">\n<div class=\"cell label\">Peso bruto \u00fanico<\/div>\n<div class=\"cell value\">0,080 KG<\/div>\n<\/div>\n<div class=\"row\">\n<div class=\"cell label\">Capacidad de suministro<\/div>\n<div class=\"cell value\">100000 piezas al mes<\/div>\n<\/div>\n<\/div>\n<p><\/p>\n<h2>Nuestra base de fabricaci\u00f3n<\/h2>\n<h3>Panorama de la f\u00e1brica<\/h3>\n<p><img decoding=\"async\" src=\"\/wp-content\/uploads\/factory-01.webp\"\/><\/p>\n<h3>Taller de fabricaci\u00f3n de barras de aluminio<\/h3>\n<p><img decoding=\"async\" src=\"\/wp-content\/uploads\/factory-02.webp\"\/><\/p>\n<p><img decoding=\"async\" src=\"\/wp-content\/uploads\/factory-03.webp\"\/><\/p>\n<h3>Almac\u00e9n de moldes<\/h3>\n<p><img decoding=\"async\" src=\"\/wp-content\/uploads\/factory-04.webp\"\/><\/p>\n<h3>43 l\u00edneas de extrusi\u00f3n de aluminio (500-5500 toneladas)<\/h3>\n<p><img decoding=\"async\" src=\"\/wp-content\/uploads\/factory-05.webp\"\/><\/p>\n<p><img decoding=\"async\" src=\"\/wp-content\/uploads\/factory-06.webp\"\/><\/p>\n<p><img decoding=\"async\" src=\"\/wp-content\/uploads\/factory-07.webp\"\/><\/p>\n<h3>Taller de pintura en polvo<\/h3>\n<p><img decoding=\"async\" src=\"\/wp-content\/uploads\/factory-09.webp\"\/><\/p>\n<h3>Taller de anodizado<\/h3>\n<p><img decoding=\"async\" src=\"\/wp-content\/uploads\/factory-10.webp\"\/><\/p>\n<h3>Taller de procesamiento profundo<\/h3>\n<p><img decoding=\"async\" src=\"\/wp-content\/uploads\/factory-11.webp\"\/><\/p>\n<h3>Taller de mecanizado de precisi\u00f3n CNC<\/h3>\n<p><img decoding=\"async\" src=\"\/wp-content\/uploads\/factory-11.5.webp\"\/><\/p>\n<h3>Almac\u00e9n de productos acabados y de exportaci\u00f3n<\/h3>\n<p><img decoding=\"async\" src=\"\/wp-content\/uploads\/factory-12.webp\"\/><\/p>\n<p><img decoding=\"async\" src=\"\/wp-content\/uploads\/factory-13.webp\"\/><\/p>\n<p><img decoding=\"async\" src=\"\/wp-content\/uploads\/factory-14.webp\"\/><\/p>\n<h2>PREGUNTAS FRECUENTES<\/h2>\n<p><strong>1. El soporte para tel\u00e9fono de aluminio anodizado dorado, \u00bfes ajustable?<\/strong><br \/>S\u00ed, cuenta con un \u00e1ngulo ajustable para lograr la mejor posici\u00f3n de visi\u00f3n.<\/p>\n<p><strong>2. \u00bfQu\u00e9 tel\u00e9fonos son compatibles con este soporte?<\/strong><br \/>El soporte est\u00e1 dise\u00f1ado para adaptarse a la mayor\u00eda de los modelos de smartphone.<\/p>\n<p><strong>3. \u00bfEl soporte del tel\u00e9fono se desliza f\u00e1cilmente sobre las superficies?<\/strong><br \/>No, tiene una base antideslizante para garantizar la estabilidad en diversas superficies.<\/p>\n<p><strong>4. \u00bfSe puede utilizar el soporte del tel\u00e9fono tanto para ver en vertical como en horizontal?<\/strong><br \/>S\u00ed, admite las orientaciones vertical y horizontal.<\/p>\n<p><strong>5. Es duradero el soporte para tel\u00e9fono de aluminio anodizado dorado?<\/strong><br \/>S\u00ed, est\u00e1 fabricado en robusto aluminio anodizado en oro para un uso prolongado.<\/p>\n<p><strong>6. \u00bfEl soporte deja ara\u00f1azos en el tel\u00e9fono?<\/strong><br \/>No, tiene un acolchado protector para evitar ara\u00f1azos en el tel\u00e9fono.<\/p>\n<p><strong>7. \u00bfPuedo utilizar el soporte mientras cargo el tel\u00e9fono?<\/strong><br \/>S\u00ed, est\u00e1 dise\u00f1ado para facilitar el acceso a los puertos de carga.<\/p>\n<p><\/p>","protected":false},"featured_media":10864,"template":"","categories":[68],"class_list":["post-10897","product","type-product","status-publish","has-post-thumbnail","hentry","category-cnc-machining-aluminum-profile"],"meta_box":{"hilight_text_group":[{"product_hilight_text":"<li>Constructed from durable gold anodized aluminum for long-lasting use<\/li>\n<li>Stylish design that complements any workspace or environment<\/li>\n<li>Adjustable angle to provide the best viewing experience<\/li>\n<li>Non-slip base to ensure the phone holder stays securely in place<\/li>\n<li>Compatible with a wide range of smartphone models<\/li>"}],"feature_list":[]},"_links":{"self":[{"href":"https:\/\/sinoextrud.com\/es\/wp-json\/wp\/v2\/product\/10897","targetHints":{"allow":["GET"]}}],"collection":[{"href":"https:\/\/sinoextrud.com\/es\/wp-json\/wp\/v2\/product"}],"about":[{"href":"https:\/\/sinoextrud.com\/es\/wp-json\/wp\/v2\/types\/product"}],"wp:featuredmedia":[{"embeddable":true,"href":"https:\/\/sinoextrud.com\/es\/wp-json\/wp\/v2\/media\/10864"}],"wp:attachment":[{"href":"https:\/\/sinoextrud.com\/es\/wp-json\/wp\/v2\/media?parent=10897"}],"wp:term":[{"taxonomy":"category","embeddable":true,"href":"https:\/\/sinoextrud.com\/es\/wp-json\/wp\/v2\/categories?post=10897"}],"curies":[{"name":"wp","href":"https:\/\/api.w.org\/{rel}","templated":true}]}}