{"id":10895,"date":"2025-08-01T03:11:51","date_gmt":"2025-08-01T03:11:51","guid":{"rendered":"https:\/\/sinoextrud.com\/product\/led-aluminum-radiator-for-lighting-fixtures\/"},"modified":"2025-08-01T03:11:51","modified_gmt":"2025-08-01T03:11:51","slug":"radiador-led-de-aluminio-para-luminarias","status":"publish","type":"product","link":"https:\/\/sinoextrud.com\/es\/product\/led-aluminum-radiator-for-lighting-fixtures\/","title":{"rendered":"Radiador de aluminio LED para luminarias"},"content":{"rendered":"<h2>Productos<\/h2>\n<div class=\"product-table\">\n<div class=\"row\">\n<div class=\"cell label\">Capacidades materiales<\/div>\n<div class=\"cell value\">Aluminio, lat\u00f3n, bronce, cobre, metales endurecidos, metales preciosos, acero inoxidable, aleaciones de acero<\/div>\n<\/div>\n<div class=\"row\">\n<div class=\"cell label\">Tipo<\/div>\n<div class=\"cell value\">Brochado, Taladrado, Grabado \/ Mecanizado qu\u00edmico, Mecanizado l\u00e1ser, Fresado, Otros servicios de mecanizado, Torneado, Electroerosi\u00f3n por hilo, Prototipado r\u00e1pido<\/div>\n<\/div>\n<div class=\"row\">\n<div class=\"cell label\">Micromecanizado o no<\/div>\n<div class=\"cell value\">Micromecanizado<\/div>\n<\/div>\n<div class=\"row\">\n<div class=\"cell label\">Material<\/div>\n<div class=\"cell value\">Aleaci\u00f3n de aluminio<\/div>\n<\/div>\n<div class=\"row\">\n<div class=\"cell label\">Proceso<\/div>\n<div class=\"cell value\">Mecanizado CNC<\/div>\n<\/div>\n<div class=\"row\">\n<div class=\"cell label\">Tratamiento de superficies<\/div>\n<div class=\"cell value\">Anodizado en color,Recubrimiento en polvo<\/div>\n<\/div>\n<div class=\"row\">\n<div class=\"cell label\">Tolerancia<\/div>\n<div class=\"cell value\">0,01-0,05 mm<\/div>\n<\/div>\n<div class=\"row\">\n<div class=\"cell label\">Aplicaci\u00f3n<\/div>\n<div class=\"cell value\">Soluci\u00f3n electr\u00f3nica\/iluminaci\u00f3n\/t\u00e9rmica<\/div>\n<\/div>\n<div class=\"row\">\n<div class=\"cell label\">Formato de dibujo<\/div>\n<div class=\"cell value\">2D\/(PDF\/CAD)3D(IGES\/PASO)<\/div>\n<\/div>\n<div class=\"row\">\n<div class=\"cell label\">Color<\/div>\n<div class=\"cell value\">Personalizado<\/div>\n<\/div>\n<div class=\"row\">\n<div class=\"cell label\">Embalaje<\/div>\n<div class=\"cell value\">Personalizado<\/div>\n<\/div>\n<div class=\"row\">\n<div class=\"cell label\">Servicio<\/div>\n<div class=\"cell value\">OEM personalizado<\/div>\n<\/div>\n<div class=\"row\">\n<div class=\"cell label\">MOQ<\/div>\n<div class=\"cell value\">1 unidad<\/div>\n<\/div>\n<div class=\"row\">\n<div class=\"cell label\">Unidades de venta<\/div>\n<div class=\"cell value\">Art\u00edculo individual<\/div>\n<\/div>\n<div class=\"row\">\n<div class=\"cell label\">Tama\u00f1o de envase individual<\/div>\n<div class=\"cell value\">60X4536X45 cm<\/div>\n<\/div>\n<div class=\"row\">\n<div class=\"cell label\">Peso bruto \u00fanico<\/div>\n<div class=\"cell value\">6.000 KG<\/div>\n<\/div>\n<\/div>\n<p><\/p>\n<h2>Nuestra base de fabricaci\u00f3n<\/h2>\n<h3>Panorama de la f\u00e1brica<\/h3>\n<p><img decoding=\"async\" src=\"\/wp-content\/uploads\/factory-01.webp\"\/><\/p>\n<h3>Taller de fabricaci\u00f3n de barras de aluminio<\/h3>\n<p><img decoding=\"async\" src=\"\/wp-content\/uploads\/factory-02.webp\"\/><\/p>\n<p><img decoding=\"async\" src=\"\/wp-content\/uploads\/factory-03.webp\"\/><\/p>\n<h3>Almac\u00e9n de moldes<\/h3>\n<p><img decoding=\"async\" src=\"\/wp-content\/uploads\/factory-04.webp\"\/><\/p>\n<h3>43 l\u00edneas de extrusi\u00f3n de aluminio (500-5500 toneladas)<\/h3>\n<p><img decoding=\"async\" src=\"\/wp-content\/uploads\/factory-05.webp\"\/><\/p>\n<p><img decoding=\"async\" src=\"\/wp-content\/uploads\/factory-06.webp\"\/><\/p>\n<p><img decoding=\"async\" src=\"\/wp-content\/uploads\/factory-07.webp\"\/><\/p>\n<h3>Taller de pintura en polvo<\/h3>\n<p><img decoding=\"async\" src=\"\/wp-content\/uploads\/factory-09.webp\"\/><\/p>\n<h3>Taller de anodizado<\/h3>\n<p><img decoding=\"async\" src=\"\/wp-content\/uploads\/factory-10.webp\"\/><\/p>\n<h3>Taller de procesamiento profundo<\/h3>\n<p><img decoding=\"async\" src=\"\/wp-content\/uploads\/factory-11.webp\"\/><\/p>\n<h3>Taller de mecanizado de precisi\u00f3n CNC<\/h3>\n<p><img decoding=\"async\" src=\"\/wp-content\/uploads\/factory-11.5.webp\"\/><\/p>\n<h3>Almac\u00e9n de productos acabados y de exportaci\u00f3n<\/h3>\n<p><img decoding=\"async\" src=\"\/wp-content\/uploads\/factory-12.webp\"\/><\/p>\n<p><img decoding=\"async\" src=\"\/wp-content\/uploads\/factory-13.webp\"\/><\/p>\n<p><img decoding=\"async\" src=\"\/wp-content\/uploads\/factory-14.webp\"\/><\/p>\n<h2>PREGUNTAS FRECUENTES<\/h2>\n<p><strong>1. \u00bfCu\u00e1les son las ventajas de utilizar un radiador de aluminio para LED?<\/strong><br \/>El aluminio proporciona una eficaz disipaci\u00f3n del calor, mejorando el rendimiento y la longevidad de los LED.<\/p>\n<p><strong>2. \u00bfSe puede personalizar el radiador de aluminio Led para aplicaciones espec\u00edficas?<\/strong><br \/>S\u00ed, puede personalizarse en cuanto a tama\u00f1o, acabado y dise\u00f1o para satisfacer las necesidades espec\u00edficas de cada proyecto.<\/p>\n<p><strong>3. \u00bfAdmite el radiador diferentes tipos de sistemas LED?<\/strong><br \/>S\u00ed, nuestros radiadores LED de aluminio son compatibles con diversas configuraciones de LED.<\/p>\n<p><strong>4. \u00bfEs este radiador resistente al \u00f3xido y la corrosi\u00f3n?<\/strong><br \/>De hecho, la construcci\u00f3n de aluminio es resistente a la corrosi\u00f3n para un uso prolongado.<\/p>\n<p><strong>5. \u00bfCu\u00e1l es el plazo de entrega para pedidos al por mayor de radiadores de aluminio Led?<\/strong><br \/>Los plazos de entrega var\u00edan, pero suelen oscilar entre 4 y 6 semanas en funci\u00f3n del tama\u00f1o del pedido.<\/p>\n<p><strong>6. \u00bfProporcionan muestras para realizar pruebas antes de hacer un pedido al por mayor?<\/strong><br \/>S\u00ed, disponemos de unidades de muestra para realizar pruebas y garantizar la compatibilidad y satisfacci\u00f3n.<\/p>\n<p><strong>7. \u00bfCumple el dise\u00f1o del radiador las normas internacionales?<\/strong><br \/>S\u00ed, nuestros dise\u00f1os cumplen y a menudo superan las normas internacionales de gesti\u00f3n t\u00e9rmica y seguridad.<\/p>\n<p><\/p>","protected":false},"featured_media":10865,"template":"","categories":[72],"class_list":["post-10895","product","type-product","status-publish","has-post-thumbnail","hentry","category-extruded-aluminum-heatsink"],"meta_box":{"hilight_text_group":[{"product_hilight_text":"<li>Efficient heat dissipation for extended LED lifespan<\/li>\n<li>Lightweight yet durable aluminum construction<\/li>\n<li>Customizable dimensions and finishes for various applications<\/li>\n<li>Compatible with a wide range of LED systems<\/li>\n<li>Corrosion-resistant for enhanced longevity<\/li>"}],"feature_list":[]},"_links":{"self":[{"href":"https:\/\/sinoextrud.com\/es\/wp-json\/wp\/v2\/product\/10895","targetHints":{"allow":["GET"]}}],"collection":[{"href":"https:\/\/sinoextrud.com\/es\/wp-json\/wp\/v2\/product"}],"about":[{"href":"https:\/\/sinoextrud.com\/es\/wp-json\/wp\/v2\/types\/product"}],"wp:featuredmedia":[{"embeddable":true,"href":"https:\/\/sinoextrud.com\/es\/wp-json\/wp\/v2\/media\/10865"}],"wp:attachment":[{"href":"https:\/\/sinoextrud.com\/es\/wp-json\/wp\/v2\/media?parent=10895"}],"wp:term":[{"taxonomy":"category","embeddable":true,"href":"https:\/\/sinoextrud.com\/es\/wp-json\/wp\/v2\/categories?post=10895"}],"curies":[{"name":"wp","href":"https:\/\/api.w.org\/{rel}","templated":true}]}}