{"id":10894,"date":"2025-08-01T03:11:48","date_gmt":"2025-08-01T03:11:48","guid":{"rendered":"https:\/\/sinoextrud.com\/product\/aluminium-profile-heatsink-for-custom-enclosures\/"},"modified":"2025-08-01T03:11:48","modified_gmt":"2025-08-01T03:11:48","slug":"disipador-de-perfil-de-aluminio-para-cajas-a-medida","status":"publish","type":"product","link":"https:\/\/sinoextrud.com\/es\/product\/aluminium-profile-heatsink-for-custom-enclosures\/","title":{"rendered":"Disipador t\u00e9rmico de perfil de aluminio para cajas a medida"},"content":{"rendered":"<h2>Productos<\/h2>\n<div class=\"product-table\">\n<div class=\"row\">\n<div class=\"cell label\">Grado<\/div>\n<div class=\"cell value\">Serie 6000<\/div>\n<\/div>\n<div class=\"row\">\n<div class=\"cell label\">Tolerancia<\/div>\n<div class=\"cell value\">\u00c2\u00b11%<\/div>\n<\/div>\n<div class=\"row\">\n<div class=\"cell label\">Plazo de entrega<\/div>\n<div class=\"cell value\">22-30 d\u00edas<\/div>\n<\/div>\n<div class=\"row\">\n<div class=\"cell label\">Temple<\/div>\n<div class=\"cell value\">T3-T8<\/div>\n<\/div>\n<div class=\"row\">\n<div class=\"cell label\">Aplicaci\u00f3n<\/div>\n<div class=\"cell value\">led\/electr\u00f3nica\/cpu\/industria<\/div>\n<\/div>\n<div class=\"row\">\n<div class=\"cell label\">Forma<\/div>\n<div class=\"cell value\">personalizado<\/div>\n<\/div>\n<div class=\"row\">\n<div class=\"cell label\">Aleaci\u00f3n o no<\/div>\n<div class=\"cell value\">Es aleaci\u00f3n<\/div>\n<\/div>\n<div class=\"row\">\n<div class=\"cell label\">Servicio de tramitaci\u00f3n<\/div>\n<div class=\"cell value\">Plegado, desenrollado, soldadura, punzonado, corte<\/div>\n<\/div>\n<div class=\"row\">\n<div class=\"cell label\">Nombre del producto<\/div>\n<div class=\"cell value\">Disipador de aluminio a medida<\/div>\n<\/div>\n<div class=\"row\">\n<div class=\"cell label\">Material<\/div>\n<div class=\"cell value\">Aleaci\u00f3n de aluminio 6063 6061 6005<\/div>\n<\/div>\n<div class=\"row\">\n<div class=\"cell label\">Color<\/div>\n<div class=\"cell value\">Plata, negro, negro dorado, etc.<\/div>\n<\/div>\n<div class=\"row\">\n<div class=\"cell label\">Tratamiento de superficies<\/div>\n<div class=\"cell value\">Acabado de fresado, anodizado, recubrimiento en polvo<\/div>\n<\/div>\n<div class=\"row\">\n<div class=\"cell label\">Certificaci\u00f3n<\/div>\n<div class=\"cell value\">ISO9001:2008<\/div>\n<\/div>\n<div class=\"row\">\n<div class=\"cell label\">forma<\/div>\n<div class=\"cell value\">Personalizado<\/div>\n<\/div>\n<div class=\"row\">\n<div class=\"cell label\">Utilizaci\u00f3n<\/div>\n<div class=\"cell value\">Led\/electr\u00f3nica\/cpu\/industria<\/div>\n<\/div>\n<div class=\"row\">\n<div class=\"cell label\">Muestra<\/div>\n<div class=\"cell value\">Muestra gratuita<\/div>\n<\/div>\n<div class=\"row\">\n<div class=\"cell label\">Longitud<\/div>\n<div class=\"cell value\">Longitud personalizada<\/div>\n<\/div>\n<div class=\"row\">\n<div class=\"cell label\">Servicio<\/div>\n<div class=\"cell value\">OEM ODM<\/div>\n<\/div>\n<div class=\"row\">\n<div class=\"cell label\">Unidades de venta<\/div>\n<div class=\"cell value\">Art\u00edculo individual<\/div>\n<\/div>\n<div class=\"row\">\n<div class=\"cell label\">Tama\u00f1o de envase individual<\/div>\n<div class=\"cell value\">30X20X20 cm<\/div>\n<\/div>\n<div class=\"row\">\n<div class=\"cell label\">Peso bruto \u00fanico<\/div>\n<div class=\"cell value\">3.000 KG<\/div>\n<\/div>\n<\/div>\n<p><\/p>\n<h2>Nuestra base de fabricaci\u00f3n<\/h2>\n<h3>Panorama de la f\u00e1brica<\/h3>\n<p><img decoding=\"async\" src=\"\/wp-content\/uploads\/factory-01.webp\"\/><\/p>\n<h3>Taller de fabricaci\u00f3n de barras de aluminio<\/h3>\n<p><img decoding=\"async\" src=\"\/wp-content\/uploads\/factory-02.webp\"\/><\/p>\n<p><img decoding=\"async\" src=\"\/wp-content\/uploads\/factory-03.webp\"\/><\/p>\n<h3>Almac\u00e9n de moldes<\/h3>\n<p><img decoding=\"async\" src=\"\/wp-content\/uploads\/factory-04.webp\"\/><\/p>\n<h3>43 l\u00edneas de extrusi\u00f3n de aluminio (500-5500 toneladas)<\/h3>\n<p><img decoding=\"async\" src=\"\/wp-content\/uploads\/factory-05.webp\"\/><\/p>\n<p><img decoding=\"async\" src=\"\/wp-content\/uploads\/factory-06.webp\"\/><\/p>\n<p><img decoding=\"async\" src=\"\/wp-content\/uploads\/factory-07.webp\"\/><\/p>\n<h3>Taller de pintura en polvo<\/h3>\n<p><img decoding=\"async\" src=\"\/wp-content\/uploads\/factory-09.webp\"\/><\/p>\n<h3>Taller de anodizado<\/h3>\n<p><img decoding=\"async\" src=\"\/wp-content\/uploads\/factory-10.webp\"\/><\/p>\n<h3>Taller de procesamiento profundo<\/h3>\n<p><img decoding=\"async\" src=\"\/wp-content\/uploads\/factory-11.webp\"\/><\/p>\n<h3>Taller de mecanizado de precisi\u00f3n CNC<\/h3>\n<p><img decoding=\"async\" src=\"\/wp-content\/uploads\/factory-11.5.webp\"\/><\/p>\n<h3>Almac\u00e9n de productos acabados y de exportaci\u00f3n<\/h3>\n<p><img decoding=\"async\" src=\"\/wp-content\/uploads\/factory-12.webp\"\/><\/p>\n<p><img decoding=\"async\" src=\"\/wp-content\/uploads\/factory-13.webp\"\/><\/p>\n<p><img decoding=\"async\" src=\"\/wp-content\/uploads\/factory-14.webp\"\/><\/p>\n<h2>PREGUNTAS FRECUENTES<\/h2>\n<p><strong>1. \u00bfQu\u00e9 materiales se utilizan en los disipadores de perfil de aluminio?<\/strong><br \/>Los disipadores est\u00e1n fabricados principalmente en aluminio de alta calidad, conocido por su excelente conductividad t\u00e9rmica y sus propiedades de ligereza.<\/p>\n<p><strong>2. \u00bfPuede adaptarse el disipador de perfil de aluminio a necesidades espec\u00edficas?<\/strong><br \/>S\u00ed, ofrecemos opciones de personalizaci\u00f3n en cuanto a dimensiones, formas y acabados.<\/p>\n<p><strong>3. El disipador de perfil de aluminio, \u00bfes adecuado para aplicaciones de alta potencia?<\/strong><br \/>S\u00ed, su eficaz gesti\u00f3n t\u00e9rmica lo hace ideal para una serie de dispositivos electr\u00f3nicos de alta potencia.<\/p>\n<p><strong>4. \u00bfEl disipador t\u00e9rmico de perfil de aluminio admite la marca?<\/strong><br \/>Existen opciones de marca; puede incluir logotipos y dise\u00f1os personalizados para pedidos al por mayor.<\/p>\n<p><strong>5. \u00bfExisten requisitos m\u00ednimos de pedido para los disipadores personalizados?<\/strong><br \/>La cantidad m\u00ednima de piezas depende de las especificaciones, pero suele empezar en 100 unidades para pedidos personalizados.<\/p>\n<p><strong>6. \u00bfEs ecol\u00f3gico el disipador de perfil de aluminio?<\/strong><br \/>S\u00ed, est\u00e1 fabricado con materiales reciclables, lo que favorece las pr\u00e1cticas sostenibles.<\/p>\n<p><strong>7. \u00bfOfrecen asistencia para el env\u00edo internacional de disipadores de perfil de aluminio?<\/strong><br \/>S\u00ed, ofrecemos soluciones globales de env\u00edo y gestionamos toda la documentaci\u00f3n necesaria para la exportaci\u00f3n.<\/p>\n<p><\/p>","protected":false},"featured_media":10736,"template":"","categories":[72],"class_list":["post-10894","product","type-product","status-publish","has-post-thumbnail","hentry","category-extruded-aluminum-heatsink"],"meta_box":{"hilight_text_group":[{"product_hilight_text":"<li>Efficient thermal management for electronic devices<\/li>\n<li>Lightweight and corrosion-resistant aluminium material<\/li>\n<li>Customizable dimensions to fit specific device requirements<\/li>\n<li>Supports OEM and ODM customization options<\/li>\n<li>Sustainable and recyclable material choice<\/li>"}],"feature_list":[]},"_links":{"self":[{"href":"https:\/\/sinoextrud.com\/es\/wp-json\/wp\/v2\/product\/10894","targetHints":{"allow":["GET"]}}],"collection":[{"href":"https:\/\/sinoextrud.com\/es\/wp-json\/wp\/v2\/product"}],"about":[{"href":"https:\/\/sinoextrud.com\/es\/wp-json\/wp\/v2\/types\/product"}],"wp:featuredmedia":[{"embeddable":true,"href":"https:\/\/sinoextrud.com\/es\/wp-json\/wp\/v2\/media\/10736"}],"wp:attachment":[{"href":"https:\/\/sinoextrud.com\/es\/wp-json\/wp\/v2\/media?parent=10894"}],"wp:term":[{"taxonomy":"category","embeddable":true,"href":"https:\/\/sinoextrud.com\/es\/wp-json\/wp\/v2\/categories?post=10894"}],"curies":[{"name":"wp","href":"https:\/\/api.w.org\/{rel}","templated":true}]}}