{"id":10893,"date":"2025-08-01T03:11:46","date_gmt":"2025-08-01T03:11:46","guid":{"rendered":"https:\/\/sinoextrud.com\/product\/silver-aluminum-vapor-chamber-radiator-for-submarines\/"},"modified":"2025-08-01T03:11:46","modified_gmt":"2025-08-01T03:11:46","slug":"radiador-con-camara-de-vapor-de-aluminio-plateado-para-submarinos","status":"publish","type":"product","link":"https:\/\/sinoextrud.com\/es\/product\/silver-aluminum-vapor-chamber-radiator-for-submarines\/","title":{"rendered":"Radiador con c\u00e1mara de vapor de aluminio plateado para submarinos"},"content":{"rendered":"<h2>Productos<\/h2>\n<div class=\"product-table\">\n<div class=\"row\">\n<div class=\"cell label\">Mecanizado CNC o no<\/div>\n<div class=\"cell value\">Mecanizado CNC<\/div>\n<\/div>\n<div class=\"row\">\n<div class=\"cell label\">Capacidades materiales<\/div>\n<div class=\"cell value\">Aluminio, Lat\u00f3n, Bronce, Cobre, Metales endurecidos, Metales preciosos, Acero inoxidable, Aleaciones de acero, Pl\u00e1stico mecanizado cnc<\/div>\n<\/div>\n<div class=\"row\">\n<div class=\"cell label\">Tipo<\/div>\n<div class=\"cell value\">Brochado, Taladrado, Grabado \/ Mecanizado qu\u00edmico, Mecanizado l\u00e1ser, Fresado, Otros servicios de mecanizado, Prototipado r\u00e1pido, Torneado, Electroerosi\u00f3n por hilo<\/div>\n<\/div>\n<div class=\"row\">\n<div class=\"cell label\">Micromecanizado o no<\/div>\n<div class=\"cell value\">Micromecanizado<\/div>\n<\/div>\n<div class=\"row\">\n<div class=\"cell label\">Material<\/div>\n<div class=\"cell value\">Aluminio, lat\u00f3n, cobre, acero inoxidable, etc.<\/div>\n<\/div>\n<div class=\"row\">\n<div class=\"cell label\">Acabado<\/div>\n<div class=\"cell value\">Pulido, chorro de arena, anodizado en color, chapado, etc.<\/div>\n<\/div>\n<div class=\"row\">\n<div class=\"cell label\">MOQ<\/div>\n<div class=\"cell value\">No<\/div>\n<\/div>\n<div class=\"row\">\n<div class=\"cell label\">Muestra<\/div>\n<div class=\"cell value\">Disponible en<\/div>\n<\/div>\n<div class=\"row\">\n<div class=\"cell label\">Tiempo de muestreo<\/div>\n<div class=\"cell value\">7-10 d\u00edas<\/div>\n<\/div>\n<div class=\"row\">\n<div class=\"cell label\">Gama de precisi\u00f3n<\/div>\n<div class=\"cell value\">0,010-0,002 mm<\/div>\n<\/div>\n<div class=\"row\">\n<div class=\"cell label\">OEM\/ODM<\/div>\n<div class=\"cell value\">Bienvenido<\/div>\n<\/div>\n<div class=\"row\">\n<div class=\"cell label\">Tipo de planos<\/div>\n<div class=\"cell value\">JPEG, PDF, DWG, DXF, IGS, STEP, CAD<\/div>\n<\/div>\n<div class=\"row\">\n<div class=\"cell label\">Unidades de venta<\/div>\n<div class=\"cell value\">Art\u00edculo individual<\/div>\n<\/div>\n<div class=\"row\">\n<div class=\"cell label\">Tama\u00f1o de envase individual<\/div>\n<div class=\"cell value\">8X10X9 cm<\/div>\n<\/div>\n<div class=\"row\">\n<div class=\"cell label\">Peso bruto \u00fanico<\/div>\n<div class=\"cell value\">0,030 KG<\/div>\n<\/div>\n<\/div>\n<p><\/p>\n<h2>Nuestra base de fabricaci\u00f3n<\/h2>\n<h3>Panorama de la f\u00e1brica<\/h3>\n<p><img decoding=\"async\" src=\"\/wp-content\/uploads\/factory-01.webp\"\/><\/p>\n<h3>Taller de fabricaci\u00f3n de barras de aluminio<\/h3>\n<p><img decoding=\"async\" src=\"\/wp-content\/uploads\/factory-02.webp\"\/><\/p>\n<p><img decoding=\"async\" src=\"\/wp-content\/uploads\/factory-03.webp\"\/><\/p>\n<h3>Almac\u00e9n de moldes<\/h3>\n<p><img decoding=\"async\" src=\"\/wp-content\/uploads\/factory-04.webp\"\/><\/p>\n<h3>43 l\u00edneas de extrusi\u00f3n de aluminio (500-5500 toneladas)<\/h3>\n<p><img decoding=\"async\" src=\"\/wp-content\/uploads\/factory-05.webp\"\/><\/p>\n<p><img decoding=\"async\" src=\"\/wp-content\/uploads\/factory-06.webp\"\/><\/p>\n<p><img decoding=\"async\" src=\"\/wp-content\/uploads\/factory-07.webp\"\/><\/p>\n<h3>Taller de pintura en polvo<\/h3>\n<p><img decoding=\"async\" src=\"\/wp-content\/uploads\/factory-09.webp\"\/><\/p>\n<h3>Taller de anodizado<\/h3>\n<p><img decoding=\"async\" src=\"\/wp-content\/uploads\/factory-10.webp\"\/><\/p>\n<h3>Taller de procesamiento profundo<\/h3>\n<p><img decoding=\"async\" src=\"\/wp-content\/uploads\/factory-11.webp\"\/><\/p>\n<h3>Taller de mecanizado de precisi\u00f3n CNC<\/h3>\n<p><img decoding=\"async\" src=\"\/wp-content\/uploads\/factory-11.5.webp\"\/><\/p>\n<h3>Almac\u00e9n de productos acabados y de exportaci\u00f3n<\/h3>\n<p><img decoding=\"async\" src=\"\/wp-content\/uploads\/factory-12.webp\"\/><\/p>\n<p><img decoding=\"async\" src=\"\/wp-content\/uploads\/factory-13.webp\"\/><\/p>\n<p><img decoding=\"async\" src=\"\/wp-content\/uploads\/factory-14.webp\"\/><\/p>\n<h2>PREGUNTAS FRECUENTES<\/h2>\n<p><strong>1. El radiador con c\u00e1mara de vapor de aluminio plateado, \u00bfes apto para todos los modelos de submarinos?<\/strong><br \/>S\u00ed, puede personalizarse para adaptarse a varios dise\u00f1os de submarinos.<\/p>\n<p><strong>2. \u00bfQu\u00e9 materiales se utilizan en la construcci\u00f3n del radiador?<\/strong><br \/>El radiador est\u00e1 fabricado en aluminio de alta calidad, lo que garantiza su durabilidad y eficacia.<\/p>\n<p><strong>3. \u00bfC\u00f3mo mejora la tecnolog\u00eda de c\u00e1mara de vapor la gesti\u00f3n t\u00e9rmica?<\/strong><br \/>La tecnolog\u00eda de c\u00e1mara de vapor distribuye el calor uniformemente, mejorando la eficacia de la refrigeraci\u00f3n.<\/p>\n<p><strong>4. \u00bfPuede este radiador soportar entornos marinos severos?<\/strong><br \/>S\u00ed, es resistente a la corrosi\u00f3n y est\u00e1 dise\u00f1ado espec\u00edficamente para condiciones marinas.<\/p>\n<p><strong>5. \u00bfExiste una cantidad m\u00ednima de pedido para los clientes B2B?<\/strong><br \/>Las cantidades m\u00ednimas de pedido pueden discutirse para satisfacer requisitos empresariales espec\u00edficos.<\/p>\n<p><strong>6. \u00bfPodemos obtener un radiador de muestra para realizar pruebas?<\/strong><br \/>S\u00ed, disponemos de unidades de muestra para realizar pruebas y garantizar la compatibilidad.<\/p>\n<p><strong>7. \u00bfOfrecen asistencia para la instalaci\u00f3n y consultas t\u00e9cnicas?<\/strong><br \/>S\u00ed, nuestro equipo t\u00e9cnico ofrece asistencia para la instalaci\u00f3n y cualquier otra consulta.<\/p>\n<p><\/p>","protected":false},"featured_media":10866,"template":"","categories":[74],"class_list":["post-10893","product","type-product","status-publish","has-post-thumbnail","hentry","category-vapor-chamber"],"meta_box":{"hilight_text_group":[{"product_hilight_text":"<li>Engineered specifically for submarine environments<\/li>\n<li>Constructed from high-quality aluminum for durability<\/li>\n<li>Efficient thermal management with vapor chamber technology<\/li>\n<li>Corrosion-resistant design ideal for marine applications<\/li>\n<li>Customizable size and specifications for B2B needs<\/li>"}],"feature_list":[]},"_links":{"self":[{"href":"https:\/\/sinoextrud.com\/es\/wp-json\/wp\/v2\/product\/10893","targetHints":{"allow":["GET"]}}],"collection":[{"href":"https:\/\/sinoextrud.com\/es\/wp-json\/wp\/v2\/product"}],"about":[{"href":"https:\/\/sinoextrud.com\/es\/wp-json\/wp\/v2\/types\/product"}],"wp:featuredmedia":[{"embeddable":true,"href":"https:\/\/sinoextrud.com\/es\/wp-json\/wp\/v2\/media\/10866"}],"wp:attachment":[{"href":"https:\/\/sinoextrud.com\/es\/wp-json\/wp\/v2\/media?parent=10893"}],"wp:term":[{"taxonomy":"category","embeddable":true,"href":"https:\/\/sinoextrud.com\/es\/wp-json\/wp\/v2\/categories?post=10893"}],"curies":[{"name":"wp","href":"https:\/\/api.w.org\/{rel}","templated":true}]}}