{"id":10892,"date":"2025-08-01T03:11:43","date_gmt":"2025-08-01T03:11:43","guid":{"rendered":"https:\/\/sinoextrud.com\/product\/aluminium-heat-sink-for-superconducting-applications\/"},"modified":"2025-08-01T03:11:43","modified_gmt":"2025-08-01T03:11:43","slug":"disipador-termico-de-aluminio-para-aplicaciones-superconductoras","status":"publish","type":"product","link":"https:\/\/sinoextrud.com\/es\/product\/aluminium-heat-sink-for-superconducting-applications\/","title":{"rendered":"Disipador de calor de aluminio para aplicaciones superconductoras"},"content":{"rendered":"<h2>Productos<\/h2>\n<div class=\"product-table\">\n<div class=\"row\">\n<div class=\"cell label\">Grado<\/div>\n<div class=\"cell value\">Serie 6000<\/div>\n<\/div>\n<div class=\"row\">\n<div class=\"cell label\">Tolerancia<\/div>\n<div class=\"cell value\">\u00c2\u00b110%<\/div>\n<\/div>\n<div class=\"row\">\n<div class=\"cell label\">Plazo de entrega<\/div>\n<div class=\"cell value\">31-45 d\u00edas<\/div>\n<\/div>\n<div class=\"row\">\n<div class=\"cell label\">Temple<\/div>\n<div class=\"cell value\">T3-T8<\/div>\n<\/div>\n<div class=\"row\">\n<div class=\"cell label\">Aplicaci\u00f3n<\/div>\n<div class=\"cell value\">Disipador de calor<\/div>\n<\/div>\n<div class=\"row\">\n<div class=\"cell label\">Forma<\/div>\n<div class=\"cell value\">plano<\/div>\n<\/div>\n<div class=\"row\">\n<div class=\"cell label\">Aleaci\u00f3n o no<\/div>\n<div class=\"cell value\">Sin aleaci\u00f3n<\/div>\n<\/div>\n<div class=\"row\">\n<div class=\"cell label\">Servicio de tramitaci\u00f3n<\/div>\n<div class=\"cell value\">Plegado, desenrollado, soldadura, punzonado, corte<\/div>\n<\/div>\n<div class=\"row\">\n<div class=\"cell label\">Nombre del producto<\/div>\n<div class=\"cell value\">Placa de refrigeraci\u00f3n de agua personalizada Placa de refrigeraci\u00f3n de aluminio l\u00edquido<\/div>\n<\/div>\n<div class=\"row\">\n<div class=\"cell label\">Material<\/div>\n<div class=\"cell value\">Aleaci\u00f3n de aluminio 6063<\/div>\n<\/div>\n<div class=\"row\">\n<div class=\"cell label\">MOQ<\/div>\n<div class=\"cell value\">1 unidad<\/div>\n<\/div>\n<div class=\"row\">\n<div class=\"cell label\">Utilizaci\u00f3n<\/div>\n<div class=\"cell value\">sistema de refrigeraci\u00f3n por agua<\/div>\n<\/div>\n<div class=\"row\">\n<div class=\"cell label\">Certificaci\u00f3n<\/div>\n<div class=\"cell value\">ISO 9001\/ROHS<\/div>\n<\/div>\n<div class=\"row\">\n<div class=\"cell label\">Talla<\/div>\n<div class=\"cell value\">Dibujo de los clientes<\/div>\n<\/div>\n<div class=\"row\">\n<div class=\"cell label\">Palabra clave<\/div>\n<div class=\"cell value\">disipador de calor refrigerado, placa fr\u00eda de agua, placa de refrigeraci\u00f3n l\u00edquida, bloque de agua<\/div>\n<\/div>\n<div class=\"row\">\n<div class=\"cell label\">Paquete<\/div>\n<div class=\"cell value\">envases personalizados<\/div>\n<\/div>\n<div class=\"row\">\n<div class=\"cell label\">Plazo de entrega<\/div>\n<div class=\"cell value\">20-45 d\u00edas<\/div>\n<\/div>\n<div class=\"row\">\n<div class=\"cell label\">Fabricaci\u00f3n<\/div>\n<div class=\"cell value\">Mecanizado CNC Etc<\/div>\n<\/div>\n<div class=\"row\">\n<div class=\"cell label\">Unidades de venta<\/div>\n<div class=\"cell value\">Art\u00edculo individual<\/div>\n<\/div>\n<div class=\"row\">\n<div class=\"cell label\">Tama\u00f1o de envase individual<\/div>\n<div class=\"cell value\">35X30X2 cm<\/div>\n<\/div>\n<div class=\"row\">\n<div class=\"cell label\">Peso bruto \u00fanico<\/div>\n<div class=\"cell value\">1.200 KG<\/div>\n<\/div>\n<\/div>\n<p><\/p>\n<h2>Nuestra base de fabricaci\u00f3n<\/h2>\n<h3>Panorama de la f\u00e1brica<\/h3>\n<p><img decoding=\"async\" src=\"\/wp-content\/uploads\/factory-01.webp\"\/><\/p>\n<h3>Taller de fabricaci\u00f3n de barras de aluminio<\/h3>\n<p><img decoding=\"async\" src=\"\/wp-content\/uploads\/factory-02.webp\"\/><\/p>\n<p><img decoding=\"async\" src=\"\/wp-content\/uploads\/factory-03.webp\"\/><\/p>\n<h3>Almac\u00e9n de moldes<\/h3>\n<p><img decoding=\"async\" src=\"\/wp-content\/uploads\/factory-04.webp\"\/><\/p>\n<h3>43 l\u00edneas de extrusi\u00f3n de aluminio (500-5500 toneladas)<\/h3>\n<p><img decoding=\"async\" src=\"\/wp-content\/uploads\/factory-05.webp\"\/><\/p>\n<p><img decoding=\"async\" src=\"\/wp-content\/uploads\/factory-06.webp\"\/><\/p>\n<p><img decoding=\"async\" src=\"\/wp-content\/uploads\/factory-07.webp\"\/><\/p>\n<h3>Taller de pintura en polvo<\/h3>\n<p><img decoding=\"async\" src=\"\/wp-content\/uploads\/factory-09.webp\"\/><\/p>\n<h3>Taller de anodizado<\/h3>\n<p><img decoding=\"async\" src=\"\/wp-content\/uploads\/factory-10.webp\"\/><\/p>\n<h3>Taller de procesamiento profundo<\/h3>\n<p><img decoding=\"async\" src=\"\/wp-content\/uploads\/factory-11.webp\"\/><\/p>\n<h3>Taller de mecanizado de precisi\u00f3n CNC<\/h3>\n<p><img decoding=\"async\" src=\"\/wp-content\/uploads\/factory-11.5.webp\"\/><\/p>\n<h3>Almac\u00e9n de productos acabados y de exportaci\u00f3n<\/h3>\n<p><img decoding=\"async\" src=\"\/wp-content\/uploads\/factory-12.webp\"\/><\/p>\n<p><img decoding=\"async\" src=\"\/wp-content\/uploads\/factory-13.webp\"\/><\/p>\n<p><img decoding=\"async\" src=\"\/wp-content\/uploads\/factory-14.webp\"\/><\/p>\n<h2>PREGUNTAS FRECUENTES<\/h2>\n<p><strong>1. \u00bfCu\u00e1l es la funci\u00f3n principal del disipador de calor de aluminio?<\/strong><br \/>Su funci\u00f3n principal es disipar eficazmente el calor en aplicaciones superconductoras.<\/p>\n<p><strong>2. \u00bfPuede adaptarse el disipador de calor de aluminio a requisitos espec\u00edficos?<\/strong><br \/>S\u00ed, puede adaptarse para cumplir especificaciones t\u00e9rmicas y de tama\u00f1o.<\/p>\n<p><strong>3. \u00bfEs adecuado este disipador de calor de aluminio para todos los tipos de sistemas superconductores?<\/strong><br \/>Est\u00e1 dise\u00f1ado para sistemas superconductores de temperatura media, pero puede adaptarse a otros tipos.<\/p>\n<p><strong>4. \u00bfAdmite la integraci\u00f3n con los sistemas de refrigeraci\u00f3n existentes?<\/strong><br \/>S\u00ed, es compatible con varios sistemas de refrigeraci\u00f3n y fluidos para una integraci\u00f3n perfecta.<\/p>\n<p><strong>5. \u00bfQu\u00e9 materiales se utilizan en el disipador de calor de aluminio?<\/strong><br \/>Est\u00e1 fabricado en aluminio de alta calidad que proporciona una excelente conductividad t\u00e9rmica y resistencia a la corrosi\u00f3n.<\/p>\n<p><strong>6. \u00bfC\u00f3mo contribuye el disipador de calor de aluminio a la eficiencia del sistema?<\/strong><br \/>Al disipar eficazmente el calor, mejora el rendimiento general y la fiabilidad de los sistemas superconductores.<\/p>\n<p><strong>7. \u00bfProporcionan asistencia t\u00e9cnica para la instalaci\u00f3n?<\/strong><br \/>S\u00ed, todos los clientes disponen de un completo servicio de instalaci\u00f3n y asistencia t\u00e9cnica.<\/p>\n<p><\/p>","protected":false},"featured_media":10734,"template":"","categories":[72],"class_list":["post-10892","product","type-product","status-publish","has-post-thumbnail","hentry","category-extruded-aluminum-heatsink"],"meta_box":{"hilight_text_group":[{"product_hilight_text":"<li>Efficient thermal management for superconducting applications<\/li>\n<li>Customizable design to fit specific system requirements<\/li>\n<li>Lightweight construction for easy installation and handling<\/li>\n<li>Corrosion-resistant materials for long-term performance<\/li>\n<li>Compatible with various cooling fluids and systems<\/li>"}],"feature_list":[]},"_links":{"self":[{"href":"https:\/\/sinoextrud.com\/es\/wp-json\/wp\/v2\/product\/10892","targetHints":{"allow":["GET"]}}],"collection":[{"href":"https:\/\/sinoextrud.com\/es\/wp-json\/wp\/v2\/product"}],"about":[{"href":"https:\/\/sinoextrud.com\/es\/wp-json\/wp\/v2\/types\/product"}],"wp:featuredmedia":[{"embeddable":true,"href":"https:\/\/sinoextrud.com\/es\/wp-json\/wp\/v2\/media\/10734"}],"wp:attachment":[{"href":"https:\/\/sinoextrud.com\/es\/wp-json\/wp\/v2\/media?parent=10892"}],"wp:term":[{"taxonomy":"category","embeddable":true,"href":"https:\/\/sinoextrud.com\/es\/wp-json\/wp\/v2\/categories?post=10892"}],"curies":[{"name":"wp","href":"https:\/\/api.w.org\/{rel}","templated":true}]}}