{"id":10889,"date":"2025-08-01T03:11:36","date_gmt":"2025-08-01T03:11:36","guid":{"rendered":"https:\/\/sinoextrud.com\/product\/computer-stand-aluminum-heat-sink-for-cooling\/"},"modified":"2025-08-01T03:11:36","modified_gmt":"2025-08-01T03:11:36","slug":"soporte-de-ordenador-disipador-de-calor-de-aluminio-para-refrigeracion","status":"publish","type":"product","link":"https:\/\/sinoextrud.com\/es\/product\/computer-stand-aluminum-heat-sink-for-cooling\/","title":{"rendered":"Soporte de ordenador Disipador de calor de aluminio para refrigeraci\u00f3n"},"content":{"rendered":"<h2>Productos<\/h2>\n<div class=\"product-table\">\n<div class=\"row\">\n<div class=\"cell label\">tipo<\/div>\n<div class=\"cell value\">Disipador t\u00e9rmico<\/div>\n<\/div>\n<div class=\"row\">\n<div class=\"cell label\">aplicaci\u00f3n<\/div>\n<div class=\"cell value\">Ninguno<\/div>\n<\/div>\n<div class=\"row\">\n<div class=\"cell label\">tama\u00f1o del ventilador<\/div>\n<div class=\"cell value\">Ninguno<\/div>\n<\/div>\n<div class=\"row\">\n<div class=\"cell label\">potencia<\/div>\n<div class=\"cell value\">Ninguno<\/div>\n<\/div>\n<div class=\"row\">\n<div class=\"cell label\">volumen de aire<\/div>\n<div class=\"cell value\">Ninguno<\/div>\n<\/div>\n<div class=\"row\">\n<div class=\"cell label\">material del disipador t\u00e9rmico<\/div>\n<div class=\"cell value\">Cobre y aluminio<\/div>\n<\/div>\n<div class=\"row\">\n<div class=\"cell label\">interfaz de potencia<\/div>\n<div class=\"cell value\">Ninguno<\/div>\n<\/div>\n<div class=\"row\">\n<div class=\"cell label\">ruido<\/div>\n<div class=\"cell value\">Ninguno<\/div>\n<\/div>\n<div class=\"row\">\n<div class=\"cell label\">control de la velocidad del ventilador<\/div>\n<div class=\"cell value\">Ninguno<\/div>\n<\/div>\n<div class=\"row\">\n<div class=\"cell label\">Material<\/div>\n<div class=\"cell value\">Aluminio y cobre<\/div>\n<\/div>\n<div class=\"row\">\n<div class=\"cell label\">Acabado<\/div>\n<div class=\"cell value\">Varios anodizado\/pulido\/cepillado\/recubrimiento<\/div>\n<\/div>\n<div class=\"row\">\n<div class=\"cell label\">Utilizaci\u00f3n<\/div>\n<div class=\"cell value\">Calor desapasionado<\/div>\n<\/div>\n<div class=\"row\">\n<div class=\"cell label\">Talla<\/div>\n<div class=\"cell value\">25*25*25\/Solicitud del cliente<\/div>\n<\/div>\n<div class=\"row\">\n<div class=\"cell label\">Color<\/div>\n<div class=\"cell value\">Plata\/rojo\/negro\/color personalizado<\/div>\n<\/div>\n<div class=\"row\">\n<div class=\"cell label\">Servicio de tramitaci\u00f3n<\/div>\n<div class=\"cell value\">Doblado, desbobinado, soldadura, punzonado, corte<\/div>\n<\/div>\n<div class=\"row\">\n<div class=\"cell label\">Servicio<\/div>\n<div class=\"cell value\">OEM&amp;ODM<\/div>\n<\/div>\n<div class=\"row\">\n<div class=\"cell label\">Grado<\/div>\n<div class=\"cell value\">Serie 6000, 6063\/6061\/6005\/6060 T5\/T6<\/div>\n<\/div>\n<div class=\"row\">\n<div class=\"cell label\">Proceso profundo<\/div>\n<div class=\"cell value\">Bajo CNC<\/div>\n<\/div>\n<div class=\"row\">\n<div class=\"cell label\">Puerto de expedici\u00f3n<\/div>\n<div class=\"cell value\">shenzhen<\/div>\n<\/div>\n<div class=\"row\">\n<div class=\"cell label\">Unidades de venta<\/div>\n<div class=\"cell value\">Art\u00edculo individual<\/div>\n<\/div>\n<div class=\"row\">\n<div class=\"cell label\">Tama\u00f1o de envase individual<\/div>\n<div class=\"cell value\">25X25X25 cm<\/div>\n<\/div>\n<div class=\"row\">\n<div class=\"cell label\">Peso bruto \u00fanico<\/div>\n<div class=\"cell value\">0,600 KG<\/div>\n<\/div>\n<div class=\"row\">\n<div class=\"cell label\">Capacidad de suministro<\/div>\n<div class=\"cell value\">30000 piezas por semana<\/div>\n<\/div>\n<\/div>\n<p><\/p>\n<h2>Nuestra base de fabricaci\u00f3n<\/h2>\n<h3>Panorama de la f\u00e1brica<\/h3>\n<p><img decoding=\"async\" src=\"\/wp-content\/uploads\/factory-01.webp\"\/><\/p>\n<h3>Taller de fabricaci\u00f3n de barras de aluminio<\/h3>\n<p><img decoding=\"async\" src=\"\/wp-content\/uploads\/factory-02.webp\"\/><\/p>\n<p><img decoding=\"async\" src=\"\/wp-content\/uploads\/factory-03.webp\"\/><\/p>\n<h3>Almac\u00e9n de moldes<\/h3>\n<p><img decoding=\"async\" src=\"\/wp-content\/uploads\/factory-04.webp\"\/><\/p>\n<h3>43 l\u00edneas de extrusi\u00f3n de aluminio (500-5500 toneladas)<\/h3>\n<p><img decoding=\"async\" src=\"\/wp-content\/uploads\/factory-05.webp\"\/><\/p>\n<p><img decoding=\"async\" src=\"\/wp-content\/uploads\/factory-06.webp\"\/><\/p>\n<p><img decoding=\"async\" src=\"\/wp-content\/uploads\/factory-07.webp\"\/><\/p>\n<h3>Taller de pintura en polvo<\/h3>\n<p><img decoding=\"async\" src=\"\/wp-content\/uploads\/factory-09.webp\"\/><\/p>\n<h3>Taller de anodizado<\/h3>\n<p><img decoding=\"async\" src=\"\/wp-content\/uploads\/factory-10.webp\"\/><\/p>\n<h3>Taller de procesamiento profundo<\/h3>\n<p><img decoding=\"async\" src=\"\/wp-content\/uploads\/factory-11.webp\"\/><\/p>\n<h3>Taller de mecanizado de precisi\u00f3n CNC<\/h3>\n<p><img decoding=\"async\" src=\"\/wp-content\/uploads\/factory-11.5.webp\"\/><\/p>\n<h3>Almac\u00e9n de productos acabados y de exportaci\u00f3n<\/h3>\n<p><img decoding=\"async\" src=\"\/wp-content\/uploads\/factory-12.webp\"\/><\/p>\n<p><img decoding=\"async\" src=\"\/wp-content\/uploads\/factory-13.webp\"\/><\/p>\n<p><img decoding=\"async\" src=\"\/wp-content\/uploads\/factory-14.webp\"\/><\/p>\n<h2>PREGUNTAS FRECUENTES<\/h2>\n<p><strong>1. \u00bfQu\u00e9 tama\u00f1os de port\u00e1tiles son compatibles con este soporte de ordenador?<\/strong><br \/>Este soporte es compatible con la mayor\u00eda de port\u00e1tiles de tama\u00f1o est\u00e1ndar.<\/p>\n<p><strong>2. \u00bfC\u00f3mo mejora el disipador de calor de aluminio el rendimiento del ordenador?<\/strong><br \/>El disipador de calor de aluminio mejora la disipaci\u00f3n del calor, manteniendo los dispositivos m\u00e1s fr\u00edos y mejorando el rendimiento.<\/p>\n<p><strong>3. \u00bfPuede utilizarse el stand con fines comerciales?<\/strong><br \/>S\u00ed, est\u00e1 dise\u00f1ado tanto para uso personal como profesional.<\/p>\n<p><strong>4. \u00bfEs posible personalizar el soporte inform\u00e1tico para nuestro negocio?<\/strong><br \/>S\u00ed, existen opciones de marca corporativa, como la impresi\u00f3n de logotipos.<\/p>\n<p><strong>5. \u00bfEl soporte del ordenador permite un uso ergon\u00f3mico?<\/strong><br \/>S\u00ed, su dise\u00f1o ergon\u00f3mico favorece una mejor postura durante su uso.<\/p>\n<p><strong>6. \u00bfDe qu\u00e9 material est\u00e1 hecho el soporte del ordenador?<\/strong><br \/>El soporte est\u00e1 fabricado en aluminio de alta calidad para una mayor durabilidad.<\/p>\n<p><strong>7. \u00bfOfrecen env\u00edo internacional para pedidos al por mayor?<\/strong><br \/>S\u00ed, se realizan env\u00edos internacionales y podemos ayudarle con la log\u00edstica necesaria.<\/p>\n<p><\/p>","protected":false},"featured_media":10868,"template":"","categories":[55],"class_list":["post-10889","product","type-product","status-publish","has-post-thumbnail","hentry","category-extruded-aluminum-profiles"],"meta_box":{"hilight_text_group":[{"product_hilight_text":"<li>Enhanced heat dissipation to improve computer performance<\/li>\n<li>Durable aluminum construction for long-lasting use<\/li>\n<li>Ergonomic design to promote better posture<\/li>\n<li>Compatible with a wide range of laptop sizes<\/li>\n<li>Customizable design for corporate branding needs<\/li>"}],"feature_list":[]},"_links":{"self":[{"href":"https:\/\/sinoextrud.com\/es\/wp-json\/wp\/v2\/product\/10889","targetHints":{"allow":["GET"]}}],"collection":[{"href":"https:\/\/sinoextrud.com\/es\/wp-json\/wp\/v2\/product"}],"about":[{"href":"https:\/\/sinoextrud.com\/es\/wp-json\/wp\/v2\/types\/product"}],"wp:featuredmedia":[{"embeddable":true,"href":"https:\/\/sinoextrud.com\/es\/wp-json\/wp\/v2\/media\/10868"}],"wp:attachment":[{"href":"https:\/\/sinoextrud.com\/es\/wp-json\/wp\/v2\/media?parent=10889"}],"wp:term":[{"taxonomy":"category","embeddable":true,"href":"https:\/\/sinoextrud.com\/es\/wp-json\/wp\/v2\/categories?post=10889"}],"curies":[{"name":"wp","href":"https:\/\/api.w.org\/{rel}","templated":true}]}}