{"id":10888,"date":"2025-08-01T03:11:33","date_gmt":"2025-08-01T03:11:33","guid":{"rendered":"https:\/\/sinoextrud.com\/product\/aluminum-bitcoin-mining-machine-case\/"},"modified":"2025-08-01T03:11:33","modified_gmt":"2025-08-01T03:11:33","slug":"caja-de-aluminio-de-la-maquina-de-mineria-bitcoin","status":"publish","type":"product","link":"https:\/\/sinoextrud.com\/es\/product\/aluminum-bitcoin-mining-machine-case\/","title":{"rendered":"Carcasa de aluminio para m\u00e1quina de miner\u00eda de bitcoin"},"content":{"rendered":"<h2>Productos<\/h2>\n<div class=\"product-table\">\n<div class=\"row\">\n<div class=\"cell label\">Grado<\/div>\n<div class=\"cell value\">Serie 6000<\/div>\n<\/div>\n<div class=\"row\">\n<div class=\"cell label\">Tolerancia<\/div>\n<div class=\"cell value\">\u00c2\u00b11%<\/div>\n<\/div>\n<div class=\"row\">\n<div class=\"cell label\">Plazo de entrega<\/div>\n<div class=\"cell value\">15-21 d\u00edas<\/div>\n<\/div>\n<div class=\"row\">\n<div class=\"cell label\">Temple<\/div>\n<div class=\"cell value\">T5.T6<\/div>\n<\/div>\n<div class=\"row\">\n<div class=\"cell label\">Aplicaci\u00f3n<\/div>\n<div class=\"cell value\">Decoraciones<\/div>\n<\/div>\n<div class=\"row\">\n<div class=\"cell label\">Forma<\/div>\n<div class=\"cell value\">Coustom<\/div>\n<\/div>\n<div class=\"row\">\n<div class=\"cell label\">Aleaci\u00f3n o no<\/div>\n<div class=\"cell value\">Es aleaci\u00f3n<\/div>\n<\/div>\n<div class=\"row\">\n<div class=\"cell label\">Servicio de tramitaci\u00f3n<\/div>\n<div class=\"cell value\">Plegado, desenrollado, soldadura, punzonado, corte<\/div>\n<\/div>\n<div class=\"row\">\n<div class=\"cell label\">Nombre del producto<\/div>\n<div class=\"cell value\">Perfil de aluminio a medida<\/div>\n<\/div>\n<div class=\"row\">\n<div class=\"cell label\">Tratamiento de superficies<\/div>\n<div class=\"cell value\">Anodizado\/Recubrimiento en polvo<\/div>\n<\/div>\n<div class=\"row\">\n<div class=\"cell label\">Color<\/div>\n<div class=\"cell value\">Plata y negro<\/div>\n<\/div>\n<div class=\"row\">\n<div class=\"cell label\">Material<\/div>\n<div class=\"cell value\">Aleaci\u00f3n 6063\/6061\/T5\/T6<\/div>\n<\/div>\n<div class=\"row\">\n<div class=\"cell label\">Longitud<\/div>\n<div class=\"cell value\">10mm-7000mm<\/div>\n<\/div>\n<div class=\"row\">\n<div class=\"cell label\">Certificaci\u00f3n<\/div>\n<div class=\"cell value\">ISO9001:2015<\/div>\n<\/div>\n<div class=\"row\">\n<div class=\"cell label\">MOQ<\/div>\n<div class=\"cell value\">1Kg<\/div>\n<\/div>\n<div class=\"row\">\n<div class=\"cell label\">Talla<\/div>\n<div class=\"cell value\">Dibujos<\/div>\n<\/div>\n<div class=\"row\">\n<div class=\"cell label\">Plazo de pago<\/div>\n<div class=\"cell value\">T\/T<\/div>\n<\/div>\n<div class=\"row\">\n<div class=\"cell label\">Aplicaci\u00f3n<\/div>\n<div class=\"cell value\">Robot Frame, estaciones de trabajo, impresora 3D para diversas ocasiones, etc.<\/div>\n<\/div>\n<div class=\"row\">\n<div class=\"cell label\">Unidades de venta<\/div>\n<div class=\"cell value\">Art\u00edculo individual<\/div>\n<\/div>\n<div class=\"row\">\n<div class=\"cell label\">Tama\u00f1o de envase individual<\/div>\n<div class=\"cell value\">10X4X8 cm<\/div>\n<\/div>\n<div class=\"row\">\n<div class=\"cell label\">Peso bruto \u00fanico<\/div>\n<div class=\"cell value\">3.650 KG<\/div>\n<\/div>\n<\/div>\n<p><\/p>\n<h2>Nuestra base de fabricaci\u00f3n<\/h2>\n<h3>Panorama de la f\u00e1brica<\/h3>\n<p><img decoding=\"async\" src=\"\/wp-content\/uploads\/factory-01.webp\"\/><\/p>\n<h3>Taller de fabricaci\u00f3n de barras de aluminio<\/h3>\n<p><img decoding=\"async\" src=\"\/wp-content\/uploads\/factory-02.webp\"\/><\/p>\n<p><img decoding=\"async\" src=\"\/wp-content\/uploads\/factory-03.webp\"\/><\/p>\n<h3>Almac\u00e9n de moldes<\/h3>\n<p><img decoding=\"async\" src=\"\/wp-content\/uploads\/factory-04.webp\"\/><\/p>\n<h3>43 l\u00edneas de extrusi\u00f3n de aluminio (500-5500 toneladas)<\/h3>\n<p><img decoding=\"async\" src=\"\/wp-content\/uploads\/factory-05.webp\"\/><\/p>\n<p><img decoding=\"async\" src=\"\/wp-content\/uploads\/factory-06.webp\"\/><\/p>\n<p><img decoding=\"async\" src=\"\/wp-content\/uploads\/factory-07.webp\"\/><\/p>\n<h3>Taller de pintura en polvo<\/h3>\n<p><img decoding=\"async\" src=\"\/wp-content\/uploads\/factory-09.webp\"\/><\/p>\n<h3>Taller de anodizado<\/h3>\n<p><img decoding=\"async\" src=\"\/wp-content\/uploads\/factory-10.webp\"\/><\/p>\n<h3>Taller de procesamiento profundo<\/h3>\n<p><img decoding=\"async\" src=\"\/wp-content\/uploads\/factory-11.webp\"\/><\/p>\n<h3>Taller de mecanizado de precisi\u00f3n CNC<\/h3>\n<p><img decoding=\"async\" src=\"\/wp-content\/uploads\/factory-11.5.webp\"\/><\/p>\n<h3>Almac\u00e9n de productos acabados y de exportaci\u00f3n<\/h3>\n<p><img decoding=\"async\" src=\"\/wp-content\/uploads\/factory-12.webp\"\/><\/p>\n<p><img decoding=\"async\" src=\"\/wp-content\/uploads\/factory-13.webp\"\/><\/p>\n<p><img decoding=\"async\" src=\"\/wp-content\/uploads\/factory-14.webp\"\/><\/p>\n<h2>PREGUNTAS FRECUENTES<\/h2>\n<p><strong>1. \u00bfCu\u00e1l es el beneficio de usar una carcasa de aluminio para la miner\u00eda Bitcoin?<\/strong><br \/>La carcasa de aluminio ofrece una disipaci\u00f3n t\u00e9rmica superior, lo que aumenta la eficiencia y la vida \u00fatil del hardware de miner\u00eda.<\/p>\n<p><strong>2. La carcasa de aluminio de la m\u00e1quina de miner\u00eda de Bitcoin, \u00bfpuede alojar hardware diferente?<\/strong><br \/>S\u00ed, est\u00e1 dise\u00f1ado para adaptarse a una amplia gama de tama\u00f1os y modelos de hardware de miner\u00eda populares.<\/p>\n<p><strong>3. Se puede personalizar la carcasa de aluminio de la m\u00e1quina de miner\u00eda de Bitcoin?<\/strong><br \/>S\u00ed, ofrecemos opciones de personalizaci\u00f3n que incluyen ajustes de tama\u00f1o y marcas para pedidos al por mayor.<\/p>\n<p><strong>4. \u00bfProporciona la caja refrigeraci\u00f3n pasiva para equipos de miner\u00eda?<\/strong><br \/>S\u00ed, la construcci\u00f3n de aluminio ayuda a la refrigeraci\u00f3n pasiva disipando el calor con facilidad.<\/p>\n<p><strong>5. Qu\u00e9 durabilidad tiene la carcasa de aluminio de la m\u00e1quina de miner\u00eda de Bitcoin?<\/strong><br \/>Fabricado en aluminio de alta calidad, es ligero y muy duradero, y ofrece una excelente protecci\u00f3n.<\/p>\n<p><strong>6. \u00bfExiste un pedido m\u00ednimo para las compras B2B del malet\u00edn de aluminio para m\u00e1quinas de miner\u00eda de bitcoins?<\/strong><br \/>S\u00ed, el MOQ puede variar, pero normalmente comienza en 100 unidades dependiendo de las necesidades de personalizaci\u00f3n.<\/p>\n<p><strong>7. \u00bfOfrece la funda protecci\u00f3n contra los factores ambientales?<\/strong><br \/>S\u00ed, protege el hardware del polvo y los da\u00f1os f\u00edsicos al tiempo que garantiza un flujo de aire \u00f3ptimo.<\/p>\n<p><\/p>","protected":false},"featured_media":10869,"template":"","categories":[72],"class_list":["post-10888","product","type-product","status-publish","has-post-thumbnail","hentry","category-extruded-aluminum-heatsink"],"meta_box":{"hilight_text_group":[{"product_hilight_text":"<li>Constructed from high-quality aluminum for optimal heat dissipation<\/li>\n<li>Designed to fit a range of Bitcoin mining hardware models<\/li>\n<li>Provides advanced protection and ventilation for mining rigs<\/li>\n<li>Supports customization to meet varied client needs for B2B purchases<\/li>\n<li>Lightweight yet sturdy design for easy transport and setup<\/li>"}],"feature_list":[]},"_links":{"self":[{"href":"https:\/\/sinoextrud.com\/es\/wp-json\/wp\/v2\/product\/10888","targetHints":{"allow":["GET"]}}],"collection":[{"href":"https:\/\/sinoextrud.com\/es\/wp-json\/wp\/v2\/product"}],"about":[{"href":"https:\/\/sinoextrud.com\/es\/wp-json\/wp\/v2\/types\/product"}],"wp:featuredmedia":[{"embeddable":true,"href":"https:\/\/sinoextrud.com\/es\/wp-json\/wp\/v2\/media\/10869"}],"wp:attachment":[{"href":"https:\/\/sinoextrud.com\/es\/wp-json\/wp\/v2\/media?parent=10888"}],"wp:term":[{"taxonomy":"category","embeddable":true,"href":"https:\/\/sinoextrud.com\/es\/wp-json\/wp\/v2\/categories?post=10888"}],"curies":[{"name":"wp","href":"https:\/\/api.w.org\/{rel}","templated":true}]}}