{"id":10884,"date":"2025-08-01T03:08:20","date_gmt":"2025-08-01T03:08:20","guid":{"rendered":"https:\/\/sinoextrud.com\/product\/aluminium-extruded-radiator-for-thermal-systems\/"},"modified":"2025-08-01T03:08:20","modified_gmt":"2025-08-01T03:08:20","slug":"radiador-de-aluminio-extruido-para-sistemas-termicos","status":"publish","type":"product","link":"https:\/\/sinoextrud.com\/es\/product\/aluminium-extruded-radiator-for-thermal-systems\/","title":{"rendered":"Radiador de aluminio extruido para sistemas t\u00e9rmicos"},"content":{"rendered":"<h2>Productos<\/h2>\n<div class=\"product-table\">\n<div class=\"row\">\n<div class=\"cell label\">Grado<\/div>\n<div class=\"cell value\">Serie 6000<\/div>\n<\/div>\n<div class=\"row\">\n<div class=\"cell label\">Tolerancia<\/div>\n<div class=\"cell value\">\u00c2\u00b11%<\/div>\n<\/div>\n<div class=\"row\">\n<div class=\"cell label\">Plazo de entrega<\/div>\n<div class=\"cell value\">22-30 d\u00edas<\/div>\n<\/div>\n<div class=\"row\">\n<div class=\"cell label\">Temple<\/div>\n<div class=\"cell value\">T3-T8<\/div>\n<\/div>\n<div class=\"row\">\n<div class=\"cell label\">Aplicaci\u00f3n<\/div>\n<div class=\"cell value\">Disipador de calor<\/div>\n<\/div>\n<div class=\"row\">\n<div class=\"cell label\">Forma<\/div>\n<div class=\"cell value\">Personalizado<\/div>\n<\/div>\n<div class=\"row\">\n<div class=\"cell label\">Aleaci\u00f3n o no<\/div>\n<div class=\"cell value\">Es aleaci\u00f3n<\/div>\n<\/div>\n<div class=\"row\">\n<div class=\"cell label\">Servicio de tramitaci\u00f3n<\/div>\n<div class=\"cell value\">Plegado, desenrollado, soldadura, punzonado, corte<\/div>\n<\/div>\n<div class=\"row\">\n<div class=\"cell label\">Nombre del producto<\/div>\n<div class=\"cell value\">Carcasa anodizada 6063 Disipador de calor industrial<\/div>\n<\/div>\n<div class=\"row\">\n<div class=\"cell label\">Material<\/div>\n<div class=\"cell value\">Aleaci\u00f3n 6063\/6061\/6005\/6060 T5\/T6<\/div>\n<\/div>\n<div class=\"row\">\n<div class=\"cell label\">Tratamiento de superficies<\/div>\n<div class=\"cell value\">Recubrimiento en polvo, anodizado<\/div>\n<\/div>\n<div class=\"row\">\n<div class=\"cell label\">Color<\/div>\n<div class=\"cell value\">Solicitud del cliente<\/div>\n<\/div>\n<div class=\"row\">\n<div class=\"cell label\">Certificaci\u00f3n<\/div>\n<div class=\"cell value\">ISO9001:2008<\/div>\n<\/div>\n<div class=\"row\">\n<div class=\"cell label\">Aplicaci\u00f3n<\/div>\n<div class=\"cell value\">Equipamiento industrial<\/div>\n<\/div>\n<div class=\"row\">\n<div class=\"cell label\">Proceso profundo<\/div>\n<div class=\"cell value\">Servicio de mecanizado CNC<\/div>\n<\/div>\n<div class=\"row\">\n<div class=\"cell label\">Servicio<\/div>\n<div class=\"cell value\">OEM ODM Personalizado<\/div>\n<\/div>\n<div class=\"row\">\n<div class=\"cell label\">Plazo de pago<\/div>\n<div class=\"cell value\">T\/T<\/div>\n<\/div>\n<div class=\"row\">\n<div class=\"cell label\">Unidades de venta<\/div>\n<div class=\"cell value\">Art\u00edculo individual<\/div>\n<\/div>\n<div class=\"row\">\n<div class=\"cell label\">Tama\u00f1o de envase individual<\/div>\n<div class=\"cell value\">600X4X10 cm<\/div>\n<\/div>\n<div class=\"row\">\n<div class=\"cell label\">Peso bruto \u00fanico<\/div>\n<div class=\"cell value\">2.000 KG<\/div>\n<\/div>\n<\/div>\n<p><\/p>\n<h2>Nuestra base de fabricaci\u00f3n<\/h2>\n<h3>Panorama de la f\u00e1brica<\/h3>\n<p><img decoding=\"async\" src=\"\/wp-content\/uploads\/factory-01.webp\"\/><\/p>\n<h3>Taller de fabricaci\u00f3n de barras de aluminio<\/h3>\n<p><img decoding=\"async\" src=\"\/wp-content\/uploads\/factory-02.webp\"\/><\/p>\n<p><img decoding=\"async\" src=\"\/wp-content\/uploads\/factory-03.webp\"\/><\/p>\n<h3>Almac\u00e9n de moldes<\/h3>\n<p><img decoding=\"async\" src=\"\/wp-content\/uploads\/factory-04.webp\"\/><\/p>\n<h3>43 l\u00edneas de extrusi\u00f3n de aluminio (500-5500 toneladas)<\/h3>\n<p><img decoding=\"async\" src=\"\/wp-content\/uploads\/factory-05.webp\"\/><\/p>\n<p><img decoding=\"async\" src=\"\/wp-content\/uploads\/factory-06.webp\"\/><\/p>\n<p><img decoding=\"async\" src=\"\/wp-content\/uploads\/factory-07.webp\"\/><\/p>\n<h3>Taller de pintura en polvo<\/h3>\n<p><img decoding=\"async\" src=\"\/wp-content\/uploads\/factory-09.webp\"\/><\/p>\n<h3>Taller de anodizado<\/h3>\n<p><img decoding=\"async\" src=\"\/wp-content\/uploads\/factory-10.webp\"\/><\/p>\n<h3>Taller de procesamiento profundo<\/h3>\n<p><img decoding=\"async\" src=\"\/wp-content\/uploads\/factory-11.webp\"\/><\/p>\n<h3>Taller de mecanizado de precisi\u00f3n CNC<\/h3>\n<p><img decoding=\"async\" src=\"\/wp-content\/uploads\/factory-11.5.webp\"\/><\/p>\n<h3>Almac\u00e9n de productos acabados y de exportaci\u00f3n<\/h3>\n<p><img decoding=\"async\" src=\"\/wp-content\/uploads\/factory-12.webp\"\/><\/p>\n<p><img decoding=\"async\" src=\"\/wp-content\/uploads\/factory-13.webp\"\/><\/p>\n<p><img decoding=\"async\" src=\"\/wp-content\/uploads\/factory-14.webp\"\/><\/p>\n<h2>PREGUNTAS FRECUENTES<\/h2>\n<p><strong>1. \u00bfCu\u00e1les son las ventajas de utilizar un radiador de aluminio extruido?<\/strong><br \/>Los radiadores de aluminio extruido ofrecen una excelente disipaci\u00f3n del calor y resistencia a la corrosi\u00f3n, por lo que son ideales para soluciones de refrigeraci\u00f3n eficientes.<\/p>\n<p><strong>2. \u00bfSe puede personalizar el tama\u00f1o del radiador de aluminio extruido?<\/strong><br \/>S\u00ed, el radiador puede adaptarse a requisitos de tama\u00f1o espec\u00edficos para ajustarse a diferentes sistemas.<\/p>\n<p><strong>3. \u00bfEs adecuado el radiador de aluminio extruido para su uso en exteriores?<\/strong><br \/>S\u00ed, sus propiedades anticorrosivas lo hacen adecuado para aplicaciones en exteriores.<\/p>\n<p><strong>4. \u00bfQu\u00e9 industrias utilizan habitualmente radiadores de aluminio extruido?<\/strong><br \/>Se utilizan ampliamente en los sectores de la automoci\u00f3n, la electr\u00f3nica y la calefacci\u00f3n, ventilaci\u00f3n y aire acondicionado para una gesti\u00f3n eficaz del calor.<\/p>\n<p><strong>5. \u00bfC\u00f3mo beneficia la conductividad t\u00e9rmica del aluminio al rendimiento del radiador?<\/strong><br \/>La alta conductividad t\u00e9rmica garantiza una r\u00e1pida transferencia del calor, mejorando la eficacia de refrigeraci\u00f3n del radiador.<\/p>\n<p><strong>6. \u00bfExisten diferentes opciones de color para los radiadores de aluminio extruido?<\/strong><br \/>S\u00ed, existen m\u00faltiples opciones de acabado, incluidos colores y anodizado, para satisfacer los requisitos est\u00e9ticos.<\/p>\n<p><strong>7. \u00bfOfrecen asistencia para la instalaci\u00f3n del radiador de aluminio extruido?<\/strong><br \/>Aunque proporcionamos orientaci\u00f3n y apoyo, la instalaci\u00f3n suele correr a cargo de profesionales certificados.<\/p>\n<p><\/p>","protected":false},"featured_media":10872,"template":"","categories":[55],"class_list":["post-10884","product","type-product","status-publish","has-post-thumbnail","hentry","category-extruded-aluminum-profiles"],"meta_box":{"hilight_text_group":[{"product_hilight_text":"<li>Designed for efficient heat dissipation in various applications<\/li>\n<li>Lightweight yet durable with high thermal conductivity<\/li>\n<li>Customizable dimensions for specific installation requirements<\/li>\n<li>Corrosion-resistant for longevity and reliability<\/li>\n<li>Available in multiple finishes and colors to suit industry standards<\/li>"}],"feature_list":[]},"_links":{"self":[{"href":"https:\/\/sinoextrud.com\/es\/wp-json\/wp\/v2\/product\/10884","targetHints":{"allow":["GET"]}}],"collection":[{"href":"https:\/\/sinoextrud.com\/es\/wp-json\/wp\/v2\/product"}],"about":[{"href":"https:\/\/sinoextrud.com\/es\/wp-json\/wp\/v2\/types\/product"}],"wp:featuredmedia":[{"embeddable":true,"href":"https:\/\/sinoextrud.com\/es\/wp-json\/wp\/v2\/media\/10872"}],"wp:attachment":[{"href":"https:\/\/sinoextrud.com\/es\/wp-json\/wp\/v2\/media?parent=10884"}],"wp:term":[{"taxonomy":"category","embeddable":true,"href":"https:\/\/sinoextrud.com\/es\/wp-json\/wp\/v2\/categories?post=10884"}],"curies":[{"name":"wp","href":"https:\/\/api.w.org\/{rel}","templated":true}]}}