{"id":10879,"date":"2025-08-01T03:04:36","date_gmt":"2025-08-01T03:04:36","guid":{"rendered":"https:\/\/sinoextrud.com\/product\/aluminium-alloy-heat-sink-for-electronic-devices\/"},"modified":"2025-08-01T03:06:12","modified_gmt":"2025-08-01T03:06:12","slug":"disipador-termico-de-aleacion-de-aluminio-para-dispositivos-electronicos","status":"publish","type":"product","link":"https:\/\/sinoextrud.com\/es\/product\/aluminium-alloy-heat-sink-for-electronic-devices\/","title":{"rendered":"Disipador t\u00e9rmico de aleaci\u00f3n de aluminio para dispositivos electr\u00f3nicos"},"content":{"rendered":"<h2>Productos<\/h2>\n<div class=\"product-table\">\n<div class=\"row\">\n<div class=\"cell label\">Tipo<\/div>\n<div class=\"cell value\">personalizado a la carta<\/div>\n<\/div>\n<div class=\"row\">\n<div class=\"cell label\">M\u00e9todo de fijaci\u00f3n<\/div>\n<div class=\"cell value\">soldadura<\/div>\n<\/div>\n<div class=\"row\">\n<div class=\"cell label\">Material<\/div>\n<div class=\"cell value\">Aluminio, cobre, lat\u00f3n<\/div>\n<\/div>\n<div class=\"row\">\n<div class=\"cell label\">Longitud<\/div>\n<div class=\"cell value\">personalizado a la carta<\/div>\n<\/div>\n<div class=\"row\">\n<div class=\"cell label\">Anchura<\/div>\n<div class=\"cell value\">personalizado a la carta<\/div>\n<\/div>\n<div class=\"row\">\n<div class=\"cell label\">Tama\u00f1o \/ Dimensi\u00f3n<\/div>\n<div class=\"cell value\">personalizado a la carta<\/div>\n<\/div>\n<div class=\"row\">\n<div class=\"cell label\">Nombre del producto<\/div>\n<div class=\"cell value\">Disipador t\u00e9rmico de aluminio extruido<\/div>\n<\/div>\n<div class=\"row\">\n<div class=\"cell label\">Tratamiento de superficies<\/div>\n<div class=\"cell value\">anodizado ,recubrimiento<\/div>\n<\/div>\n<div class=\"row\">\n<div class=\"cell label\">Caracter\u00edstica<\/div>\n<div class=\"cell value\">alta potencia<\/div>\n<\/div>\n<div class=\"row\">\n<div class=\"cell label\">Aplicaci\u00f3n<\/div>\n<div class=\"cell value\">Radio, Televisi\u00f3n, Observatorio, Sat\u00e9lite, Avi\u00f3n, Barco, Coche<\/div>\n<\/div>\n<div class=\"row\">\n<div class=\"cell label\">Calidad<\/div>\n<div class=\"cell value\">100% inspecci\u00f3n completa<\/div>\n<\/div>\n<div class=\"row\">\n<div class=\"cell label\">MOQ<\/div>\n<div class=\"cell value\">se aceptan muestras y pedidos peque\u00f1os<\/div>\n<\/div>\n<div class=\"row\">\n<div class=\"cell label\">Plazos de entrega<\/div>\n<div class=\"cell value\">15-20 d\u00edas<\/div>\n<\/div>\n<div class=\"row\">\n<div class=\"cell label\">Servicio<\/div>\n<div class=\"cell value\">Personalizado OEM ODM<\/div>\n<\/div>\n<div class=\"row\">\n<div class=\"cell label\">Embalaje<\/div>\n<div class=\"cell value\">Cart\u00f3n+caja de madera<\/div>\n<\/div>\n<div class=\"row\">\n<div class=\"cell label\">Garant\u00eda<\/div>\n<div class=\"cell value\">3 a\u00f1os<\/div>\n<\/div>\n<div class=\"row\">\n<div class=\"cell label\">Unidades de venta<\/div>\n<div class=\"cell value\">Art\u00edculo individual<\/div>\n<\/div>\n<div class=\"row\">\n<div class=\"cell label\">Tama\u00f1o de envase individual<\/div>\n<div class=\"cell value\">32,8X9,6X7,8 cm<\/div>\n<\/div>\n<div class=\"row\">\n<div class=\"cell label\">Peso bruto \u00fanico<\/div>\n<div class=\"cell value\">0,670 KG<\/div>\n<\/div>\n<\/div>\n<p><\/p>\n<h2>Nuestra base de fabricaci\u00f3n<\/h2>\n<h3>Panorama de la f\u00e1brica<\/h3>\n<p><img decoding=\"async\" src=\"\/wp-content\/uploads\/factory-01.webp\"\/><\/p>\n<h3>Taller de fabricaci\u00f3n de barras de aluminio<\/h3>\n<p><img decoding=\"async\" src=\"\/wp-content\/uploads\/factory-02.webp\"\/><\/p>\n<\/p>\n<p><img decoding=\"async\" src=\"\/wp-content\/uploads\/factory-03.webp\"\/><\/p>\n<h3>Almac\u00e9n de moldes<\/h3>\n<p><img decoding=\"async\" src=\"\/wp-content\/uploads\/factory-04.webp\"\/><\/p>\n<h3>43 l\u00edneas de extrusi\u00f3n de aluminio (500-5500 toneladas)<\/h3>\n<p><img decoding=\"async\" src=\"\/wp-content\/uploads\/factory-05.webp\"\/><\/p>\n<p><img decoding=\"async\" src=\"\/wp-content\/uploads\/factory-06.webp\"\/><\/p>\n<p><img decoding=\"async\" src=\"\/wp-content\/uploads\/factory-07.webp\"\/><\/p>\n<h3>Taller de pintura en polvo<\/h3>\n<p><img decoding=\"async\" src=\"\/wp-content\/uploads\/factory-09.webp\"\/><\/p>\n<h3>Taller de anodizado<\/h3>\n<p><img decoding=\"async\" src=\"\/wp-content\/uploads\/factory-10.webp\"\/><\/p>\n<h3>Taller de procesamiento profundo<\/h3>\n<p><img decoding=\"async\" src=\"\/wp-content\/uploads\/factory-11.webp\"\/><\/p>\n<h3>Taller de mecanizado de precisi\u00f3n CNC<\/h3>\n<p><img decoding=\"async\" src=\"\/wp-content\/uploads\/factory-11.5.webp\"\/><\/p>\n<h3>Almac\u00e9n de productos acabados y de exportaci\u00f3n<\/h3>\n<p><img decoding=\"async\" src=\"\/wp-content\/uploads\/factory-12.webp\"\/><\/p>\n<p><img decoding=\"async\" src=\"\/wp-content\/uploads\/factory-13.webp\"\/><\/p>\n<p><img decoding=\"async\" src=\"\/wp-content\/uploads\/factory-14.webp\"\/><\/p>\n<h2>PREGUNTAS FRECUENTES<\/h2>\n<p><strong>1. Con qu\u00e9 dispositivos se puede utilizar el disipador de calor de aleaci\u00f3n de aluminio?<\/strong><br \/>El disipador es adecuado para una amplia gama de dispositivos electr\u00f3nicos que requieren una gesti\u00f3n eficaz del calor.<\/p>\n<p><strong>2. \u00bfSe puede personalizar el disipador t\u00e9rmico de aleaci\u00f3n de aluminio?<\/strong><br \/>S\u00ed, ofrecemos dise\u00f1os personalizables que se adaptan a las dimensiones y requisitos espec\u00edficos de cada dispositivo.<\/p>\n<p><strong>3. \u00bfQu\u00e9 material se utiliza para el disipador de calor?<\/strong><br \/>El disipador t\u00e9rmico est\u00e1 fabricado en aleaci\u00f3n de aluminio de alta calidad para una disipaci\u00f3n \u00f3ptima del calor.<\/p>\n<p><strong>4. \u00bfPuede el disipador t\u00e9rmico de aleaci\u00f3n de aluminio resistir la corrosi\u00f3n?<\/strong><br \/>S\u00ed, est\u00e1 fabricado con materiales resistentes a la corrosi\u00f3n para garantizar su longevidad.<\/p>\n<p><strong>5. \u00bfEl disipador de calor de aleaci\u00f3n de aluminio admite servicios OEM?<\/strong><br \/>S\u00ed, disponemos de servicios OEM para adaptar el producto a sus necesidades.<\/p>\n<p><strong>6. \u00bfCu\u00e1l es la eficacia de la disipaci\u00f3n de calor de este disipador?<\/strong><br \/>El disipador t\u00e9rmico de aleaci\u00f3n de aluminio ofrece una gesti\u00f3n t\u00e9rmica muy eficaz.<\/p>\n<p><strong>7. \u00bfEst\u00e1 disponible el env\u00edo internacional para el disipador de calor de aleaci\u00f3n de aluminio?<\/strong><br \/>S\u00ed, proporcionamos opciones de env\u00edo internacional y ayudamos con la log\u00edstica.<\/p>\n<p><\/p>","protected":false},"featured_media":10731,"template":"","categories":[72],"class_list":["post-10879","product","type-product","status-publish","has-post-thumbnail","hentry","category-extruded-aluminum-heatsink"],"meta_box":{"hilight_text_group":[],"feature_list":[]},"_links":{"self":[{"href":"https:\/\/sinoextrud.com\/es\/wp-json\/wp\/v2\/product\/10879","targetHints":{"allow":["GET"]}}],"collection":[{"href":"https:\/\/sinoextrud.com\/es\/wp-json\/wp\/v2\/product"}],"about":[{"href":"https:\/\/sinoextrud.com\/es\/wp-json\/wp\/v2\/types\/product"}],"wp:featuredmedia":[{"embeddable":true,"href":"https:\/\/sinoextrud.com\/es\/wp-json\/wp\/v2\/media\/10731"}],"wp:attachment":[{"href":"https:\/\/sinoextrud.com\/es\/wp-json\/wp\/v2\/media?parent=10879"}],"wp:term":[{"taxonomy":"category","embeddable":true,"href":"https:\/\/sinoextrud.com\/es\/wp-json\/wp\/v2\/categories?post=10879"}],"curies":[{"name":"wp","href":"https:\/\/api.w.org\/{rel}","templated":true}]}}