{"id":10878,"date":"2025-08-01T03:04:34","date_gmt":"2025-08-01T03:04:34","guid":{"rendered":"https:\/\/sinoextrud.com\/product\/aluminium-extruded-heatsink-for-power-modules\/"},"modified":"2025-08-01T03:04:34","modified_gmt":"2025-08-01T03:04:34","slug":"disipador-termico-de-aluminio-extruido-para-modulos-de-potencia","status":"publish","type":"product","link":"https:\/\/sinoextrud.com\/es\/product\/aluminium-extruded-heatsink-for-power-modules\/","title":{"rendered":"Disipador t\u00e9rmico de aluminio extruido para m\u00f3dulos de potencia"},"content":{"rendered":"<h2>Productos<\/h2>\n<div class=\"product-table\">\n<div class=\"row\">\n<div class=\"cell label\">Grado<\/div>\n<div class=\"cell value\">Serie 6000<\/div>\n<\/div>\n<div class=\"row\">\n<div class=\"cell label\">Tolerancia<\/div>\n<div class=\"cell value\">\u00c2\u00b11%<\/div>\n<\/div>\n<div class=\"row\">\n<div class=\"cell label\">Plazo de entrega<\/div>\n<div class=\"cell value\">en un plazo de 7 d\u00edas<\/div>\n<\/div>\n<div class=\"row\">\n<div class=\"cell label\">Temple<\/div>\n<div class=\"cell value\">T1-T8<\/div>\n<\/div>\n<div class=\"row\">\n<div class=\"cell label\">Aplicaci\u00f3n<\/div>\n<div class=\"cell value\">piezas<\/div>\n<\/div>\n<div class=\"row\">\n<div class=\"cell label\">Forma<\/div>\n<div class=\"cell value\">forma especial<\/div>\n<\/div>\n<div class=\"row\">\n<div class=\"cell label\">Aleaci\u00f3n o no<\/div>\n<div class=\"cell value\">Sin aleaci\u00f3n<\/div>\n<\/div>\n<div class=\"row\">\n<div class=\"cell label\">Servicio de tramitaci\u00f3n<\/div>\n<div class=\"cell value\">Corte, punzonado, soldadura, desbobinado, plegado<\/div>\n<\/div>\n<div class=\"row\">\n<div class=\"cell label\">Nombre del producto<\/div>\n<div class=\"cell value\">radiador de aluminio<\/div>\n<\/div>\n<div class=\"row\">\n<div class=\"cell label\">Material<\/div>\n<div class=\"cell value\">Aluminio<\/div>\n<\/div>\n<div class=\"row\">\n<div class=\"cell label\">Aplicaci\u00f3n<\/div>\n<div class=\"cell value\">Aplicable a diversos sectores<\/div>\n<\/div>\n<div class=\"row\">\n<div class=\"cell label\">Color<\/div>\n<div class=\"cell value\">Colores personalizados<\/div>\n<\/div>\n<div class=\"row\">\n<div class=\"cell label\">Talla<\/div>\n<div class=\"cell value\">Tama\u00f1o personalizado<\/div>\n<\/div>\n<div class=\"row\">\n<div class=\"cell label\">Tratamiento de superficies<\/div>\n<div class=\"cell value\">Tratamiento superficial personalizado<\/div>\n<\/div>\n<div class=\"row\">\n<div class=\"cell label\">Certificaci\u00f3n<\/div>\n<div class=\"cell value\">ISO9000<\/div>\n<\/div>\n<div class=\"row\">\n<div class=\"cell label\">Paquete<\/div>\n<div class=\"cell value\">Bolsa de pl\u00e1stico+cart\u00f3n+pal\u00e9<\/div>\n<\/div>\n<div class=\"row\">\n<div class=\"cell label\">Plazo de entrega<\/div>\n<div class=\"cell value\">P\u00f3ngase en contacto con<\/div>\n<\/div>\n<div class=\"row\">\n<div class=\"cell label\">Caracter\u00edstica<\/div>\n<div class=\"cell value\">Alta precisi\u00f3n<\/div>\n<\/div>\n<div class=\"row\">\n<div class=\"cell label\">Unidades de venta<\/div>\n<div class=\"cell value\">Art\u00edculo individual<\/div>\n<\/div>\n<\/div>\n<p><\/p>\n<h2>Nuestra base de fabricaci\u00f3n<\/h2>\n<h3>Panorama de la f\u00e1brica<\/h3>\n<p><img decoding=\"async\" src=\"\/wp-content\/uploads\/factory-01.webp\"\/><\/p>\n<h3>Taller de fabricaci\u00f3n de barras de aluminio<\/h3>\n<p><img decoding=\"async\" src=\"\/wp-content\/uploads\/factory-02.webp\"\/><\/p>\n<p><img decoding=\"async\" src=\"\/wp-content\/uploads\/factory-03.webp\"\/><\/p>\n<h3>Almac\u00e9n de moldes<\/h3>\n<p><img decoding=\"async\" src=\"\/wp-content\/uploads\/factory-04.webp\"\/><\/p>\n<h3>43 l\u00edneas de extrusi\u00f3n de aluminio (500-5500 toneladas)<\/h3>\n<p><img decoding=\"async\" src=\"\/wp-content\/uploads\/factory-05.webp\"\/><\/p>\n<p><img decoding=\"async\" src=\"\/wp-content\/uploads\/factory-06.webp\"\/><\/p>\n<p><img decoding=\"async\" src=\"\/wp-content\/uploads\/factory-07.webp\"\/><\/p>\n<h3>Taller de pintura en polvo<\/h3>\n<p><img decoding=\"async\" src=\"\/wp-content\/uploads\/factory-09.webp\"\/><\/p>\n<h3>Taller de anodizado<\/h3>\n<p><img decoding=\"async\" src=\"\/wp-content\/uploads\/factory-10.webp\"\/><\/p>\n<h3>Taller de procesamiento profundo<\/h3>\n<p><img decoding=\"async\" src=\"\/wp-content\/uploads\/factory-11.webp\"\/><\/p>\n<h3>Taller de mecanizado de precisi\u00f3n CNC<\/h3>\n<p><img decoding=\"async\" src=\"\/wp-content\/uploads\/factory-11.5.webp\"\/><\/p>\n<h3>Almac\u00e9n de productos acabados y de exportaci\u00f3n<\/h3>\n<p><img decoding=\"async\" src=\"\/wp-content\/uploads\/factory-12.webp\"\/><\/p>\n<p><img decoding=\"async\" src=\"\/wp-content\/uploads\/factory-13.webp\"\/><\/p>\n<p><img decoding=\"async\" src=\"\/wp-content\/uploads\/factory-14.webp\"\/><\/p>\n<h2>PREGUNTAS FRECUENTES<\/h2>\n<p><strong>1. \u00bfPara qu\u00e9 se utilizan los disipadores t\u00e9rmicos de aluminio extruido?<\/strong><br \/>Se utilizan sobre todo para disipar el calor en dispositivos electr\u00f3nicos y evitar el sobrecalentamiento.<\/p>\n<p><strong>2. \u00bfPuede personalizarse el disipador t\u00e9rmico de aluminio extruido?<\/strong><br \/>S\u00ed, ofrecemos personalizaci\u00f3n en tama\u00f1o, forma y acabado para adaptarnos a sus necesidades espec\u00edficas.<\/p>\n<p><strong>3. \u00bfCu\u00e1l es la ventaja de utilizar aluminio para los disipadores t\u00e9rmicos?<\/strong><br \/>El aluminio proporciona una excelente conductividad t\u00e9rmica a la vez que es ligero y rentable.<\/p>\n<p><strong>4. \u00bfQu\u00e9 industrias utilizan habitualmente disipadores t\u00e9rmicos de aluminio extruido?<\/strong><br \/>Se utilizan habitualmente en los sectores de la electr\u00f3nica, la automoci\u00f3n y las energ\u00edas renovables.<\/p>\n<p><strong>5. \u00bfC\u00f3mo puedo elegir el disipador t\u00e9rmico de aluminio extruido adecuado para mi aplicaci\u00f3n?<\/strong><br \/>La selecci\u00f3n depende de factores como los requisitos t\u00e9rmicos, las limitaciones de espacio y las opciones de montaje.<\/p>\n<p><strong>6. \u00bfLos disipadores extruidos de aluminio s\u00f3lo admiten refrigeraci\u00f3n pasiva?<\/strong><br \/>S\u00ed, est\u00e1n dise\u00f1ados para refrigeraci\u00f3n pasiva, pero pueden mejorarse con soluciones de refrigeraci\u00f3n activa.<\/p>\n<p><strong>7. \u00bfSon estos disipadores resistentes a la corrosi\u00f3n?<\/strong><br \/>S\u00ed, el aluminio es resistente a la corrosi\u00f3n por naturaleza, y los tratamientos adicionales pueden mejorar a\u00fan m\u00e1s esta propiedad.<\/p>\n<p><\/p>","protected":false},"featured_media":10873,"template":"","categories":[55],"class_list":["post-10878","product","type-product","status-publish","has-post-thumbnail","hentry","category-extruded-aluminum-profiles"],"meta_box":{"hilight_text_group":[{"product_hilight_text":"<li>High thermal conductivity for efficient heat dissipation<\/li>\n<li>Custom designs available to suit diverse applications<\/li>\n<li>Lightweight yet robust aluminum construction<\/li>\n<li>Suitable for both industrial and consumer electronics<\/li>\n<li>Environmentally friendly production process<\/li>"}],"feature_list":[]},"_links":{"self":[{"href":"https:\/\/sinoextrud.com\/es\/wp-json\/wp\/v2\/product\/10878","targetHints":{"allow":["GET"]}}],"collection":[{"href":"https:\/\/sinoextrud.com\/es\/wp-json\/wp\/v2\/product"}],"about":[{"href":"https:\/\/sinoextrud.com\/es\/wp-json\/wp\/v2\/types\/product"}],"wp:featuredmedia":[{"embeddable":true,"href":"https:\/\/sinoextrud.com\/es\/wp-json\/wp\/v2\/media\/10873"}],"wp:attachment":[{"href":"https:\/\/sinoextrud.com\/es\/wp-json\/wp\/v2\/media?parent=10878"}],"wp:term":[{"taxonomy":"category","embeddable":true,"href":"https:\/\/sinoextrud.com\/es\/wp-json\/wp\/v2\/categories?post=10878"}],"curies":[{"name":"wp","href":"https:\/\/api.w.org\/{rel}","templated":true}]}}