{"id":10876,"date":"2025-08-01T02:41:40","date_gmt":"2025-08-01T02:41:40","guid":{"rendered":"https:\/\/sinoextrud.com\/product\/aluminum-heat-sink-machining-for-custom-cooling\/"},"modified":"2025-08-01T02:41:40","modified_gmt":"2025-08-01T02:41:40","slug":"mecanizado-de-disipadores-termicos-de-aluminio-para-refrigeracion-personalizada","status":"publish","type":"product","link":"https:\/\/sinoextrud.com\/es\/product\/aluminum-heat-sink-machining-for-custom-cooling\/","title":{"rendered":"Mecanizado de disipadores de calor de aluminio para refrigeraci\u00f3n personalizada"},"content":{"rendered":"<h2>Productos<\/h2>\n<div class=\"product-table\">\n<div class=\"row\">\n<div class=\"cell label\">Unidades de venta<\/div>\n<div class=\"cell value\">Art\u00edculo individual<\/div>\n<\/div>\n<\/div>\n<p><\/p>\n<h2>Nuestra base de fabricaci\u00f3n<\/h2>\n<h3>Panorama de la f\u00e1brica<\/h3>\n<p><img decoding=\"async\" src=\"\/wp-content\/uploads\/factory-01.webp\"\/><\/p>\n<h3>Taller de fabricaci\u00f3n de barras de aluminio<\/h3>\n<p><img decoding=\"async\" src=\"\/wp-content\/uploads\/factory-02.webp\"\/><\/p>\n<p><img decoding=\"async\" src=\"\/wp-content\/uploads\/factory-03.webp\"\/><\/p>\n<h3>Almac\u00e9n de moldes<\/h3>\n<p><img decoding=\"async\" src=\"\/wp-content\/uploads\/factory-04.webp\"\/><\/p>\n<h3>43 l\u00edneas de extrusi\u00f3n de aluminio (500-5500 toneladas)<\/h3>\n<p><img decoding=\"async\" src=\"\/wp-content\/uploads\/factory-05.webp\"\/><\/p>\n<p><img decoding=\"async\" src=\"\/wp-content\/uploads\/factory-06.webp\"\/><\/p>\n<p><img decoding=\"async\" src=\"\/wp-content\/uploads\/factory-07.webp\"\/><\/p>\n<h3>Taller de pintura en polvo<\/h3>\n<p><img decoding=\"async\" src=\"\/wp-content\/uploads\/factory-09.webp\"\/><\/p>\n<h3>Taller de anodizado<\/h3>\n<p><img decoding=\"async\" src=\"\/wp-content\/uploads\/factory-10.webp\"\/><\/p>\n<h3>Taller de procesamiento profundo<\/h3>\n<p><img decoding=\"async\" src=\"\/wp-content\/uploads\/factory-11.webp\"\/><\/p>\n<h3>Taller de mecanizado de precisi\u00f3n CNC<\/h3>\n<p><img decoding=\"async\" src=\"\/wp-content\/uploads\/factory-11.5.webp\"\/><\/p>\n<h3>Almac\u00e9n de productos acabados y de exportaci\u00f3n<\/h3>\n<p><img decoding=\"async\" src=\"\/wp-content\/uploads\/factory-12.webp\"\/><\/p>\n<p><img decoding=\"async\" src=\"\/wp-content\/uploads\/factory-13.webp\"\/><\/p>\n<p><img decoding=\"async\" src=\"\/wp-content\/uploads\/factory-14.webp\"\/><\/p>\n<h2>PREGUNTAS FRECUENTES<\/h2>\n<p><strong>1. \u00bfPara qu\u00e9 se utiliza un disipador t\u00e9rmico en electr\u00f3nica?<\/strong><br \/>Un disipador t\u00e9rmico se utiliza para extraer el calor de los componentes electr\u00f3nicos y evitar as\u00ed su sobrecalentamiento.<\/p>\n<p><strong>2. \u00bfSe pueden personalizar los disipadores t\u00e9rmicos de aluminio para diferentes dispositivos?<\/strong><br \/>S\u00ed, los disipadores t\u00e9rmicos de aluminio se pueden adaptar a los dise\u00f1os y tama\u00f1os espec\u00edficos de los dispositivos.<\/p>\n<p><strong>3. \u00bfPor qu\u00e9 se prefiere el aluminio para los disipadores t\u00e9rmicos?<\/strong><br \/>El aluminio ofrece una excelente conductividad t\u00e9rmica y es ligero, lo que lo hace ideal para aplicaciones de disipadores t\u00e9rmicos.<\/p>\n<p><strong>4. \u00bfOfrecen grabados personalizados en disipadores t\u00e9rmicos de aluminio?<\/strong><br \/>S\u00ed, hay opciones de grabado y marcado personalizados disponibles para pedidos al por mayor.<\/p>\n<p><strong>5. \u00bfC\u00f3mo mejora el proceso de mecanizado el rendimiento del disipador t\u00e9rmico?<\/strong><br \/>El mecanizado de precisi\u00f3n garantiza un acabado superficial y un ajuste \u00f3ptimos, lo que mejora la eficiencia de la disipaci\u00f3n del calor.<\/p>\n<p><strong>6. \u00bfHay muestras de disipadores t\u00e9rmicos personalizados disponibles para realizar pruebas?<\/strong><br \/>S\u00ed, proporcionamos disipadores t\u00e9rmicos de muestra para garantizar que las especificaciones cumplan con sus requisitos.<\/p>\n<p><strong>7. \u00bfCu\u00e1les son las ventajas de utilizar aluminio en lugar de otros materiales?<\/strong><br \/>El aluminio es rentable y ofrece un buen equilibrio entre conductividad, peso y durabilidad.<\/p>\n<p><\/p>","protected":false},"featured_media":10874,"template":"","categories":[55],"class_list":["post-10876","product","type-product","status-publish","has-post-thumbnail","hentry","category-extruded-aluminum-profiles"],"meta_box":{"hilight_text_group":[],"feature_list":[]},"_links":{"self":[{"href":"https:\/\/sinoextrud.com\/es\/wp-json\/wp\/v2\/product\/10876","targetHints":{"allow":["GET"]}}],"collection":[{"href":"https:\/\/sinoextrud.com\/es\/wp-json\/wp\/v2\/product"}],"about":[{"href":"https:\/\/sinoextrud.com\/es\/wp-json\/wp\/v2\/types\/product"}],"wp:featuredmedia":[{"embeddable":true,"href":"https:\/\/sinoextrud.com\/es\/wp-json\/wp\/v2\/media\/10874"}],"wp:attachment":[{"href":"https:\/\/sinoextrud.com\/es\/wp-json\/wp\/v2\/media?parent=10876"}],"wp:term":[{"taxonomy":"category","embeddable":true,"href":"https:\/\/sinoextrud.com\/es\/wp-json\/wp\/v2\/categories?post=10876"}],"curies":[{"name":"wp","href":"https:\/\/api.w.org\/{rel}","templated":true}]}}