{"id":10665,"date":"2025-07-25T08:01:48","date_gmt":"2025-07-25T08:01:48","guid":{"rendered":"https:\/\/sinoextrud.com\/product\/oem-black-anodized-led-aluminum-heatsink-radiator\/"},"modified":"2025-07-25T08:01:48","modified_gmt":"2025-07-25T08:01:48","slug":"radiador-disipador-de-aluminio-led-anodizado-negro-oem","status":"publish","type":"product","link":"https:\/\/sinoextrud.com\/es\/product\/oem-black-anodized-led-aluminum-heatsink-radiator\/","title":{"rendered":"Radiador disipador de calor de aluminio LED anodizado negro OEM"},"content":{"rendered":"<h2>Productos<\/h2>\n<table class=\"custom-table\">\n<tr>\n<td class=\"label\">Grado<\/td>\n<td>Serie 6000<\/td>\n<\/tr>\n<tr>\n<td class=\"label\">Tolerancia<\/td>\n<td>\u00b11%<\/td>\n<\/tr>\n<tr>\n<td class=\"label\">Plazo de entrega<\/td>\n<td>en un plazo de 7 d\u00edas<\/td>\n<\/tr>\n<tr>\n<td class=\"label\">Temple<\/td>\n<td>T3-T8<\/td>\n<\/tr>\n<tr>\n<td class=\"label\">Aplicaci\u00f3n<\/td>\n<td>led\/electr\u00f3nica\/cpu<\/td>\n<\/tr>\n<tr>\n<td class=\"label\">Forma<\/td>\n<td>personalizado<\/td>\n<\/tr>\n<tr>\n<td class=\"label\">Aleaci\u00f3n o no<\/td>\n<td>Es aleaci\u00f3n<\/td>\n<\/tr>\n<tr>\n<td class=\"label\">Servicio de tramitaci\u00f3n<\/td>\n<td>Plegado, desenrollado, soldadura, punzonado, corte<\/td>\n<\/tr>\n<tr>\n<td class=\"label\">Nombre del producto<\/td>\n<td>Disipador LED de aluminio extruido anodizado negro<\/td>\n<\/tr>\n<tr>\n<td class=\"label\">Unidades de venta<\/td>\n<td>Art\u00edculo individual<\/td>\n<\/tr>\n<tr>\n<td class=\"label\">Tama\u00f1o de envase individual<\/td>\n<td>30X20X20 cm<\/td>\n<\/tr>\n<tr>\n<td class=\"label\">Peso bruto \u00fanico<\/td>\n<td>30.000 KG<\/td>\n<\/tr>\n<\/table>\n<h2>Nuestra base de fabricaci\u00f3n<\/h2>\n<h3>Panorama de la f\u00e1brica<\/h3>\n<p><img decoding=\"async\" src=\"\/wp-content\/uploads\/factory-01.webp\"\/><\/p>\n<h3>Taller de fabricaci\u00f3n de barras de aluminio<\/h3>\n<p><img decoding=\"async\" src=\"\/wp-content\/uploads\/factory-02.webp\"\/><\/p>\n<p><img decoding=\"async\" src=\"\/wp-content\/uploads\/factory-03.webp\"\/><\/p>\n<h3>Almac\u00e9n de moldes<\/h3>\n<p><img decoding=\"async\" src=\"\/wp-content\/uploads\/factory-04.webp\"\/><\/p>\n<h3>43 l\u00edneas de extrusi\u00f3n de aluminio (500-5500 toneladas)<\/h3>\n<p><img decoding=\"async\" src=\"\/wp-content\/uploads\/factory-05.webp\"\/><\/p>\n<p><img decoding=\"async\" src=\"\/wp-content\/uploads\/factory-06.webp\"\/><\/p>\n<p><img decoding=\"async\" src=\"\/wp-content\/uploads\/factory-07.webp\"\/><\/p>\n<h3>Taller de pintura en polvo<\/h3>\n<p><img decoding=\"async\" src=\"\/wp-content\/uploads\/factory-09.webp\"\/><\/p>\n<h3>Taller de anodizado<\/h3>\n<p><img decoding=\"async\" src=\"\/wp-content\/uploads\/factory-10.webp\"\/><\/p>\n<h3>Taller de procesamiento profundo<\/h3>\n<p><img decoding=\"async\" src=\"\/wp-content\/uploads\/factory-11.webp\"\/><\/p>\n<h3>Taller de mecanizado de precisi\u00f3n CNC<\/h3>\n<p><img decoding=\"async\" src=\"\/wp-content\/uploads\/factory-11.5.webp\"\/><\/p>\n<h3>Almac\u00e9n de productos acabados y de exportaci\u00f3n<\/h3>\n<p><img decoding=\"async\" src=\"\/wp-content\/uploads\/factory-12.webp\"\/><\/p>\n<p><img decoding=\"async\" src=\"\/wp-content\/uploads\/factory-13.webp\"\/><\/p>\n<p><img decoding=\"async\" src=\"\/wp-content\/uploads\/factory-14.webp\"\/><\/p>\n<h2>PREGUNTAS FRECUENTES<\/h2>\n<p><p><b>1.\u00bfQu\u00e9 material se utiliza en el radiador disipador de calor de aluminio LED anodizado negro OEM?<\/b><\/p>\n<p>Est\u00e1 fabricado con aluminio de primera calidad, que ofrece una alta conductividad t\u00e9rmica y resistencia estructural.<br \/>\n<\/p><br \/>\n<br \/>\n<p><b>2.\u00bfPor qu\u00e9 el disipador est\u00e1 anodizado en negro?<\/b><\/p>\n<p>El acabado anodizado negro mejora la radiaci\u00f3n t\u00e9rmica, aumenta la resistencia a la corrosi\u00f3n y a\u00f1ade un aspecto elegante.<br \/>\n<\/p><br \/>\n<br \/>\n<p><b>3.\u00bfSe puede personalizar el radiador disipador de aluminio LED?<\/b><\/p>\n<p>S\u00ed, ofrecemos personalizaci\u00f3n OEM para dimensiones, dise\u00f1o de aletas e interfaces de montaje.<br \/>\n<\/p><br \/>\n<br \/>\n<p><b>4.\u00bfCu\u00e1les son las principales aplicaciones de este disipador de LED?<\/b><\/p>\n<p>Est\u00e1 dise\u00f1ado para sistemas de iluminaci\u00f3n LED, incluidos focos, proyectores y luminarias industriales.<br \/>\n<\/p><br \/>\n<br \/>\n<p><b>5.\u00bfEste disipador es apto para refrigeraci\u00f3n pasiva?<\/b><\/p>\n<p>S\u00ed, la estructura de las aletas y el tratamiento de la superficie lo hacen ideal para la disipaci\u00f3n t\u00e9rmica pasiva.<br \/>\n<\/p><br \/>\n<br \/>\n<p><b>6.\u00bfC\u00f3mo mejora este producto la vida \u00fatil de los LED?<\/b><\/p>\n<p>Mantiene bajas las temperaturas de uni\u00f3n de los LED, lo que reduce el estr\u00e9s t\u00e9rmico y prolonga su vida \u00fatil.<br \/>\n<\/p><br \/>\n<br \/>\n<p><b>7.\u00bfEs compatible el disipador con sistemas de refrigeraci\u00f3n activa?<\/b><\/p>\n<p>S\u00ed, puede integrarse con ventiladores o almohadillas t\u00e9rmicas para mejorar el rendimiento de refrigeraci\u00f3n.<br \/>\n<\/p><br \/>\n<br \/>\n<p><b>8.\u00bfAfecta el acabado anodizado negro al aislamiento el\u00e9ctrico?<\/b><\/p>\n<p>S\u00ed, el anodizado proporciona una capa superficial no conductora que mejora el aislamiento el\u00e9ctrico y la seguridad.<br \/>\n<\/p><br \/><\/p>","protected":false},"featured_media":10664,"template":"","categories":[72],"class_list":["post-10665","product","type-product","status-publish","has-post-thumbnail","hentry","category-extruded-aluminum-heatsink"],"meta_box":{"hilight_text_group":{"product_hilight_text":"<li>Black anodized surface improves thermal radiation and corrosion resistance<\/li>\r\n<li>Made from high-quality aluminum for excellent heat dissipation<\/li>\r\n<li>Designed specifically for LED lighting systems and thermal control<\/li>\r\n<li>OEM customization available for size, shape, and mounting features<\/li>\r\n<li>Lightweight, durable construction for easy integration into LED housings<\/li>\r\n<li>Supports both passive and active cooling methods<\/li>\r\n<li>Enhances LED performance and extends service life<\/li>","product_chanpin_chanpin":"<ul>\r\n<li><a href=\"https:\/\/sinoextrud.com\/product\/aluminium-extrusion-6061-6082-7075-aluminum-alloy-profiles\/\" target=\"_blank\">6061 aluminum extrusion<\/a><\/li>\r\n<li><a href=\"https:\/\/sinoextrud.com\/product\/oval-aluminum-extrud-profile\/\" target=\"_blank\">oval aluminum extrusion<\/a><\/li>\r\n<li><a href=\"https:\/\/sinoextrud.com\/product\/aluminium-extrusion-anodised-aluminium-tube\/\" target=\"_blank\">anodised aluminium tube<\/a><\/li>\r\n<li><a href=\"https:\/\/sinoextrud.com\/product\/c-shaped-closed-linear-ceiling-system\/\" target=\"_blank\">linear closed ceilings<\/a><\/li>\r\n<li><a href=\"https:\/\/sinoextrud.com\/product\/the-new-perforated-ceiling-system\/\" target=\"_blank\">perforated french ceilings<\/a><\/li>\r\n<li><a href=\"https:\/\/sinoextrud.com\/product\/aluminum-extrusion-7003-7005-7020\/\" target=\"_blank\">7020 aluminum<\/a><\/li>\r\n<\/ul>","product_chanpin_blog":"<ul>\r\n<li><a href=\"https:\/\/sinoextrud.com\/t-slot-v-slot-differences\/\" target=\"_blank\">t slot vs v slot<\/a><\/li>\r\n<li><a href=\"https:\/\/sinoextrud.com\/what-is-4040-aluminium-extrud\/\" target=\"_blank\">4040 aluminium extrusion<\/a><\/li>\r\n<li><a href=\"https:\/\/sinoextrud.com\/what-is-4040-aluminium-extrud\/\" target=\"_blank\">aluminum extrusions for industrial racks<\/a><\/li>\r\n<li><a href=\"https:\/\/sinoextrud.com\/powder-coating-aluminium-process\/\" target=\"_blank\">powder coating aluminium<\/a><\/li>\r\n<li><a href=\"https:\/\/sinoextrud.com\/what-is-an-aluminium-strip-ceiling\/\" target=\"_blank\">aluminium strip ceiling<\/a><\/li>\r\n<li><a href=\"https:\/\/sinoextrud.com\/what-is-a-heat-sink\/\" target=\"_blank\">what is a heat sink<\/a><\/li>\r\n<\/ul>"},"feature_list":[]},"_links":{"self":[{"href":"https:\/\/sinoextrud.com\/es\/wp-json\/wp\/v2\/product\/10665","targetHints":{"allow":["GET"]}}],"collection":[{"href":"https:\/\/sinoextrud.com\/es\/wp-json\/wp\/v2\/product"}],"about":[{"href":"https:\/\/sinoextrud.com\/es\/wp-json\/wp\/v2\/types\/product"}],"wp:featuredmedia":[{"embeddable":true,"href":"https:\/\/sinoextrud.com\/es\/wp-json\/wp\/v2\/media\/10664"}],"wp:attachment":[{"href":"https:\/\/sinoextrud.com\/es\/wp-json\/wp\/v2\/media?parent=10665"}],"wp:term":[{"taxonomy":"category","embeddable":true,"href":"https:\/\/sinoextrud.com\/es\/wp-json\/wp\/v2\/categories?post=10665"}],"curies":[{"name":"wp","href":"https:\/\/api.w.org\/{rel}","templated":true}]}}