{"id":10663,"date":"2025-07-25T08:00:55","date_gmt":"2025-07-25T08:00:55","guid":{"rendered":"https:\/\/sinoextrud.com\/product\/anodized-aluminum-heatsink-parts-6000-series-custom-sizes\/"},"modified":"2025-07-25T08:00:55","modified_gmt":"2025-07-25T08:00:55","slug":"disipadores-de-aluminio-anodizado-serie-6000-medidas-especiales","status":"publish","type":"product","link":"https:\/\/sinoextrud.com\/es\/product\/anodized-aluminum-heatsink-parts-6000-series-custom-sizes\/","title":{"rendered":"Disipadores t\u00e9rmicos de aluminio anodizado Serie 6000, tama\u00f1os personalizados"},"content":{"rendered":"<h2>Productos<\/h2>\n<table class=\"custom-table\">\n<tr>\n<td class=\"label\">Grado<\/td>\n<td>Serie 6000<\/td>\n<\/tr>\n<tr>\n<td class=\"label\">Tolerancia<\/td>\n<td>\u00b11%<\/td>\n<\/tr>\n<tr>\n<td class=\"label\">Plazo de entrega<\/td>\n<td>22-30 d\u00edas<\/td>\n<\/tr>\n<tr>\n<td class=\"label\">Temple<\/td>\n<td>T3-T8<\/td>\n<\/tr>\n<tr>\n<td class=\"label\">Aplicaci\u00f3n<\/td>\n<td>led\/electr\u00f3nica\/cpu\/industria<\/td>\n<\/tr>\n<tr>\n<td class=\"label\">Forma<\/td>\n<td>personalizado<\/td>\n<\/tr>\n<tr>\n<td class=\"label\">Aleaci\u00f3n o no<\/td>\n<td>Es aleaci\u00f3n<\/td>\n<\/tr>\n<tr>\n<td class=\"label\">Servicio de tramitaci\u00f3n<\/td>\n<td>Plegado, desenrollado, soldadura, punzonado, corte<\/td>\n<\/tr>\n<tr>\n<td class=\"label\">Nombre del producto<\/td>\n<td>Disipador de aluminio a medida<\/td>\n<\/tr>\n<tr>\n<td class=\"label\">Unidades de venta<\/td>\n<td>Art\u00edculo individual<\/td>\n<\/tr>\n<tr>\n<td class=\"label\">Tama\u00f1o de envase individual<\/td>\n<td>30X20X20 cm<\/td>\n<\/tr>\n<tr>\n<td class=\"label\">Peso bruto \u00fanico<\/td>\n<td>3.000 KG<\/td>\n<\/tr>\n<\/table>\n<h2>Nuestra base de fabricaci\u00f3n<\/h2>\n<h3>Panorama de la f\u00e1brica<\/h3>\n<p><img decoding=\"async\" src=\"\/wp-content\/uploads\/factory-01.webp\"\/><\/p>\n<h3>Taller de fabricaci\u00f3n de barras de aluminio<\/h3>\n<p><img decoding=\"async\" src=\"\/wp-content\/uploads\/factory-02.webp\"\/><\/p>\n<p><img decoding=\"async\" src=\"\/wp-content\/uploads\/factory-03.webp\"\/><\/p>\n<h3>Almac\u00e9n de moldes<\/h3>\n<p><img decoding=\"async\" src=\"\/wp-content\/uploads\/factory-04.webp\"\/><\/p>\n<h3>43 l\u00edneas de extrusi\u00f3n de aluminio (500-5500 toneladas)<\/h3>\n<p><img decoding=\"async\" src=\"\/wp-content\/uploads\/factory-05.webp\"\/><\/p>\n<p><img decoding=\"async\" src=\"\/wp-content\/uploads\/factory-06.webp\"\/><\/p>\n<p><img decoding=\"async\" src=\"\/wp-content\/uploads\/factory-07.webp\"\/><\/p>\n<h3>Taller de pintura en polvo<\/h3>\n<p><img decoding=\"async\" src=\"\/wp-content\/uploads\/factory-09.webp\"\/><\/p>\n<h3>Taller de anodizado<\/h3>\n<p><img decoding=\"async\" src=\"\/wp-content\/uploads\/factory-10.webp\"\/><\/p>\n<h3>Taller de procesamiento profundo<\/h3>\n<p><img decoding=\"async\" src=\"\/wp-content\/uploads\/factory-11.webp\"\/><\/p>\n<h3>Taller de mecanizado de precisi\u00f3n CNC<\/h3>\n<p><img decoding=\"async\" src=\"\/wp-content\/uploads\/factory-11.5.webp\"\/><\/p>\n<h3>Almac\u00e9n de productos acabados y de exportaci\u00f3n<\/h3>\n<p><img decoding=\"async\" src=\"\/wp-content\/uploads\/factory-12.webp\"\/><\/p>\n<p><img decoding=\"async\" src=\"\/wp-content\/uploads\/factory-13.webp\"\/><\/p>\n<p><img decoding=\"async\" src=\"\/wp-content\/uploads\/factory-14.webp\"\/><\/p>\n<h2>PREGUNTAS FRECUENTES<\/h2>\n<p><p><b>1.\u00bfDe qu\u00e9 material est\u00e1n hechas las piezas del disipador t\u00e9rmico de aluminio anodizado?<\/b><\/p>\n<p>Est\u00e1n fabricados en aluminio serie 6000 de alta calidad, que ofrece una excelente disipaci\u00f3n del calor y resistencia mec\u00e1nica.<br \/>\n<\/p><br \/>\n<br \/>\n<p><b>2.\u00bfPor qu\u00e9 se utiliza el anodizado en los disipadores de aluminio?<\/b><\/p>\n<p>El anodizado mejora la resistencia a la corrosi\u00f3n, la dureza superficial y la eficacia de la radiaci\u00f3n t\u00e9rmica.<br \/>\n<\/p><br \/>\n<br \/>\n<p><b>3.\u00bfSe pueden personalizar estos disipadores de aluminio?<\/b><\/p>\n<p>S\u00ed, admitimos tama\u00f1os, formas y acabados personalizados para satisfacer los requisitos de aplicaciones espec\u00edficas.<br \/>\n<\/p><br \/>\n<br \/>\n<p><b>4.\u00bfCu\u00e1les son las aplicaciones t\u00edpicas de estos disipadores?<\/b><\/p>\n<p>Se utilizan en electr\u00f3nica, iluminaci\u00f3n LED, convertidores de potencia y sistemas de refrigeraci\u00f3n industrial.<br \/>\n<\/p><br \/>\n<br \/>\n<p><b>5.\u00bfEs el aluminio anodizado adecuado para entornos dif\u00edciles?<\/b><\/p>\n<p>S\u00ed, la superficie anodizada protege el disipador de la corrosi\u00f3n, por lo que es ideal para condiciones exigentes.<br \/>\n<\/p><br \/>\n<br \/>\n<p><b>6.\u00bfSon compatibles estos disipadores con los sistemas de refrigeraci\u00f3n activa?<\/b><\/p>\n<p>S\u00ed, pueden integrarse con ventiladores u otros componentes de refrigeraci\u00f3n activa para mejorar el rendimiento.<br \/>\n<\/p><br \/>\n<br \/>\n<p><b>7.\u00bfOfrecen servicios OEM u ODM para estas piezas?<\/b><\/p>\n<p>Por supuesto, ofrecemos personalizaci\u00f3n OEM\/ODM completa para satisfacer las necesidades de su proyecto.<br \/>\n<\/p><br \/>\n<br \/>\n<p><b>8.\u00bfC\u00f3mo mejora el aluminio de la serie 6000 el rendimiento del disipador t\u00e9rmico?<\/b><\/p>\n<p>El aluminio de la serie 6000 ofrece un gran equilibrio entre conductividad t\u00e9rmica, resistencia y mecanizabilidad, lo que lo hace ideal para la gesti\u00f3n t\u00e9rmica.<br \/>\n<\/p><br \/><\/p>","protected":false},"featured_media":10662,"template":"","categories":[72],"class_list":["post-10663","product","type-product","status-publish","has-post-thumbnail","hentry","category-extruded-aluminum-heatsink"],"meta_box":{"hilight_text_group":{"product_hilight_text":"<li>Made from durable 6000 series aluminum for high thermal conductivity and strength<\/li>\r\n<li>Anodized surface enhances corrosion resistance and improves heat dissipation<\/li>\r\n<li>Supports fully customizable sizes, shapes, and mounting designs<\/li>\r\n<li>Ideal for electronics, power modules, and LED thermal management<\/li>\r\n<li>Lightweight and easy to integrate into compact system designs<\/li>\r\n<li>Suitable for both passive and active cooling configurations<\/li>\r\n<li>OEM\/ODM service available for tailored thermal solutions<\/li>","product_chanpin_chanpin":"<ul>\r\n<li><a href=\"https:\/\/sinoextrud.com\/product\/aluminium-extrusion-6061-6082-7075-aluminum-alloy-profiles\/\" target=\"_blank\">6061 aluminum extrusion<\/a><\/li>\r\n<li><a href=\"https:\/\/sinoextrud.com\/product\/oval-aluminum-extrud-profile\/\" target=\"_blank\">oval aluminum extrusion<\/a><\/li>\r\n<li><a href=\"https:\/\/sinoextrud.com\/product\/aluminium-extrusion-anodised-aluminium-tube\/\" target=\"_blank\">anodised aluminium tube<\/a><\/li>\r\n<li><a href=\"https:\/\/sinoextrud.com\/product\/c-shaped-closed-linear-ceiling-system\/\" target=\"_blank\">linear closed ceilings<\/a><\/li>\r\n<li><a href=\"https:\/\/sinoextrud.com\/product\/the-new-perforated-ceiling-system\/\" target=\"_blank\">perforated french ceilings<\/a><\/li>\r\n<li><a href=\"https:\/\/sinoextrud.com\/product\/aluminum-extrusion-7003-7005-7020\/\" target=\"_blank\">7020 aluminum<\/a><\/li>\r\n<\/ul>","product_chanpin_blog":"<ul>\r\n<li><a href=\"https:\/\/sinoextrud.com\/t-slot-v-slot-differences\/\" target=\"_blank\">t slot vs v slot<\/a><\/li>\r\n<li><a href=\"https:\/\/sinoextrud.com\/what-is-4040-aluminium-extrud\/\" target=\"_blank\">4040 aluminium extrusion<\/a><\/li>\r\n<li><a href=\"https:\/\/sinoextrud.com\/what-is-4040-aluminium-extrud\/\" target=\"_blank\">aluminum extrusions for industrial racks<\/a><\/li>\r\n<li><a href=\"https:\/\/sinoextrud.com\/powder-coating-aluminium-process\/\" target=\"_blank\">powder coating aluminium<\/a><\/li>\r\n<li><a href=\"https:\/\/sinoextrud.com\/what-is-an-aluminium-strip-ceiling\/\" target=\"_blank\">aluminium strip ceiling<\/a><\/li>\r\n<li><a href=\"https:\/\/sinoextrud.com\/what-is-a-heat-sink\/\" target=\"_blank\">what is a heat sink<\/a><\/li>\r\n<\/ul>"},"feature_list":[]},"_links":{"self":[{"href":"https:\/\/sinoextrud.com\/es\/wp-json\/wp\/v2\/product\/10663","targetHints":{"allow":["GET"]}}],"collection":[{"href":"https:\/\/sinoextrud.com\/es\/wp-json\/wp\/v2\/product"}],"about":[{"href":"https:\/\/sinoextrud.com\/es\/wp-json\/wp\/v2\/types\/product"}],"wp:featuredmedia":[{"embeddable":true,"href":"https:\/\/sinoextrud.com\/es\/wp-json\/wp\/v2\/media\/10662"}],"wp:attachment":[{"href":"https:\/\/sinoextrud.com\/es\/wp-json\/wp\/v2\/media?parent=10663"}],"wp:term":[{"taxonomy":"category","embeddable":true,"href":"https:\/\/sinoextrud.com\/es\/wp-json\/wp\/v2\/categories?post=10663"}],"curies":[{"name":"wp","href":"https:\/\/api.w.org\/{rel}","templated":true}]}}